{"id":17507,"date":"2022-03-11T14:48:29","date_gmt":"2022-03-11T14:48:29","guid":{"rendered":"https:\/\/live-unv-swvr.pantheonsite.io\/sc-burkina-faso\/"},"modified":"2022-04-19T15:25:23","modified_gmt":"2022-04-19T15:25:23","slug":"sc-burkina-faso","status":"publish","type":"page","link":"https:\/\/swvr2022.unv.org\/es\/sc-burkina-faso\/","title":{"rendered":"SC &#8211; Burkina Faso"},"content":{"rendered":"\t\t<div data-elementor-type=\"wp-page\" data-elementor-id=\"17507\" class=\"elementor elementor-17507 elementor-16375\" data-elementor-settings=\"[]\">\n\t\t\t\t\t\t<div class=\"elementor-inner\">\n\t\t\t\t\t\t\t<div class=\"elementor-section-wrap\">\n\t\t\t\t\t\t\t<section class=\"has_eae_slider elementor-section elementor-top-section elementor-element elementor-element-01dc1c3 elementor-section-height-min-height animated-slow elementor-section-content-middle elementor-section-boxed elementor-section-height-default elementor-section-items-middle elementor-invisible\" data-id=\"01dc1c3\" data-element_type=\"section\" data-settings=\"{&quot;background_background&quot;:&quot;classic&quot;,&quot;animation&quot;:&quot;fadeIn&quot;}\">\n\t\t\t\t\t\t\t<div class=\"elementor-background-overlay\"><\/div>\n\t\t\t\t\t\t\t<div class=\"elementor-container elementor-column-gap-default\">\n\t\t\t\t\t\t\t<div class=\"elementor-row\">\n\t\t\t\t\t<div class=\"has_eae_slider elementor-column elementor-col-100 elementor-top-column elementor-element elementor-element-fa27dc3\" data-id=\"fa27dc3\" data-element_type=\"column\">\n\t\t\t<div class=\"elementor-column-wrap elementor-element-populated\">\n\t\t\t\t\t\t\t<div class=\"elementor-widget-wrap\">\n\t\t\t\t\t\t<section class=\"has_eae_slider elementor-section elementor-inner-section elementor-element elementor-element-de18144 elementor-section-content-bottom elementor-section-boxed elementor-section-height-default elementor-section-height-default\" data-id=\"de18144\" data-element_type=\"section\" data-settings=\"{&quot;background_background&quot;:&quot;classic&quot;}\">\n\t\t\t\t\t\t<div class=\"elementor-container elementor-column-gap-default\">\n\t\t\t\t\t\t\t<div class=\"elementor-row\">\n\t\t\t\t\t<div class=\"has_eae_slider elementor-column elementor-col-100 elementor-inner-column elementor-element elementor-element-b3ecf32 animated-slow elementor-invisible\" data-id=\"b3ecf32\" data-element_type=\"column\" data-settings=\"{&quot;background_background&quot;:&quot;classic&quot;,&quot;animation&quot;:&quot;fadeIn&quot;,&quot;animation_delay&quot;:600}\">\n\t\t\t<div class=\"elementor-column-wrap elementor-element-populated\">\n\t\t\t\t\t\t\t<div class=\"elementor-widget-wrap\">\n\t\t\t\t\t\t<div class=\"elementor-element elementor-element-b7b9efc elementor-invisible elementor-widget elementor-widget-heading\" data-id=\"b7b9efc\" data-element_type=\"widget\" data-settings=\"{&quot;_animation&quot;:&quot;fadeIn&quot;,&quot;_animation_delay&quot;:600}\" data-widget_type=\"heading.default\">\n\t\t\t\t<div class=\"elementor-widget-container\">\n\t\t\t<h1 class=\"elementor-heading-title elementor-size-default\">Contribuciones especiales<\/h1>\t\t<\/div>\n\t\t\t\t<\/div>\n\t\t\t\t<div class=\"elementor-element elementor-element-d657282 elementor-widget elementor-widget-spacer\" data-id=\"d657282\" data-element_type=\"widget\" data-widget_type=\"spacer.default\">\n\t\t\t\t<div class=\"elementor-widget-container\">\n\t\t\t\t\t<div class=\"elementor-spacer\">\n\t\t\t<div class=\"elementor-spacer-inner\"><\/div>\n\t\t<\/div>\n\t\t\t\t<\/div>\n\t\t\t\t<\/div>\n\t\t\t\t<div class=\"elementor-element elementor-element-e561ccf elementor-widget elementor-widget-heading\" data-id=\"e561ccf\" data-element_type=\"widget\" data-widget_type=\"heading.default\">\n\t\t\t\t<div class=\"elementor-widget-container\">\n\t\t\t<h4 class=\"elementor-heading-title elementor-size-default\">Burkina Faso<\/h4>\t\t<\/div>\n\t\t\t\t<\/div>\n\t\t\t\t<div class=\"elementor-element elementor-element-f64775c elementor-widget elementor-widget-spacer\" data-id=\"f64775c\" data-element_type=\"widget\" data-widget_type=\"spacer.default\">\n\t\t\t\t<div class=\"elementor-widget-container\">\n\t\t\t\t\t<div class=\"elementor-spacer\">\n\t\t\t<div class=\"elementor-spacer-inner\"><\/div>\n\t\t<\/div>\n\t\t\t\t<\/div>\n\t\t\t\t<\/div>\n\t\t\t\t<div class=\"elementor-element elementor-element-8ffcd1e elementor-invisible elementor-widget elementor-widget-heading\" data-id=\"8ffcd1e\" data-element_type=\"widget\" data-settings=\"{&quot;_animation&quot;:&quot;fadeIn&quot;,&quot;_animation_delay&quot;:600}\" data-widget_type=\"heading.default\">\n\t\t\t\t<div class=\"elementor-widget-container\">\n\t\t\t<h4 class=\"elementor-heading-title elementor-size-default\">Nabaloum Boureima, Director General del Programa Nacional de Voluntariado de Burkina Faso<\/h4>\t\t<\/div>\n\t\t\t\t<\/div>\n\t\t\t\t<div class=\"elementor-element elementor-element-57beea1 elementor-widget elementor-widget-spacer\" data-id=\"57beea1\" data-element_type=\"widget\" data-widget_type=\"spacer.default\">\n\t\t\t\t<div class=\"elementor-widget-container\">\n\t\t\t\t\t<div class=\"elementor-spacer\">\n\t\t\t<div class=\"elementor-spacer-inner\"><\/div>\n\t\t<\/div>\n\t\t\t\t<\/div>\n\t\t\t\t<\/div>\n\t\t\t\t<div class=\"elementor-element elementor-element-3193e6b elementor-aspect-ratio-169 elementor-widget elementor-widget-video\" data-id=\"3193e6b\" data-element_type=\"widget\" data-settings=\"{&quot;video_type&quot;:&quot;hosted&quot;,&quot;show_image_overlay&quot;:&quot;yes&quot;,&quot;image_overlay&quot;:{&quot;url&quot;:&quot;https:\\\/\\\/dev-unv-swvr.pantheonsite.io\\\/wp-content\\\/uploads\\\/2021\\\/11\\\/Burkina_Faso002-e1638198031224.jpg&quot;,&quot;id&quot;:17463,&quot;alt&quot;:&quot;&quot;,&quot;source&quot;:&quot;library&quot;},&quot;lightbox&quot;:&quot;yes&quot;,&quot;controls&quot;:&quot;yes&quot;,&quot;aspect_ratio&quot;:&quot;169&quot;}\" data-widget_type=\"video.default\">\n\t\t\t\t<div class=\"elementor-widget-container\">\n\t\t\t\t\t<div class=\"e-hosted-video elementor-wrapper elementor-open-lightbox\">\n\t\t\t\t\t\t\t<div class=\"elementor-custom-embed-image-overlay\" data-elementor-open-lightbox=\"yes\" data-elementor-lightbox=\"{&quot;type&quot;:&quot;video&quot;,&quot;videoType&quot;:&quot;hosted&quot;,&quot;url&quot;:&quot;https:\\\/\\\/dev-unv-swvr.pantheonsite.io\\\/wp-content\\\/uploads\\\/2021\\\/11\\\/EN_Reportage-article-role-des-volontaires-femmes_SWVR-logo_1_1_1.mp4&quot;,&quot;modalOptions&quot;:{&quot;id&quot;:&quot;elementor-lightbox-3193e6b&quot;,&quot;entranceAnimation&quot;:&quot;&quot;,&quot;entranceAnimation_tablet&quot;:&quot;&quot;,&quot;entranceAnimation_mobile&quot;:&quot;&quot;,&quot;videoAspectRatio&quot;:&quot;169&quot;},&quot;videoParams&quot;:{&quot;controls&quot;:&quot;&quot;,&quot;controlsList&quot;:&quot;nodownload&quot;}}\">\n\t\t\t\t\t\t\t\t\t\t\t<img width=\"1920\" height=\"983\" src=\"https:\/\/swvr2022.unv.org\/wp-content\/uploads\/2021\/11\/Burkina_Faso002-e1638198031224.jpg\" class=\"attachment-full size-full\" alt=\"\" loading=\"lazy\" srcset=\"https:\/\/swvr2022.unv.org\/wp-content\/uploads\/2021\/11\/Burkina_Faso002-e1638198031224.jpg 1920w, https:\/\/swvr2022.unv.org\/wp-content\/uploads\/2021\/11\/Burkina_Faso002-e1638198031224-300x154.jpg 300w, https:\/\/swvr2022.unv.org\/wp-content\/uploads\/2021\/11\/Burkina_Faso002-e1638198031224-1024x524.jpg 1024w, https:\/\/swvr2022.unv.org\/wp-content\/uploads\/2021\/11\/Burkina_Faso002-e1638198031224-768x393.jpg 768w, https:\/\/swvr2022.unv.org\/wp-content\/uploads\/2021\/11\/Burkina_Faso002-e1638198031224-1536x786.jpg 1536w, https:\/\/swvr2022.unv.org\/wp-content\/uploads\/2021\/11\/Burkina_Faso002-e1638198031224-195x100.jpg 195w, https:\/\/swvr2022.unv.org\/wp-content\/uploads\/2021\/11\/Burkina_Faso002-e1638198031224-156x80.jpg 156w, https:\/\/swvr2022.unv.org\/wp-content\/uploads\/2021\/11\/Burkina_Faso002-e1638198031224-394x202.jpg 394w, https:\/\/swvr2022.unv.org\/wp-content\/uploads\/2021\/11\/Burkina_Faso002-e1638198031224-915x468.jpg 915w, https:\/\/swvr2022.unv.org\/wp-content\/uploads\/2021\/11\/Burkina_Faso002-e1638198031224-1240x635.jpg 1240w\" sizes=\"(max-width: 1920px) 100vw, 1920px\" \/>\t\t\t\t\t\t\t\t\t\t\t\t\t\t\t\t<div class=\"elementor-custom-embed-play\" role=\"button\">\n\t\t\t\t\t\t\t<i class=\"eicon-play\" aria-hidden=\"true\"><\/i>\n\t\t\t\t\t\t\t<span class=\"elementor-screen-only\">Play Video<\/span>\n\t\t\t\t\t\t<\/div>\n\t\t\t\t\t\t\t\t\t<\/div>\n\t\t\t\t\t<\/div>\n\t\t\t\t<\/div>\n\t\t\t\t<\/div>\n\t\t\t\t<div class=\"elementor-element elementor-element-532202c elementor-widget elementor-widget-spacer\" data-id=\"532202c\" data-element_type=\"widget\" data-widget_type=\"spacer.default\">\n\t\t\t\t<div class=\"elementor-widget-container\">\n\t\t\t\t\t<div class=\"elementor-spacer\">\n\t\t\t<div class=\"elementor-spacer-inner\"><\/div>\n\t\t<\/div>\n\t\t\t\t<\/div>\n\t\t\t\t<\/div>\n\t\t\t\t<div class=\"elementor-element elementor-element-2a3f7292 elementor-widget elementor-widget-text-editor\" data-id=\"2a3f7292\" data-element_type=\"widget\" data-widget_type=\"text-editor.default\">\n\t\t\t\t<div class=\"elementor-widget-container\">\n\t\t\t\t\t\t\t\t<div class=\"elementor-text-editor elementor-clearfix\">\n\t\t\t\t<p>Nabaloum Boureima, Director General del Programa Nacional de Voluntariado de Burkina Faso (PNVB) explica el papel que desempe\u00f1an las personas voluntarias, en particular las mujeres, en el desarrollo de Burkina Faso.<\/p>\n<h5><strong>El papel del voluntariado en el desarrollo de Burkina Faso<\/strong><\/h5>\n<p>El voluntariado es una actividad con una larga historia en Burkina Faso, gracias a una herencia arraigada en la solidaridad y la ayuda mutua. As\u00ed lo reflejan sus pr\u00e1cticas tradicionales y modernas de voluntariado y compromiso c\u00edvico.Sobre esta base, el PNVB, desde su creaci\u00f3n como entidad p\u00fablica en 2008, ha movilizado a trav\u00e9s de sus programas a m\u00e1s de 48.000 voluntarios y voluntarias nacionales, la mayor\u00eda de los cuales son mujeres j\u00f3venes y ni\u00f1as. Los voluntarios y voluntarias prestan apoyo en varias esferas prioritarias, entre ellas la salud, la descentralizaci\u00f3n y la educaci\u00f3n. Como parte de los esfuerzos para frenar la propagaci\u00f3n de la COVID-19 en 2020, 14.172 voluntarios y voluntarias prestaron servicios a m\u00e1s de 7 millones de personas. Adem\u00e1s de los voluntarios y voluntarias nacionales movilizados por el PNVB, se han llevado a cabo otras iniciativas de voluntariado en las 13 regiones del pa\u00eds, entre ellas el programa de Voluntarios Auxiliares de Seguridad (Volontaires Adjoints de Securit\u00e9, VADS) que, desde 2013, ha movilizado a m\u00e1s de 10.000 voluntarios y voluntarias, de los cuales el 35% son mujeres. Tambi\u00e9n est\u00e1 la Brigada Verde, la cual cuenta con m\u00e1s de 3.000 mujeres voluntarias que, en los \u00faltimos 22 a\u00f1os, han contribuido a mejorar el saneamiento urbano y han garantizado un entorno de vida saludable.<\/p>\n\t\t\t\t\t<\/div>\n\t\t\t\t\t\t<\/div>\n\t\t\t\t<\/div>\n\t\t\t\t<div class=\"elementor-element elementor-element-1cb2cdc elementor-widget elementor-widget-spacer\" data-id=\"1cb2cdc\" data-element_type=\"widget\" data-widget_type=\"spacer.default\">\n\t\t\t\t<div class=\"elementor-widget-container\">\n\t\t\t\t\t<div class=\"elementor-spacer\">\n\t\t\t<div class=\"elementor-spacer-inner\"><\/div>\n\t\t<\/div>\n\t\t\t\t<\/div>\n\t\t\t\t<\/div>\n\t\t\t\t<div class=\"elementor-element elementor-element-4e13e6d elementor-widget elementor-widget-image\" data-id=\"4e13e6d\" data-element_type=\"widget\" data-widget_type=\"image.default\">\n\t\t\t\t<div class=\"elementor-widget-container\">\n\t\t\t\t\t\t\t\t<div class=\"elementor-image\">\n\t\t\t\t\t\t\t\t\t<figure class=\"wp-caption\">\n\t\t\t\t\t\t\t\t\t\t<img width=\"1240\" height=\"707\" src=\"https:\/\/swvr2022.unv.org\/wp-content\/uploads\/2021\/11\/Burkina_Faso-1240x707.jpg\" class=\"attachment-th_img_xl size-th_img_xl\" alt=\"\" loading=\"lazy\" srcset=\"https:\/\/swvr2022.unv.org\/wp-content\/uploads\/2021\/11\/Burkina_Faso-1240x707.jpg 1240w, https:\/\/swvr2022.unv.org\/wp-content\/uploads\/2021\/11\/Burkina_Faso-300x171.jpg 300w, https:\/\/swvr2022.unv.org\/wp-content\/uploads\/2021\/11\/Burkina_Faso-1024x584.jpg 1024w, https:\/\/swvr2022.unv.org\/wp-content\/uploads\/2021\/11\/Burkina_Faso-768x438.jpg 768w, https:\/\/swvr2022.unv.org\/wp-content\/uploads\/2021\/11\/Burkina_Faso-175x100.jpg 175w, https:\/\/swvr2022.unv.org\/wp-content\/uploads\/2021\/11\/Burkina_Faso-140x80.jpg 140w, https:\/\/swvr2022.unv.org\/wp-content\/uploads\/2021\/11\/Burkina_Faso-394x225.jpg 394w, https:\/\/swvr2022.unv.org\/wp-content\/uploads\/2021\/11\/Burkina_Faso-915x522.jpg 915w, https:\/\/swvr2022.unv.org\/wp-content\/uploads\/2021\/11\/Burkina_Faso.jpg 1379w\" sizes=\"(max-width: 1240px) 100vw, 1240px\" \/>\t\t\t\t\t\t\t\t\t\t\t<figcaption class=\"widget-image-caption wp-caption-text\">El Presidente de Burkina Faso (centro) y, a su derecha, Su Excelencia el Primer Ministro, acompa\u00f1ados por el Ministro de la Juventud y varios voluntarios y voluntarias.<\/figcaption>\n\t\t\t\t\t\t\t\t\t\t<\/figure>\n\t\t\t\t\t\t\t\t<\/div>\n\t\t\t\t\t\t<\/div>\n\t\t\t\t<\/div>\n\t\t\t\t<div class=\"elementor-element elementor-element-12af3ca elementor-widget elementor-widget-spacer\" data-id=\"12af3ca\" data-element_type=\"widget\" data-widget_type=\"spacer.default\">\n\t\t\t\t<div class=\"elementor-widget-container\">\n\t\t\t\t\t<div class=\"elementor-spacer\">\n\t\t\t<div class=\"elementor-spacer-inner\"><\/div>\n\t\t<\/div>\n\t\t\t\t<\/div>\n\t\t\t\t<\/div>\n\t\t\t\t<div class=\"elementor-element elementor-element-bc6c228 elementor-align-left elementor-widget elementor-widget-button\" data-id=\"bc6c228\" data-element_type=\"widget\" data-widget_type=\"button.default\">\n\t\t\t\t<div class=\"elementor-widget-container\">\n\t\t\t\t\t<div class=\"elementor-button-wrapper\">\n\t\t\t<a href=\"\/es\/contribuciones-especiales\/\" class=\"elementor-button-link elementor-button elementor-size-lg\" role=\"button\">\n\t\t\t\t\t\t<span class=\"elementor-button-content-wrapper\">\n\t\t\t\t\t\t<span class=\"elementor-button-icon elementor-align-icon-left\">\n\t\t\t\t<i aria-hidden=\"true\" class=\"th-linea icon th-linea icon-arrows-circle-right\"><\/i>\t\t\t<\/span>\n\t\t\t\t\t\t<span class=\"elementor-button-text\">Atr\u00e1s<\/span>\n\t\t<\/span>\n\t\t\t\t\t<\/a>\n\t\t<\/div>\n\t\t\t\t<\/div>\n\t\t\t\t<\/div>\n\t\t\t\t<div class=\"elementor-element elementor-element-a80fb78 elementor-widget elementor-widget-spacer\" data-id=\"a80fb78\" data-element_type=\"widget\" data-widget_type=\"spacer.default\">\n\t\t\t\t<div class=\"elementor-widget-container\">\n\t\t\t\t\t<div class=\"elementor-spacer\">\n\t\t\t<div class=\"elementor-spacer-inner\"><\/div>\n\t\t<\/div>\n\t\t\t\t<\/div>\n\t\t\t\t<\/div>\n\t\t\t\t\t\t<\/div>\n\t\t\t\t\t<\/div>\n\t\t<\/div>\n\t\t\t\t\t\t\t\t<\/div>\n\t\t\t\t\t<\/div>\n\t\t<\/section>\n\t\t\t\t<section class=\"has_eae_slider elementor-section elementor-inner-section elementor-element elementor-element-765128d elementor-section-boxed elementor-section-height-default elementor-section-height-default\" data-id=\"765128d\" data-element_type=\"section\">\n\t\t\t\t\t\t<div class=\"elementor-container elementor-column-gap-default\">\n\t\t\t\t\t\t\t<div class=\"elementor-row\">\n\t\t\t\t\t<div class=\"has_eae_slider elementor-column elementor-col-50 elementor-inner-column elementor-element elementor-element-291cda0\" data-id=\"291cda0\" data-element_type=\"column\">\n\t\t\t<div class=\"elementor-column-wrap\">\n\t\t\t\t\t\t\t<div class=\"elementor-widget-wrap\">\n\t\t\t\t\t\t\t\t<\/div>\n\t\t\t\t\t<\/div>\n\t\t<\/div>\n\t\t\t\t<div class=\"has_eae_slider elementor-column elementor-col-50 elementor-inner-column elementor-element elementor-element-c054ff9\" data-id=\"c054ff9\" data-element_type=\"column\">\n\t\t\t<div class=\"elementor-column-wrap\">\n\t\t\t\t\t\t\t<div class=\"elementor-widget-wrap\">\n\t\t\t\t\t\t\t\t<\/div>\n\t\t\t\t\t<\/div>\n\t\t<\/div>\n\t\t\t\t\t\t\t\t<\/div>\n\t\t\t\t\t<\/div>\n\t\t<\/section>\n\t\t\t\t\t\t<\/div>\n\t\t\t\t\t<\/div>\n\t\t<\/div>\n\t\t\t\t\t\t\t\t<\/div>\n\t\t\t\t\t<\/div>\n\t\t<\/section>\n\t\t\t\t\t\t<\/div>\n\t\t\t\t\t\t<\/div>\n\t\t\t\t\t<\/div>\n\t\t","protected":false},"excerpt":{"rendered":"<p>Contribuciones especiales Burkina Faso Nabaloum Boureima, Director General del Programa Nacional de Voluntariado de Burkina Faso https:\/\/live-unv-swvr.pantheonsite.io\/wp-content\/uploads\/2021\/11\/EN_Reportage-article-role-des-volontaires-femmes_SWVR-logo_1_1_1.mp4 Nabaloum Boureima, Director General del Programa Nacional de Voluntariado de Burkina Faso (PNVB) explica el papel que desempe\u00f1an las personas voluntarias, en particular &hellip; <a href=\"https:\/\/swvr2022.unv.org\/es\/sc-burkina-faso\/\">Read More<\/a><\/p>\n","protected":false},"author":1,"featured_media":0,"parent":0,"menu_order":27,"comment_status":"closed","ping_status":"closed","template":"","meta":[],"yoast_head":"<!-- This site is optimized with the Yoast SEO plugin v17.6 - https:\/\/yoast.com\/wordpress\/plugins\/seo\/ -->\n<title>SC - Burkina Faso | UNV SWVR 2022<\/title>\n<meta name=\"description\" content=\"Contribuciones especiales Burkina Faso Nabaloum Boureima, Director General del Programa Nacional de Voluntariado de Burkina Faso\" \/>\n<meta name=\"robots\" content=\"index, follow, max-snippet:-1, max-image-preview:large, max-video-preview:-1\" \/>\n<link rel=\"canonical\" href=\"https:\/\/swvr2022.unv.org\/es\/sc-burkina-faso\/\" \/>\n<meta property=\"og:locale\" content=\"es_ES\" \/>\n<meta property=\"og:type\" content=\"article\" \/>\n<meta property=\"og:title\" content=\"SC - Burkina Faso | UNV SWVR 2022\" \/>\n<meta property=\"og:description\" content=\"Contribuciones especiales Burkina Faso Nabaloum Boureima, Director General del Programa Nacional de Voluntariado de Burkina Faso\" \/>\n<meta property=\"og:url\" content=\"https:\/\/swvr2022.unv.org\/es\/sc-burkina-faso\/\" \/>\n<meta property=\"og:site_name\" content=\"UNV SWVR 2022\" \/>\n<meta property=\"article:publisher\" content=\"https:\/\/www.facebook.com\/unvolunteers\/\" \/>\n<meta property=\"article:modified_time\" content=\"2022-04-19T15:25:23+00:00\" \/>\n<meta property=\"og:image\" content=\"https:\/\/live-unv-swvr.pantheonsite.io\/wp-content\/uploads\/2021\/11\/Burkina_Faso-1240x707.jpg\" \/>\n<meta name=\"twitter:card\" content=\"summary_large_image\" \/>\n<meta name=\"twitter:site\" content=\"@UNVolunteers\" \/>\n<meta name=\"twitter:label1\" content=\"Est. reading time\" \/>\n\t<meta name=\"twitter:data1\" content=\"2 minutos\" \/>\n<script type=\"application\/ld+json\" class=\"yoast-schema-graph\">{\"@context\":\"https:\/\/schema.org\",\"@graph\":[{\"@type\":\"Organization\",\"@id\":\"https:\/\/swvr2022.unv.org\/#organization\",\"name\":\"UN Volunteers\",\"url\":\"https:\/\/swvr2022.unv.org\/\",\"sameAs\":[\"https:\/\/www.facebook.com\/unvolunteers\/\",\"https:\/\/www.instagram.com\/unvolunteers\/?hl=en\",\"https:\/\/www.youtube.com\/channel\/UCdcJE_W3L7tZGEJ46aOibPg\",\"https:\/\/twitter.com\/UNVolunteers\"],\"logo\":{\"@type\":\"ImageObject\",\"@id\":\"https:\/\/swvr2022.unv.org\/#logo\",\"inLanguage\":\"es\",\"url\":\"https:\/\/swvr2022.unv.org\/wp-content\/uploads\/2021\/12\/download.png\",\"contentUrl\":\"https:\/\/swvr2022.unv.org\/wp-content\/uploads\/2021\/12\/download.png\",\"width\":530,\"height\":95,\"caption\":\"UN Volunteers\"},\"image\":{\"@id\":\"https:\/\/swvr2022.unv.org\/#logo\"}},{\"@type\":\"WebSite\",\"@id\":\"https:\/\/swvr2022.unv.org\/#website\",\"url\":\"https:\/\/swvr2022.unv.org\/\",\"name\":\"UNV SWVR 2022\",\"description\":\"\",\"publisher\":{\"@id\":\"https:\/\/swvr2022.unv.org\/#organization\"},\"potentialAction\":[{\"@type\":\"SearchAction\",\"target\":{\"@type\":\"EntryPoint\",\"urlTemplate\":\"https:\/\/swvr2022.unv.org\/?s={search_term_string}\"},\"query-input\":\"required name=search_term_string\"}],\"inLanguage\":\"es\"},{\"@type\":\"ImageObject\",\"@id\":\"https:\/\/swvr2022.unv.org\/es\/sc-burkina-faso\/#primaryimage\",\"inLanguage\":\"es\",\"url\":\"https:\/\/live-unv-swvr.pantheonsite.io\/wp-content\/uploads\/2021\/11\/Burkina_Faso-1240x707.jpg\",\"contentUrl\":\"https:\/\/live-unv-swvr.pantheonsite.io\/wp-content\/uploads\/2021\/11\/Burkina_Faso-1240x707.jpg\"},{\"@type\":\"WebPage\",\"@id\":\"https:\/\/swvr2022.unv.org\/es\/sc-burkina-faso\/#webpage\",\"url\":\"https:\/\/swvr2022.unv.org\/es\/sc-burkina-faso\/\",\"name\":\"SC - Burkina Faso | UNV SWVR 2022\",\"isPartOf\":{\"@id\":\"https:\/\/swvr2022.unv.org\/#website\"},\"primaryImageOfPage\":{\"@id\":\"https:\/\/swvr2022.unv.org\/es\/sc-burkina-faso\/#primaryimage\"},\"datePublished\":\"2022-03-11T14:48:29+00:00\",\"dateModified\":\"2022-04-19T15:25:23+00:00\",\"description\":\"Contribuciones especiales Burkina Faso Nabaloum Boureima, Director General del Programa Nacional de Voluntariado de Burkina Faso\",\"breadcrumb\":{\"@id\":\"https:\/\/swvr2022.unv.org\/es\/sc-burkina-faso\/#breadcrumb\"},\"inLanguage\":\"es\",\"potentialAction\":[{\"@type\":\"ReadAction\",\"target\":[\"https:\/\/swvr2022.unv.org\/es\/sc-burkina-faso\/\"]}]},{\"@type\":\"BreadcrumbList\",\"@id\":\"https:\/\/swvr2022.unv.org\/es\/sc-burkina-faso\/#breadcrumb\",\"itemListElement\":[{\"@type\":\"ListItem\",\"position\":1,\"name\":\"Home\",\"item\":\"https:\/\/swvr2022.unv.org\/es\/\"},{\"@type\":\"ListItem\",\"position\":2,\"name\":\"SC &#8211; Burkina Faso\"}]}]}<\/script>\n<!-- \/ Yoast SEO plugin. -->","yoast_head_json":{"title":"SC - Burkina Faso | UNV SWVR 2022","description":"Contribuciones especiales Burkina Faso Nabaloum Boureima, Director General del Programa Nacional de Voluntariado de Burkina Faso","robots":{"index":"index","follow":"follow","max-snippet":"max-snippet:-1","max-image-preview":"max-image-preview:large","max-video-preview":"max-video-preview:-1"},"canonical":"https:\/\/swvr2022.unv.org\/es\/sc-burkina-faso\/","og_locale":"es_ES","og_type":"article","og_title":"SC - Burkina Faso | UNV SWVR 2022","og_description":"Contribuciones especiales Burkina Faso Nabaloum Boureima, Director General del Programa Nacional de Voluntariado de Burkina Faso","og_url":"https:\/\/swvr2022.unv.org\/es\/sc-burkina-faso\/","og_site_name":"UNV SWVR 2022","article_publisher":"https:\/\/www.facebook.com\/unvolunteers\/","article_modified_time":"2022-04-19T15:25:23+00:00","og_image":[{"url":"https:\/\/live-unv-swvr.pantheonsite.io\/wp-content\/uploads\/2021\/11\/Burkina_Faso-1240x707.jpg"}],"twitter_card":"summary_large_image","twitter_site":"@UNVolunteers","twitter_misc":{"Est. reading time":"2 minutos"},"schema":{"@context":"https:\/\/schema.org","@graph":[{"@type":"Organization","@id":"https:\/\/swvr2022.unv.org\/#organization","name":"UN Volunteers","url":"https:\/\/swvr2022.unv.org\/","sameAs":["https:\/\/www.facebook.com\/unvolunteers\/","https:\/\/www.instagram.com\/unvolunteers\/?hl=en","https:\/\/www.youtube.com\/channel\/UCdcJE_W3L7tZGEJ46aOibPg","https:\/\/twitter.com\/UNVolunteers"],"logo":{"@type":"ImageObject","@id":"https:\/\/swvr2022.unv.org\/#logo","inLanguage":"es","url":"https:\/\/swvr2022.unv.org\/wp-content\/uploads\/2021\/12\/download.png","contentUrl":"https:\/\/swvr2022.unv.org\/wp-content\/uploads\/2021\/12\/download.png","width":530,"height":95,"caption":"UN Volunteers"},"image":{"@id":"https:\/\/swvr2022.unv.org\/#logo"}},{"@type":"WebSite","@id":"https:\/\/swvr2022.unv.org\/#website","url":"https:\/\/swvr2022.unv.org\/","name":"UNV SWVR 2022","description":"","publisher":{"@id":"https:\/\/swvr2022.unv.org\/#organization"},"potentialAction":[{"@type":"SearchAction","target":{"@type":"EntryPoint","urlTemplate":"https:\/\/swvr2022.unv.org\/?s={search_term_string}"},"query-input":"required name=search_term_string"}],"inLanguage":"es"},{"@type":"ImageObject","@id":"https:\/\/swvr2022.unv.org\/es\/sc-burkina-faso\/#primaryimage","inLanguage":"es","url":"https:\/\/live-unv-swvr.pantheonsite.io\/wp-content\/uploads\/2021\/11\/Burkina_Faso-1240x707.jpg","contentUrl":"https:\/\/live-unv-swvr.pantheonsite.io\/wp-content\/uploads\/2021\/11\/Burkina_Faso-1240x707.jpg"},{"@type":"WebPage","@id":"https:\/\/swvr2022.unv.org\/es\/sc-burkina-faso\/#webpage","url":"https:\/\/swvr2022.unv.org\/es\/sc-burkina-faso\/","name":"SC - Burkina Faso | UNV SWVR 2022","isPartOf":{"@id":"https:\/\/swvr2022.unv.org\/#website"},"primaryImageOfPage":{"@id":"https:\/\/swvr2022.unv.org\/es\/sc-burkina-faso\/#primaryimage"},"datePublished":"2022-03-11T14:48:29+00:00","dateModified":"2022-04-19T15:25:23+00:00","description":"Contribuciones especiales Burkina Faso Nabaloum Boureima, Director General del Programa Nacional de Voluntariado de Burkina Faso","breadcrumb":{"@id":"https:\/\/swvr2022.unv.org\/es\/sc-burkina-faso\/#breadcrumb"},"inLanguage":"es","potentialAction":[{"@type":"ReadAction","target":["https:\/\/swvr2022.unv.org\/es\/sc-burkina-faso\/"]}]},{"@type":"BreadcrumbList","@id":"https:\/\/swvr2022.unv.org\/es\/sc-burkina-faso\/#breadcrumb","itemListElement":[{"@type":"ListItem","position":1,"name":"Home","item":"https:\/\/swvr2022.unv.org\/es\/"},{"@type":"ListItem","position":2,"name":"SC &#8211; Burkina Faso"}]}]}},"_links":{"self":[{"href":"https:\/\/swvr2022.unv.org\/es\/wp-json\/wp\/v2\/pages\/17507"}],"collection":[{"href":"https:\/\/swvr2022.unv.org\/es\/wp-json\/wp\/v2\/pages"}],"about":[{"href":"https:\/\/swvr2022.unv.org\/es\/wp-json\/wp\/v2\/types\/page"}],"author":[{"embeddable":true,"href":"https:\/\/swvr2022.unv.org\/es\/wp-json\/wp\/v2\/users\/1"}],"replies":[{"embeddable":true,"href":"https:\/\/swvr2022.unv.org\/es\/wp-json\/wp\/v2\/comments?post=17507"}],"version-history":[{"count":10,"href":"https:\/\/swvr2022.unv.org\/es\/wp-json\/wp\/v2\/pages\/17507\/revisions"}],"predecessor-version":[{"id":19350,"href":"https:\/\/swvr2022.unv.org\/es\/wp-json\/wp\/v2\/pages\/17507\/revisions\/19350"}],"wp:attachment":[{"href":"https:\/\/swvr2022.unv.org\/es\/wp-json\/wp\/v2\/media?parent=17507"}],"curies":[{"name":"wp","href":"https:\/\/api.w.org\/{rel}","templated":true}]}}