{"id":17537,"date":"2022-03-11T14:49:28","date_gmt":"2022-03-11T14:49:28","guid":{"rendered":"https:\/\/live-unv-swvr.pantheonsite.io\/sc-bangladesh\/"},"modified":"2022-04-19T15:25:04","modified_gmt":"2022-04-19T15:25:04","slug":"sc-bangladesh","status":"publish","type":"page","link":"https:\/\/swvr2022.unv.org\/es\/sc-bangladesh\/","title":{"rendered":"SC &#8211; Bangladesh"},"content":{"rendered":"\t\t<div data-elementor-type=\"wp-page\" data-elementor-id=\"17537\" class=\"elementor elementor-17537 elementor-9900\" data-elementor-settings=\"[]\">\n\t\t\t\t\t\t<div class=\"elementor-inner\">\n\t\t\t\t\t\t\t<div class=\"elementor-section-wrap\">\n\t\t\t\t\t\t\t<section class=\"has_eae_slider elementor-section elementor-top-section elementor-element elementor-element-01dc1c3 elementor-section-height-min-height animated-slow elementor-section-content-middle elementor-section-boxed elementor-section-height-default elementor-section-items-middle elementor-invisible\" data-id=\"01dc1c3\" data-element_type=\"section\" data-settings=\"{&quot;background_background&quot;:&quot;classic&quot;,&quot;animation&quot;:&quot;fadeIn&quot;}\">\n\t\t\t\t\t\t\t<div class=\"elementor-background-overlay\"><\/div>\n\t\t\t\t\t\t\t<div class=\"elementor-container elementor-column-gap-default\">\n\t\t\t\t\t\t\t<div class=\"elementor-row\">\n\t\t\t\t\t<div class=\"has_eae_slider elementor-column elementor-col-100 elementor-top-column elementor-element elementor-element-fa27dc3\" data-id=\"fa27dc3\" data-element_type=\"column\">\n\t\t\t<div class=\"elementor-column-wrap elementor-element-populated\">\n\t\t\t\t\t\t\t<div class=\"elementor-widget-wrap\">\n\t\t\t\t\t\t<section class=\"has_eae_slider elementor-section elementor-inner-section elementor-element elementor-element-de18144 elementor-section-content-bottom elementor-section-full_width elementor-section-height-default elementor-section-height-default\" data-id=\"de18144\" data-element_type=\"section\" data-settings=\"{&quot;background_background&quot;:&quot;classic&quot;}\">\n\t\t\t\t\t\t<div class=\"elementor-container elementor-column-gap-default\">\n\t\t\t\t\t\t\t<div class=\"elementor-row\">\n\t\t\t\t\t<div class=\"has_eae_slider elementor-column elementor-col-100 elementor-inner-column elementor-element elementor-element-b3ecf32 animated-slow elementor-invisible\" data-id=\"b3ecf32\" data-element_type=\"column\" data-settings=\"{&quot;background_background&quot;:&quot;classic&quot;,&quot;animation&quot;:&quot;fadeIn&quot;,&quot;animation_delay&quot;:600}\">\n\t\t\t<div class=\"elementor-column-wrap elementor-element-populated\">\n\t\t\t\t\t\t\t<div class=\"elementor-widget-wrap\">\n\t\t\t\t\t\t<div class=\"elementor-element elementor-element-d657282 elementor-widget elementor-widget-spacer\" data-id=\"d657282\" data-element_type=\"widget\" data-widget_type=\"spacer.default\">\n\t\t\t\t<div class=\"elementor-widget-container\">\n\t\t\t\t\t<div class=\"elementor-spacer\">\n\t\t\t<div class=\"elementor-spacer-inner\"><\/div>\n\t\t<\/div>\n\t\t\t\t<\/div>\n\t\t\t\t<\/div>\n\t\t\t\t<div class=\"elementor-element elementor-element-b7b9efc elementor-invisible elementor-widget elementor-widget-heading\" data-id=\"b7b9efc\" data-element_type=\"widget\" data-settings=\"{&quot;_animation&quot;:&quot;fadeIn&quot;,&quot;_animation_delay&quot;:600}\" data-widget_type=\"heading.default\">\n\t\t\t\t<div class=\"elementor-widget-container\">\n\t\t\t<h1 class=\"elementor-heading-title elementor-size-default\">Contribuciones especiales<\/h1>\t\t<\/div>\n\t\t\t\t<\/div>\n\t\t\t\t<div class=\"elementor-element elementor-element-e561ccf elementor-widget elementor-widget-heading\" data-id=\"e561ccf\" data-element_type=\"widget\" data-widget_type=\"heading.default\">\n\t\t\t\t<div class=\"elementor-widget-container\">\n\t\t\t<h4 class=\"elementor-heading-title elementor-size-default\">Bangladesh<\/h4>\t\t<\/div>\n\t\t\t\t<\/div>\n\t\t\t\t<div class=\"elementor-element elementor-element-f64775c elementor-widget elementor-widget-spacer\" data-id=\"f64775c\" data-element_type=\"widget\" data-widget_type=\"spacer.default\">\n\t\t\t\t<div class=\"elementor-widget-container\">\n\t\t\t\t\t<div class=\"elementor-spacer\">\n\t\t\t<div class=\"elementor-spacer-inner\"><\/div>\n\t\t<\/div>\n\t\t\t\t<\/div>\n\t\t\t\t<\/div>\n\t\t\t\t<div class=\"elementor-element elementor-element-8ffcd1e elementor-invisible elementor-widget elementor-widget-heading\" data-id=\"8ffcd1e\" data-element_type=\"widget\" data-settings=\"{&quot;_animation&quot;:&quot;fadeIn&quot;,&quot;_animation_delay&quot;:600}\" data-widget_type=\"heading.default\">\n\t\t\t\t<div class=\"elementor-widget-container\">\n\t\t\t<h4 class=\"elementor-heading-title elementor-size-default\">Tazul Islam, miembro del Parlamento, Honorable Ministro del Ministerio de Gobierno Local, Desarrollo Rural y Cooperativas<\/h4>\t\t<\/div>\n\t\t\t\t<\/div>\n\t\t\t\t<div class=\"elementor-element elementor-element-57beea1 elementor-widget elementor-widget-spacer\" data-id=\"57beea1\" data-element_type=\"widget\" data-widget_type=\"spacer.default\">\n\t\t\t\t<div class=\"elementor-widget-container\">\n\t\t\t\t\t<div class=\"elementor-spacer\">\n\t\t\t<div class=\"elementor-spacer-inner\"><\/div>\n\t\t<\/div>\n\t\t\t\t<\/div>\n\t\t\t\t<\/div>\n\t\t\t\t<div class=\"elementor-element elementor-element-2a3f7292 elementor-widget elementor-widget-text-editor\" data-id=\"2a3f7292\" data-element_type=\"widget\" data-widget_type=\"text-editor.default\">\n\t\t\t\t<div class=\"elementor-widget-container\">\n\t\t\t\t\t\t\t\t<div class=\"elementor-text-editor elementor-clearfix\">\n\t\t\t\t<p>En 1973, por primera vez en la historia moderna de Bangladesh, nuestro Padre de la Patria Bangabandhu Sheikh Mujibur Rahman tom\u00f3 la valiente iniciativa de involucrar a voluntarios y voluntarias del Estado en el Programa de preparaci\u00f3n para ciclones, en un momento en el que el pa\u00eds estaba devastado por la guerra.<\/p><p>De esta manera se sentaron las bases para institucionalizar la participaci\u00f3n de los voluntarios y voluntarias en los procesos de desarrollo. Bangladesh siempre ha sido un pa\u00eds pionero en la lucha contra los desastres. De nuevo esto se demuestra en esta pandemia mundial de COVID-19, durante la cual los voluntarios y voluntarias han hecho un trabajo extraordinario al alzar la voz y generar conciencia sobre el lavado de manos y la higiene personal a fin de proteger a las personas m\u00e1s vulnerables.<\/p><p>Tradicionalmente, el voluntariado est\u00e1 muy arraigado en Bangladesh. A lo largo de los a\u00f1os, los voluntarios y voluntarias han desempe\u00f1ado un papel importante en el contexto socioecon\u00f3mico y pol\u00edtico del pa\u00eds. El voluntariado se considera cada vez m\u00e1s como un ingrediente esencial para alcanzar los Objetivos de Desarrollo Sostenible (ODS). El fomento del voluntariado es muy importante en Bangladesh a fin de aumentar el compromiso c\u00edvico y la participaci\u00f3n ciudadana, as\u00ed como para garantizar el logro de los ODS y los objetivos de desarrollo a largo plazo del Gobierno, incluidos los de la estrategia Vision 2041 y Delta Plan 2100. Los voluntarios y voluntarias son aliados muy importantes para nuestro ministerio, especialmente en el plano local. Pensamos que son como una extensi\u00f3n de los municipios, ya que garantizan la confianza, la rendici\u00f3n de cuentas y el respeto de las comunidades. Por todo ello, el ministerio integr\u00f3 a 171 Voluntarios y Voluntarias de las Naciones Unidas comunitarios en 20 corporaciones o municipios de todo el pa\u00eds a trav\u00e9s del Programa de las Naciones Unidas para el Desarrollo (PNUD). Son parte activa de un proyecto dedicado a mejorar los medios de vida de las comunidades pobres de zonas urbanas, que se est\u00e1 aplicando con el auspicio del Ministerio de Gobierno Local, Desarrollo Rural y Cooperativas. A medida que surgen m\u00e1s centros urbanos y poblaciones que se benefician de las oportunidades de empleo, este proyecto tiene por objetivo mejorar el crecimiento econ\u00f3mico general, la igualdad de ingresos, el empleo y la lucha contra la pobreza.<\/p><p>En 2020, a pesar de las dificultades planteadas por la pandemia de COVID-19, los hitos del proyecto incluyeron la creaci\u00f3n y el fortalecimiento de los mecanismos existentes de prestaci\u00f3n de servicios locales, la mejora de los v\u00ednculos con las comunidades y el desarrollo de la capacidad de los funcionarios y funcionarias locales competentes que trabajan a escala local. Los voluntarios y voluntarias han hecho posible una parte significativa de estos resultados, ya que el proyecto ha puesto especial \u00e9nfasis en el empoderamiento de la comunidad y en la mejora de la prestaci\u00f3n de servicios locales urbanos. Adem\u00e1s, impulsaron acciones comunitarias. Para ello, movilizaron a las comunidades a fin de que se involucraran activamente en comit\u00e9s participativos con los que identificar bolsas de pobreza o promover el desarrollo comunitario, al tiempo que se compromet\u00edan con y fortalec\u00edan las capacidades de las poblaciones urbanas necesitadas en lo referente a estas cuestiones. Con ello, aseguran que las personas pobres puedan expresarse con m\u00e1s fuerza y que el proceso sea m\u00e1s inclusivo.<\/p><p>Durante la pandemia, los Voluntarios y Voluntarias de las Naciones Unidas comunitarios coordinan directamente las actividades de seguridad y sensibilizaci\u00f3n en primera l\u00ednea. Mediante actividades peri\u00f3dicas de asesoramiento, alientan a sus comunidades a vacunarse. Tambi\u00e9n generan activamente concienciaci\u00f3n sobre las medidas de seguridad y las pr\u00e1cticas de higiene, y prestan apoyo a los y las habitantes de barrios marginales y a otras poblaciones urbanas necesitadas para protegerse contra la COVID-19. Estos esfuerzos han sido inestimables, puesto que los voluntarios y las voluntarias pertenecen a estas comunidades y son capaces de entender las realidades locales, establecer un v\u00ednculo y forjar nuevas relaciones.<\/p><p>Para ilustrar mejor las diversas ocupaciones de nuestros Voluntarios y Voluntarias de las Naciones Unidas comunitarios, he aqu\u00ed algunos ejemplos. Movilizan a organizaciones comunitarias y trabajan junto con los comit\u00e9s de desarrollo comunitario para preparar, por ejemplo, planes de acci\u00f3n comunitarios dando prioridad a las mejoras de la infraestructura comunitaria. Para ello, tienen en cuenta factores de resiliencia al clima y la necesidad de dar soluci\u00f3n a los desaf\u00edos socioecon\u00f3micos en consonancia con las necesidades locales. Los voluntarios y voluntarias tambi\u00e9n organizan y facilitan la valoraci\u00f3n, el seguimiento y la evaluaci\u00f3n junto con las poblaciones urbanas necesitadas en el plano municipal. Todo lo expuesto demuestra su car\u00e1cter robusto y su capacidad para movilizar recursos y personal a nivel local. Esto, a su vez, ha ayudado a llevar a cabo actividades de respuesta bien coordinadas y eficaces en coordinaci\u00f3n con el gobierno local y los organismos para el desarrollo.<\/p><p>Mi ministerio est\u00e1 avanzado en lo que respecta a las colaboraciones con voluntarios y voluntarias. En 2020, el Ministerio de Gobierno Local, Desarrollo Rural y Cooperativas, WaterAid y el Programa de Voluntarios de las Naciones Unidas (VNU) Bangladesh instauraron conjuntamente una iniciativa en todo el pa\u00eds por la cual, mediante la concesi\u00f3n de premios, se reconoc\u00eda a los voluntarios y voluntarias m\u00e1s dedicados y trabajadores del pa\u00eds. La presentaci\u00f3n de esta iniciativa \u00fanica tuvo una gran cobertura por parte de los medios de comunicaci\u00f3n del pa\u00eds, y ahora veo que se est\u00e1 alentando a otros organismos gubernamentales a que pongan en marcha varios programas de reconocimiento del voluntariado.<\/p><p>La actual crisis derivada de la pandemia tambi\u00e9n nos ha obligado a reconsiderar la participaci\u00f3n del voluntariado a trav\u00e9s de modelos de gobernanza tradicionales. Por lo tanto, creemos que es crucial dotar a los voluntarios y voluntarias de las habilidades adecuadas para convertirse en una fuerza laboral auxiliar que pueda participar en actividades de desarrollo. Desde hace varios meses, junto con voluntarios, voluntarias y organizaciones de voluntariado, as\u00ed como con ministerios de todo el Gobierno, estamos creando de forma conjunta y colectiva la primera pol\u00edtica nacional de su clase sobre el voluntariado, ya que todos y todas entendemos la necesidad de que est\u00e9 bien organizado y cuente con una coordinaci\u00f3n, gesti\u00f3n y mantenimiento eficaces en Bangladesh. La pol\u00edtica ayudar\u00e1 a integrar el voluntariado en nuestras pol\u00edticas nacionales de desarrollo, fortaleciendo significativamente las instituciones gubernamentales locales. Tambi\u00e9n se centrar\u00e1 principalmente en temas b\u00e1sicos de promoci\u00f3n e integraci\u00f3n del voluntariado en el desarrollo nacional, la reducci\u00f3n de la brecha entre las zonas rurales y urbanas, la consecuci\u00f3n de las metas de los ODS y el desarrollo de los recursos humanos con una estrategia de inclusi\u00f3n de base amplia. En mi opini\u00f3n, la formulaci\u00f3n de la pol\u00edtica nacional sobre el voluntariado ayudar\u00e1 a incorporar las actividades voluntarias de las personas y los grupos, as\u00ed como del sector privado y los asociados para el desarrollo, y otorgar\u00e1 un reconocimiento gubernamental al voluntariado. Hemos organizado consultas a escala nacional y subnacional con el fin de garantizar un espacio para que los voluntarios y voluntarias y otras partes interesadas expresen sus opiniones, escuchen y sean escuchados a la hora de dise\u00f1ar la pol\u00edtica.<\/p><p>Creo firmemente que las soluciones de planificaci\u00f3n basadas en el \u00e1mbito local y la participaci\u00f3n de las personas beneficiarias directas de las iniciativas de los gobiernos locales pueden fortalecerse considerablemente gracias a la creatividad, la innovaci\u00f3n y el conocimiento sobre el contexto local que tienen los voluntarios y voluntarias.<\/p>\t\t\t\t\t<\/div>\n\t\t\t\t\t\t<\/div>\n\t\t\t\t<\/div>\n\t\t\t\t<div class=\"elementor-element elementor-element-12af3ca elementor-widget elementor-widget-spacer\" data-id=\"12af3ca\" data-element_type=\"widget\" data-widget_type=\"spacer.default\">\n\t\t\t\t<div class=\"elementor-widget-container\">\n\t\t\t\t\t<div class=\"elementor-spacer\">\n\t\t\t<div class=\"elementor-spacer-inner\"><\/div>\n\t\t<\/div>\n\t\t\t\t<\/div>\n\t\t\t\t<\/div>\n\t\t\t\t<div class=\"elementor-element elementor-element-bc6c228 elementor-align-left elementor-widget elementor-widget-button\" data-id=\"bc6c228\" data-element_type=\"widget\" data-widget_type=\"button.default\">\n\t\t\t\t<div class=\"elementor-widget-container\">\n\t\t\t\t\t<div class=\"elementor-button-wrapper\">\n\t\t\t<a href=\"\/es\/contribuciones-especiales\/\" class=\"elementor-button-link elementor-button elementor-size-lg\" role=\"button\">\n\t\t\t\t\t\t<span class=\"elementor-button-content-wrapper\">\n\t\t\t\t\t\t<span class=\"elementor-button-icon elementor-align-icon-left\">\n\t\t\t\t<i aria-hidden=\"true\" class=\"th-linea icon th-linea icon-arrows-circle-right\"><\/i>\t\t\t<\/span>\n\t\t\t\t\t\t<span class=\"elementor-button-text\">Atr\u00e1s<\/span>\n\t\t<\/span>\n\t\t\t\t\t<\/a>\n\t\t<\/div>\n\t\t\t\t<\/div>\n\t\t\t\t<\/div>\n\t\t\t\t<div class=\"elementor-element elementor-element-a80fb78 elementor-widget elementor-widget-spacer\" data-id=\"a80fb78\" data-element_type=\"widget\" data-widget_type=\"spacer.default\">\n\t\t\t\t<div class=\"elementor-widget-container\">\n\t\t\t\t\t<div class=\"elementor-spacer\">\n\t\t\t<div class=\"elementor-spacer-inner\"><\/div>\n\t\t<\/div>\n\t\t\t\t<\/div>\n\t\t\t\t<\/div>\n\t\t\t\t\t\t<\/div>\n\t\t\t\t\t<\/div>\n\t\t<\/div>\n\t\t\t\t\t\t\t\t<\/div>\n\t\t\t\t\t<\/div>\n\t\t<\/section>\n\t\t\t\t\t\t<\/div>\n\t\t\t\t\t<\/div>\n\t\t<\/div>\n\t\t\t\t\t\t\t\t<\/div>\n\t\t\t\t\t<\/div>\n\t\t<\/section>\n\t\t\t\t\t\t<\/div>\n\t\t\t\t\t\t<\/div>\n\t\t\t\t\t<\/div>\n\t\t","protected":false},"excerpt":{"rendered":"<p>Contribuciones especiales Bangladesh Tazul Islam, miembro del Parlamento, Honorable Ministro del Ministerio de Gobierno Local, Desarrollo Rural y Cooperativas En 1973, por primera vez en la historia moderna de Bangladesh, nuestro Padre de la Patria Bangabandhu Sheikh Mujibur Rahman tom\u00f3 &hellip; <a href=\"https:\/\/swvr2022.unv.org\/es\/sc-bangladesh\/\">Read More<\/a><\/p>\n","protected":false},"author":1,"featured_media":0,"parent":0,"menu_order":25,"comment_status":"closed","ping_status":"closed","template":"","meta":[],"yoast_head":"<!-- This site is optimized with the Yoast SEO plugin v17.6 - https:\/\/yoast.com\/wordpress\/plugins\/seo\/ -->\n<title>SC - Bangladesh | UNV SWVR 2022<\/title>\n<meta name=\"description\" content=\"Contribuciones especiales Bangladesh Tazul Islam, miembro del Parlamento, Honorable Ministro del Ministerio de Gobierno Local, Desarrollo Rural y\" \/>\n<meta name=\"robots\" content=\"index, follow, max-snippet:-1, max-image-preview:large, max-video-preview:-1\" \/>\n<link rel=\"canonical\" href=\"https:\/\/swvr2022.unv.org\/es\/sc-bangladesh\/\" \/>\n<meta property=\"og:locale\" content=\"es_ES\" \/>\n<meta property=\"og:type\" content=\"article\" \/>\n<meta property=\"og:title\" content=\"SC - Bangladesh | UNV SWVR 2022\" \/>\n<meta property=\"og:description\" content=\"Contribuciones especiales Bangladesh Tazul Islam, miembro del Parlamento, Honorable Ministro del Ministerio de Gobierno Local, Desarrollo Rural y\" \/>\n<meta property=\"og:url\" content=\"https:\/\/swvr2022.unv.org\/es\/sc-bangladesh\/\" \/>\n<meta property=\"og:site_name\" content=\"UNV SWVR 2022\" \/>\n<meta property=\"article:publisher\" content=\"https:\/\/www.facebook.com\/unvolunteers\/\" \/>\n<meta property=\"article:modified_time\" content=\"2022-04-19T15:25:04+00:00\" \/>\n<meta name=\"twitter:card\" content=\"summary_large_image\" \/>\n<meta name=\"twitter:site\" content=\"@UNVolunteers\" \/>\n<meta name=\"twitter:label1\" content=\"Est. reading time\" \/>\n\t<meta name=\"twitter:data1\" content=\"6 minutos\" \/>\n<script type=\"application\/ld+json\" class=\"yoast-schema-graph\">{\"@context\":\"https:\/\/schema.org\",\"@graph\":[{\"@type\":\"Organization\",\"@id\":\"https:\/\/swvr2022.unv.org\/#organization\",\"name\":\"UN Volunteers\",\"url\":\"https:\/\/swvr2022.unv.org\/\",\"sameAs\":[\"https:\/\/www.facebook.com\/unvolunteers\/\",\"https:\/\/www.instagram.com\/unvolunteers\/?hl=en\",\"https:\/\/www.youtube.com\/channel\/UCdcJE_W3L7tZGEJ46aOibPg\",\"https:\/\/twitter.com\/UNVolunteers\"],\"logo\":{\"@type\":\"ImageObject\",\"@id\":\"https:\/\/swvr2022.unv.org\/#logo\",\"inLanguage\":\"es\",\"url\":\"https:\/\/swvr2022.unv.org\/wp-content\/uploads\/2021\/12\/download.png\",\"contentUrl\":\"https:\/\/swvr2022.unv.org\/wp-content\/uploads\/2021\/12\/download.png\",\"width\":530,\"height\":95,\"caption\":\"UN Volunteers\"},\"image\":{\"@id\":\"https:\/\/swvr2022.unv.org\/#logo\"}},{\"@type\":\"WebSite\",\"@id\":\"https:\/\/swvr2022.unv.org\/#website\",\"url\":\"https:\/\/swvr2022.unv.org\/\",\"name\":\"UNV SWVR 2022\",\"description\":\"\",\"publisher\":{\"@id\":\"https:\/\/swvr2022.unv.org\/#organization\"},\"potentialAction\":[{\"@type\":\"SearchAction\",\"target\":{\"@type\":\"EntryPoint\",\"urlTemplate\":\"https:\/\/swvr2022.unv.org\/?s={search_term_string}\"},\"query-input\":\"required name=search_term_string\"}],\"inLanguage\":\"es\"},{\"@type\":\"WebPage\",\"@id\":\"https:\/\/swvr2022.unv.org\/es\/sc-bangladesh\/#webpage\",\"url\":\"https:\/\/swvr2022.unv.org\/es\/sc-bangladesh\/\",\"name\":\"SC - Bangladesh | UNV SWVR 2022\",\"isPartOf\":{\"@id\":\"https:\/\/swvr2022.unv.org\/#website\"},\"datePublished\":\"2022-03-11T14:49:28+00:00\",\"dateModified\":\"2022-04-19T15:25:04+00:00\",\"description\":\"Contribuciones especiales Bangladesh Tazul Islam, miembro del Parlamento, Honorable Ministro del Ministerio de Gobierno Local, Desarrollo Rural y\",\"breadcrumb\":{\"@id\":\"https:\/\/swvr2022.unv.org\/es\/sc-bangladesh\/#breadcrumb\"},\"inLanguage\":\"es\",\"potentialAction\":[{\"@type\":\"ReadAction\",\"target\":[\"https:\/\/swvr2022.unv.org\/es\/sc-bangladesh\/\"]}]},{\"@type\":\"BreadcrumbList\",\"@id\":\"https:\/\/swvr2022.unv.org\/es\/sc-bangladesh\/#breadcrumb\",\"itemListElement\":[{\"@type\":\"ListItem\",\"position\":1,\"name\":\"Home\",\"item\":\"https:\/\/swvr2022.unv.org\/es\/\"},{\"@type\":\"ListItem\",\"position\":2,\"name\":\"SC &#8211; Bangladesh\"}]}]}<\/script>\n<!-- \/ Yoast SEO plugin. -->","yoast_head_json":{"title":"SC - Bangladesh | UNV SWVR 2022","description":"Contribuciones especiales Bangladesh Tazul Islam, miembro del Parlamento, Honorable Ministro del Ministerio de Gobierno Local, Desarrollo Rural y","robots":{"index":"index","follow":"follow","max-snippet":"max-snippet:-1","max-image-preview":"max-image-preview:large","max-video-preview":"max-video-preview:-1"},"canonical":"https:\/\/swvr2022.unv.org\/es\/sc-bangladesh\/","og_locale":"es_ES","og_type":"article","og_title":"SC - Bangladesh | UNV SWVR 2022","og_description":"Contribuciones especiales Bangladesh Tazul Islam, miembro del Parlamento, Honorable Ministro del Ministerio de Gobierno Local, Desarrollo Rural y","og_url":"https:\/\/swvr2022.unv.org\/es\/sc-bangladesh\/","og_site_name":"UNV SWVR 2022","article_publisher":"https:\/\/www.facebook.com\/unvolunteers\/","article_modified_time":"2022-04-19T15:25:04+00:00","twitter_card":"summary_large_image","twitter_site":"@UNVolunteers","twitter_misc":{"Est. reading time":"6 minutos"},"schema":{"@context":"https:\/\/schema.org","@graph":[{"@type":"Organization","@id":"https:\/\/swvr2022.unv.org\/#organization","name":"UN Volunteers","url":"https:\/\/swvr2022.unv.org\/","sameAs":["https:\/\/www.facebook.com\/unvolunteers\/","https:\/\/www.instagram.com\/unvolunteers\/?hl=en","https:\/\/www.youtube.com\/channel\/UCdcJE_W3L7tZGEJ46aOibPg","https:\/\/twitter.com\/UNVolunteers"],"logo":{"@type":"ImageObject","@id":"https:\/\/swvr2022.unv.org\/#logo","inLanguage":"es","url":"https:\/\/swvr2022.unv.org\/wp-content\/uploads\/2021\/12\/download.png","contentUrl":"https:\/\/swvr2022.unv.org\/wp-content\/uploads\/2021\/12\/download.png","width":530,"height":95,"caption":"UN Volunteers"},"image":{"@id":"https:\/\/swvr2022.unv.org\/#logo"}},{"@type":"WebSite","@id":"https:\/\/swvr2022.unv.org\/#website","url":"https:\/\/swvr2022.unv.org\/","name":"UNV SWVR 2022","description":"","publisher":{"@id":"https:\/\/swvr2022.unv.org\/#organization"},"potentialAction":[{"@type":"SearchAction","target":{"@type":"EntryPoint","urlTemplate":"https:\/\/swvr2022.unv.org\/?s={search_term_string}"},"query-input":"required name=search_term_string"}],"inLanguage":"es"},{"@type":"WebPage","@id":"https:\/\/swvr2022.unv.org\/es\/sc-bangladesh\/#webpage","url":"https:\/\/swvr2022.unv.org\/es\/sc-bangladesh\/","name":"SC - Bangladesh | UNV SWVR 2022","isPartOf":{"@id":"https:\/\/swvr2022.unv.org\/#website"},"datePublished":"2022-03-11T14:49:28+00:00","dateModified":"2022-04-19T15:25:04+00:00","description":"Contribuciones especiales Bangladesh Tazul Islam, miembro del Parlamento, Honorable Ministro del Ministerio de Gobierno Local, Desarrollo Rural y","breadcrumb":{"@id":"https:\/\/swvr2022.unv.org\/es\/sc-bangladesh\/#breadcrumb"},"inLanguage":"es","potentialAction":[{"@type":"ReadAction","target":["https:\/\/swvr2022.unv.org\/es\/sc-bangladesh\/"]}]},{"@type":"BreadcrumbList","@id":"https:\/\/swvr2022.unv.org\/es\/sc-bangladesh\/#breadcrumb","itemListElement":[{"@type":"ListItem","position":1,"name":"Home","item":"https:\/\/swvr2022.unv.org\/es\/"},{"@type":"ListItem","position":2,"name":"SC &#8211; Bangladesh"}]}]}},"_links":{"self":[{"href":"https:\/\/swvr2022.unv.org\/es\/wp-json\/wp\/v2\/pages\/17537"}],"collection":[{"href":"https:\/\/swvr2022.unv.org\/es\/wp-json\/wp\/v2\/pages"}],"about":[{"href":"https:\/\/swvr2022.unv.org\/es\/wp-json\/wp\/v2\/types\/page"}],"author":[{"embeddable":true,"href":"https:\/\/swvr2022.unv.org\/es\/wp-json\/wp\/v2\/users\/1"}],"replies":[{"embeddable":true,"href":"https:\/\/swvr2022.unv.org\/es\/wp-json\/wp\/v2\/comments?post=17537"}],"version-history":[{"count":12,"href":"https:\/\/swvr2022.unv.org\/es\/wp-json\/wp\/v2\/pages\/17537\/revisions"}],"predecessor-version":[{"id":19344,"href":"https:\/\/swvr2022.unv.org\/es\/wp-json\/wp\/v2\/pages\/17537\/revisions\/19344"}],"wp:attachment":[{"href":"https:\/\/swvr2022.unv.org\/es\/wp-json\/wp\/v2\/media?parent=17537"}],"curies":[{"name":"wp","href":"https:\/\/api.w.org\/{rel}","templated":true}]}}