{"id":17541,"date":"2022-03-11T14:49:38","date_gmt":"2022-03-11T14:49:38","guid":{"rendered":"https:\/\/live-unv-swvr.pantheonsite.io\/sc-fiji\/"},"modified":"2022-04-19T15:26:03","modified_gmt":"2022-04-19T15:26:03","slug":"sc-fiji","status":"publish","type":"page","link":"https:\/\/swvr2022.unv.org\/es\/sc-fiji\/","title":{"rendered":"SC &#8211; Fiji"},"content":{"rendered":"\t\t<div data-elementor-type=\"wp-page\" data-elementor-id=\"17541\" class=\"elementor elementor-17541 elementor-14747\" data-elementor-settings=\"[]\">\n\t\t\t\t\t\t<div class=\"elementor-inner\">\n\t\t\t\t\t\t\t<div class=\"elementor-section-wrap\">\n\t\t\t\t\t\t\t<section class=\"has_eae_slider elementor-section elementor-top-section elementor-element elementor-element-01dc1c3 elementor-section-height-min-height animated-slow elementor-section-content-middle elementor-section-boxed elementor-section-height-default elementor-section-items-middle elementor-invisible\" data-id=\"01dc1c3\" data-element_type=\"section\" data-settings=\"{&quot;background_background&quot;:&quot;classic&quot;,&quot;animation&quot;:&quot;fadeIn&quot;}\">\n\t\t\t\t\t\t\t<div class=\"elementor-background-overlay\"><\/div>\n\t\t\t\t\t\t\t<div class=\"elementor-container elementor-column-gap-default\">\n\t\t\t\t\t\t\t<div class=\"elementor-row\">\n\t\t\t\t\t<div class=\"has_eae_slider elementor-column elementor-col-100 elementor-top-column elementor-element elementor-element-fa27dc3\" data-id=\"fa27dc3\" data-element_type=\"column\">\n\t\t\t<div class=\"elementor-column-wrap elementor-element-populated\">\n\t\t\t\t\t\t\t<div class=\"elementor-widget-wrap\">\n\t\t\t\t\t\t<section class=\"has_eae_slider elementor-section elementor-inner-section elementor-element elementor-element-de18144 elementor-section-content-bottom elementor-section-boxed elementor-section-height-default elementor-section-height-default\" data-id=\"de18144\" data-element_type=\"section\" data-settings=\"{&quot;background_background&quot;:&quot;classic&quot;}\">\n\t\t\t\t\t\t<div class=\"elementor-container elementor-column-gap-default\">\n\t\t\t\t\t\t\t<div class=\"elementor-row\">\n\t\t\t\t\t<div class=\"has_eae_slider elementor-column elementor-col-100 elementor-inner-column elementor-element elementor-element-b3ecf32 animated-slow elementor-invisible\" data-id=\"b3ecf32\" data-element_type=\"column\" data-settings=\"{&quot;background_background&quot;:&quot;classic&quot;,&quot;animation&quot;:&quot;fadeIn&quot;,&quot;animation_delay&quot;:600}\">\n\t\t\t<div class=\"elementor-column-wrap elementor-element-populated\">\n\t\t\t\t\t\t\t<div class=\"elementor-widget-wrap\">\n\t\t\t\t\t\t<div class=\"elementor-element elementor-element-b7b9efc elementor-invisible elementor-widget elementor-widget-heading\" data-id=\"b7b9efc\" data-element_type=\"widget\" data-settings=\"{&quot;_animation&quot;:&quot;fadeIn&quot;,&quot;_animation_delay&quot;:600}\" data-widget_type=\"heading.default\">\n\t\t\t\t<div class=\"elementor-widget-container\">\n\t\t\t<h1 class=\"elementor-heading-title elementor-size-default\">Contribuciones especiales<\/h1>\t\t<\/div>\n\t\t\t\t<\/div>\n\t\t\t\t<div class=\"elementor-element elementor-element-d657282 elementor-widget elementor-widget-spacer\" data-id=\"d657282\" data-element_type=\"widget\" data-widget_type=\"spacer.default\">\n\t\t\t\t<div class=\"elementor-widget-container\">\n\t\t\t\t\t<div class=\"elementor-spacer\">\n\t\t\t<div class=\"elementor-spacer-inner\"><\/div>\n\t\t<\/div>\n\t\t\t\t<\/div>\n\t\t\t\t<\/div>\n\t\t\t\t<div class=\"elementor-element elementor-element-e561ccf elementor-widget elementor-widget-heading\" data-id=\"e561ccf\" data-element_type=\"widget\" data-widget_type=\"heading.default\">\n\t\t\t\t<div class=\"elementor-widget-container\">\n\t\t\t<h4 class=\"elementor-heading-title elementor-size-default\">Fiji<\/h4>\t\t<\/div>\n\t\t\t\t<\/div>\n\t\t\t\t<div class=\"elementor-element elementor-element-f64775c elementor-widget elementor-widget-spacer\" data-id=\"f64775c\" data-element_type=\"widget\" data-widget_type=\"spacer.default\">\n\t\t\t\t<div class=\"elementor-widget-container\">\n\t\t\t\t\t<div class=\"elementor-spacer\">\n\t\t\t<div class=\"elementor-spacer-inner\"><\/div>\n\t\t<\/div>\n\t\t\t\t<\/div>\n\t\t\t\t<\/div>\n\t\t\t\t<div class=\"elementor-element elementor-element-8ffcd1e elementor-invisible elementor-widget elementor-widget-heading\" data-id=\"8ffcd1e\" data-element_type=\"widget\" data-settings=\"{&quot;_animation&quot;:&quot;fadeIn&quot;,&quot;_animation_delay&quot;:600}\" data-widget_type=\"heading.default\">\n\t\t\t\t<div class=\"elementor-widget-container\">\n\t\t\t<h4 class=\"elementor-heading-title elementor-size-default\">Vani Catanasiga, Directora Ejecutiva del Consejo de Servicios Sociales de Fiji, sobre el papel de los voluntarios y voluntarias en el apoyo a una s\u00f3lida recuperaci\u00f3n posterior a la COVID\u00a0<\/h4>\t\t<\/div>\n\t\t\t\t<\/div>\n\t\t\t\t<div class=\"elementor-element elementor-element-57beea1 elementor-widget elementor-widget-spacer\" data-id=\"57beea1\" data-element_type=\"widget\" data-widget_type=\"spacer.default\">\n\t\t\t\t<div class=\"elementor-widget-container\">\n\t\t\t\t\t<div class=\"elementor-spacer\">\n\t\t\t<div class=\"elementor-spacer-inner\"><\/div>\n\t\t<\/div>\n\t\t\t\t<\/div>\n\t\t\t\t<\/div>\n\t\t\t\t<div class=\"elementor-element elementor-element-2a3f7292 elementor-widget elementor-widget-text-editor\" data-id=\"2a3f7292\" data-element_type=\"widget\" data-widget_type=\"text-editor.default\">\n\t\t\t\t<div class=\"elementor-widget-container\">\n\t\t\t\t\t\t\t\t<div class=\"elementor-text-editor elementor-clearfix\">\n\t\t\t\t<p>El Consejo de Servicios Sociales de Fiji (FCOSS, por sus siglas en ingl\u00e9s) es una organizaci\u00f3n comunitaria que presta servicios sociales a las comunidades rurales y marginadas de Fiji. Alrededor del 80% de las y los miembros del FCOSS son grupos de voluntariado y voluntarias que apoyan la prestaci\u00f3n de servicios sociales b\u00e1sicos, promueven la voz y la capacidad de acci\u00f3n de las comunidades locales y asisten a las personas que participan en espacios de toma de decisiones.<\/p><p>En 2021, a pesar de que inicialmente no hab\u00eda fondos de respuesta para la COVID-19, el FCOSS proporcion\u00f3 apoyo a varias comunidades a trav\u00e9s de sus voluntarios y voluntarias en los distritos. Adem\u00e1s de apoyar a las comunidades confinadas con la distribuci\u00f3n de alimentos, proporcionar apoyo de emergencia a equipos gubernamentales para el rastreo de contactos, y supervisar las instalaciones de realizaci\u00f3n de pruebas y aislamiento, los voluntarios y voluntarias tambi\u00e9n contribuyeron a la gesti\u00f3n de datos durante las campa\u00f1as de vacunaci\u00f3n y prestaron atenci\u00f3n domiciliaria. La experiencia de los voluntarios y voluntarias del FCOSS en la coordinaci\u00f3n de la prestaci\u00f3n de servicios a nivel comunitario y distrital durante las crisis les dot\u00f3 de m\u00e1s capacidad para responder a las necesidades inmediatas y urgentes de personas de edad, personas con discapacidades y hogares encabezados por una mujer con varias personas dependientes.<\/p><p>A trav\u00e9s de sus informes de observaci\u00f3n de la comunidad, que inclu\u00edan nuevos datos sobre los asentamientos informales, el FCOSS pudo demostrar que hubo poblaciones vulnerables que no recibieron la distribuci\u00f3n de alimentos del Gobierno durante los confinamientos, y que los voluntarios y voluntarias de su centro de distrito alertaron a las autoridades sobre aquellas personas que a menudo quedan olvidadas en la sociedad. Como resultado de los esfuerzos de los voluntarios y voluntarias, las autoridades estatales proporcionaron apoyo espec\u00edfico, incluido el de tipo log\u00edstico y la creaci\u00f3n de capacidad, as\u00ed como atenci\u00f3n y protecci\u00f3n de \u201cred de seguridad\u201d.<\/p><p>El potencial de los voluntarios y voluntarias para facilitar la recuperaci\u00f3n de la comunidad tras la COVID-19 sigue sin aprovecharse. Conforme Fiji inicia la reconstrucci\u00f3n tras la pandemia, aumenta el inter\u00e9s en forjar alianzas para atender las necesidades actuales. Cada vez es m\u00e1s habitual que la sociedad civil y los organismos intergubernamentales quieran asociarse con nuestras redes de voluntariado y aprovechar su experiencia. Utilizando nuestra experiencia en el trabajo con las comunidades, estamos estudiando c\u00f3mo involucrar mejor a los voluntarios y voluntarias para ayudar a sus comunidades a garantizar la resiliencia en tiempos de dificultades.<\/p><p>Los voluntarios y voluntarias conocen y comprenden bien a sus comunidades y est\u00e1n comprometidos con el cambio positivo, por lo que muy probablemente puedan aportar al mundo lo que necesita para sanar y recuperarse tras la COVID.<\/p>\t\t\t\t\t<\/div>\n\t\t\t\t\t\t<\/div>\n\t\t\t\t<\/div>\n\t\t\t\t<div class=\"elementor-element elementor-element-12af3ca elementor-widget elementor-widget-spacer\" data-id=\"12af3ca\" data-element_type=\"widget\" data-widget_type=\"spacer.default\">\n\t\t\t\t<div class=\"elementor-widget-container\">\n\t\t\t\t\t<div class=\"elementor-spacer\">\n\t\t\t<div class=\"elementor-spacer-inner\"><\/div>\n\t\t<\/div>\n\t\t\t\t<\/div>\n\t\t\t\t<\/div>\n\t\t\t\t<div class=\"elementor-element elementor-element-bc6c228 elementor-align-left elementor-widget elementor-widget-button\" data-id=\"bc6c228\" data-element_type=\"widget\" data-widget_type=\"button.default\">\n\t\t\t\t<div class=\"elementor-widget-container\">\n\t\t\t\t\t<div class=\"elementor-button-wrapper\">\n\t\t\t<a href=\"\/es\/contribuciones-especiales\/\" class=\"elementor-button-link elementor-button elementor-size-lg\" role=\"button\">\n\t\t\t\t\t\t<span class=\"elementor-button-content-wrapper\">\n\t\t\t\t\t\t<span class=\"elementor-button-icon elementor-align-icon-left\">\n\t\t\t\t<i aria-hidden=\"true\" class=\"th-linea icon th-linea icon-arrows-circle-right\"><\/i>\t\t\t<\/span>\n\t\t\t\t\t\t<span class=\"elementor-button-text\">Atr\u00e1s<\/span>\n\t\t<\/span>\n\t\t\t\t\t<\/a>\n\t\t<\/div>\n\t\t\t\t<\/div>\n\t\t\t\t<\/div>\n\t\t\t\t<div class=\"elementor-element elementor-element-a80fb78 elementor-widget elementor-widget-spacer\" data-id=\"a80fb78\" data-element_type=\"widget\" data-widget_type=\"spacer.default\">\n\t\t\t\t<div class=\"elementor-widget-container\">\n\t\t\t\t\t<div class=\"elementor-spacer\">\n\t\t\t<div class=\"elementor-spacer-inner\"><\/div>\n\t\t<\/div>\n\t\t\t\t<\/div>\n\t\t\t\t<\/div>\n\t\t\t\t\t\t<\/div>\n\t\t\t\t\t<\/div>\n\t\t<\/div>\n\t\t\t\t\t\t\t\t<\/div>\n\t\t\t\t\t<\/div>\n\t\t<\/section>\n\t\t\t\t\t\t<\/div>\n\t\t\t\t\t<\/div>\n\t\t<\/div>\n\t\t\t\t\t\t\t\t<\/div>\n\t\t\t\t\t<\/div>\n\t\t<\/section>\n\t\t\t\t\t\t<\/div>\n\t\t\t\t\t\t<\/div>\n\t\t\t\t\t<\/div>\n\t\t","protected":false},"excerpt":{"rendered":"<p>Contribuciones especiales Fiji Vani Catanasiga, Directora Ejecutiva del Consejo de Servicios Sociales de Fiji, sobre el papel de los voluntarios y voluntarias en el apoyo a una s\u00f3lida recuperaci\u00f3n posterior a la COVID\u00a0 El Consejo de Servicios Sociales de Fiji &hellip; <a href=\"https:\/\/swvr2022.unv.org\/es\/sc-fiji\/\">Read More<\/a><\/p>\n","protected":false},"author":1,"featured_media":0,"parent":0,"menu_order":31,"comment_status":"closed","ping_status":"closed","template":"","meta":[],"yoast_head":"<!-- This site is optimized with the Yoast SEO plugin v17.6 - https:\/\/yoast.com\/wordpress\/plugins\/seo\/ -->\n<title>SC - Fiji | UNV SWVR 2022<\/title>\n<meta name=\"description\" content=\"Contribuciones especiales Fiji Vani Catanasiga, Directora Ejecutiva del Consejo de Servicios Sociales de Fiji, sobre el papel de los voluntarios y\" \/>\n<meta name=\"robots\" content=\"index, follow, max-snippet:-1, max-image-preview:large, max-video-preview:-1\" \/>\n<link rel=\"canonical\" href=\"https:\/\/swvr2022.unv.org\/es\/sc-fiji\/\" \/>\n<meta property=\"og:locale\" content=\"es_ES\" \/>\n<meta property=\"og:type\" content=\"article\" \/>\n<meta property=\"og:title\" content=\"SC - Fiji | UNV SWVR 2022\" \/>\n<meta property=\"og:description\" content=\"Contribuciones especiales Fiji Vani Catanasiga, Directora Ejecutiva del Consejo de Servicios Sociales de Fiji, sobre el papel de los voluntarios y\" \/>\n<meta property=\"og:url\" content=\"https:\/\/swvr2022.unv.org\/es\/sc-fiji\/\" \/>\n<meta property=\"og:site_name\" content=\"UNV SWVR 2022\" \/>\n<meta property=\"article:publisher\" content=\"https:\/\/www.facebook.com\/unvolunteers\/\" \/>\n<meta property=\"article:modified_time\" content=\"2022-04-19T15:26:03+00:00\" \/>\n<meta name=\"twitter:card\" content=\"summary_large_image\" \/>\n<meta name=\"twitter:site\" content=\"@UNVolunteers\" \/>\n<meta name=\"twitter:label1\" content=\"Est. reading time\" \/>\n\t<meta name=\"twitter:data1\" content=\"3 minutos\" \/>\n<script type=\"application\/ld+json\" class=\"yoast-schema-graph\">{\"@context\":\"https:\/\/schema.org\",\"@graph\":[{\"@type\":\"Organization\",\"@id\":\"https:\/\/swvr2022.unv.org\/#organization\",\"name\":\"UN Volunteers\",\"url\":\"https:\/\/swvr2022.unv.org\/\",\"sameAs\":[\"https:\/\/www.facebook.com\/unvolunteers\/\",\"https:\/\/www.instagram.com\/unvolunteers\/?hl=en\",\"https:\/\/www.youtube.com\/channel\/UCdcJE_W3L7tZGEJ46aOibPg\",\"https:\/\/twitter.com\/UNVolunteers\"],\"logo\":{\"@type\":\"ImageObject\",\"@id\":\"https:\/\/swvr2022.unv.org\/#logo\",\"inLanguage\":\"es\",\"url\":\"https:\/\/swvr2022.unv.org\/wp-content\/uploads\/2021\/12\/download.png\",\"contentUrl\":\"https:\/\/swvr2022.unv.org\/wp-content\/uploads\/2021\/12\/download.png\",\"width\":530,\"height\":95,\"caption\":\"UN Volunteers\"},\"image\":{\"@id\":\"https:\/\/swvr2022.unv.org\/#logo\"}},{\"@type\":\"WebSite\",\"@id\":\"https:\/\/swvr2022.unv.org\/#website\",\"url\":\"https:\/\/swvr2022.unv.org\/\",\"name\":\"UNV SWVR 2022\",\"description\":\"\",\"publisher\":{\"@id\":\"https:\/\/swvr2022.unv.org\/#organization\"},\"potentialAction\":[{\"@type\":\"SearchAction\",\"target\":{\"@type\":\"EntryPoint\",\"urlTemplate\":\"https:\/\/swvr2022.unv.org\/?s={search_term_string}\"},\"query-input\":\"required name=search_term_string\"}],\"inLanguage\":\"es\"},{\"@type\":\"WebPage\",\"@id\":\"https:\/\/swvr2022.unv.org\/es\/sc-fiji\/#webpage\",\"url\":\"https:\/\/swvr2022.unv.org\/es\/sc-fiji\/\",\"name\":\"SC - Fiji | UNV SWVR 2022\",\"isPartOf\":{\"@id\":\"https:\/\/swvr2022.unv.org\/#website\"},\"datePublished\":\"2022-03-11T14:49:38+00:00\",\"dateModified\":\"2022-04-19T15:26:03+00:00\",\"description\":\"Contribuciones especiales Fiji Vani Catanasiga, Directora Ejecutiva del Consejo de Servicios Sociales de Fiji, sobre el papel de los voluntarios y\",\"breadcrumb\":{\"@id\":\"https:\/\/swvr2022.unv.org\/es\/sc-fiji\/#breadcrumb\"},\"inLanguage\":\"es\",\"potentialAction\":[{\"@type\":\"ReadAction\",\"target\":[\"https:\/\/swvr2022.unv.org\/es\/sc-fiji\/\"]}]},{\"@type\":\"BreadcrumbList\",\"@id\":\"https:\/\/swvr2022.unv.org\/es\/sc-fiji\/#breadcrumb\",\"itemListElement\":[{\"@type\":\"ListItem\",\"position\":1,\"name\":\"Home\",\"item\":\"https:\/\/swvr2022.unv.org\/es\/\"},{\"@type\":\"ListItem\",\"position\":2,\"name\":\"SC &#8211; Fiji\"}]}]}<\/script>\n<!-- \/ Yoast SEO plugin. -->","yoast_head_json":{"title":"SC - Fiji | UNV SWVR 2022","description":"Contribuciones especiales Fiji Vani Catanasiga, Directora Ejecutiva del Consejo de Servicios Sociales de Fiji, sobre el papel de los voluntarios y","robots":{"index":"index","follow":"follow","max-snippet":"max-snippet:-1","max-image-preview":"max-image-preview:large","max-video-preview":"max-video-preview:-1"},"canonical":"https:\/\/swvr2022.unv.org\/es\/sc-fiji\/","og_locale":"es_ES","og_type":"article","og_title":"SC - Fiji | UNV SWVR 2022","og_description":"Contribuciones especiales Fiji Vani Catanasiga, Directora Ejecutiva del Consejo de Servicios Sociales de Fiji, sobre el papel de los voluntarios y","og_url":"https:\/\/swvr2022.unv.org\/es\/sc-fiji\/","og_site_name":"UNV SWVR 2022","article_publisher":"https:\/\/www.facebook.com\/unvolunteers\/","article_modified_time":"2022-04-19T15:26:03+00:00","twitter_card":"summary_large_image","twitter_site":"@UNVolunteers","twitter_misc":{"Est. reading time":"3 minutos"},"schema":{"@context":"https:\/\/schema.org","@graph":[{"@type":"Organization","@id":"https:\/\/swvr2022.unv.org\/#organization","name":"UN Volunteers","url":"https:\/\/swvr2022.unv.org\/","sameAs":["https:\/\/www.facebook.com\/unvolunteers\/","https:\/\/www.instagram.com\/unvolunteers\/?hl=en","https:\/\/www.youtube.com\/channel\/UCdcJE_W3L7tZGEJ46aOibPg","https:\/\/twitter.com\/UNVolunteers"],"logo":{"@type":"ImageObject","@id":"https:\/\/swvr2022.unv.org\/#logo","inLanguage":"es","url":"https:\/\/swvr2022.unv.org\/wp-content\/uploads\/2021\/12\/download.png","contentUrl":"https:\/\/swvr2022.unv.org\/wp-content\/uploads\/2021\/12\/download.png","width":530,"height":95,"caption":"UN Volunteers"},"image":{"@id":"https:\/\/swvr2022.unv.org\/#logo"}},{"@type":"WebSite","@id":"https:\/\/swvr2022.unv.org\/#website","url":"https:\/\/swvr2022.unv.org\/","name":"UNV SWVR 2022","description":"","publisher":{"@id":"https:\/\/swvr2022.unv.org\/#organization"},"potentialAction":[{"@type":"SearchAction","target":{"@type":"EntryPoint","urlTemplate":"https:\/\/swvr2022.unv.org\/?s={search_term_string}"},"query-input":"required name=search_term_string"}],"inLanguage":"es"},{"@type":"WebPage","@id":"https:\/\/swvr2022.unv.org\/es\/sc-fiji\/#webpage","url":"https:\/\/swvr2022.unv.org\/es\/sc-fiji\/","name":"SC - Fiji | UNV SWVR 2022","isPartOf":{"@id":"https:\/\/swvr2022.unv.org\/#website"},"datePublished":"2022-03-11T14:49:38+00:00","dateModified":"2022-04-19T15:26:03+00:00","description":"Contribuciones especiales Fiji Vani Catanasiga, Directora Ejecutiva del Consejo de Servicios Sociales de Fiji, sobre el papel de los voluntarios y","breadcrumb":{"@id":"https:\/\/swvr2022.unv.org\/es\/sc-fiji\/#breadcrumb"},"inLanguage":"es","potentialAction":[{"@type":"ReadAction","target":["https:\/\/swvr2022.unv.org\/es\/sc-fiji\/"]}]},{"@type":"BreadcrumbList","@id":"https:\/\/swvr2022.unv.org\/es\/sc-fiji\/#breadcrumb","itemListElement":[{"@type":"ListItem","position":1,"name":"Home","item":"https:\/\/swvr2022.unv.org\/es\/"},{"@type":"ListItem","position":2,"name":"SC &#8211; Fiji"}]}]}},"_links":{"self":[{"href":"https:\/\/swvr2022.unv.org\/es\/wp-json\/wp\/v2\/pages\/17541"}],"collection":[{"href":"https:\/\/swvr2022.unv.org\/es\/wp-json\/wp\/v2\/pages"}],"about":[{"href":"https:\/\/swvr2022.unv.org\/es\/wp-json\/wp\/v2\/types\/page"}],"author":[{"embeddable":true,"href":"https:\/\/swvr2022.unv.org\/es\/wp-json\/wp\/v2\/users\/1"}],"replies":[{"embeddable":true,"href":"https:\/\/swvr2022.unv.org\/es\/wp-json\/wp\/v2\/comments?post=17541"}],"version-history":[{"count":10,"href":"https:\/\/swvr2022.unv.org\/es\/wp-json\/wp\/v2\/pages\/17541\/revisions"}],"predecessor-version":[{"id":19357,"href":"https:\/\/swvr2022.unv.org\/es\/wp-json\/wp\/v2\/pages\/17541\/revisions\/19357"}],"wp:attachment":[{"href":"https:\/\/swvr2022.unv.org\/es\/wp-json\/wp\/v2\/media?parent=17541"}],"curies":[{"name":"wp","href":"https:\/\/api.w.org\/{rel}","templated":true}]}}