{"id":17543,"date":"2022-03-11T14:49:43","date_gmt":"2022-03-11T14:49:43","guid":{"rendered":"https:\/\/live-unv-swvr.pantheonsite.io\/sc-guatemala\/"},"modified":"2022-04-19T15:26:20","modified_gmt":"2022-04-19T15:26:20","slug":"sc-guatemala","status":"publish","type":"page","link":"https:\/\/swvr2022.unv.org\/es\/sc-guatemala\/","title":{"rendered":"SC &#8211; Guatemala"},"content":{"rendered":"\t\t<div data-elementor-type=\"wp-page\" data-elementor-id=\"17543\" class=\"elementor elementor-17543 elementor-12486\" data-elementor-settings=\"[]\">\n\t\t\t\t\t\t<div class=\"elementor-inner\">\n\t\t\t\t\t\t\t<div class=\"elementor-section-wrap\">\n\t\t\t\t\t\t\t<section class=\"has_eae_slider elementor-section elementor-top-section elementor-element elementor-element-2bae234a elementor-section-height-min-height animated-slow elementor-section-content-middle elementor-section-boxed elementor-section-height-default elementor-section-items-middle elementor-invisible\" data-id=\"2bae234a\" data-element_type=\"section\" data-settings=\"{&quot;background_background&quot;:&quot;classic&quot;,&quot;animation&quot;:&quot;fadeIn&quot;}\">\n\t\t\t\t\t\t\t<div class=\"elementor-background-overlay\"><\/div>\n\t\t\t\t\t\t\t<div class=\"elementor-container elementor-column-gap-default\">\n\t\t\t\t\t\t\t<div class=\"elementor-row\">\n\t\t\t\t\t<div class=\"has_eae_slider elementor-column elementor-col-100 elementor-top-column elementor-element elementor-element-62b22884\" data-id=\"62b22884\" data-element_type=\"column\">\n\t\t\t<div class=\"elementor-column-wrap elementor-element-populated\">\n\t\t\t\t\t\t\t<div class=\"elementor-widget-wrap\">\n\t\t\t\t\t\t<section class=\"has_eae_slider elementor-section elementor-inner-section elementor-element elementor-element-64e90a8a elementor-section-content-bottom elementor-section-boxed elementor-section-height-default elementor-section-height-default\" data-id=\"64e90a8a\" data-element_type=\"section\" data-settings=\"{&quot;background_background&quot;:&quot;classic&quot;}\">\n\t\t\t\t\t\t<div class=\"elementor-container elementor-column-gap-default\">\n\t\t\t\t\t\t\t<div class=\"elementor-row\">\n\t\t\t\t\t<div class=\"has_eae_slider elementor-column elementor-col-100 elementor-inner-column elementor-element elementor-element-2b551f50 animated-slow elementor-invisible\" data-id=\"2b551f50\" data-element_type=\"column\" data-settings=\"{&quot;background_background&quot;:&quot;classic&quot;,&quot;animation&quot;:&quot;fadeIn&quot;,&quot;animation_delay&quot;:600}\">\n\t\t\t<div class=\"elementor-column-wrap elementor-element-populated\">\n\t\t\t\t\t\t\t<div class=\"elementor-widget-wrap\">\n\t\t\t\t\t\t<div class=\"elementor-element elementor-element-4451ae1a elementor-invisible elementor-widget elementor-widget-heading\" data-id=\"4451ae1a\" data-element_type=\"widget\" data-settings=\"{&quot;_animation&quot;:&quot;fadeIn&quot;,&quot;_animation_delay&quot;:600}\" data-widget_type=\"heading.default\">\n\t\t\t\t<div class=\"elementor-widget-container\">\n\t\t\t<h1 class=\"elementor-heading-title elementor-size-default\">Contribuciones especiales<\/h1>\t\t<\/div>\n\t\t\t\t<\/div>\n\t\t\t\t<div class=\"elementor-element elementor-element-3d25172b elementor-widget elementor-widget-spacer\" data-id=\"3d25172b\" data-element_type=\"widget\" data-widget_type=\"spacer.default\">\n\t\t\t\t<div class=\"elementor-widget-container\">\n\t\t\t\t\t<div class=\"elementor-spacer\">\n\t\t\t<div class=\"elementor-spacer-inner\"><\/div>\n\t\t<\/div>\n\t\t\t\t<\/div>\n\t\t\t\t<\/div>\n\t\t\t\t<div class=\"elementor-element elementor-element-6769bf3b elementor-widget elementor-widget-heading\" data-id=\"6769bf3b\" data-element_type=\"widget\" data-widget_type=\"heading.default\">\n\t\t\t\t<div class=\"elementor-widget-container\">\n\t\t\t<h4 class=\"elementor-heading-title elementor-size-default\">Guatemala<\/h4>\t\t<\/div>\n\t\t\t\t<\/div>\n\t\t\t\t<div class=\"elementor-element elementor-element-4d235d17 elementor-widget elementor-widget-spacer\" data-id=\"4d235d17\" data-element_type=\"widget\" data-widget_type=\"spacer.default\">\n\t\t\t\t<div class=\"elementor-widget-container\">\n\t\t\t\t\t<div class=\"elementor-spacer\">\n\t\t\t<div class=\"elementor-spacer-inner\"><\/div>\n\t\t<\/div>\n\t\t\t\t<\/div>\n\t\t\t\t<\/div>\n\t\t\t\t<div class=\"elementor-element elementor-element-60669e73 elementor-invisible elementor-widget elementor-widget-heading\" data-id=\"60669e73\" data-element_type=\"widget\" data-settings=\"{&quot;_animation&quot;:&quot;fadeIn&quot;,&quot;_animation_delay&quot;:600}\" data-widget_type=\"heading.default\">\n\t\t\t\t<div class=\"elementor-widget-container\">\n\t\t\t<h4 class=\"elementor-heading-title elementor-size-default\">Mario Jos\u00e9 Gonzalez, Presidente del Centro de Voluntariado Guatemalteco<\/h4>\t\t<\/div>\n\t\t\t\t<\/div>\n\t\t\t\t<div class=\"elementor-element elementor-element-656894c5 elementor-widget elementor-widget-spacer\" data-id=\"656894c5\" data-element_type=\"widget\" data-widget_type=\"spacer.default\">\n\t\t\t\t<div class=\"elementor-widget-container\">\n\t\t\t\t\t<div class=\"elementor-spacer\">\n\t\t\t<div class=\"elementor-spacer-inner\"><\/div>\n\t\t<\/div>\n\t\t\t\t<\/div>\n\t\t\t\t<\/div>\n\t\t\t\t<div class=\"elementor-element elementor-element-3e0d7e7d elementor-widget elementor-widget-text-editor\" data-id=\"3e0d7e7d\" data-element_type=\"widget\" data-widget_type=\"text-editor.default\">\n\t\t\t\t<div class=\"elementor-widget-container\">\n\t\t\t\t\t\t\t\t<div class=\"elementor-text-editor elementor-clearfix\">\n\t\t\t\t<h6><b>\u00bfDe qu\u00e9 forma se ha asociado su organizaci\u00f3n con los voluntarios y voluntarias? \u00bfDe qu\u00e9 maneras se ha asociado y se ha comprometido su organizaci\u00f3n con las personas encargadas de la toma de decisiones para afrontar los desaf\u00edos sociales?<br \/>\n\u00a0<\/b><\/h6>\n<p><span style=\"font-weight: 400;\">Desde su creaci\u00f3n, el objetivo del Centro de Voluntariado Guatemalteco ha girado en torno al servicio. Una sociedad fragmentada nunca podr\u00e1 avanzar en su desarrollo; todas las personas somos actores clave en ella, y nuestra participaci\u00f3n voluntaria y activa nos permite difundir la buena voluntad a los habitantes de nuestro pa\u00eds para que se unan a las causas sociales.<\/span><\/p>\n<p><span style=\"font-weight: 400;\">Como decimos en Guatemala, \u00a1la comida, los zapatos y el voluntariado te tienen que gustar! Por eso nuestra misi\u00f3n es dar a la gente la oportunidad de ofrecer sus habilidades y su talento a sus comunidades y contribuir al logro del desarrollo local para todas las personas.<\/span><\/p>\n<p><span style=\"font-weight: 400;\">Esto no es posible sin la participaci\u00f3n de las autoridades, el mundo acad\u00e9mico, las empresas privadas, la Iglesia y las organizaciones sociales, que, conjuntamente, entrelazan sus objetivos y misiones a favor del bien com\u00fan.<\/span><\/p>\n<p><span style=\"font-weight: 400;\">La identificaci\u00f3n y actualizaci\u00f3n constantes de nuestros objetivos nacionales nos ofrecen un panorama general completo para saber d\u00f3nde enfocar nuestros esfuerzos y canalizar la experiencia de cada actor local a favor del bien com\u00fan.<\/span><\/p>\n<p><span style=\"font-weight: 400;\">La juventud es un colectivo crucial para lograr el desarrollo sostenible y tambi\u00e9n puede desempe\u00f1ar un papel clave en la prevenci\u00f3n de conflictos. Las organizaciones dirigidas por j\u00f3venes, as\u00ed como las iniciativas sociales, las fundaciones y los proyectos, junto con otras partes interesadas y los gobiernos, deben unir esfuerzos para transformar la sociedad en una herramienta fundamental en pos del desarrollo sostenible y la plena inclusi\u00f3n de diversos grupos sociales.<\/span><\/p>\n\t\t\t\t\t<\/div>\n\t\t\t\t\t\t<\/div>\n\t\t\t\t<\/div>\n\t\t\t\t<div class=\"elementor-element elementor-element-9c22aa4 elementor-arrows-position-outside elementor-pagination-position-outside elementor-widget elementor-widget-image-carousel\" data-id=\"9c22aa4\" data-element_type=\"widget\" data-settings=\"{&quot;slides_to_show&quot;:&quot;1&quot;,&quot;autoplay&quot;:&quot;no&quot;,&quot;navigation&quot;:&quot;both&quot;,&quot;infinite&quot;:&quot;yes&quot;,&quot;effect&quot;:&quot;slide&quot;,&quot;speed&quot;:500}\" data-widget_type=\"image-carousel.default\">\n\t\t\t\t<div class=\"elementor-widget-container\">\n\t\t\t\t\t<div class=\"elementor-image-carousel-wrapper swiper-container\" dir=\"ltr\">\n\t\t\t<div class=\"elementor-image-carousel swiper-wrapper\">\n\t\t\t\t\t\t\t\t<div class=\"swiper-slide\"><figure class=\"swiper-slide-inner\"><img class=\"swiper-slide-image\" src=\"https:\/\/swvr2022.unv.org\/wp-content\/uploads\/2021\/11\/Guatemala005-605x540.jpeg\" alt=\"Guatemala005\" \/><\/figure><\/div><div class=\"swiper-slide\"><figure class=\"swiper-slide-inner\"><img class=\"swiper-slide-image\" src=\"https:\/\/swvr2022.unv.org\/wp-content\/uploads\/2021\/11\/Guatemala004-605x540.jpeg\" alt=\"Guatemala004\" \/><\/figure><\/div><div class=\"swiper-slide\"><figure class=\"swiper-slide-inner\"><img class=\"swiper-slide-image\" src=\"https:\/\/swvr2022.unv.org\/wp-content\/uploads\/2021\/11\/Guatemala003-605x605.jpeg\" alt=\"Guatemala003\" \/><\/figure><\/div><div class=\"swiper-slide\"><figure class=\"swiper-slide-inner\"><img class=\"swiper-slide-image\" src=\"https:\/\/swvr2022.unv.org\/wp-content\/uploads\/2021\/11\/Guatemala002-605x605.jpeg\" alt=\"Guatemala002\" \/><\/figure><\/div><div class=\"swiper-slide\"><figure class=\"swiper-slide-inner\"><img class=\"swiper-slide-image\" src=\"https:\/\/swvr2022.unv.org\/wp-content\/uploads\/2021\/11\/Guatemala001-605x480.jpeg\" alt=\"Guatemala001\" \/><\/figure><\/div>\t\t\t<\/div>\n\t\t\t\t\t\t\t\t\t\t\t\t<div class=\"swiper-pagination\"><\/div>\n\t\t\t\t\t\t\t\t\t\t\t\t\t<div class=\"elementor-swiper-button elementor-swiper-button-prev\">\n\t\t\t\t\t\t<i class=\"eicon-chevron-left\" aria-hidden=\"true\"><\/i>\n\t\t\t\t\t\t<span class=\"elementor-screen-only\">Previous<\/span>\n\t\t\t\t\t<\/div>\n\t\t\t\t\t<div class=\"elementor-swiper-button elementor-swiper-button-next\">\n\t\t\t\t\t\t<i class=\"eicon-chevron-right\" aria-hidden=\"true\"><\/i>\n\t\t\t\t\t\t<span class=\"elementor-screen-only\">Next<\/span>\n\t\t\t\t\t<\/div>\n\t\t\t\t\t\t\t\t\t<\/div>\n\t\t\t\t<\/div>\n\t\t\t\t<\/div>\n\t\t\t\t<div class=\"elementor-element elementor-element-a9b7034 elementor-widget elementor-widget-text-editor\" data-id=\"a9b7034\" data-element_type=\"widget\" data-widget_type=\"text-editor.default\">\n\t\t\t\t<div class=\"elementor-widget-container\">\n\t\t\t\t\t\t\t\t<div class=\"elementor-text-editor elementor-clearfix\">\n\t\t\t\t<h6><b>En el futuro, \u00bfc\u00f3mo pueden las estructuras y los sistemas de organizaciones y grupos voluntarios comprometerse con las personas encargadas de la toma de decisiones a fin de solucionar los desaf\u00edos actuales y aprovechar las nuevas oportunidades?<\/b><\/h6>\n<p><span style=\"font-weight: 400;\">Actualmente estamos desarrollando, ejecutando y evaluando estrategias que permitir\u00e1n una futura comunicaci\u00f3n eficaz con responsables de la toma de decisiones de todo el pa\u00eds. Con ello, podremos trabajar hacia el logro de los objetivos cuantitativos y cualitativos de todas las personas.<\/span><\/p>\n<p><span style=\"font-weight: 400;\">Los proyectos se centran en objetivos a corto, mediano y largo plazo, y no en personas espec\u00edficas. Los Objetivos de Desarrollo Sostenible (ODS) son el n\u00facleo de nuestra planificaci\u00f3n local, comunitaria y nacional.<\/span><\/p>\n<p><span style=\"font-weight: 400;\">Sin duda, debemos dar gracias a la vida porque nos permite mejorar nuestras cualidades y nuestro talento con los dem\u00e1s; nos permite, como ciudadanos, vivir y tener experiencias que nadie m\u00e1s siente o, al menos, no como las siente una persona voluntaria. Tiene sentido. Vale la pena ser ciudadanos con un prop\u00f3sito y no solamente habitantes de un pa\u00eds, o una cifra en una estad\u00edstica.<\/span><\/p>\n<p><span style=\"font-weight: 400;\">No s\u00e9 c\u00f3mo es el voluntariado en otros lugares, si ha sido f\u00e1cil o dif\u00edcil, pero de lo que estoy seguro es de que los voluntarios y voluntarias est\u00e1n satisfechos con lo que han logrado y que lo mejor est\u00e1 por venir.<\/span><\/p>\n<p><span style=\"font-weight: 400;\">\u00a1La vida es maravillosa! Nos permite detenernos un momento y compartir nuestras experiencias con amigos, amigas y colegas. Nos ayuda a darnos cuenta de que no estamos solos. Hay m\u00e1s gente haciendo el bien, y todas las personas estamos unidas como ciudadanos de este pa\u00eds, con diferentes misiones y metas, pero con la firme convicci\u00f3n de que estamos contribuyendo a su desarrollo.<\/span><\/p>\n<p><span style=\"font-weight: 400;\">Cuando uno asume el reto de liderar o dirigir una instituci\u00f3n, siempre aspira a dar lo mejor de s\u00ed mismo, incluso cuando uno se enfrenta a dificultades personales y profesionales y, sobre todo, a equivocaciones.<\/span><\/p>\n<p><span style=\"font-weight: 400;\">Sin embargo, cuando personas con la misma fuerza, el mismo esp\u00edritu y la misma fe se encuentran en el camino, el viaje se convierte en un paseo; sin estas personas, los sue\u00f1os y los proyectos no tendr\u00edan sentido.<\/span><\/p>\n<p><span style=\"font-weight: 400;\">Solamente la vida sabe lo que nos depara el futuro, y a nosotros y nosotras nos corresponde enfrentarnos a cada reto con alegr\u00eda. Como escribi\u00f3 la cantautora Mercedes Sosa, hoy podemos decir: \u201cGracias a la vida que me ha dado tanto\u201d.<\/span><\/p>\n\t\t\t\t\t<\/div>\n\t\t\t\t\t\t<\/div>\n\t\t\t\t<\/div>\n\t\t\t\t<div class=\"elementor-element elementor-element-3201f450 elementor-widget elementor-widget-spacer\" data-id=\"3201f450\" data-element_type=\"widget\" data-widget_type=\"spacer.default\">\n\t\t\t\t<div class=\"elementor-widget-container\">\n\t\t\t\t\t<div class=\"elementor-spacer\">\n\t\t\t<div class=\"elementor-spacer-inner\"><\/div>\n\t\t<\/div>\n\t\t\t\t<\/div>\n\t\t\t\t<\/div>\n\t\t\t\t<div class=\"elementor-element elementor-element-7ed0ae74 elementor-align-left elementor-widget elementor-widget-button\" data-id=\"7ed0ae74\" data-element_type=\"widget\" data-widget_type=\"button.default\">\n\t\t\t\t<div class=\"elementor-widget-container\">\n\t\t\t\t\t<div class=\"elementor-button-wrapper\">\n\t\t\t<a href=\"\/es\/contribuciones-especiales\/\" class=\"elementor-button-link elementor-button elementor-size-lg\" role=\"button\">\n\t\t\t\t\t\t<span class=\"elementor-button-content-wrapper\">\n\t\t\t\t\t\t<span class=\"elementor-button-icon elementor-align-icon-left\">\n\t\t\t\t<i aria-hidden=\"true\" class=\"th-linea icon th-linea icon-arrows-circle-right\"><\/i>\t\t\t<\/span>\n\t\t\t\t\t\t<span class=\"elementor-button-text\">Atr\u00e1s<\/span>\n\t\t<\/span>\n\t\t\t\t\t<\/a>\n\t\t<\/div>\n\t\t\t\t<\/div>\n\t\t\t\t<\/div>\n\t\t\t\t\t\t<\/div>\n\t\t\t\t\t<\/div>\n\t\t<\/div>\n\t\t\t\t\t\t\t\t<\/div>\n\t\t\t\t\t<\/div>\n\t\t<\/section>\n\t\t\t\t\t\t<\/div>\n\t\t\t\t\t<\/div>\n\t\t<\/div>\n\t\t\t\t\t\t\t\t<\/div>\n\t\t\t\t\t<\/div>\n\t\t<\/section>\n\t\t\t\t\t\t<\/div>\n\t\t\t\t\t\t<\/div>\n\t\t\t\t\t<\/div>\n\t\t","protected":false},"excerpt":{"rendered":"<p>Contribuciones especiales Guatemala Mario Jos\u00e9 Gonzalez, Presidente del Centro de Voluntariado Guatemalteco \u00bfDe qu\u00e9 forma se ha asociado su organizaci\u00f3n con los voluntarios y voluntarias? \u00bfDe qu\u00e9 maneras se ha asociado y se ha comprometido su organizaci\u00f3n con las personas &hellip; <a href=\"https:\/\/swvr2022.unv.org\/es\/sc-guatemala\/\">Read More<\/a><\/p>\n","protected":false},"author":1,"featured_media":0,"parent":0,"menu_order":33,"comment_status":"closed","ping_status":"closed","template":"","meta":[],"yoast_head":"<!-- This site is optimized with the Yoast SEO plugin v17.6 - https:\/\/yoast.com\/wordpress\/plugins\/seo\/ -->\n<title>SC - Guatemala | UNV SWVR 2022<\/title>\n<meta name=\"description\" content=\"Contribuciones especiales Guatemala Mario Jos\u00e9 Gonzalez, Presidente del Centro de Voluntariado Guatemalteco \u00bfDe qu\u00e9 forma se ha asociado su organizaci\u00f3n\" \/>\n<meta name=\"robots\" content=\"index, follow, max-snippet:-1, max-image-preview:large, max-video-preview:-1\" \/>\n<link rel=\"canonical\" href=\"https:\/\/swvr2022.unv.org\/es\/sc-guatemala\/\" \/>\n<meta property=\"og:locale\" content=\"es_ES\" \/>\n<meta property=\"og:type\" content=\"article\" \/>\n<meta property=\"og:title\" content=\"SC - Guatemala | UNV SWVR 2022\" \/>\n<meta property=\"og:description\" content=\"Contribuciones especiales Guatemala Mario Jos\u00e9 Gonzalez, Presidente del Centro de Voluntariado Guatemalteco \u00bfDe qu\u00e9 forma se ha asociado su organizaci\u00f3n\" \/>\n<meta property=\"og:url\" content=\"https:\/\/swvr2022.unv.org\/es\/sc-guatemala\/\" \/>\n<meta property=\"og:site_name\" content=\"UNV SWVR 2022\" \/>\n<meta property=\"article:publisher\" content=\"https:\/\/www.facebook.com\/unvolunteers\/\" \/>\n<meta property=\"article:modified_time\" content=\"2022-04-19T15:26:20+00:00\" \/>\n<meta property=\"og:image\" content=\"https:\/\/live-unv-swvr.pantheonsite.io\/wp-content\/uploads\/2021\/11\/Guatemala005-605x540.jpeg\" \/>\n<meta name=\"twitter:card\" content=\"summary_large_image\" \/>\n<meta name=\"twitter:site\" content=\"@UNVolunteers\" \/>\n<meta name=\"twitter:label1\" content=\"Est. reading time\" \/>\n\t<meta name=\"twitter:data1\" content=\"5 minutos\" \/>\n<script type=\"application\/ld+json\" class=\"yoast-schema-graph\">{\"@context\":\"https:\/\/schema.org\",\"@graph\":[{\"@type\":\"Organization\",\"@id\":\"https:\/\/swvr2022.unv.org\/#organization\",\"name\":\"UN Volunteers\",\"url\":\"https:\/\/swvr2022.unv.org\/\",\"sameAs\":[\"https:\/\/www.facebook.com\/unvolunteers\/\",\"https:\/\/www.instagram.com\/unvolunteers\/?hl=en\",\"https:\/\/www.youtube.com\/channel\/UCdcJE_W3L7tZGEJ46aOibPg\",\"https:\/\/twitter.com\/UNVolunteers\"],\"logo\":{\"@type\":\"ImageObject\",\"@id\":\"https:\/\/swvr2022.unv.org\/#logo\",\"inLanguage\":\"es\",\"url\":\"https:\/\/swvr2022.unv.org\/wp-content\/uploads\/2021\/12\/download.png\",\"contentUrl\":\"https:\/\/swvr2022.unv.org\/wp-content\/uploads\/2021\/12\/download.png\",\"width\":530,\"height\":95,\"caption\":\"UN Volunteers\"},\"image\":{\"@id\":\"https:\/\/swvr2022.unv.org\/#logo\"}},{\"@type\":\"WebSite\",\"@id\":\"https:\/\/swvr2022.unv.org\/#website\",\"url\":\"https:\/\/swvr2022.unv.org\/\",\"name\":\"UNV SWVR 2022\",\"description\":\"\",\"publisher\":{\"@id\":\"https:\/\/swvr2022.unv.org\/#organization\"},\"potentialAction\":[{\"@type\":\"SearchAction\",\"target\":{\"@type\":\"EntryPoint\",\"urlTemplate\":\"https:\/\/swvr2022.unv.org\/?s={search_term_string}\"},\"query-input\":\"required name=search_term_string\"}],\"inLanguage\":\"es\"},{\"@type\":\"ImageObject\",\"@id\":\"https:\/\/swvr2022.unv.org\/es\/sc-guatemala\/#primaryimage\",\"inLanguage\":\"es\",\"url\":\"https:\/\/live-unv-swvr.pantheonsite.io\/wp-content\/uploads\/2021\/11\/Guatemala005-605x540.jpeg\",\"contentUrl\":\"https:\/\/live-unv-swvr.pantheonsite.io\/wp-content\/uploads\/2021\/11\/Guatemala005-605x540.jpeg\"},{\"@type\":\"WebPage\",\"@id\":\"https:\/\/swvr2022.unv.org\/es\/sc-guatemala\/#webpage\",\"url\":\"https:\/\/swvr2022.unv.org\/es\/sc-guatemala\/\",\"name\":\"SC - Guatemala | UNV SWVR 2022\",\"isPartOf\":{\"@id\":\"https:\/\/swvr2022.unv.org\/#website\"},\"primaryImageOfPage\":{\"@id\":\"https:\/\/swvr2022.unv.org\/es\/sc-guatemala\/#primaryimage\"},\"datePublished\":\"2022-03-11T14:49:43+00:00\",\"dateModified\":\"2022-04-19T15:26:20+00:00\",\"description\":\"Contribuciones especiales Guatemala Mario Jos\\u00e9 Gonzalez, Presidente del Centro de Voluntariado Guatemalteco \\u00bfDe qu\\u00e9 forma se ha asociado su organizaci\\u00f3n\",\"breadcrumb\":{\"@id\":\"https:\/\/swvr2022.unv.org\/es\/sc-guatemala\/#breadcrumb\"},\"inLanguage\":\"es\",\"potentialAction\":[{\"@type\":\"ReadAction\",\"target\":[\"https:\/\/swvr2022.unv.org\/es\/sc-guatemala\/\"]}]},{\"@type\":\"BreadcrumbList\",\"@id\":\"https:\/\/swvr2022.unv.org\/es\/sc-guatemala\/#breadcrumb\",\"itemListElement\":[{\"@type\":\"ListItem\",\"position\":1,\"name\":\"Home\",\"item\":\"https:\/\/swvr2022.unv.org\/es\/\"},{\"@type\":\"ListItem\",\"position\":2,\"name\":\"SC &#8211; Guatemala\"}]}]}<\/script>\n<!-- \/ Yoast SEO plugin. -->","yoast_head_json":{"title":"SC - Guatemala | UNV SWVR 2022","description":"Contribuciones especiales Guatemala Mario Jos\u00e9 Gonzalez, Presidente del Centro de Voluntariado Guatemalteco \u00bfDe qu\u00e9 forma se ha asociado su organizaci\u00f3n","robots":{"index":"index","follow":"follow","max-snippet":"max-snippet:-1","max-image-preview":"max-image-preview:large","max-video-preview":"max-video-preview:-1"},"canonical":"https:\/\/swvr2022.unv.org\/es\/sc-guatemala\/","og_locale":"es_ES","og_type":"article","og_title":"SC - Guatemala | UNV SWVR 2022","og_description":"Contribuciones especiales Guatemala Mario Jos\u00e9 Gonzalez, Presidente del Centro de Voluntariado Guatemalteco \u00bfDe qu\u00e9 forma se ha asociado su organizaci\u00f3n","og_url":"https:\/\/swvr2022.unv.org\/es\/sc-guatemala\/","og_site_name":"UNV SWVR 2022","article_publisher":"https:\/\/www.facebook.com\/unvolunteers\/","article_modified_time":"2022-04-19T15:26:20+00:00","og_image":[{"url":"https:\/\/live-unv-swvr.pantheonsite.io\/wp-content\/uploads\/2021\/11\/Guatemala005-605x540.jpeg"}],"twitter_card":"summary_large_image","twitter_site":"@UNVolunteers","twitter_misc":{"Est. reading time":"5 minutos"},"schema":{"@context":"https:\/\/schema.org","@graph":[{"@type":"Organization","@id":"https:\/\/swvr2022.unv.org\/#organization","name":"UN Volunteers","url":"https:\/\/swvr2022.unv.org\/","sameAs":["https:\/\/www.facebook.com\/unvolunteers\/","https:\/\/www.instagram.com\/unvolunteers\/?hl=en","https:\/\/www.youtube.com\/channel\/UCdcJE_W3L7tZGEJ46aOibPg","https:\/\/twitter.com\/UNVolunteers"],"logo":{"@type":"ImageObject","@id":"https:\/\/swvr2022.unv.org\/#logo","inLanguage":"es","url":"https:\/\/swvr2022.unv.org\/wp-content\/uploads\/2021\/12\/download.png","contentUrl":"https:\/\/swvr2022.unv.org\/wp-content\/uploads\/2021\/12\/download.png","width":530,"height":95,"caption":"UN Volunteers"},"image":{"@id":"https:\/\/swvr2022.unv.org\/#logo"}},{"@type":"WebSite","@id":"https:\/\/swvr2022.unv.org\/#website","url":"https:\/\/swvr2022.unv.org\/","name":"UNV SWVR 2022","description":"","publisher":{"@id":"https:\/\/swvr2022.unv.org\/#organization"},"potentialAction":[{"@type":"SearchAction","target":{"@type":"EntryPoint","urlTemplate":"https:\/\/swvr2022.unv.org\/?s={search_term_string}"},"query-input":"required name=search_term_string"}],"inLanguage":"es"},{"@type":"ImageObject","@id":"https:\/\/swvr2022.unv.org\/es\/sc-guatemala\/#primaryimage","inLanguage":"es","url":"https:\/\/live-unv-swvr.pantheonsite.io\/wp-content\/uploads\/2021\/11\/Guatemala005-605x540.jpeg","contentUrl":"https:\/\/live-unv-swvr.pantheonsite.io\/wp-content\/uploads\/2021\/11\/Guatemala005-605x540.jpeg"},{"@type":"WebPage","@id":"https:\/\/swvr2022.unv.org\/es\/sc-guatemala\/#webpage","url":"https:\/\/swvr2022.unv.org\/es\/sc-guatemala\/","name":"SC - Guatemala | UNV SWVR 2022","isPartOf":{"@id":"https:\/\/swvr2022.unv.org\/#website"},"primaryImageOfPage":{"@id":"https:\/\/swvr2022.unv.org\/es\/sc-guatemala\/#primaryimage"},"datePublished":"2022-03-11T14:49:43+00:00","dateModified":"2022-04-19T15:26:20+00:00","description":"Contribuciones especiales Guatemala Mario Jos\u00e9 Gonzalez, Presidente del Centro de Voluntariado Guatemalteco \u00bfDe qu\u00e9 forma se ha asociado su organizaci\u00f3n","breadcrumb":{"@id":"https:\/\/swvr2022.unv.org\/es\/sc-guatemala\/#breadcrumb"},"inLanguage":"es","potentialAction":[{"@type":"ReadAction","target":["https:\/\/swvr2022.unv.org\/es\/sc-guatemala\/"]}]},{"@type":"BreadcrumbList","@id":"https:\/\/swvr2022.unv.org\/es\/sc-guatemala\/#breadcrumb","itemListElement":[{"@type":"ListItem","position":1,"name":"Home","item":"https:\/\/swvr2022.unv.org\/es\/"},{"@type":"ListItem","position":2,"name":"SC &#8211; Guatemala"}]}]}},"_links":{"self":[{"href":"https:\/\/swvr2022.unv.org\/es\/wp-json\/wp\/v2\/pages\/17543"}],"collection":[{"href":"https:\/\/swvr2022.unv.org\/es\/wp-json\/wp\/v2\/pages"}],"about":[{"href":"https:\/\/swvr2022.unv.org\/es\/wp-json\/wp\/v2\/types\/page"}],"author":[{"embeddable":true,"href":"https:\/\/swvr2022.unv.org\/es\/wp-json\/wp\/v2\/users\/1"}],"replies":[{"embeddable":true,"href":"https:\/\/swvr2022.unv.org\/es\/wp-json\/wp\/v2\/comments?post=17543"}],"version-history":[{"count":9,"href":"https:\/\/swvr2022.unv.org\/es\/wp-json\/wp\/v2\/pages\/17543\/revisions"}],"predecessor-version":[{"id":19360,"href":"https:\/\/swvr2022.unv.org\/es\/wp-json\/wp\/v2\/pages\/17543\/revisions\/19360"}],"wp:attachment":[{"href":"https:\/\/swvr2022.unv.org\/es\/wp-json\/wp\/v2\/media?parent=17543"}],"curies":[{"name":"wp","href":"https:\/\/api.w.org\/{rel}","templated":true}]}}