{"id":17545,"date":"2022-03-11T14:49:49","date_gmt":"2022-03-11T14:49:49","guid":{"rendered":"https:\/\/live-unv-swvr.pantheonsite.io\/sc-kazakhstan\/"},"modified":"2022-04-19T15:27:28","modified_gmt":"2022-04-19T15:27:28","slug":"sc-kazakhstan","status":"publish","type":"page","link":"https:\/\/swvr2022.unv.org\/es\/sc-kazakhstan\/","title":{"rendered":"SC &#8211; Kazakhstan"},"content":{"rendered":"\t\t<div data-elementor-type=\"wp-page\" data-elementor-id=\"17545\" class=\"elementor elementor-17545 elementor-12498\" data-elementor-settings=\"[]\">\n\t\t\t\t\t\t<div class=\"elementor-inner\">\n\t\t\t\t\t\t\t<div class=\"elementor-section-wrap\">\n\t\t\t\t\t\t\t<section class=\"has_eae_slider elementor-section elementor-top-section elementor-element elementor-element-108aa76f elementor-section-height-min-height animated-slow elementor-section-content-middle elementor-section-boxed elementor-section-height-default elementor-section-items-middle elementor-invisible\" data-id=\"108aa76f\" data-element_type=\"section\" data-settings=\"{&quot;background_background&quot;:&quot;classic&quot;,&quot;animation&quot;:&quot;fadeIn&quot;}\">\n\t\t\t\t\t\t\t<div class=\"elementor-background-overlay\"><\/div>\n\t\t\t\t\t\t\t<div class=\"elementor-container elementor-column-gap-default\">\n\t\t\t\t\t\t\t<div class=\"elementor-row\">\n\t\t\t\t\t<div class=\"has_eae_slider elementor-column elementor-col-100 elementor-top-column elementor-element elementor-element-5a318c85\" data-id=\"5a318c85\" data-element_type=\"column\">\n\t\t\t<div class=\"elementor-column-wrap elementor-element-populated\">\n\t\t\t\t\t\t\t<div class=\"elementor-widget-wrap\">\n\t\t\t\t\t\t<section class=\"has_eae_slider elementor-section elementor-inner-section elementor-element elementor-element-4cef0202 elementor-section-content-bottom elementor-section-boxed elementor-section-height-default elementor-section-height-default\" data-id=\"4cef0202\" data-element_type=\"section\" data-settings=\"{&quot;background_background&quot;:&quot;classic&quot;}\">\n\t\t\t\t\t\t<div class=\"elementor-container elementor-column-gap-default\">\n\t\t\t\t\t\t\t<div class=\"elementor-row\">\n\t\t\t\t\t<div class=\"has_eae_slider elementor-column elementor-col-100 elementor-inner-column elementor-element elementor-element-3059befb animated-slow elementor-invisible\" data-id=\"3059befb\" data-element_type=\"column\" data-settings=\"{&quot;background_background&quot;:&quot;classic&quot;,&quot;animation&quot;:&quot;fadeIn&quot;,&quot;animation_delay&quot;:600}\">\n\t\t\t<div class=\"elementor-column-wrap elementor-element-populated\">\n\t\t\t\t\t\t\t<div class=\"elementor-widget-wrap\">\n\t\t\t\t\t\t<div class=\"elementor-element elementor-element-d8f20c4 elementor-invisible elementor-widget elementor-widget-heading\" data-id=\"d8f20c4\" data-element_type=\"widget\" data-settings=\"{&quot;_animation&quot;:&quot;fadeIn&quot;,&quot;_animation_delay&quot;:600}\" data-widget_type=\"heading.default\">\n\t\t\t\t<div class=\"elementor-widget-container\">\n\t\t\t<h1 class=\"elementor-heading-title elementor-size-default\">Contribuciones especiales<\/h1>\t\t<\/div>\n\t\t\t\t<\/div>\n\t\t\t\t<div class=\"elementor-element elementor-element-1a79ada1 elementor-widget elementor-widget-spacer\" data-id=\"1a79ada1\" data-element_type=\"widget\" data-widget_type=\"spacer.default\">\n\t\t\t\t<div class=\"elementor-widget-container\">\n\t\t\t\t\t<div class=\"elementor-spacer\">\n\t\t\t<div class=\"elementor-spacer-inner\"><\/div>\n\t\t<\/div>\n\t\t\t\t<\/div>\n\t\t\t\t<\/div>\n\t\t\t\t<div class=\"elementor-element elementor-element-8a8df88 elementor-widget elementor-widget-heading\" data-id=\"8a8df88\" data-element_type=\"widget\" data-widget_type=\"heading.default\">\n\t\t\t\t<div class=\"elementor-widget-container\">\n\t\t\t<h4 class=\"elementor-heading-title elementor-size-default\">Kazajst\u00e1n<\/h4>\t\t<\/div>\n\t\t\t\t<\/div>\n\t\t\t\t<div class=\"elementor-element elementor-element-a966a96 elementor-widget elementor-widget-spacer\" data-id=\"a966a96\" data-element_type=\"widget\" data-widget_type=\"spacer.default\">\n\t\t\t\t<div class=\"elementor-widget-container\">\n\t\t\t\t\t<div class=\"elementor-spacer\">\n\t\t\t<div class=\"elementor-spacer-inner\"><\/div>\n\t\t<\/div>\n\t\t\t\t<\/div>\n\t\t\t\t<\/div>\n\t\t\t\t<div class=\"elementor-element elementor-element-1723ff2d elementor-invisible elementor-widget elementor-widget-heading\" data-id=\"1723ff2d\" data-element_type=\"widget\" data-settings=\"{&quot;_animation&quot;:&quot;fadeIn&quot;,&quot;_animation_delay&quot;:600}\" data-widget_type=\"heading.default\">\n\t\t\t\t<div class=\"elementor-widget-container\">\n\t\t\t<h4 class=\"elementor-heading-title elementor-size-default\">Kazajst\u00e1n Arthur van Diesen, Representante del Fondo de las Naciones Unidas para la Infancia (UNICEF) en Kazajst\u00e1n, Programa de voluntariado juvenil de UNICEF<\/h4>\t\t<\/div>\n\t\t\t\t<\/div>\n\t\t\t\t<div class=\"elementor-element elementor-element-366dad49 elementor-widget elementor-widget-spacer\" data-id=\"366dad49\" data-element_type=\"widget\" data-widget_type=\"spacer.default\">\n\t\t\t\t<div class=\"elementor-widget-container\">\n\t\t\t\t\t<div class=\"elementor-spacer\">\n\t\t\t<div class=\"elementor-spacer-inner\"><\/div>\n\t\t<\/div>\n\t\t\t\t<\/div>\n\t\t\t\t<\/div>\n\t\t\t\t<div class=\"elementor-element elementor-element-61bd3820 elementor-widget elementor-widget-text-editor\" data-id=\"61bd3820\" data-element_type=\"widget\" data-widget_type=\"text-editor.default\">\n\t\t\t\t<div class=\"elementor-widget-container\">\n\t\t\t\t\t\t\t\t<div class=\"elementor-text-editor elementor-clearfix\">\n\t\t\t\t<h6><b>Overview<\/b><\/h6>\n<p><span style=\"font-weight: 400;\">Kazajst\u00e1n es un pa\u00eds de ingreso mediano alto con una tasa de alfabetizaci\u00f3n de adultos (15 a\u00f1os como m\u00ednimo) del 99,8%. Es el noveno pa\u00eds m\u00e1s grande del mundo y tiene una de las densidades de poblaci\u00f3n m\u00e1s bajas, con menos de seis personas por kil\u00f3metro cuadrado. Con un \u00edndice de penetraci\u00f3n de Internet del 81,9%, la estepa euroasi\u00e1tica es un terreno f\u00e9rtil para el crecimiento del voluntariado en l\u00ednea.<\/span><\/p>\n<p><span style=\"font-weight: 400;\">Las personas j\u00f3venes de entre 10 y 24 a\u00f1os constituyen casi una quinta parte de la poblaci\u00f3n de Kazajst\u00e1n. Con buena formaci\u00f3n y buenos contactos, este colectivo est\u00e1 en condiciones inmejorables para aprovechar el voluntariado en l\u00ednea. Consciente de este potencial, UNICEF Kazajst\u00e1n puso en marcha su programa piloto de voluntariado en 2020, una iniciativa en l\u00ednea contra el acoso y a favor del medio ambiente. UNICEF moviliz\u00f3 a m\u00e1s de 9.000 j\u00f3venes voluntarios y voluntarias de todas las regiones de Kazajst\u00e1n para impartir lecciones contra el acoso escolar, promover la reducci\u00f3n del uso del pl\u00e1stico, contrarrestar la informaci\u00f3n err\u00f3nea sobre la COVID-19 y fomentar el bienestar mental, la inclusividad y los derechos de la infancia. Desde la puesta en marcha de la iniciativa, los voluntarios y voluntarias han trabajado con m\u00e1s de 98.000 escolares y 7.200 padres y madres, y han creado m\u00e1s de 4.000 publicaciones en redes sociales, llegando a m\u00e1s de 800.000 usuarios y usuarias.<\/span><\/p>\n<p><span style=\"font-weight: 400;\">A partir del \u00e9xito de la iniciativa, en 2021 se ampli\u00f3 el programa de voluntariado de UNICEF en Kazajst\u00e1n y se a\u00f1adieron esferas tem\u00e1ticas a fin de incluir a m\u00e1s j\u00f3venes, que recibieron capacitaci\u00f3n en reducci\u00f3n del riesgo de desastres y comportamiento de emergencia entre ni\u00f1os, ni\u00f1as y j\u00f3venes, as\u00ed como en la promoci\u00f3n de los derechos de la infancia y una sociedad inclusiva.<\/span><\/p>\n<h6>\u00a0<\/h6>\n<h6><b>J\u00f3venes voluntarios y voluntarias <\/b><\/h6>\n<p><span style=\"font-weight: 400;\">Los voluntarios y voluntarias capacitan a sus pares y a los escolares y les dotan de conocimientos, habilidades y herramientas pr\u00e1cticas sobre la prevenci\u00f3n del acoso, la atenci\u00f3n de la salud mental y la protecci\u00f3n del medio ambiente. Gracias a la adopci\u00f3n de un enfoque entre iguales, la ausencia de autoridad y de presi\u00f3n social hace que la comunicaci\u00f3n sea eficiente y se obtengan mejores resultados.<\/span><\/p>\n<p><span style=\"font-weight: 400;\">Los voluntarios y voluntarias dise\u00f1an y crean posibles soluciones junto con las personas j\u00f3venes para promover los derechos de la infancia a trav\u00e9s de actividades voluntarias significativas. <\/span><\/p>\n<p><span style=\"font-weight: 400;\">Con esta la iniciativa, los voluntarios y voluntarias aumentaron considerablemente el alcance de UNICEF en Kazajst\u00e1n, incluso en zonas rurales remotas y entre ni\u00f1os, ni\u00f1as y familias de habla kazaja. Adem\u00e1s, al impartirse las clases en l\u00ednea se subsanaron las desigualdades en el acceso a la informaci\u00f3n, un aspecto que supone problemas en las ciudades y aldeas remotas de Kazajst\u00e1n. <\/span><\/p>\n<p><b>Tipo de voluntariado: <\/b><span style=\"font-weight: 400;\">En l\u00ednea y presencial <\/span><\/p>\n<p><b>N\u00famero de voluntarios y voluntarias: <\/b><span style=\"font-weight: 400;\">720 voluntarios y voluntarias participaron en los proyectos BeKind y Plastic Free<\/span><\/p>\n<p><b>Alcance: <\/b><span style=\"font-weight: 400;\">Nacional\u00a0<\/span><\/p>\n<p><b>Organizaci\u00f3n principal: <\/b><span style=\"font-weight: 400;\">Red Nacional de Voluntariado<\/span><b>\u00a0<\/b><\/p>\n<p><b>Asociaciones:<\/b><span style=\"font-weight: 400;\"> UNICEF se ha aliado con el Ministerio de Educaci\u00f3n de Kazajst\u00e1n para promover y ejecutar eficazmente las iniciativas contra el acoso y a favor del medio ambiente en las escuelas de todo el pa\u00eds. <\/span><\/p>\n<p><b>ODS: <\/b><span style=\"font-weight: 400;\">3 (salud y bienestar) <\/span> <span style=\"font-weight: 400;\">10 (reducci\u00f3n de las desigualdades), 12 (consumo y producci\u00f3n responsables), 13 (acci\u00f3n clim\u00e1tica)<\/span><\/p>\n<h6>\u00a0<\/h6>\n<h6><b>Resultados de la iniciativa y lecciones aprendidas<\/b><\/h6>\n<ul>\n<li aria-level=\"1\"><span style=\"font-weight: 400;\">463 voluntarios y voluntarias en l\u00ednea se unieron al proyecto de voluntariado BeKind con el objetivo de prevenir el acoso y promover un entorno escolar m\u00e1s seguro. Los voluntarios y voluntarias impartieron 1.796 clases en l\u00ednea para 483 escuelas en 9 regiones de Kazajst\u00e1n, llegando a 59.460 escolares en l\u00ednea y 881 escolares presenciales. Durante las clases, los ni\u00f1os y ni\u00f1as aprendieron a prevenir el acoso y responder a \u00e9l, y 7.325 padres y madres aprendieron a comunicarse con sus hijos e hijas y apoyarlos en tales situaciones.<\/span><\/li>\n<li style=\"font-weight: 400;\" aria-level=\"1\"><span style=\"font-weight: 400;\">257 voluntarios y voluntarias se unieron al proyecto de voluntariado Plastic Free con el objetivo de promover comportamientos ecol\u00f3gicos entre ni\u00f1os, ni\u00f1as y j\u00f3venes e informarles sobre los efectos negativos de la contaminaci\u00f3n del pl\u00e1stico. Con el apoyo de ecologistas y activistas, los voluntarios y voluntarias impartieron 428 clases en l\u00ednea para 22.238 ni\u00f1os y ni\u00f1as, y para 80 ni\u00f1os y ni\u00f1as de manera presencial en 45 escuelas. Los ni\u00f1os y ni\u00f1as aprendieron sobre h\u00e1bitos ecol\u00f3gicos que podr\u00edan aplicar (por ejemplo, el uso de bolsas de compra reutilizables en lugar de bolsas de pl\u00e1stico, utilizar botellas de agua rellenables, etc.).<\/span><\/li>\n<li><span style=\"font-weight: 400;\">El voluntariado se ha convertido en una de las principales estrategias intersectoriales del programa de UNICEF en Kazajst\u00e1n para el per\u00edodo de 2021 a 2025. Tambi\u00e9n ha mejorado significativamente la percepci\u00f3n de la marca UNICEF en Kazajst\u00e1n y ha ayudado a triplicar su presencia en las redes sociales: el n\u00famero de personas que siguen a la organizaci\u00f3n en las redes sociales ha aumentado 3,6 veces, de 20.000 en 2019 a 72.376 en 2020, debido principalmente a la participaci\u00f3n de voluntarios y voluntarias.<\/span><\/li>\n<li style=\"font-weight: 400;\" aria-level=\"1\"><span style=\"font-weight: 400;\">El enfoque combinado de formatos en l\u00ednea y presencial asegur\u00f3 la continuidad del programa de voluntariado y su implementaci\u00f3n durante la pandemia de COVID-19. Estos esfuerzos dieron como resultado un aumento del alcance. <\/span><\/li>\n<li style=\"font-weight: 400;\" aria-level=\"1\"><span style=\"font-weight: 400;\">El programa de voluntariado, que lleg\u00f3 directamente a la poblaci\u00f3n joven, fue notablemente eficaz y un \u00e9xito a m\u00faltiples niveles. El compromiso y la disposici\u00f3n de la juventud a actuar (especialmente durante el confinamiento), el enfoque entre pares, la alianza con un aliado de la sociedad civil asentado en el pa\u00eds y el compromiso del Gobierno permitieron que UNICEF llegara a todas las regiones del vasto territorio de Kazajst\u00e1n, incluidas las zonas m\u00e1s remotas.<\/span><\/li>\n<li style=\"font-weight: 400;\" aria-level=\"1\"><span style=\"font-weight: 400;\">La participaci\u00f3n de los voluntarios y voluntarias en el dise\u00f1o del programa desde el principio consigui\u00f3 que lo hicieran suyo y les proporcion\u00f3 un sentimiento de apropiaci\u00f3n. Las opiniones de las personas j\u00f3venes garantizaron que el programa se ajustara plenamente a las necesidades, los incentivos y las pr\u00e1cticas preferidas de este colectivo.<\/span><\/li>\n<li style=\"font-weight: 400;\" aria-level=\"1\"><span style=\"font-weight: 400;\">A pesar de la escala del programa, todas las interacciones con ni\u00f1os y ni\u00f1as apuntaban al entorno escolar, lo que dio como resultado un elevado inter\u00e9s de las administraciones escolares por recibir clases impartidas por voluntarios y voluntarias en las escuelas.<\/span><\/li>\n<li style=\"font-weight: 400;\" aria-level=\"1\"><span style=\"font-weight: 400;\">El Presidente de Kazajst\u00e1n declar\u00f3 el a\u00f1o 2020 como el A\u00f1o del Voluntario y la Voluntaria. La oficina de UNICEF en Kazajst\u00e1n aprovech\u00f3 esta oportunidad y su programa de voluntariado para promover la mejora de la legislaci\u00f3n existente sobre el voluntariado en Kazajst\u00e1n. Esto incluy\u00f3 compartir las conclusiones y lecciones aprendidas del programa piloto con el Ministerio de Informaci\u00f3n y Desarrollo P\u00fablico. <\/span><\/li>\n<\/ul>\n<h6>\u00a0<\/h6>\n<h6><b>Para obtener m\u00e1s informaci\u00f3n: \u00a0<\/b><\/h6>\n<h6><span style=\"font-weight: 400;\">En palabras de los voluntarios y voluntarias de UNICEF: <\/span><a href=\" https:\/\/www.youtube.com\/playlist?list=PLbY0KLxpBuZ7ZMYTHpfBAEMmIE8_BY9-U\"><span style=\"font-weight: 400;\">lista de reproducci\u00f3n en YouTube<\/span><\/a><span style=\"font-weight: 400;\">\u00a0en la que nuestros voluntarios y voluntarias comparten sus experiencias<\/span><\/h6>\n\t\t\t\t\t<\/div>\n\t\t\t\t\t\t<\/div>\n\t\t\t\t<\/div>\n\t\t\t\t<div class=\"elementor-element elementor-element-6574ff41 elementor-widget elementor-widget-spacer\" data-id=\"6574ff41\" data-element_type=\"widget\" data-widget_type=\"spacer.default\">\n\t\t\t\t<div class=\"elementor-widget-container\">\n\t\t\t\t\t<div class=\"elementor-spacer\">\n\t\t\t<div class=\"elementor-spacer-inner\"><\/div>\n\t\t<\/div>\n\t\t\t\t<\/div>\n\t\t\t\t<\/div>\n\t\t\t\t<div class=\"elementor-element elementor-element-7c92306 elementor-align-left elementor-widget elementor-widget-button\" data-id=\"7c92306\" data-element_type=\"widget\" data-widget_type=\"button.default\">\n\t\t\t\t<div class=\"elementor-widget-container\">\n\t\t\t\t\t<div class=\"elementor-button-wrapper\">\n\t\t\t<a href=\"\/es\/contribuciones-especiales\/\" class=\"elementor-button-link elementor-button elementor-size-lg\" role=\"button\">\n\t\t\t\t\t\t<span class=\"elementor-button-content-wrapper\">\n\t\t\t\t\t\t<span class=\"elementor-button-icon elementor-align-icon-left\">\n\t\t\t\t<i aria-hidden=\"true\" class=\"th-linea icon th-linea icon-arrows-circle-right\"><\/i>\t\t\t<\/span>\n\t\t\t\t\t\t<span class=\"elementor-button-text\">Atr\u00e1s<\/span>\n\t\t<\/span>\n\t\t\t\t\t<\/a>\n\t\t<\/div>\n\t\t\t\t<\/div>\n\t\t\t\t<\/div>\n\t\t\t\t\t\t<\/div>\n\t\t\t\t\t<\/div>\n\t\t<\/div>\n\t\t\t\t\t\t\t\t<\/div>\n\t\t\t\t\t<\/div>\n\t\t<\/section>\n\t\t\t\t\t\t<\/div>\n\t\t\t\t\t<\/div>\n\t\t<\/div>\n\t\t\t\t\t\t\t\t<\/div>\n\t\t\t\t\t<\/div>\n\t\t<\/section>\n\t\t\t\t\t\t<\/div>\n\t\t\t\t\t\t<\/div>\n\t\t\t\t\t<\/div>\n\t\t","protected":false},"excerpt":{"rendered":"<p>Contribuciones especiales Kazajst\u00e1n Kazajst\u00e1n Arthur van Diesen, Representante del Fondo de las Naciones Unidas para la Infancia (UNICEF) en Kazajst\u00e1n, Programa de voluntariado juvenil de UNICEF Overview Kazajst\u00e1n es un pa\u00eds de ingreso mediano alto con una tasa de alfabetizaci\u00f3n &hellip; <a href=\"https:\/\/swvr2022.unv.org\/es\/sc-kazakhstan\/\">Read More<\/a><\/p>\n","protected":false},"author":1,"featured_media":0,"parent":0,"menu_order":41,"comment_status":"closed","ping_status":"closed","template":"","meta":[],"yoast_head":"<!-- This site is optimized with the Yoast SEO plugin v17.6 - https:\/\/yoast.com\/wordpress\/plugins\/seo\/ -->\n<title>SC - Kazakhstan | UNV SWVR 2022<\/title>\n<meta name=\"description\" content=\"Contribuciones especiales Kazajst\u00e1n Kazajst\u00e1n Arthur van Diesen, Representante del Fondo de las Naciones Unidas para la Infancia (UNICEF) en Kazajst\u00e1n,\" \/>\n<meta name=\"robots\" content=\"index, follow, max-snippet:-1, max-image-preview:large, max-video-preview:-1\" \/>\n<link rel=\"canonical\" href=\"https:\/\/swvr2022.unv.org\/es\/sc-kazakhstan\/\" \/>\n<meta property=\"og:locale\" content=\"es_ES\" \/>\n<meta property=\"og:type\" content=\"article\" \/>\n<meta property=\"og:title\" content=\"SC - Kazakhstan | UNV SWVR 2022\" \/>\n<meta property=\"og:description\" content=\"Contribuciones especiales Kazajst\u00e1n Kazajst\u00e1n Arthur van Diesen, Representante del Fondo de las Naciones Unidas para la Infancia (UNICEF) en Kazajst\u00e1n,\" \/>\n<meta property=\"og:url\" content=\"https:\/\/swvr2022.unv.org\/es\/sc-kazakhstan\/\" \/>\n<meta property=\"og:site_name\" content=\"UNV SWVR 2022\" \/>\n<meta property=\"article:publisher\" content=\"https:\/\/www.facebook.com\/unvolunteers\/\" \/>\n<meta property=\"article:modified_time\" content=\"2022-04-19T15:27:28+00:00\" \/>\n<meta name=\"twitter:card\" content=\"summary_large_image\" \/>\n<meta name=\"twitter:site\" content=\"@UNVolunteers\" \/>\n<meta name=\"twitter:label1\" content=\"Est. reading time\" \/>\n\t<meta name=\"twitter:data1\" content=\"5 minutos\" \/>\n<script type=\"application\/ld+json\" class=\"yoast-schema-graph\">{\"@context\":\"https:\/\/schema.org\",\"@graph\":[{\"@type\":\"Organization\",\"@id\":\"https:\/\/swvr2022.unv.org\/#organization\",\"name\":\"UN Volunteers\",\"url\":\"https:\/\/swvr2022.unv.org\/\",\"sameAs\":[\"https:\/\/www.facebook.com\/unvolunteers\/\",\"https:\/\/www.instagram.com\/unvolunteers\/?hl=en\",\"https:\/\/www.youtube.com\/channel\/UCdcJE_W3L7tZGEJ46aOibPg\",\"https:\/\/twitter.com\/UNVolunteers\"],\"logo\":{\"@type\":\"ImageObject\",\"@id\":\"https:\/\/swvr2022.unv.org\/#logo\",\"inLanguage\":\"es\",\"url\":\"https:\/\/swvr2022.unv.org\/wp-content\/uploads\/2021\/12\/download.png\",\"contentUrl\":\"https:\/\/swvr2022.unv.org\/wp-content\/uploads\/2021\/12\/download.png\",\"width\":530,\"height\":95,\"caption\":\"UN Volunteers\"},\"image\":{\"@id\":\"https:\/\/swvr2022.unv.org\/#logo\"}},{\"@type\":\"WebSite\",\"@id\":\"https:\/\/swvr2022.unv.org\/#website\",\"url\":\"https:\/\/swvr2022.unv.org\/\",\"name\":\"UNV SWVR 2022\",\"description\":\"\",\"publisher\":{\"@id\":\"https:\/\/swvr2022.unv.org\/#organization\"},\"potentialAction\":[{\"@type\":\"SearchAction\",\"target\":{\"@type\":\"EntryPoint\",\"urlTemplate\":\"https:\/\/swvr2022.unv.org\/?s={search_term_string}\"},\"query-input\":\"required name=search_term_string\"}],\"inLanguage\":\"es\"},{\"@type\":\"WebPage\",\"@id\":\"https:\/\/swvr2022.unv.org\/es\/sc-kazakhstan\/#webpage\",\"url\":\"https:\/\/swvr2022.unv.org\/es\/sc-kazakhstan\/\",\"name\":\"SC - Kazakhstan | UNV SWVR 2022\",\"isPartOf\":{\"@id\":\"https:\/\/swvr2022.unv.org\/#website\"},\"datePublished\":\"2022-03-11T14:49:49+00:00\",\"dateModified\":\"2022-04-19T15:27:28+00:00\",\"description\":\"Contribuciones especiales Kazajst\\u00e1n Kazajst\\u00e1n Arthur van Diesen, Representante del Fondo de las Naciones Unidas para la Infancia (UNICEF) en Kazajst\\u00e1n,\",\"breadcrumb\":{\"@id\":\"https:\/\/swvr2022.unv.org\/es\/sc-kazakhstan\/#breadcrumb\"},\"inLanguage\":\"es\",\"potentialAction\":[{\"@type\":\"ReadAction\",\"target\":[\"https:\/\/swvr2022.unv.org\/es\/sc-kazakhstan\/\"]}]},{\"@type\":\"BreadcrumbList\",\"@id\":\"https:\/\/swvr2022.unv.org\/es\/sc-kazakhstan\/#breadcrumb\",\"itemListElement\":[{\"@type\":\"ListItem\",\"position\":1,\"name\":\"Home\",\"item\":\"https:\/\/swvr2022.unv.org\/es\/\"},{\"@type\":\"ListItem\",\"position\":2,\"name\":\"SC &#8211; Kazakhstan\"}]}]}<\/script>\n<!-- \/ Yoast SEO plugin. -->","yoast_head_json":{"title":"SC - Kazakhstan | UNV SWVR 2022","description":"Contribuciones especiales Kazajst\u00e1n Kazajst\u00e1n Arthur van Diesen, Representante del Fondo de las Naciones Unidas para la Infancia (UNICEF) en Kazajst\u00e1n,","robots":{"index":"index","follow":"follow","max-snippet":"max-snippet:-1","max-image-preview":"max-image-preview:large","max-video-preview":"max-video-preview:-1"},"canonical":"https:\/\/swvr2022.unv.org\/es\/sc-kazakhstan\/","og_locale":"es_ES","og_type":"article","og_title":"SC - Kazakhstan | UNV SWVR 2022","og_description":"Contribuciones especiales Kazajst\u00e1n Kazajst\u00e1n Arthur van Diesen, Representante del Fondo de las Naciones Unidas para la Infancia (UNICEF) en Kazajst\u00e1n,","og_url":"https:\/\/swvr2022.unv.org\/es\/sc-kazakhstan\/","og_site_name":"UNV SWVR 2022","article_publisher":"https:\/\/www.facebook.com\/unvolunteers\/","article_modified_time":"2022-04-19T15:27:28+00:00","twitter_card":"summary_large_image","twitter_site":"@UNVolunteers","twitter_misc":{"Est. reading time":"5 minutos"},"schema":{"@context":"https:\/\/schema.org","@graph":[{"@type":"Organization","@id":"https:\/\/swvr2022.unv.org\/#organization","name":"UN Volunteers","url":"https:\/\/swvr2022.unv.org\/","sameAs":["https:\/\/www.facebook.com\/unvolunteers\/","https:\/\/www.instagram.com\/unvolunteers\/?hl=en","https:\/\/www.youtube.com\/channel\/UCdcJE_W3L7tZGEJ46aOibPg","https:\/\/twitter.com\/UNVolunteers"],"logo":{"@type":"ImageObject","@id":"https:\/\/swvr2022.unv.org\/#logo","inLanguage":"es","url":"https:\/\/swvr2022.unv.org\/wp-content\/uploads\/2021\/12\/download.png","contentUrl":"https:\/\/swvr2022.unv.org\/wp-content\/uploads\/2021\/12\/download.png","width":530,"height":95,"caption":"UN Volunteers"},"image":{"@id":"https:\/\/swvr2022.unv.org\/#logo"}},{"@type":"WebSite","@id":"https:\/\/swvr2022.unv.org\/#website","url":"https:\/\/swvr2022.unv.org\/","name":"UNV SWVR 2022","description":"","publisher":{"@id":"https:\/\/swvr2022.unv.org\/#organization"},"potentialAction":[{"@type":"SearchAction","target":{"@type":"EntryPoint","urlTemplate":"https:\/\/swvr2022.unv.org\/?s={search_term_string}"},"query-input":"required name=search_term_string"}],"inLanguage":"es"},{"@type":"WebPage","@id":"https:\/\/swvr2022.unv.org\/es\/sc-kazakhstan\/#webpage","url":"https:\/\/swvr2022.unv.org\/es\/sc-kazakhstan\/","name":"SC - Kazakhstan | UNV SWVR 2022","isPartOf":{"@id":"https:\/\/swvr2022.unv.org\/#website"},"datePublished":"2022-03-11T14:49:49+00:00","dateModified":"2022-04-19T15:27:28+00:00","description":"Contribuciones especiales Kazajst\u00e1n Kazajst\u00e1n Arthur van Diesen, Representante del Fondo de las Naciones Unidas para la Infancia (UNICEF) en Kazajst\u00e1n,","breadcrumb":{"@id":"https:\/\/swvr2022.unv.org\/es\/sc-kazakhstan\/#breadcrumb"},"inLanguage":"es","potentialAction":[{"@type":"ReadAction","target":["https:\/\/swvr2022.unv.org\/es\/sc-kazakhstan\/"]}]},{"@type":"BreadcrumbList","@id":"https:\/\/swvr2022.unv.org\/es\/sc-kazakhstan\/#breadcrumb","itemListElement":[{"@type":"ListItem","position":1,"name":"Home","item":"https:\/\/swvr2022.unv.org\/es\/"},{"@type":"ListItem","position":2,"name":"SC &#8211; Kazakhstan"}]}]}},"_links":{"self":[{"href":"https:\/\/swvr2022.unv.org\/es\/wp-json\/wp\/v2\/pages\/17545"}],"collection":[{"href":"https:\/\/swvr2022.unv.org\/es\/wp-json\/wp\/v2\/pages"}],"about":[{"href":"https:\/\/swvr2022.unv.org\/es\/wp-json\/wp\/v2\/types\/page"}],"author":[{"embeddable":true,"href":"https:\/\/swvr2022.unv.org\/es\/wp-json\/wp\/v2\/users\/1"}],"replies":[{"embeddable":true,"href":"https:\/\/swvr2022.unv.org\/es\/wp-json\/wp\/v2\/comments?post=17545"}],"version-history":[{"count":9,"href":"https:\/\/swvr2022.unv.org\/es\/wp-json\/wp\/v2\/pages\/17545\/revisions"}],"predecessor-version":[{"id":19372,"href":"https:\/\/swvr2022.unv.org\/es\/wp-json\/wp\/v2\/pages\/17545\/revisions\/19372"}],"wp:attachment":[{"href":"https:\/\/swvr2022.unv.org\/es\/wp-json\/wp\/v2\/media?parent=17545"}],"curies":[{"name":"wp","href":"https:\/\/api.w.org\/{rel}","templated":true}]}}