{"id":17548,"date":"2022-03-11T14:50:00","date_gmt":"2022-03-11T14:50:00","guid":{"rendered":"https:\/\/live-unv-swvr.pantheonsite.io\/sc-lebanon\/"},"modified":"2022-04-19T15:26:38","modified_gmt":"2022-04-19T15:26:38","slug":"sc-lebanon","status":"publish","type":"page","link":"https:\/\/swvr2022.unv.org\/es\/sc-lebanon\/","title":{"rendered":"SC &#8211; Lebanon"},"content":{"rendered":"\t\t<div data-elementor-type=\"wp-page\" data-elementor-id=\"17548\" class=\"elementor elementor-17548 elementor-14759\" data-elementor-settings=\"[]\">\n\t\t\t\t\t\t<div class=\"elementor-inner\">\n\t\t\t\t\t\t\t<div class=\"elementor-section-wrap\">\n\t\t\t\t\t\t\t<section class=\"has_eae_slider elementor-section elementor-top-section elementor-element elementor-element-01dc1c3 elementor-section-height-min-height animated-slow elementor-section-content-middle elementor-section-boxed elementor-section-height-default elementor-section-items-middle elementor-invisible\" data-id=\"01dc1c3\" data-element_type=\"section\" data-settings=\"{&quot;background_background&quot;:&quot;classic&quot;,&quot;animation&quot;:&quot;fadeIn&quot;}\">\n\t\t\t\t\t\t\t<div class=\"elementor-background-overlay\"><\/div>\n\t\t\t\t\t\t\t<div class=\"elementor-container elementor-column-gap-default\">\n\t\t\t\t\t\t\t<div class=\"elementor-row\">\n\t\t\t\t\t<div class=\"has_eae_slider elementor-column elementor-col-100 elementor-top-column elementor-element elementor-element-fa27dc3\" data-id=\"fa27dc3\" data-element_type=\"column\">\n\t\t\t<div class=\"elementor-column-wrap elementor-element-populated\">\n\t\t\t\t\t\t\t<div class=\"elementor-widget-wrap\">\n\t\t\t\t\t\t<section class=\"has_eae_slider elementor-section elementor-inner-section elementor-element elementor-element-de18144 elementor-section-content-bottom elementor-section-boxed elementor-section-height-default elementor-section-height-default\" data-id=\"de18144\" data-element_type=\"section\" data-settings=\"{&quot;background_background&quot;:&quot;classic&quot;}\">\n\t\t\t\t\t\t<div class=\"elementor-container elementor-column-gap-default\">\n\t\t\t\t\t\t\t<div class=\"elementor-row\">\n\t\t\t\t\t<div class=\"has_eae_slider elementor-column elementor-col-100 elementor-inner-column elementor-element elementor-element-b3ecf32 animated-slow elementor-invisible\" data-id=\"b3ecf32\" data-element_type=\"column\" data-settings=\"{&quot;background_background&quot;:&quot;classic&quot;,&quot;animation&quot;:&quot;fadeIn&quot;,&quot;animation_delay&quot;:600}\">\n\t\t\t<div class=\"elementor-column-wrap elementor-element-populated\">\n\t\t\t\t\t\t\t<div class=\"elementor-widget-wrap\">\n\t\t\t\t\t\t<div class=\"elementor-element elementor-element-b7b9efc elementor-invisible elementor-widget elementor-widget-heading\" data-id=\"b7b9efc\" data-element_type=\"widget\" data-settings=\"{&quot;_animation&quot;:&quot;fadeIn&quot;,&quot;_animation_delay&quot;:600}\" data-widget_type=\"heading.default\">\n\t\t\t\t<div class=\"elementor-widget-container\">\n\t\t\t<h1 class=\"elementor-heading-title elementor-size-default\">Contribuciones especiales<\/h1>\t\t<\/div>\n\t\t\t\t<\/div>\n\t\t\t\t<div class=\"elementor-element elementor-element-d657282 elementor-widget elementor-widget-spacer\" data-id=\"d657282\" data-element_type=\"widget\" data-widget_type=\"spacer.default\">\n\t\t\t\t<div class=\"elementor-widget-container\">\n\t\t\t\t\t<div class=\"elementor-spacer\">\n\t\t\t<div class=\"elementor-spacer-inner\"><\/div>\n\t\t<\/div>\n\t\t\t\t<\/div>\n\t\t\t\t<\/div>\n\t\t\t\t<div class=\"elementor-element elementor-element-e561ccf elementor-widget elementor-widget-heading\" data-id=\"e561ccf\" data-element_type=\"widget\" data-widget_type=\"heading.default\">\n\t\t\t\t<div class=\"elementor-widget-container\">\n\t\t\t<h4 class=\"elementor-heading-title elementor-size-default\">L\u00edbano<\/h4>\t\t<\/div>\n\t\t\t\t<\/div>\n\t\t\t\t<div class=\"elementor-element elementor-element-f64775c elementor-widget elementor-widget-spacer\" data-id=\"f64775c\" data-element_type=\"widget\" data-widget_type=\"spacer.default\">\n\t\t\t\t<div class=\"elementor-widget-container\">\n\t\t\t\t\t<div class=\"elementor-spacer\">\n\t\t\t<div class=\"elementor-spacer-inner\"><\/div>\n\t\t<\/div>\n\t\t\t\t<\/div>\n\t\t\t\t<\/div>\n\t\t\t\t<div class=\"elementor-element elementor-element-8ffcd1e elementor-invisible elementor-widget elementor-widget-heading\" data-id=\"8ffcd1e\" data-element_type=\"widget\" data-settings=\"{&quot;_animation&quot;:&quot;fadeIn&quot;,&quot;_animation_delay&quot;:600}\" data-widget_type=\"heading.default\">\n\t\t\t\t<div class=\"elementor-widget-container\">\n\t\t\t<h4 class=\"elementor-heading-title elementor-size-default\">Malak Yacout, Director Ejecutivo y Cofundador, The Volunteer Circle, L\u00edbano<\/h4>\t\t<\/div>\n\t\t\t\t<\/div>\n\t\t\t\t<div class=\"elementor-element elementor-element-57beea1 elementor-widget elementor-widget-spacer\" data-id=\"57beea1\" data-element_type=\"widget\" data-widget_type=\"spacer.default\">\n\t\t\t\t<div class=\"elementor-widget-container\">\n\t\t\t\t\t<div class=\"elementor-spacer\">\n\t\t\t<div class=\"elementor-spacer-inner\"><\/div>\n\t\t<\/div>\n\t\t\t\t<\/div>\n\t\t\t\t<\/div>\n\t\t\t\t<div class=\"elementor-element elementor-element-2a3f7292 elementor-widget elementor-widget-text-editor\" data-id=\"2a3f7292\" data-element_type=\"widget\" data-widget_type=\"text-editor.default\">\n\t\t\t\t<div class=\"elementor-widget-container\">\n\t\t\t\t\t\t\t\t<div class=\"elementor-text-editor elementor-clearfix\">\n\t\t\t\t<p>The Volunteer Circle es una empresa social sin fines de lucro. Proporciona una plataforma impulsada por inteligencia artificial (IA) que adapta la oferta de tiempo y habilidades de los voluntarios y voluntarias a las necesidades de la comunidad bajo pedido, y predice combinaciones eficaces entre ambas partes.<\/p>\n<p>La plataforma de The Volunteer Circle est\u00e1 dise\u00f1ada para facilitar que las personas que se pregunten \u201c\u00bfc\u00f3mo puedo usar mi tiempo o mis habilidades para mejorar mi comunidad?\u201d o \u201c\u00bfqui\u00e9n necesita a una persona como yo?\u201d reciban una respuesta inmediata. Nuestra plataforma inteligente para compartir habilidades vincula al instante a sus usuarios y usuarias con oportunidades de voluntariado que se ajustan a sus habilidades, intereses, ubicaci\u00f3n, disponibilidad y la repercusi\u00f3n que desean tener. Al favorecer el acceso a la experiencia profesional pr\u00e1ctica y el desarrollo de habilidades, The Volunteer Circle capacita a la juventud y ayuda a mejorar sus posibilidades de conseguir un empleo y aumentar su inclusi\u00f3n social, incluso en econom\u00edas con dificultades. De esta manera, ayuda a aliviar la elevada tasa de desempleo juvenil del L\u00edbano.<\/p>\n<p>El voluntariado es el principio de todo, no importa cu\u00e1ntos a\u00f1os tenga la persona y lo que haga.<\/p>\n<p>Consideramos el voluntariado como el primer punto de contacto para fomentar las posibilidades de conseguir un empleo, el empresariado social y el desarrollo sostenible. Al contribuir en estos aspectos, la plataforma crea un mercado para el voluntariado que convierte el talento y el tiempo en un impacto medible a escala social, ambiental, cultural y econ\u00f3mica.<\/p>\n<h5><strong>El voluntariado durante las crisis<\/strong><\/h5>\n<p>Los voluntarios y voluntarias han contribuido a los esfuerzos de socorro y han demostrado ser ininterrumpidamente un recurso inestimable para la recuperaci\u00f3n del L\u00edbano tras las crisis econ\u00f3micas, de seguridad (derivadas de la explosi\u00f3n del puerto de Beirut en agosto de 2020) y de salud actuales.<\/p>\n<p>Como parte de los esfuerzos de socorro contra la pandemia de la COVID-19, The Volunteer Circle, en colaboraci\u00f3n con el Ministerio de Salud P\u00fablica, moviliz\u00f3 a los trabajadores de la salud para crear un tel\u00e9fono de ayuda sobre el coronavirus. Paralelamente, la organizaci\u00f3n trabaj\u00f3 con voluntarios y voluntarias para subsanar deficiencias cr\u00edticas que las autoridades locales no pod\u00edan abordar, con lo cual proporcion\u00f3 una red de seguridad social crucial para las comunidades.<\/p>\n<p>Con la agilidad de una empresa emergente y la capacidad de respuesta de una organizaci\u00f3n humanitaria, The Volunteer Circle proporciona apoyo de socorro y moviliza a voluntarios, voluntarias y distintas organizaciones para ayudar a las familias necesitadas.<\/p>\n<p>Durante la explosi\u00f3n que tuvo lugar en agosto de 2020, el The Volunteer Circle form\u00f3 equipos voluntarios multidisciplinares, compuestos por profesionales tanto de la asistencia social como de la ingenier\u00eda que visitaron cada zona afectada por la explosi\u00f3n para asegurarse de que nadie quedara atr\u00e1s. Se recopilaron datos sobre los tipos de ayuda necesarios, desde pa\u00f1ales y medicamentos para enfermedades cr\u00f3nicas hasta dispositivos de asistencia y refugios, y los fondos recaudados se utilizaron para dar respuesta a estas necesidades. Adem\u00e1s de profesionales de la asistencia social y la ingenier\u00eda, hubo otros voluntarios y voluntarias que ofrecieron su tiempo y talento durante el esfuerzo de socorro, entre ellos especialistas en los campos del aseguramiento de la calidad, el dise\u00f1o de interiores, la arquitectura y la gesti\u00f3n de proyectos. De esta manera adquirieron experiencia profesional y obtuvieron empleos que encajaban con su perfil profesional.<\/p>\n<p>La colaboraci\u00f3n entre voluntarios, voluntarias y organizaciones difiere en un contexto de crisis. La sensaci\u00f3n de urgencia \u2014de \u201csi no actuamos y nos ofrecemos voluntariamente ahora, las cosas solo ir\u00e1n a peor, y las consecuencias ser\u00e1n m\u00e1s dif\u00edciles de revertir econ\u00f3mica, social, ambiental y culturalmente\u201d\u2014 nos impulsa hacia delante. La solidaridad de la comunidad local y los esfuerzos de voluntariado que llevan a cabo todas las personas salvan vidas cuando se desencadena una crisis.<\/p>\n<p>Cuando pusimos en marcha The Volunteer Circle en abril de 2019, nuestro prop\u00f3sito era crear una comunidad que estuviera disponible f\u00e1cilmente para prestar apoyo al L\u00edbano y dar respuesta a tantas necesidades como fuera posible en un contexto ya por s\u00ed precario. Al principio \u00e9ramos 3 personas voluntarias y 27 organizaciones. En aquel momento era dif\u00edcil imaginar que en el a\u00f1o siguiente nos \u00edbamos a enfrentar a varias crisis. A pesar de los desaf\u00edos, nos convertimos en modelos de desarrollo local y solidaridad. En menos de dos a\u00f1os, como resultado de su innovador enfoque de voluntariado, The Volunteer Circle ha repercutido significativamente en el voluntariado en el L\u00edbano. Adem\u00e1s de contribuir al desarrollo de habilidades de m\u00e1s de 5.000 voluntarios y voluntarias y de asociarse con m\u00e1s de 200 organizaciones no gubernamentales (ONG), m\u00e1s de 500.000 personas se han beneficiado de nuestro trabajo. En noviembre de 2020, lleg\u00f3 el reconocimiento a estos esfuerzos: The Volunteer Circle recibi\u00f3 el Premio a la Innovaci\u00f3n Joven 2020.<\/p>\n<h5><strong>El camino a seguir<\/strong><\/h5>\n<p>Si bien tradicionalmente las personas se han ofrecido como voluntarias a trav\u00e9s de una organizaci\u00f3n durante un per\u00edodo prolongado, los voluntarios y voluntarias de hoy \u2014en particular los que tienen entre 15 y 40 a\u00f1os, m\u00e1s del 70% de la fuerza laboral voluntaria\u2014 tienen varios motivos por los que quieren prestar su tiempo. Entre ellos, desean conocer de primera mano diferentes causas, establecer contacto con nuevas personas y ver diferentes estilos de liderazgo. <\/p>\n<p>En The Volunteer Circle creemos que el proceso que vincula a los voluntarios y voluntarias con las distintas oportunidades debe reflejar sus necesidades a medida que van madurando personal y socialmente. Contar con una plataforma que funcione de forma sincronizada y garantice la diversidad y flexibilidad necesarias nos permite asignar los voluntarios y voluntarias m\u00e1s id\u00f3neos, lo cual sirve como catalizador para el desarrollo sostenible. No solo necesitamos m\u00e1s voluntarios y voluntarias dado el estado actual del mundo, sino que tambi\u00e9n necesitamos el voluntariado para nuestro propio bienestar.<\/p>\n<p>Los voluntarios y voluntarias y las empresas sociales podr\u00edan perfeccionar su colaboraci\u00f3n a fin de desarrollar soluciones innovadoras ante los desaf\u00edos de desarrollo actuales. Aparte de emparejar voluntarios y voluntarias con las distintas oportunidades, The Volunteer Circle presenta un modelo innovador centrado en la gesti\u00f3n integral de habilidades que maximiza el impacto de los resultados de los voluntarios y voluntarias, adem\u00e1s de ayudar a las organizaciones a formar equipos voluntarios de alto rendimiento. <\/p>\n<p>Precisamos voluntarios y voluntarias que contribuyan a afrontar las necesidades del nuevo contrato social. Adem\u00e1s de dotarles de las habilidades necesarias, el voluntariado abre los ojos de los voluntarios y voluntarias a los desaf\u00edos que les rodean y a la resiliencia necesaria para superarlos. El mundo necesita m\u00e1s voluntarios y voluntarias, y empresarios sociales. Si usted no puede ser uno de ellos, ay\u00fadelos.<\/p>\n\t\t\t\t\t<\/div>\n\t\t\t\t\t\t<\/div>\n\t\t\t\t<\/div>\n\t\t\t\t<div class=\"elementor-element elementor-element-12af3ca elementor-widget elementor-widget-spacer\" data-id=\"12af3ca\" data-element_type=\"widget\" data-widget_type=\"spacer.default\">\n\t\t\t\t<div class=\"elementor-widget-container\">\n\t\t\t\t\t<div class=\"elementor-spacer\">\n\t\t\t<div class=\"elementor-spacer-inner\"><\/div>\n\t\t<\/div>\n\t\t\t\t<\/div>\n\t\t\t\t<\/div>\n\t\t\t\t<div class=\"elementor-element elementor-element-bc6c228 elementor-align-left elementor-widget elementor-widget-button\" data-id=\"bc6c228\" data-element_type=\"widget\" data-widget_type=\"button.default\">\n\t\t\t\t<div class=\"elementor-widget-container\">\n\t\t\t\t\t<div class=\"elementor-button-wrapper\">\n\t\t\t<a href=\"\/es\/contribuciones-especiales\/\" class=\"elementor-button-link elementor-button elementor-size-lg\" role=\"button\">\n\t\t\t\t\t\t<span class=\"elementor-button-content-wrapper\">\n\t\t\t\t\t\t<span class=\"elementor-button-icon elementor-align-icon-left\">\n\t\t\t\t<i aria-hidden=\"true\" class=\"th-linea icon th-linea icon-arrows-circle-right\"><\/i>\t\t\t<\/span>\n\t\t\t\t\t\t<span class=\"elementor-button-text\">Atr\u00e1s<\/span>\n\t\t<\/span>\n\t\t\t\t\t<\/a>\n\t\t<\/div>\n\t\t\t\t<\/div>\n\t\t\t\t<\/div>\n\t\t\t\t<div class=\"elementor-element elementor-element-a80fb78 elementor-widget elementor-widget-spacer\" data-id=\"a80fb78\" data-element_type=\"widget\" data-widget_type=\"spacer.default\">\n\t\t\t\t<div class=\"elementor-widget-container\">\n\t\t\t\t\t<div class=\"elementor-spacer\">\n\t\t\t<div class=\"elementor-spacer-inner\"><\/div>\n\t\t<\/div>\n\t\t\t\t<\/div>\n\t\t\t\t<\/div>\n\t\t\t\t\t\t<\/div>\n\t\t\t\t\t<\/div>\n\t\t<\/div>\n\t\t\t\t\t\t\t\t<\/div>\n\t\t\t\t\t<\/div>\n\t\t<\/section>\n\t\t\t\t\t\t<\/div>\n\t\t\t\t\t<\/div>\n\t\t<\/div>\n\t\t\t\t\t\t\t\t<\/div>\n\t\t\t\t\t<\/div>\n\t\t<\/section>\n\t\t\t\t\t\t<\/div>\n\t\t\t\t\t\t<\/div>\n\t\t\t\t\t<\/div>\n\t\t","protected":false},"excerpt":{"rendered":"<p>Contribuciones especiales L\u00edbano Malak Yacout, Director Ejecutivo y Cofundador, The Volunteer Circle, L\u00edbano The Volunteer Circle es una empresa social sin fines de lucro. Proporciona una plataforma impulsada por inteligencia artificial (IA) que adapta la oferta de tiempo y habilidades &hellip; <a href=\"https:\/\/swvr2022.unv.org\/es\/sc-lebanon\/\">Read More<\/a><\/p>\n","protected":false},"author":1,"featured_media":0,"parent":0,"menu_order":36,"comment_status":"closed","ping_status":"closed","template":"","meta":[],"yoast_head":"<!-- This site is optimized with the Yoast SEO plugin v17.6 - https:\/\/yoast.com\/wordpress\/plugins\/seo\/ -->\n<title>SC - Lebanon | UNV SWVR 2022<\/title>\n<meta name=\"description\" content=\"Contribuciones especiales L\u00edbano Malak Yacout, Director Ejecutivo y Cofundador, The Volunteer Circle, L\u00edbano The Volunteer Circle es una empresa social\" \/>\n<meta name=\"robots\" content=\"index, follow, max-snippet:-1, max-image-preview:large, max-video-preview:-1\" \/>\n<link rel=\"canonical\" href=\"https:\/\/swvr2022.unv.org\/es\/sc-lebanon\/\" \/>\n<meta property=\"og:locale\" content=\"es_ES\" \/>\n<meta property=\"og:type\" content=\"article\" \/>\n<meta property=\"og:title\" content=\"SC - Lebanon | UNV SWVR 2022\" \/>\n<meta property=\"og:description\" content=\"Contribuciones especiales L\u00edbano Malak Yacout, Director Ejecutivo y Cofundador, The Volunteer Circle, L\u00edbano The Volunteer Circle es una empresa social\" \/>\n<meta property=\"og:url\" content=\"https:\/\/swvr2022.unv.org\/es\/sc-lebanon\/\" \/>\n<meta property=\"og:site_name\" content=\"UNV SWVR 2022\" \/>\n<meta property=\"article:publisher\" content=\"https:\/\/www.facebook.com\/unvolunteers\/\" \/>\n<meta property=\"article:modified_time\" content=\"2022-04-19T15:26:38+00:00\" \/>\n<meta name=\"twitter:card\" content=\"summary_large_image\" \/>\n<meta name=\"twitter:site\" content=\"@UNVolunteers\" \/>\n<meta name=\"twitter:label1\" content=\"Est. reading time\" \/>\n\t<meta name=\"twitter:data1\" content=\"5 minutos\" \/>\n<script type=\"application\/ld+json\" class=\"yoast-schema-graph\">{\"@context\":\"https:\/\/schema.org\",\"@graph\":[{\"@type\":\"Organization\",\"@id\":\"https:\/\/swvr2022.unv.org\/fr\/#organization\",\"name\":\"UN Volunteers\",\"url\":\"https:\/\/swvr2022.unv.org\/fr\/\",\"sameAs\":[\"https:\/\/www.facebook.com\/unvolunteers\/\",\"https:\/\/www.instagram.com\/unvolunteers\/?hl=en\",\"https:\/\/www.youtube.com\/channel\/UCdcJE_W3L7tZGEJ46aOibPg\",\"https:\/\/twitter.com\/UNVolunteers\"],\"logo\":{\"@type\":\"ImageObject\",\"@id\":\"https:\/\/swvr2022.unv.org\/fr\/#logo\",\"inLanguage\":\"es\",\"url\":\"https:\/\/swvr2022.unv.org\/wp-content\/uploads\/2021\/12\/download.png\",\"contentUrl\":\"https:\/\/swvr2022.unv.org\/wp-content\/uploads\/2021\/12\/download.png\",\"width\":530,\"height\":95,\"caption\":\"UN Volunteers\"},\"image\":{\"@id\":\"https:\/\/swvr2022.unv.org\/fr\/#logo\"}},{\"@type\":\"WebSite\",\"@id\":\"https:\/\/swvr2022.unv.org\/fr\/#website\",\"url\":\"https:\/\/swvr2022.unv.org\/fr\/\",\"name\":\"UNV SWVR 2022\",\"description\":\"\",\"publisher\":{\"@id\":\"https:\/\/swvr2022.unv.org\/fr\/#organization\"},\"potentialAction\":[{\"@type\":\"SearchAction\",\"target\":{\"@type\":\"EntryPoint\",\"urlTemplate\":\"https:\/\/swvr2022.unv.org\/fr\/?s={search_term_string}\"},\"query-input\":\"required name=search_term_string\"}],\"inLanguage\":\"es\"},{\"@type\":\"WebPage\",\"@id\":\"https:\/\/swvr2022.unv.org\/es\/sc-lebanon\/#webpage\",\"url\":\"https:\/\/swvr2022.unv.org\/es\/sc-lebanon\/\",\"name\":\"SC - Lebanon | UNV SWVR 2022\",\"isPartOf\":{\"@id\":\"https:\/\/swvr2022.unv.org\/fr\/#website\"},\"datePublished\":\"2022-03-11T14:50:00+00:00\",\"dateModified\":\"2022-04-19T15:26:38+00:00\",\"description\":\"Contribuciones especiales L\\u00edbano Malak Yacout, Director Ejecutivo y Cofundador, The Volunteer Circle, L\\u00edbano The Volunteer Circle es una empresa social\",\"breadcrumb\":{\"@id\":\"https:\/\/swvr2022.unv.org\/es\/sc-lebanon\/#breadcrumb\"},\"inLanguage\":\"es\",\"potentialAction\":[{\"@type\":\"ReadAction\",\"target\":[\"https:\/\/swvr2022.unv.org\/es\/sc-lebanon\/\"]}]},{\"@type\":\"BreadcrumbList\",\"@id\":\"https:\/\/swvr2022.unv.org\/es\/sc-lebanon\/#breadcrumb\",\"itemListElement\":[{\"@type\":\"ListItem\",\"position\":1,\"name\":\"Home\",\"item\":\"https:\/\/swvr2022.unv.org\/es\/\"},{\"@type\":\"ListItem\",\"position\":2,\"name\":\"SC &#8211; Lebanon\"}]}]}<\/script>\n<!-- \/ Yoast SEO plugin. -->","yoast_head_json":{"title":"SC - Lebanon | UNV SWVR 2022","description":"Contribuciones especiales L\u00edbano Malak Yacout, Director Ejecutivo y Cofundador, The Volunteer Circle, L\u00edbano The Volunteer Circle es una empresa social","robots":{"index":"index","follow":"follow","max-snippet":"max-snippet:-1","max-image-preview":"max-image-preview:large","max-video-preview":"max-video-preview:-1"},"canonical":"https:\/\/swvr2022.unv.org\/es\/sc-lebanon\/","og_locale":"es_ES","og_type":"article","og_title":"SC - Lebanon | UNV SWVR 2022","og_description":"Contribuciones especiales L\u00edbano Malak Yacout, Director Ejecutivo y Cofundador, The Volunteer Circle, L\u00edbano The Volunteer Circle es una empresa social","og_url":"https:\/\/swvr2022.unv.org\/es\/sc-lebanon\/","og_site_name":"UNV SWVR 2022","article_publisher":"https:\/\/www.facebook.com\/unvolunteers\/","article_modified_time":"2022-04-19T15:26:38+00:00","twitter_card":"summary_large_image","twitter_site":"@UNVolunteers","twitter_misc":{"Est. reading time":"5 minutos"},"schema":{"@context":"https:\/\/schema.org","@graph":[{"@type":"Organization","@id":"https:\/\/swvr2022.unv.org\/fr\/#organization","name":"UN Volunteers","url":"https:\/\/swvr2022.unv.org\/fr\/","sameAs":["https:\/\/www.facebook.com\/unvolunteers\/","https:\/\/www.instagram.com\/unvolunteers\/?hl=en","https:\/\/www.youtube.com\/channel\/UCdcJE_W3L7tZGEJ46aOibPg","https:\/\/twitter.com\/UNVolunteers"],"logo":{"@type":"ImageObject","@id":"https:\/\/swvr2022.unv.org\/fr\/#logo","inLanguage":"es","url":"https:\/\/swvr2022.unv.org\/wp-content\/uploads\/2021\/12\/download.png","contentUrl":"https:\/\/swvr2022.unv.org\/wp-content\/uploads\/2021\/12\/download.png","width":530,"height":95,"caption":"UN Volunteers"},"image":{"@id":"https:\/\/swvr2022.unv.org\/fr\/#logo"}},{"@type":"WebSite","@id":"https:\/\/swvr2022.unv.org\/fr\/#website","url":"https:\/\/swvr2022.unv.org\/fr\/","name":"UNV SWVR 2022","description":"","publisher":{"@id":"https:\/\/swvr2022.unv.org\/fr\/#organization"},"potentialAction":[{"@type":"SearchAction","target":{"@type":"EntryPoint","urlTemplate":"https:\/\/swvr2022.unv.org\/fr\/?s={search_term_string}"},"query-input":"required name=search_term_string"}],"inLanguage":"es"},{"@type":"WebPage","@id":"https:\/\/swvr2022.unv.org\/es\/sc-lebanon\/#webpage","url":"https:\/\/swvr2022.unv.org\/es\/sc-lebanon\/","name":"SC - Lebanon | UNV SWVR 2022","isPartOf":{"@id":"https:\/\/swvr2022.unv.org\/fr\/#website"},"datePublished":"2022-03-11T14:50:00+00:00","dateModified":"2022-04-19T15:26:38+00:00","description":"Contribuciones especiales L\u00edbano Malak Yacout, Director Ejecutivo y Cofundador, The Volunteer Circle, L\u00edbano The Volunteer Circle es una empresa social","breadcrumb":{"@id":"https:\/\/swvr2022.unv.org\/es\/sc-lebanon\/#breadcrumb"},"inLanguage":"es","potentialAction":[{"@type":"ReadAction","target":["https:\/\/swvr2022.unv.org\/es\/sc-lebanon\/"]}]},{"@type":"BreadcrumbList","@id":"https:\/\/swvr2022.unv.org\/es\/sc-lebanon\/#breadcrumb","itemListElement":[{"@type":"ListItem","position":1,"name":"Home","item":"https:\/\/swvr2022.unv.org\/es\/"},{"@type":"ListItem","position":2,"name":"SC &#8211; Lebanon"}]}]}},"_links":{"self":[{"href":"https:\/\/swvr2022.unv.org\/es\/wp-json\/wp\/v2\/pages\/17548"}],"collection":[{"href":"https:\/\/swvr2022.unv.org\/es\/wp-json\/wp\/v2\/pages"}],"about":[{"href":"https:\/\/swvr2022.unv.org\/es\/wp-json\/wp\/v2\/types\/page"}],"author":[{"embeddable":true,"href":"https:\/\/swvr2022.unv.org\/es\/wp-json\/wp\/v2\/users\/1"}],"replies":[{"embeddable":true,"href":"https:\/\/swvr2022.unv.org\/es\/wp-json\/wp\/v2\/comments?post=17548"}],"version-history":[{"count":7,"href":"https:\/\/swvr2022.unv.org\/es\/wp-json\/wp\/v2\/pages\/17548\/revisions"}],"predecessor-version":[{"id":19363,"href":"https:\/\/swvr2022.unv.org\/es\/wp-json\/wp\/v2\/pages\/17548\/revisions\/19363"}],"wp:attachment":[{"href":"https:\/\/swvr2022.unv.org\/es\/wp-json\/wp\/v2\/media?parent=17548"}],"curies":[{"name":"wp","href":"https:\/\/api.w.org\/{rel}","templated":true}]}}