{"id":17550,"date":"2022-03-11T14:50:05","date_gmt":"2022-03-11T14:50:05","guid":{"rendered":"https:\/\/live-unv-swvr.pantheonsite.io\/sc-peru\/"},"modified":"2022-04-19T15:27:01","modified_gmt":"2022-04-19T15:27:01","slug":"sc-peru","status":"publish","type":"page","link":"https:\/\/swvr2022.unv.org\/es\/sc-peru\/","title":{"rendered":"SC &#8211; Peru"},"content":{"rendered":"\t\t<div data-elementor-type=\"wp-page\" data-elementor-id=\"17550\" class=\"elementor elementor-17550 elementor-12120\" data-elementor-settings=\"[]\">\n\t\t\t\t\t\t<div class=\"elementor-inner\">\n\t\t\t\t\t\t\t<div class=\"elementor-section-wrap\">\n\t\t\t\t\t\t\t<section class=\"has_eae_slider elementor-section elementor-top-section elementor-element elementor-element-31716706 elementor-section-height-min-height animated-slow elementor-section-content-middle elementor-section-boxed elementor-section-height-default elementor-section-items-middle elementor-invisible\" data-id=\"31716706\" data-element_type=\"section\" data-settings=\"{&quot;background_background&quot;:&quot;classic&quot;,&quot;animation&quot;:&quot;fadeIn&quot;}\">\n\t\t\t\t\t\t\t<div class=\"elementor-background-overlay\"><\/div>\n\t\t\t\t\t\t\t<div class=\"elementor-container elementor-column-gap-default\">\n\t\t\t\t\t\t\t<div class=\"elementor-row\">\n\t\t\t\t\t<div class=\"has_eae_slider elementor-column elementor-col-100 elementor-top-column elementor-element elementor-element-1736628a\" data-id=\"1736628a\" data-element_type=\"column\">\n\t\t\t<div class=\"elementor-column-wrap elementor-element-populated\">\n\t\t\t\t\t\t\t<div class=\"elementor-widget-wrap\">\n\t\t\t\t\t\t<section class=\"has_eae_slider elementor-section elementor-inner-section elementor-element elementor-element-a27c59b elementor-section-content-bottom elementor-section-boxed elementor-section-height-default elementor-section-height-default\" data-id=\"a27c59b\" data-element_type=\"section\" data-settings=\"{&quot;background_background&quot;:&quot;classic&quot;}\">\n\t\t\t\t\t\t<div class=\"elementor-container elementor-column-gap-default\">\n\t\t\t\t\t\t\t<div class=\"elementor-row\">\n\t\t\t\t\t<div class=\"has_eae_slider elementor-column elementor-col-100 elementor-inner-column elementor-element elementor-element-3d0230d6 animated-slow elementor-invisible\" data-id=\"3d0230d6\" data-element_type=\"column\" data-settings=\"{&quot;background_background&quot;:&quot;classic&quot;,&quot;animation&quot;:&quot;fadeIn&quot;,&quot;animation_delay&quot;:600}\">\n\t\t\t<div class=\"elementor-column-wrap elementor-element-populated\">\n\t\t\t\t\t\t\t<div class=\"elementor-widget-wrap\">\n\t\t\t\t\t\t<div class=\"elementor-element elementor-element-7277e2ce elementor-invisible elementor-widget elementor-widget-heading\" data-id=\"7277e2ce\" data-element_type=\"widget\" data-settings=\"{&quot;_animation&quot;:&quot;fadeIn&quot;,&quot;_animation_delay&quot;:600}\" data-widget_type=\"heading.default\">\n\t\t\t\t<div class=\"elementor-widget-container\">\n\t\t\t<h1 class=\"elementor-heading-title elementor-size-default\">Contribuciones especiales<\/h1>\t\t<\/div>\n\t\t\t\t<\/div>\n\t\t\t\t<div class=\"elementor-element elementor-element-6fd54afa elementor-widget elementor-widget-spacer\" data-id=\"6fd54afa\" data-element_type=\"widget\" data-widget_type=\"spacer.default\">\n\t\t\t\t<div class=\"elementor-widget-container\">\n\t\t\t\t\t<div class=\"elementor-spacer\">\n\t\t\t<div class=\"elementor-spacer-inner\"><\/div>\n\t\t<\/div>\n\t\t\t\t<\/div>\n\t\t\t\t<\/div>\n\t\t\t\t<div class=\"elementor-element elementor-element-5b0f6f19 elementor-widget elementor-widget-heading\" data-id=\"5b0f6f19\" data-element_type=\"widget\" data-widget_type=\"heading.default\">\n\t\t\t\t<div class=\"elementor-widget-container\">\n\t\t\t<h4 class=\"elementor-heading-title elementor-size-default\">Per\u00fa<\/h4>\t\t<\/div>\n\t\t\t\t<\/div>\n\t\t\t\t<div class=\"elementor-element elementor-element-682832eb elementor-widget elementor-widget-spacer\" data-id=\"682832eb\" data-element_type=\"widget\" data-widget_type=\"spacer.default\">\n\t\t\t\t<div class=\"elementor-widget-container\">\n\t\t\t\t\t<div class=\"elementor-spacer\">\n\t\t\t<div class=\"elementor-spacer-inner\"><\/div>\n\t\t<\/div>\n\t\t\t\t<\/div>\n\t\t\t\t<\/div>\n\t\t\t\t<div class=\"elementor-element elementor-element-7e898f5 elementor-invisible elementor-widget elementor-widget-heading\" data-id=\"7e898f5\" data-element_type=\"widget\" data-settings=\"{&quot;_animation&quot;:&quot;fadeIn&quot;,&quot;_animation_delay&quot;:600}\" data-widget_type=\"heading.default\">\n\t\t\t\t<div class=\"elementor-widget-container\">\n\t\t\t<h4 class=\"elementor-heading-title elementor-size-default\">Leyla Perea, directora en el sector privado, programa de voluntariado Empresas que Inspiran, Per\u00fa <\/h4>\t\t<\/div>\n\t\t\t\t<\/div>\n\t\t\t\t<div class=\"elementor-element elementor-element-2c4b6574 elementor-widget elementor-widget-spacer\" data-id=\"2c4b6574\" data-element_type=\"widget\" data-widget_type=\"spacer.default\">\n\t\t\t\t<div class=\"elementor-widget-container\">\n\t\t\t\t\t<div class=\"elementor-spacer\">\n\t\t\t<div class=\"elementor-spacer-inner\"><\/div>\n\t\t<\/div>\n\t\t\t\t<\/div>\n\t\t\t\t<\/div>\n\t\t\t\t<div class=\"elementor-element elementor-element-67a70a6f elementor-widget elementor-widget-text-editor\" data-id=\"67a70a6f\" data-element_type=\"widget\" data-widget_type=\"text-editor.default\">\n\t\t\t\t<div class=\"elementor-widget-container\">\n\t\t\t\t\t\t\t\t<div class=\"elementor-text-editor elementor-clearfix\">\n\t\t\t\t<h5><strong>Reflexiones sobre una iniciativa de voluntariado corporativo durante una crisis<br \/>\n<\/strong><\/h5>\n<p>Voluntarios Telef\u00f3nica es un programa de voluntariado corporativo que aspira a transformar las vidas de los menos afortunados mediante el tiempo, el esfuerzo, el conocimiento y los recursos, de conformidad con el trabajo social, los valores y la estrategia de la empresa. A su vez, formamos parte de Empresas que Inspiran, la primera plataforma nacional de voluntariado corporativo, desarrollada por el Programa de las Naciones Unidas para el Desarrollo (PNUD). La plataforma aspira a visibilizar el valor del voluntariado corporativo y su contribuci\u00f3n estrat\u00e9gica a la empresa y la sociedad, como un medio para la implementaci\u00f3n de los Objetivos de Desarrollo Sostenible (ODS) bas\u00e1ndose en su activo m\u00e1s preciado: sus colaboradores. Voluntarios Telef\u00f3nica moviliza a m\u00e1s de 2.600 personas anualmente y recurre a sus asociados y asociadas para apoyar la implementaci\u00f3n de los ODS. Desde 2007, hemos apoyado a voluntarios y voluntarias que brindan ayuda a grupos vulnerables en 21 ciudades y promueven su inclusi\u00f3n en el desarrollo local y comunitario.<\/p>\n<p>Por lo general, ofrecemos una amplia variedad de oportunidades de voluntariado presencial a nuestros colaboradores, familiares y amigos, que a menudo participan en campa\u00f1as de ayuda, actividades de voluntariado durante un d\u00eda y, m\u00e1s recientemente, en la transferencia de conocimientos y habilidades. La mayor\u00eda de nuestros asociados y asociadas no solo se convierten en l\u00edderes de sus propias iniciativas sociales, sino que tambi\u00e9n aspiran a convertirse en agentes del cambio social.<\/p>\n<p>Como resultado de la pandemia, hemos redise\u00f1ado todo nuestro programa e iniciado actividades de voluntariado virtuales y f\u00e1ciles de ejecutar que facilitan la participaci\u00f3n de nuestros asociados y asociadas al tiempo que aprovechan los recursos del programa y fortalecen su relaci\u00f3n con otras entidades estrat\u00e9gicas.<\/p>\n<p>Durante la pandemia, tuvimos que reorganizar r\u00e1pidamente las actividades del programa de voluntarios y voluntarias corporativos. Voluntarios Telef\u00f3nica, una red solidaria que presta apoyo a grupos vulnerables para que puedan transformar sus vidas, evolucion\u00f3 a partir de nuevas necesidades de salud de los grupos vulnerables que surgieron durante la pandemia, y como respuesta a ellas. Supimos adaptarnos y creamos una red con la cual movilizar a nuestros voluntarios y voluntarias telef\u00f3nicos sin exponerlos a los riesgos para la salud que supon\u00edan las interacciones presenciales.<\/p>\n<p>Voluntarios Telef\u00f3nica hizo varias convocatorias de voluntariado virtual de alcance nacional con el objetivo de conseguir donaciones de equipos de bioseguridad a medida para bomberos y personal m\u00e9dico, entregas de alimentos y art\u00edculos de limpieza a diferentes casas de acogida y centros de recepci\u00f3n, y actividades digitales dirigidas a ni\u00f1os y ni\u00f1as a trav\u00e9s de programas escolares o de conocimientos digitales para las personas de edad.<\/p>\n<p>Un logro clave durante la pandemia fue la \u201cMarat\u00f3n de Iniciativas \u00c1giles\u201d de Voluntarios Telef\u00f3nica, una campa\u00f1a que tuvo lugar entre junio y agosto de 2020 como respuesta r\u00e1pida a la pandemia. La iniciativa tuvo tanto \u00e9xito que la realizamos dos veces, en junio y agosto, en 22 ciudades, as\u00ed como en la capital, Lima, y en varias provincias, con m\u00e1s de 1.200 voluntarios y voluntarias que ofrecieron su apoyo a m\u00e1s de 5.300 personas.<\/p>\n<p>Durante el confinamiento, forjamos asociaciones estrat\u00e9gicas con organizaciones no gubernamentales (ONG), iglesias, municipios y gobiernos regionales en un esfuerzo por comprender mejor y dar respuesta a las necesidades de las comunidades locales. Gracias a la financiaci\u00f3n del Ministerio de la Mujer y las Poblaciones Vulnerables, creamos oportunidades que permitieron a los voluntarios y voluntarias participar en programas sociales. Adem\u00e1s de ayudarnos a comprender mejor las necesidades de las comunidades y a llegar a las m\u00e1s afectadas por la pandemia, estas alianzas estrat\u00e9gicas nos permitieron trabajar de manera m\u00e1s eficiente. Mientras tanto, el sector privado ha hecho grandes esfuerzos para generar actividades de voluntariado. El Estado, a trav\u00e9s del Ministerio de la Mujer y Poblaciones Vulnerables, tambi\u00e9n ha generado oportunidades que permitieron a los voluntarios y voluntarias corporativos implicarse en diversos programas sociales.<\/p>\n<p>Al trabajar en asociaci\u00f3n con otras personas, podemos lograr cosas extraordinarias. En este sentido, la plataforma Empresas que Inspiran desempe\u00f1a un papel esencial al ayudar a reactivar el voluntariado corporativo en otras empresas. Queremos continuar forjando alianzas que permitan la participaci\u00f3n de los diferentes agentes del ecosistema del voluntariado corporativo, en consonancia con los ODS y el empoderamiento de la ciudadan\u00eda.<\/p>\n\t\t\t\t\t<\/div>\n\t\t\t\t\t\t<\/div>\n\t\t\t\t<\/div>\n\t\t\t\t<div class=\"elementor-element elementor-element-367cdb43 elementor-widget elementor-widget-spacer\" data-id=\"367cdb43\" data-element_type=\"widget\" data-widget_type=\"spacer.default\">\n\t\t\t\t<div class=\"elementor-widget-container\">\n\t\t\t\t\t<div class=\"elementor-spacer\">\n\t\t\t<div class=\"elementor-spacer-inner\"><\/div>\n\t\t<\/div>\n\t\t\t\t<\/div>\n\t\t\t\t<\/div>\n\t\t\t\t<div class=\"elementor-element elementor-element-4cbf7345 elementor-align-left elementor-widget elementor-widget-button\" data-id=\"4cbf7345\" data-element_type=\"widget\" data-widget_type=\"button.default\">\n\t\t\t\t<div class=\"elementor-widget-container\">\n\t\t\t\t\t<div class=\"elementor-button-wrapper\">\n\t\t\t<a href=\"\/es\/contribuciones-especiales\/\" class=\"elementor-button-link elementor-button elementor-size-lg\" role=\"button\">\n\t\t\t\t\t\t<span class=\"elementor-button-content-wrapper\">\n\t\t\t\t\t\t<span class=\"elementor-button-icon elementor-align-icon-left\">\n\t\t\t\t<i aria-hidden=\"true\" class=\"th-linea icon th-linea icon-arrows-circle-right\"><\/i>\t\t\t<\/span>\n\t\t\t\t\t\t<span class=\"elementor-button-text\">Atr\u00e1s<\/span>\n\t\t<\/span>\n\t\t\t\t\t<\/a>\n\t\t<\/div>\n\t\t\t\t<\/div>\n\t\t\t\t<\/div>\n\t\t\t\t\t\t<\/div>\n\t\t\t\t\t<\/div>\n\t\t<\/div>\n\t\t\t\t\t\t\t\t<\/div>\n\t\t\t\t\t<\/div>\n\t\t<\/section>\n\t\t\t\t\t\t<\/div>\n\t\t\t\t\t<\/div>\n\t\t<\/div>\n\t\t\t\t\t\t\t\t<\/div>\n\t\t\t\t\t<\/div>\n\t\t<\/section>\n\t\t\t\t\t\t<\/div>\n\t\t\t\t\t\t<\/div>\n\t\t\t\t\t<\/div>\n\t\t","protected":false},"excerpt":{"rendered":"<p>Contribuciones especiales Per\u00fa Leyla Perea, directora en el sector privado, programa de voluntariado Empresas que Inspiran, Per\u00fa Reflexiones sobre una iniciativa de voluntariado corporativo durante una crisis Voluntarios Telef\u00f3nica es un programa de voluntariado corporativo que aspira a transformar las &hellip; <a href=\"https:\/\/swvr2022.unv.org\/es\/sc-peru\/\">Read More<\/a><\/p>\n","protected":false},"author":1,"featured_media":0,"parent":0,"menu_order":37,"comment_status":"closed","ping_status":"closed","template":"","meta":[],"yoast_head":"<!-- This site is optimized with the Yoast SEO plugin v17.6 - https:\/\/yoast.com\/wordpress\/plugins\/seo\/ -->\n<title>SC - Peru | UNV SWVR 2022<\/title>\n<meta name=\"description\" content=\"Contribuciones especiales Per\u00fa Leyla Perea, directora en el sector privado, programa de voluntariado Empresas que Inspiran, Per\u00fa Reflexiones sobre una\" \/>\n<meta name=\"robots\" content=\"index, follow, max-snippet:-1, max-image-preview:large, max-video-preview:-1\" \/>\n<link rel=\"canonical\" href=\"https:\/\/swvr2022.unv.org\/es\/sc-peru\/\" \/>\n<meta property=\"og:locale\" content=\"es_ES\" \/>\n<meta property=\"og:type\" content=\"article\" \/>\n<meta property=\"og:title\" content=\"SC - Peru | UNV SWVR 2022\" \/>\n<meta property=\"og:description\" content=\"Contribuciones especiales Per\u00fa Leyla Perea, directora en el sector privado, programa de voluntariado Empresas que Inspiran, Per\u00fa Reflexiones sobre una\" \/>\n<meta property=\"og:url\" content=\"https:\/\/swvr2022.unv.org\/es\/sc-peru\/\" \/>\n<meta property=\"og:site_name\" content=\"UNV SWVR 2022\" \/>\n<meta property=\"article:publisher\" content=\"https:\/\/www.facebook.com\/unvolunteers\/\" \/>\n<meta property=\"article:modified_time\" content=\"2022-04-19T15:27:01+00:00\" \/>\n<meta name=\"twitter:card\" content=\"summary_large_image\" \/>\n<meta name=\"twitter:site\" content=\"@UNVolunteers\" \/>\n<meta name=\"twitter:label1\" content=\"Est. reading time\" \/>\n\t<meta name=\"twitter:data1\" content=\"4 minutos\" \/>\n<script type=\"application\/ld+json\" class=\"yoast-schema-graph\">{\"@context\":\"https:\/\/schema.org\",\"@graph\":[{\"@type\":\"Organization\",\"@id\":\"https:\/\/swvr2022.unv.org\/fr\/#organization\",\"name\":\"UN Volunteers\",\"url\":\"https:\/\/swvr2022.unv.org\/fr\/\",\"sameAs\":[\"https:\/\/www.facebook.com\/unvolunteers\/\",\"https:\/\/www.instagram.com\/unvolunteers\/?hl=en\",\"https:\/\/www.youtube.com\/channel\/UCdcJE_W3L7tZGEJ46aOibPg\",\"https:\/\/twitter.com\/UNVolunteers\"],\"logo\":{\"@type\":\"ImageObject\",\"@id\":\"https:\/\/swvr2022.unv.org\/fr\/#logo\",\"inLanguage\":\"es\",\"url\":\"https:\/\/swvr2022.unv.org\/wp-content\/uploads\/2021\/12\/download.png\",\"contentUrl\":\"https:\/\/swvr2022.unv.org\/wp-content\/uploads\/2021\/12\/download.png\",\"width\":530,\"height\":95,\"caption\":\"UN Volunteers\"},\"image\":{\"@id\":\"https:\/\/swvr2022.unv.org\/fr\/#logo\"}},{\"@type\":\"WebSite\",\"@id\":\"https:\/\/swvr2022.unv.org\/fr\/#website\",\"url\":\"https:\/\/swvr2022.unv.org\/fr\/\",\"name\":\"UNV SWVR 2022\",\"description\":\"\",\"publisher\":{\"@id\":\"https:\/\/swvr2022.unv.org\/fr\/#organization\"},\"potentialAction\":[{\"@type\":\"SearchAction\",\"target\":{\"@type\":\"EntryPoint\",\"urlTemplate\":\"https:\/\/swvr2022.unv.org\/fr\/?s={search_term_string}\"},\"query-input\":\"required name=search_term_string\"}],\"inLanguage\":\"es\"},{\"@type\":\"WebPage\",\"@id\":\"https:\/\/swvr2022.unv.org\/es\/sc-peru\/#webpage\",\"url\":\"https:\/\/swvr2022.unv.org\/es\/sc-peru\/\",\"name\":\"SC - Peru | UNV SWVR 2022\",\"isPartOf\":{\"@id\":\"https:\/\/swvr2022.unv.org\/fr\/#website\"},\"datePublished\":\"2022-03-11T14:50:05+00:00\",\"dateModified\":\"2022-04-19T15:27:01+00:00\",\"description\":\"Contribuciones especiales Per\\u00fa Leyla Perea, directora en el sector privado, programa de voluntariado Empresas que Inspiran, Per\\u00fa Reflexiones sobre una\",\"breadcrumb\":{\"@id\":\"https:\/\/swvr2022.unv.org\/es\/sc-peru\/#breadcrumb\"},\"inLanguage\":\"es\",\"potentialAction\":[{\"@type\":\"ReadAction\",\"target\":[\"https:\/\/swvr2022.unv.org\/es\/sc-peru\/\"]}]},{\"@type\":\"BreadcrumbList\",\"@id\":\"https:\/\/swvr2022.unv.org\/es\/sc-peru\/#breadcrumb\",\"itemListElement\":[{\"@type\":\"ListItem\",\"position\":1,\"name\":\"Home\",\"item\":\"https:\/\/swvr2022.unv.org\/es\/\"},{\"@type\":\"ListItem\",\"position\":2,\"name\":\"SC &#8211; Peru\"}]}]}<\/script>\n<!-- \/ Yoast SEO plugin. -->","yoast_head_json":{"title":"SC - Peru | UNV SWVR 2022","description":"Contribuciones especiales Per\u00fa Leyla Perea, directora en el sector privado, programa de voluntariado Empresas que Inspiran, Per\u00fa Reflexiones sobre una","robots":{"index":"index","follow":"follow","max-snippet":"max-snippet:-1","max-image-preview":"max-image-preview:large","max-video-preview":"max-video-preview:-1"},"canonical":"https:\/\/swvr2022.unv.org\/es\/sc-peru\/","og_locale":"es_ES","og_type":"article","og_title":"SC - Peru | UNV SWVR 2022","og_description":"Contribuciones especiales Per\u00fa Leyla Perea, directora en el sector privado, programa de voluntariado Empresas que Inspiran, Per\u00fa Reflexiones sobre una","og_url":"https:\/\/swvr2022.unv.org\/es\/sc-peru\/","og_site_name":"UNV SWVR 2022","article_publisher":"https:\/\/www.facebook.com\/unvolunteers\/","article_modified_time":"2022-04-19T15:27:01+00:00","twitter_card":"summary_large_image","twitter_site":"@UNVolunteers","twitter_misc":{"Est. reading time":"4 minutos"},"schema":{"@context":"https:\/\/schema.org","@graph":[{"@type":"Organization","@id":"https:\/\/swvr2022.unv.org\/fr\/#organization","name":"UN Volunteers","url":"https:\/\/swvr2022.unv.org\/fr\/","sameAs":["https:\/\/www.facebook.com\/unvolunteers\/","https:\/\/www.instagram.com\/unvolunteers\/?hl=en","https:\/\/www.youtube.com\/channel\/UCdcJE_W3L7tZGEJ46aOibPg","https:\/\/twitter.com\/UNVolunteers"],"logo":{"@type":"ImageObject","@id":"https:\/\/swvr2022.unv.org\/fr\/#logo","inLanguage":"es","url":"https:\/\/swvr2022.unv.org\/wp-content\/uploads\/2021\/12\/download.png","contentUrl":"https:\/\/swvr2022.unv.org\/wp-content\/uploads\/2021\/12\/download.png","width":530,"height":95,"caption":"UN Volunteers"},"image":{"@id":"https:\/\/swvr2022.unv.org\/fr\/#logo"}},{"@type":"WebSite","@id":"https:\/\/swvr2022.unv.org\/fr\/#website","url":"https:\/\/swvr2022.unv.org\/fr\/","name":"UNV SWVR 2022","description":"","publisher":{"@id":"https:\/\/swvr2022.unv.org\/fr\/#organization"},"potentialAction":[{"@type":"SearchAction","target":{"@type":"EntryPoint","urlTemplate":"https:\/\/swvr2022.unv.org\/fr\/?s={search_term_string}"},"query-input":"required name=search_term_string"}],"inLanguage":"es"},{"@type":"WebPage","@id":"https:\/\/swvr2022.unv.org\/es\/sc-peru\/#webpage","url":"https:\/\/swvr2022.unv.org\/es\/sc-peru\/","name":"SC - Peru | UNV SWVR 2022","isPartOf":{"@id":"https:\/\/swvr2022.unv.org\/fr\/#website"},"datePublished":"2022-03-11T14:50:05+00:00","dateModified":"2022-04-19T15:27:01+00:00","description":"Contribuciones especiales Per\u00fa Leyla Perea, directora en el sector privado, programa de voluntariado Empresas que Inspiran, Per\u00fa Reflexiones sobre una","breadcrumb":{"@id":"https:\/\/swvr2022.unv.org\/es\/sc-peru\/#breadcrumb"},"inLanguage":"es","potentialAction":[{"@type":"ReadAction","target":["https:\/\/swvr2022.unv.org\/es\/sc-peru\/"]}]},{"@type":"BreadcrumbList","@id":"https:\/\/swvr2022.unv.org\/es\/sc-peru\/#breadcrumb","itemListElement":[{"@type":"ListItem","position":1,"name":"Home","item":"https:\/\/swvr2022.unv.org\/es\/"},{"@type":"ListItem","position":2,"name":"SC &#8211; Peru"}]}]}},"_links":{"self":[{"href":"https:\/\/swvr2022.unv.org\/es\/wp-json\/wp\/v2\/pages\/17550"}],"collection":[{"href":"https:\/\/swvr2022.unv.org\/es\/wp-json\/wp\/v2\/pages"}],"about":[{"href":"https:\/\/swvr2022.unv.org\/es\/wp-json\/wp\/v2\/types\/page"}],"author":[{"embeddable":true,"href":"https:\/\/swvr2022.unv.org\/es\/wp-json\/wp\/v2\/users\/1"}],"replies":[{"embeddable":true,"href":"https:\/\/swvr2022.unv.org\/es\/wp-json\/wp\/v2\/comments?post=17550"}],"version-history":[{"count":8,"href":"https:\/\/swvr2022.unv.org\/es\/wp-json\/wp\/v2\/pages\/17550\/revisions"}],"predecessor-version":[{"id":19366,"href":"https:\/\/swvr2022.unv.org\/es\/wp-json\/wp\/v2\/pages\/17550\/revisions\/19366"}],"wp:attachment":[{"href":"https:\/\/swvr2022.unv.org\/es\/wp-json\/wp\/v2\/media?parent=17550"}],"curies":[{"name":"wp","href":"https:\/\/api.w.org\/{rel}","templated":true}]}}