{"id":17552,"date":"2022-03-11T14:50:11","date_gmt":"2022-03-11T14:50:11","guid":{"rendered":"https:\/\/live-unv-swvr.pantheonsite.io\/sc-sahel-ro-ea-and-sa\/"},"modified":"2022-04-19T15:27:16","modified_gmt":"2022-04-19T15:27:16","slug":"sc-sahel-ro-ea-and-sa","status":"publish","type":"page","link":"https:\/\/swvr2022.unv.org\/es\/sc-sahel-ro-ea-and-sa\/","title":{"rendered":"SC &#8211; Sahel &#8211; RO EA and SA"},"content":{"rendered":"\t\t<div data-elementor-type=\"wp-page\" data-elementor-id=\"17552\" class=\"elementor elementor-17552 elementor-11452\" data-elementor-settings=\"[]\">\n\t\t\t\t\t\t<div class=\"elementor-inner\">\n\t\t\t\t\t\t\t<div class=\"elementor-section-wrap\">\n\t\t\t\t\t\t\t<section class=\"has_eae_slider elementor-section elementor-top-section elementor-element elementor-element-41e08c10 elementor-section-height-min-height animated-slow elementor-section-content-middle elementor-section-boxed elementor-section-height-default elementor-section-items-middle elementor-invisible\" data-id=\"41e08c10\" data-element_type=\"section\" data-settings=\"{&quot;background_background&quot;:&quot;classic&quot;,&quot;animation&quot;:&quot;fadeIn&quot;}\">\n\t\t\t\t\t\t\t<div class=\"elementor-background-overlay\"><\/div>\n\t\t\t\t\t\t\t<div class=\"elementor-container elementor-column-gap-default\">\n\t\t\t\t\t\t\t<div class=\"elementor-row\">\n\t\t\t\t\t<div class=\"has_eae_slider elementor-column elementor-col-100 elementor-top-column elementor-element elementor-element-cfd2cc2\" data-id=\"cfd2cc2\" data-element_type=\"column\">\n\t\t\t<div class=\"elementor-column-wrap elementor-element-populated\">\n\t\t\t\t\t\t\t<div class=\"elementor-widget-wrap\">\n\t\t\t\t\t\t<section class=\"has_eae_slider elementor-section elementor-inner-section elementor-element elementor-element-245412ed elementor-section-content-bottom elementor-section-boxed elementor-section-height-default elementor-section-height-default\" data-id=\"245412ed\" data-element_type=\"section\" data-settings=\"{&quot;background_background&quot;:&quot;classic&quot;}\">\n\t\t\t\t\t\t<div class=\"elementor-container elementor-column-gap-default\">\n\t\t\t\t\t\t\t<div class=\"elementor-row\">\n\t\t\t\t\t<div class=\"has_eae_slider elementor-column elementor-col-100 elementor-inner-column elementor-element elementor-element-1bf2148e animated-slow elementor-invisible\" data-id=\"1bf2148e\" data-element_type=\"column\" data-settings=\"{&quot;background_background&quot;:&quot;classic&quot;,&quot;animation&quot;:&quot;fadeIn&quot;,&quot;animation_delay&quot;:600}\">\n\t\t\t<div class=\"elementor-column-wrap elementor-element-populated\">\n\t\t\t\t\t\t\t<div class=\"elementor-widget-wrap\">\n\t\t\t\t\t\t<div class=\"elementor-element elementor-element-4d67b34b elementor-invisible elementor-widget elementor-widget-heading\" data-id=\"4d67b34b\" data-element_type=\"widget\" data-settings=\"{&quot;_animation&quot;:&quot;fadeIn&quot;,&quot;_animation_delay&quot;:600}\" data-widget_type=\"heading.default\">\n\t\t\t\t<div class=\"elementor-widget-container\">\n\t\t\t<h1 class=\"elementor-heading-title elementor-size-default\">Contribuciones especiales<\/h1>\t\t<\/div>\n\t\t\t\t<\/div>\n\t\t\t\t<div class=\"elementor-element elementor-element-298191b9 elementor-widget elementor-widget-spacer\" data-id=\"298191b9\" data-element_type=\"widget\" data-widget_type=\"spacer.default\">\n\t\t\t\t<div class=\"elementor-widget-container\">\n\t\t\t\t\t<div class=\"elementor-spacer\">\n\t\t\t<div class=\"elementor-spacer-inner\"><\/div>\n\t\t<\/div>\n\t\t\t\t<\/div>\n\t\t\t\t<\/div>\n\t\t\t\t<div class=\"elementor-element elementor-element-18226608 elementor-widget elementor-widget-heading\" data-id=\"18226608\" data-element_type=\"widget\" data-widget_type=\"heading.default\">\n\t\t\t\t<div class=\"elementor-widget-container\">\n\t\t\t<h4 class=\"elementor-heading-title elementor-size-default\">Sahel<\/h4>\t\t<\/div>\n\t\t\t\t<\/div>\n\t\t\t\t<div class=\"elementor-element elementor-element-609cda24 elementor-widget elementor-widget-spacer\" data-id=\"609cda24\" data-element_type=\"widget\" data-widget_type=\"spacer.default\">\n\t\t\t\t<div class=\"elementor-widget-container\">\n\t\t\t\t\t<div class=\"elementor-spacer\">\n\t\t\t<div class=\"elementor-spacer-inner\"><\/div>\n\t\t<\/div>\n\t\t\t\t<\/div>\n\t\t\t\t<\/div>\n\t\t\t\t<div class=\"elementor-element elementor-element-2d4dcc7f elementor-invisible elementor-widget elementor-widget-heading\" data-id=\"2d4dcc7f\" data-element_type=\"widget\" data-settings=\"{&quot;_animation&quot;:&quot;fadeIn&quot;,&quot;_animation_delay&quot;:600}\" data-widget_type=\"heading.default\">\n\t\t\t\t<div class=\"elementor-widget-container\">\n\t\t\t<h4 class=\"elementor-heading-title elementor-size-default\">Reflexiones del Coordinador Especial para el Desarrollo en el Sahel, Sr. Abdoulaye Mar Dieye<\/h4>\t\t<\/div>\n\t\t\t\t<\/div>\n\t\t\t\t<div class=\"elementor-element elementor-element-2c99767c elementor-widget elementor-widget-spacer\" data-id=\"2c99767c\" data-element_type=\"widget\" data-widget_type=\"spacer.default\">\n\t\t\t\t<div class=\"elementor-widget-container\">\n\t\t\t\t\t<div class=\"elementor-spacer\">\n\t\t\t<div class=\"elementor-spacer-inner\"><\/div>\n\t\t<\/div>\n\t\t\t\t<\/div>\n\t\t\t\t<\/div>\n\t\t\t\t<div class=\"elementor-element elementor-element-659f743c elementor-widget elementor-widget-text-editor\" data-id=\"659f743c\" data-element_type=\"widget\" data-widget_type=\"text-editor.default\">\n\t\t\t\t<div class=\"elementor-widget-container\">\n\t\t\t\t\t\t\t\t<div class=\"elementor-text-editor elementor-clearfix\">\n\t\t\t\t<h4>Definir el futuro del desarrollo en la regi\u00f3n del Sahel a trav\u00e9s de alianzas entre<br \/>voluntarios y voluntarias j\u00f3venes y el gobierno: una oportunidad que no debe desperdiciarse<\/h4><p>El voluntariado es el ejercicio de una entrega desinteresada, principalmente por parte de las personas j\u00f3venes, que aspiran a ver un cambio significativo. Este ideal est\u00e1 arraigado en la labor de las Naciones Unidas y es consustancial a la labor de la estrategia integrada de las Naciones Unidas para el Sahel (UNISS) y su Plan de Apoyo.<\/p><p>En el Sahel coexisten m\u00faltiples realidades, a menudo antag\u00f3nicas. Por un lado, son patentes los retos humanitarios y relacionados con la paz y seguridad, y, por otro, es una regi\u00f3n rica en recursos humanos, culturales y naturales, con un inmenso potencial de crecimiento.<\/p><p>En este contexto, la entrega desinteresada de sus j\u00f3venes puede contribuir de manera muy significativa al logro del desarrollo. Las personas j\u00f3venes representan m\u00e1s del 60% de la poblaci\u00f3n de la regi\u00f3n, y son sin duda el mayor activo del Sahel. Entonces, \u00bfc\u00f3mo pueden los gobiernos de la regi\u00f3n, junto con otros asociados y asociadas, aprovechar mejor la capacidad de las personas j\u00f3venes de todo el Sahel, muchos de ellos voluntarios y voluntarias para el desarrollo?<\/p><p>A fin de sacar partido del potencial de la regi\u00f3n y contrarrestar la imagen negativa asociada con el Sahel, las partes interesadas necesitan involucrar a la juventud en el desarrollo. Consciente de lo anterior, el UNISS, que tiene como objetivo dar soluci\u00f3n a los retos estructurales del Sahel, ha evolucionado considerablemente en la articulaci\u00f3n de formas ambiciosas que buscan abordar las causas profundas de las crisis prolongadas y el subdesarrollo en la regi\u00f3n. Para ello, las personas j\u00f3venes del Sahel, muchos de ellos voluntarios y voluntarias, son un recurso inestimable.<\/p><p>El voluntariado es una causa noble que puede beneficiar a la poblaci\u00f3n del Sahel. Los j\u00f3venes voluntarios y voluntarias son agentes de transformaci\u00f3n con disposici\u00f3n y preparaci\u00f3n para contribuir de manera significativa al progreso en sus comunidades. Una de las maneras m\u00e1s eficaces de materializar el desarrollo de la regi\u00f3n es establecer alianzas con ellos y ellas para que respalden el desarrollo de sus respectivos pa\u00edses.<\/p><p>De hecho, las personas j\u00f3venes del Sahel han estado a la vanguardia de la respuesta a las diversas crisis de la regi\u00f3n y han hecho numerosas contribuciones a su desarrollo, paz y seguridad. Como parte de la respuesta a la COVID-19, por ejemplo, 170 Voluntarios y Voluntarias de las Naciones Unidas \u2014la mayor\u00eda mujeres\u2014 apoyaron a las Naciones Unidas y a los Gobiernos de Burkina Faso, el Chad, Mal\u00ed, Mauritania y el N\u00edger a la hora de abordar las necesidades que iban surgiendo.<\/p><p>El Secretario General de las Naciones Unidas, Ant\u00f3nio Guterres, hizo un llamamiento a todos los gobiernos para que promovieran el voluntariado, apoyaran las iniciativas voluntarias y reconocieran las contribuciones de los voluntarios y las voluntarias al logro de los ODS (Objetivos de Desarrollo Sostenible). Para establecer las v\u00edas de desarrollo de los pa\u00edses del Sahel, los gobiernos de la regi\u00f3n deben reconocer el lugar que ocupan el voluntariado y la juventud, y, a fin de que todas las partes salgan ganando, el voluntariado debe tener un papel protagonista en los esfuerzos de desarrollo.<\/p><p>Como reconocimiento a las importantes contribuciones de las personas j\u00f3venes del Sahel, en 2021, el UNISS puso en marcha una iniciativa que ten\u00eda por objeto reflejar la visi\u00f3n que ten\u00eda este colectivo acerca del desarrollo. Esto inclu\u00eda su involucramiento en conversaciones directas (Voces del Sahel: conversaciones, perspectivas y soluciones) sobre c\u00f3mo las Naciones Unidas pueden colaborar mejor con la juventud para cambiar la imagen negativa que se tiene del Sahel.<\/p><p>El voluntariado acerca a las distintas generaciones, da soluci\u00f3n a las causas profundas del conflicto y reconstruye contratos sociales fallidos sin dejar a nadie atr\u00e1s. Por ello, los gobiernos de los pa\u00edses del Sahel y otros asociados y asociadas que deseen alcanzar de manera significativa las aspiraciones de desarrollo del Sahel y los ODS deben aprovechar y reconocer colectivamente los esfuerzos de los voluntarios y voluntarias, facilitar apoyo y dedicar recursos e inversiones a iniciativas dirigidas por la juventud, especialmente aquellas que implican al voluntariado.<\/p><p>Ahora es el mejor momento para participar en el voluntariado.<\/p>\t\t\t\t\t<\/div>\n\t\t\t\t\t\t<\/div>\n\t\t\t\t<\/div>\n\t\t\t\t<div class=\"elementor-element elementor-element-2995da8e elementor-widget elementor-widget-spacer\" data-id=\"2995da8e\" data-element_type=\"widget\" data-widget_type=\"spacer.default\">\n\t\t\t\t<div class=\"elementor-widget-container\">\n\t\t\t\t\t<div class=\"elementor-spacer\">\n\t\t\t<div class=\"elementor-spacer-inner\"><\/div>\n\t\t<\/div>\n\t\t\t\t<\/div>\n\t\t\t\t<\/div>\n\t\t\t\t<div class=\"elementor-element elementor-element-3909eb37 elementor-align-left elementor-widget elementor-widget-button\" data-id=\"3909eb37\" data-element_type=\"widget\" data-widget_type=\"button.default\">\n\t\t\t\t<div class=\"elementor-widget-container\">\n\t\t\t\t\t<div class=\"elementor-button-wrapper\">\n\t\t\t<a href=\"\/es\/contribuciones-especiales\/\" class=\"elementor-button-link elementor-button elementor-size-lg\" role=\"button\">\n\t\t\t\t\t\t<span class=\"elementor-button-content-wrapper\">\n\t\t\t\t\t\t<span class=\"elementor-button-icon elementor-align-icon-left\">\n\t\t\t\t<i aria-hidden=\"true\" class=\"th-linea icon th-linea icon-arrows-circle-right\"><\/i>\t\t\t<\/span>\n\t\t\t\t\t\t<span class=\"elementor-button-text\">Atr\u00e1s<\/span>\n\t\t<\/span>\n\t\t\t\t\t<\/a>\n\t\t<\/div>\n\t\t\t\t<\/div>\n\t\t\t\t<\/div>\n\t\t\t\t\t\t<\/div>\n\t\t\t\t\t<\/div>\n\t\t<\/div>\n\t\t\t\t\t\t\t\t<\/div>\n\t\t\t\t\t<\/div>\n\t\t<\/section>\n\t\t\t\t\t\t<\/div>\n\t\t\t\t\t<\/div>\n\t\t<\/div>\n\t\t\t\t\t\t\t\t<\/div>\n\t\t\t\t\t<\/div>\n\t\t<\/section>\n\t\t\t\t\t\t<\/div>\n\t\t\t\t\t\t<\/div>\n\t\t\t\t\t<\/div>\n\t\t","protected":false},"excerpt":{"rendered":"<p>Contribuciones especiales Sahel Reflexiones del Coordinador Especial para el Desarrollo en el Sahel, Sr. Abdoulaye Mar Dieye Definir el futuro del desarrollo en la regi\u00f3n del Sahel a trav\u00e9s de alianzas entrevoluntarios y voluntarias j\u00f3venes y el gobierno: una oportunidad &hellip; <a href=\"https:\/\/swvr2022.unv.org\/es\/sc-sahel-ro-ea-and-sa\/\">Read More<\/a><\/p>\n","protected":false},"author":1,"featured_media":0,"parent":0,"menu_order":40,"comment_status":"closed","ping_status":"closed","template":"","meta":[],"yoast_head":"<!-- This site is optimized with the Yoast SEO plugin v17.6 - https:\/\/yoast.com\/wordpress\/plugins\/seo\/ -->\n<title>SC - Sahel - RO EA and SA | UNV SWVR 2022<\/title>\n<meta name=\"description\" content=\"Contribuciones especiales Sahel Reflexiones del Coordinador Especial para el Desarrollo en el Sahel, Sr. Abdoulaye Mar Dieye Definir el futuro del\" \/>\n<meta name=\"robots\" content=\"index, follow, max-snippet:-1, max-image-preview:large, max-video-preview:-1\" \/>\n<link rel=\"canonical\" href=\"https:\/\/swvr2022.unv.org\/es\/sc-sahel-ro-ea-and-sa\/\" \/>\n<meta property=\"og:locale\" content=\"es_ES\" \/>\n<meta property=\"og:type\" content=\"article\" \/>\n<meta property=\"og:title\" content=\"SC - Sahel - RO EA and SA | UNV SWVR 2022\" \/>\n<meta property=\"og:description\" content=\"Contribuciones especiales Sahel Reflexiones del Coordinador Especial para el Desarrollo en el Sahel, Sr. Abdoulaye Mar Dieye Definir el futuro del\" \/>\n<meta property=\"og:url\" content=\"https:\/\/swvr2022.unv.org\/es\/sc-sahel-ro-ea-and-sa\/\" \/>\n<meta property=\"og:site_name\" content=\"UNV SWVR 2022\" \/>\n<meta property=\"article:publisher\" content=\"https:\/\/www.facebook.com\/unvolunteers\/\" \/>\n<meta property=\"article:modified_time\" content=\"2022-04-19T15:27:16+00:00\" \/>\n<meta name=\"twitter:card\" content=\"summary_large_image\" \/>\n<meta name=\"twitter:site\" content=\"@UNVolunteers\" \/>\n<meta name=\"twitter:label1\" content=\"Est. reading time\" \/>\n\t<meta name=\"twitter:data1\" content=\"4 minutos\" \/>\n<script type=\"application\/ld+json\" class=\"yoast-schema-graph\">{\"@context\":\"https:\/\/schema.org\",\"@graph\":[{\"@type\":\"Organization\",\"@id\":\"https:\/\/swvr2022.unv.org\/fr\/#organization\",\"name\":\"UN Volunteers\",\"url\":\"https:\/\/swvr2022.unv.org\/fr\/\",\"sameAs\":[\"https:\/\/www.facebook.com\/unvolunteers\/\",\"https:\/\/www.instagram.com\/unvolunteers\/?hl=en\",\"https:\/\/www.youtube.com\/channel\/UCdcJE_W3L7tZGEJ46aOibPg\",\"https:\/\/twitter.com\/UNVolunteers\"],\"logo\":{\"@type\":\"ImageObject\",\"@id\":\"https:\/\/swvr2022.unv.org\/fr\/#logo\",\"inLanguage\":\"es\",\"url\":\"https:\/\/swvr2022.unv.org\/wp-content\/uploads\/2021\/12\/download.png\",\"contentUrl\":\"https:\/\/swvr2022.unv.org\/wp-content\/uploads\/2021\/12\/download.png\",\"width\":530,\"height\":95,\"caption\":\"UN Volunteers\"},\"image\":{\"@id\":\"https:\/\/swvr2022.unv.org\/fr\/#logo\"}},{\"@type\":\"WebSite\",\"@id\":\"https:\/\/swvr2022.unv.org\/fr\/#website\",\"url\":\"https:\/\/swvr2022.unv.org\/fr\/\",\"name\":\"UNV SWVR 2022\",\"description\":\"\",\"publisher\":{\"@id\":\"https:\/\/swvr2022.unv.org\/fr\/#organization\"},\"potentialAction\":[{\"@type\":\"SearchAction\",\"target\":{\"@type\":\"EntryPoint\",\"urlTemplate\":\"https:\/\/swvr2022.unv.org\/fr\/?s={search_term_string}\"},\"query-input\":\"required name=search_term_string\"}],\"inLanguage\":\"es\"},{\"@type\":\"WebPage\",\"@id\":\"https:\/\/swvr2022.unv.org\/es\/sc-sahel-ro-ea-and-sa\/#webpage\",\"url\":\"https:\/\/swvr2022.unv.org\/es\/sc-sahel-ro-ea-and-sa\/\",\"name\":\"SC - Sahel - RO EA and SA | UNV SWVR 2022\",\"isPartOf\":{\"@id\":\"https:\/\/swvr2022.unv.org\/fr\/#website\"},\"datePublished\":\"2022-03-11T14:50:11+00:00\",\"dateModified\":\"2022-04-19T15:27:16+00:00\",\"description\":\"Contribuciones especiales Sahel Reflexiones del Coordinador Especial para el Desarrollo en el Sahel, Sr. Abdoulaye Mar Dieye Definir el futuro del\",\"breadcrumb\":{\"@id\":\"https:\/\/swvr2022.unv.org\/es\/sc-sahel-ro-ea-and-sa\/#breadcrumb\"},\"inLanguage\":\"es\",\"potentialAction\":[{\"@type\":\"ReadAction\",\"target\":[\"https:\/\/swvr2022.unv.org\/es\/sc-sahel-ro-ea-and-sa\/\"]}]},{\"@type\":\"BreadcrumbList\",\"@id\":\"https:\/\/swvr2022.unv.org\/es\/sc-sahel-ro-ea-and-sa\/#breadcrumb\",\"itemListElement\":[{\"@type\":\"ListItem\",\"position\":1,\"name\":\"Home\",\"item\":\"https:\/\/swvr2022.unv.org\/es\/\"},{\"@type\":\"ListItem\",\"position\":2,\"name\":\"SC &#8211; Sahel &#8211; RO EA and SA\"}]}]}<\/script>\n<!-- \/ Yoast SEO plugin. -->","yoast_head_json":{"title":"SC - Sahel - RO EA and SA | UNV SWVR 2022","description":"Contribuciones especiales Sahel Reflexiones del Coordinador Especial para el Desarrollo en el Sahel, Sr. Abdoulaye Mar Dieye Definir el futuro del","robots":{"index":"index","follow":"follow","max-snippet":"max-snippet:-1","max-image-preview":"max-image-preview:large","max-video-preview":"max-video-preview:-1"},"canonical":"https:\/\/swvr2022.unv.org\/es\/sc-sahel-ro-ea-and-sa\/","og_locale":"es_ES","og_type":"article","og_title":"SC - Sahel - RO EA and SA | UNV SWVR 2022","og_description":"Contribuciones especiales Sahel Reflexiones del Coordinador Especial para el Desarrollo en el Sahel, Sr. Abdoulaye Mar Dieye Definir el futuro del","og_url":"https:\/\/swvr2022.unv.org\/es\/sc-sahel-ro-ea-and-sa\/","og_site_name":"UNV SWVR 2022","article_publisher":"https:\/\/www.facebook.com\/unvolunteers\/","article_modified_time":"2022-04-19T15:27:16+00:00","twitter_card":"summary_large_image","twitter_site":"@UNVolunteers","twitter_misc":{"Est. reading time":"4 minutos"},"schema":{"@context":"https:\/\/schema.org","@graph":[{"@type":"Organization","@id":"https:\/\/swvr2022.unv.org\/fr\/#organization","name":"UN Volunteers","url":"https:\/\/swvr2022.unv.org\/fr\/","sameAs":["https:\/\/www.facebook.com\/unvolunteers\/","https:\/\/www.instagram.com\/unvolunteers\/?hl=en","https:\/\/www.youtube.com\/channel\/UCdcJE_W3L7tZGEJ46aOibPg","https:\/\/twitter.com\/UNVolunteers"],"logo":{"@type":"ImageObject","@id":"https:\/\/swvr2022.unv.org\/fr\/#logo","inLanguage":"es","url":"https:\/\/swvr2022.unv.org\/wp-content\/uploads\/2021\/12\/download.png","contentUrl":"https:\/\/swvr2022.unv.org\/wp-content\/uploads\/2021\/12\/download.png","width":530,"height":95,"caption":"UN Volunteers"},"image":{"@id":"https:\/\/swvr2022.unv.org\/fr\/#logo"}},{"@type":"WebSite","@id":"https:\/\/swvr2022.unv.org\/fr\/#website","url":"https:\/\/swvr2022.unv.org\/fr\/","name":"UNV SWVR 2022","description":"","publisher":{"@id":"https:\/\/swvr2022.unv.org\/fr\/#organization"},"potentialAction":[{"@type":"SearchAction","target":{"@type":"EntryPoint","urlTemplate":"https:\/\/swvr2022.unv.org\/fr\/?s={search_term_string}"},"query-input":"required name=search_term_string"}],"inLanguage":"es"},{"@type":"WebPage","@id":"https:\/\/swvr2022.unv.org\/es\/sc-sahel-ro-ea-and-sa\/#webpage","url":"https:\/\/swvr2022.unv.org\/es\/sc-sahel-ro-ea-and-sa\/","name":"SC - Sahel - RO EA and SA | UNV SWVR 2022","isPartOf":{"@id":"https:\/\/swvr2022.unv.org\/fr\/#website"},"datePublished":"2022-03-11T14:50:11+00:00","dateModified":"2022-04-19T15:27:16+00:00","description":"Contribuciones especiales Sahel Reflexiones del Coordinador Especial para el Desarrollo en el Sahel, Sr. Abdoulaye Mar Dieye Definir el futuro del","breadcrumb":{"@id":"https:\/\/swvr2022.unv.org\/es\/sc-sahel-ro-ea-and-sa\/#breadcrumb"},"inLanguage":"es","potentialAction":[{"@type":"ReadAction","target":["https:\/\/swvr2022.unv.org\/es\/sc-sahel-ro-ea-and-sa\/"]}]},{"@type":"BreadcrumbList","@id":"https:\/\/swvr2022.unv.org\/es\/sc-sahel-ro-ea-and-sa\/#breadcrumb","itemListElement":[{"@type":"ListItem","position":1,"name":"Home","item":"https:\/\/swvr2022.unv.org\/es\/"},{"@type":"ListItem","position":2,"name":"SC &#8211; Sahel &#8211; RO EA and SA"}]}]}},"_links":{"self":[{"href":"https:\/\/swvr2022.unv.org\/es\/wp-json\/wp\/v2\/pages\/17552"}],"collection":[{"href":"https:\/\/swvr2022.unv.org\/es\/wp-json\/wp\/v2\/pages"}],"about":[{"href":"https:\/\/swvr2022.unv.org\/es\/wp-json\/wp\/v2\/types\/page"}],"author":[{"embeddable":true,"href":"https:\/\/swvr2022.unv.org\/es\/wp-json\/wp\/v2\/users\/1"}],"replies":[{"embeddable":true,"href":"https:\/\/swvr2022.unv.org\/es\/wp-json\/wp\/v2\/comments?post=17552"}],"version-history":[{"count":12,"href":"https:\/\/swvr2022.unv.org\/es\/wp-json\/wp\/v2\/pages\/17552\/revisions"}],"predecessor-version":[{"id":19369,"href":"https:\/\/swvr2022.unv.org\/es\/wp-json\/wp\/v2\/pages\/17552\/revisions\/19369"}],"wp:attachment":[{"href":"https:\/\/swvr2022.unv.org\/es\/wp-json\/wp\/v2\/media?parent=17552"}],"curies":[{"name":"wp","href":"https:\/\/api.w.org\/{rel}","templated":true}]}}