{"id":18253,"date":"2022-03-22T13:56:38","date_gmt":"2022-03-22T13:56:38","guid":{"rendered":"https:\/\/live-unv-swvr.pantheonsite.io\/sc-bangladesh\/"},"modified":"2022-04-19T14:58:15","modified_gmt":"2022-04-19T14:58:15","slug":"sc-bangladesh","status":"publish","type":"page","link":"https:\/\/swvr2022.unv.org\/fr\/sc-bangladesh\/","title":{"rendered":"SC &#8211; Bangladesh"},"content":{"rendered":"\t\t<div data-elementor-type=\"wp-page\" data-elementor-id=\"18253\" class=\"elementor elementor-18253 elementor-9900\" data-elementor-settings=\"[]\">\n\t\t\t\t\t\t<div class=\"elementor-inner\">\n\t\t\t\t\t\t\t<div class=\"elementor-section-wrap\">\n\t\t\t\t\t\t\t<section class=\"has_eae_slider elementor-section elementor-top-section elementor-element elementor-element-01dc1c3 elementor-section-height-min-height animated-slow elementor-section-content-middle elementor-section-boxed elementor-section-height-default elementor-section-items-middle elementor-invisible\" data-id=\"01dc1c3\" data-element_type=\"section\" data-settings=\"{&quot;background_background&quot;:&quot;classic&quot;,&quot;animation&quot;:&quot;fadeIn&quot;}\">\n\t\t\t\t\t\t\t<div class=\"elementor-background-overlay\"><\/div>\n\t\t\t\t\t\t\t<div class=\"elementor-container elementor-column-gap-default\">\n\t\t\t\t\t\t\t<div class=\"elementor-row\">\n\t\t\t\t\t<div class=\"has_eae_slider elementor-column elementor-col-100 elementor-top-column elementor-element elementor-element-fa27dc3\" data-id=\"fa27dc3\" data-element_type=\"column\">\n\t\t\t<div class=\"elementor-column-wrap elementor-element-populated\">\n\t\t\t\t\t\t\t<div class=\"elementor-widget-wrap\">\n\t\t\t\t\t\t<section class=\"has_eae_slider elementor-section elementor-inner-section elementor-element elementor-element-de18144 elementor-section-content-bottom elementor-section-full_width elementor-section-height-default elementor-section-height-default\" data-id=\"de18144\" data-element_type=\"section\" data-settings=\"{&quot;background_background&quot;:&quot;classic&quot;}\">\n\t\t\t\t\t\t<div class=\"elementor-container elementor-column-gap-default\">\n\t\t\t\t\t\t\t<div class=\"elementor-row\">\n\t\t\t\t\t<div class=\"has_eae_slider elementor-column elementor-col-100 elementor-inner-column elementor-element elementor-element-b3ecf32 animated-slow elementor-invisible\" data-id=\"b3ecf32\" data-element_type=\"column\" data-settings=\"{&quot;background_background&quot;:&quot;classic&quot;,&quot;animation&quot;:&quot;fadeIn&quot;,&quot;animation_delay&quot;:600}\">\n\t\t\t<div class=\"elementor-column-wrap elementor-element-populated\">\n\t\t\t\t\t\t\t<div class=\"elementor-widget-wrap\">\n\t\t\t\t\t\t<div class=\"elementor-element elementor-element-d657282 elementor-widget elementor-widget-spacer\" data-id=\"d657282\" data-element_type=\"widget\" data-widget_type=\"spacer.default\">\n\t\t\t\t<div class=\"elementor-widget-container\">\n\t\t\t\t\t<div class=\"elementor-spacer\">\n\t\t\t<div class=\"elementor-spacer-inner\"><\/div>\n\t\t<\/div>\n\t\t\t\t<\/div>\n\t\t\t\t<\/div>\n\t\t\t\t<div class=\"elementor-element elementor-element-b7b9efc elementor-invisible elementor-widget elementor-widget-heading\" data-id=\"b7b9efc\" data-element_type=\"widget\" data-settings=\"{&quot;_animation&quot;:&quot;fadeIn&quot;,&quot;_animation_delay&quot;:600}\" data-widget_type=\"heading.default\">\n\t\t\t\t<div class=\"elementor-widget-container\">\n\t\t\t<h1 class=\"elementor-heading-title elementor-size-default\">Contributions sp\u00e9ciales<\/h1>\t\t<\/div>\n\t\t\t\t<\/div>\n\t\t\t\t<div class=\"elementor-element elementor-element-e561ccf elementor-widget elementor-widget-heading\" data-id=\"e561ccf\" data-element_type=\"widget\" data-widget_type=\"heading.default\">\n\t\t\t\t<div class=\"elementor-widget-container\">\n\t\t\t<h4 class=\"elementor-heading-title elementor-size-default\">Bangladesh<\/h4>\t\t<\/div>\n\t\t\t\t<\/div>\n\t\t\t\t<div class=\"elementor-element elementor-element-f64775c elementor-widget elementor-widget-spacer\" data-id=\"f64775c\" data-element_type=\"widget\" data-widget_type=\"spacer.default\">\n\t\t\t\t<div class=\"elementor-widget-container\">\n\t\t\t\t\t<div class=\"elementor-spacer\">\n\t\t\t<div class=\"elementor-spacer-inner\"><\/div>\n\t\t<\/div>\n\t\t\t\t<\/div>\n\t\t\t\t<\/div>\n\t\t\t\t<div class=\"elementor-element elementor-element-8ffcd1e elementor-invisible elementor-widget elementor-widget-heading\" data-id=\"8ffcd1e\" data-element_type=\"widget\" data-settings=\"{&quot;_animation&quot;:&quot;fadeIn&quot;,&quot;_animation_delay&quot;:600}\" data-widget_type=\"heading.default\">\n\t\t\t\t<div class=\"elementor-widget-container\">\n\t\t\t<h4 class=\"elementor-heading-title elementor-size-default\">Mohamed Tazul Islam, ministre du Gouvernement local, du D\u00e9veloppement rural et des Coop\u00e9ratives, Bangladesh<\/h4>\t\t<\/div>\n\t\t\t\t<\/div>\n\t\t\t\t<div class=\"elementor-element elementor-element-57beea1 elementor-widget elementor-widget-spacer\" data-id=\"57beea1\" data-element_type=\"widget\" data-widget_type=\"spacer.default\">\n\t\t\t\t<div class=\"elementor-widget-container\">\n\t\t\t\t\t<div class=\"elementor-spacer\">\n\t\t\t<div class=\"elementor-spacer-inner\"><\/div>\n\t\t<\/div>\n\t\t\t\t<\/div>\n\t\t\t\t<\/div>\n\t\t\t\t<div class=\"elementor-element elementor-element-2a3f7292 elementor-widget elementor-widget-text-editor\" data-id=\"2a3f7292\" data-element_type=\"widget\" data-widget_type=\"text-editor.default\">\n\t\t\t\t<div class=\"elementor-widget-container\">\n\t\t\t\t\t\t\t\t<div class=\"elementor-text-editor elementor-clearfix\">\n\t\t\t\t<p>En 1973, dans un Bangladesh ravag\u00e9 par la guerre, le p\u00e8re de notre nation, Bangabandhu Sheikh Mujibur Rahman, a eu l\u2019initiative courageuse de faire participer les volontaires nationaux au programme de pr\u00e9paration aux cyclones. C\u2019\u00e9tait quasiment une premi\u00e8re dans l\u2019histoire moderne du pays.<\/p><p>Cette initiative a pos\u00e9 les jalons d\u2019une institutionnalisation de la participation des volontaires aux processus de d\u00e9veloppement. Le Bangladesh a toujours \u00e9t\u00e9 pionnier dans la lutte contre les catastrophes. Il l\u2019a encore prouv\u00e9 face \u00e0 la pand\u00e9mie mondiale de COVID-19 ; les volontaires ont \u00e9t\u00e9 remarquables, redoublant d\u2019efforts et sensibilisant \u00e0 l\u2019importance du lavage de mains et de l\u2019hygi\u00e8ne personnelle pour prot\u00e9ger les plus vuln\u00e9rables.<\/p><p>La tradition du volontariat est fortement ancr\u00e9e au Bangladesh. Au fil des ans, les volontaires ont jou\u00e9 un r\u00f4le important dans la vie socio\u00e9conomique et politique du pays. Le volontariat est de plus en plus per\u00e7u comme un \u00e9l\u00e9ment essentiel de la r\u00e9alisation des objectifs de d\u00e9veloppement durable. Il importe au plus haut point de promouvoir le volontariat au Bangladesh afin d\u2019accro\u00eetre l\u2019engagement civique et la participation des citoyens, et de garantir la r\u00e9alisation des objectifs de d\u00e9veloppement durable ainsi que des objectifs de d\u00e9veloppement \u00e0 long terme du Gouvernement, dont la Vision 2041 et l\u2019initiative Delta 2100. Les volontaires sont des partenaires de premier plan de notre minist\u00e8re, en particulier au niveau local. Ils inspirent confiance et respect, tout en \u00e9tant redevables aupr\u00e8s des communaut\u00e9s et nous les consid\u00e9rons comme des auxiliaires essentiels des municipalit\u00e9s. De ce fait, le minist\u00e8re a d\u00e9ploy\u00e9 171 volontaires communautaires des Nations Unies dans 20 municipalit\u00e9s et communes du pays par l\u2019interm\u00e9diaire du Programme des Nations Unies pour le d\u00e9veloppement (PNUD). Ils participent activement au projet du minist\u00e8re du Gouvernement local, du D\u00e9veloppement rural et des Coop\u00e9ratives visant \u00e0 am\u00e9liorer les moyens de subsistance des communaut\u00e9s urbaines pauvres. Au vu de l\u2019\u00e9largissement des centres urbains et de leur population active, le projet a pour but de renforcer la croissance \u00e9conomique globale, l\u2019\u00e9galit\u00e9 des revenus et l\u2019offre d\u2019emplois, et de r\u00e9duire la pauvret\u00e9.<\/p><p>En 2020, en d\u00e9pit des difficult\u00e9s li\u00e9es \u00e0 la pand\u00e9mie de COVID-19, le projet a permis, entre autres, d\u2019atteindre les objectifs interm\u00e9diaires suivants : mise au point et renforcement des m\u00e9canismes locaux de prestation de services existants, am\u00e9lioration des liens avec les communaut\u00e9s, ou encore renforcement des capacit\u00e9s des agents locaux. Compte tenu de l\u2019attention prioritaire accord\u00e9e \u00e0 l\u2019autonomisation des communaut\u00e9s et \u00e0 l\u2019am\u00e9lioration de la fourniture des services urbains, la contribution des volontaires a \u00e9t\u00e9 d\u00e9terminante. Ces derniers ont impuls\u00e9 l\u2019action collective, amenant les communaut\u00e9s \u00e0 s\u2019investir activement dans la cartographie participative de la pauvret\u00e9 ou dans les conseils de d\u00e9veloppement communautaire, tout en s\u2019attachant \u00e0 renforcer les capacit\u00e9s des pauvres urbains \u00e0 cet \u00e9gard. Ce faisant, ils donnent plus de poids aux voix des pauvres et rendent le processus plus inclusif.<\/p><p>Pour faire face \u00e0 la pand\u00e9mie, les volontaires communautaires des Nations Unies sont en premi\u00e8re ligne, coordonnant directement les activit\u00e9s de sensibilisation et de s\u00e9curisation. Les communaut\u00e9s suivent leurs conseils r\u00e9guliers en mati\u00e8re de vaccination. Par ailleurs, ils sensibilisent activement aux mesures de s\u00e9curit\u00e9 et aux pratiques d\u2019hygi\u00e8ne, et aident les habitants des bidonvilles et d\u2019autres franges de la population urbaine pauvre \u00e0 se prot\u00e9ger contre la COVID-19. Leur contribution est inestimable : en tant que membres des communaut\u00e9s o\u00f9 ils interviennent, les volontaires comprennent leur situation, cr\u00e9ent des liens et nouent des relations.<\/p><p>Les quelques exemples qui suivent illustrent le travail des volontaires communautaires des Nations Unies que nous c\u00f4toyons. Ils mobilisent les organisations communautaires et collaborent avec les conseils de d\u00e9veloppement communautaire pour pr\u00e9parer, par exemple, les plans d\u2019action communautaires en am\u00e9liorant les infrastructures collectives prioritaires, et en tenant compte des facteurs de r\u00e9silience climatique et de la n\u00e9cessit\u00e9 de relever les d\u00e9fis socio\u00e9conomiques conform\u00e9ment aux besoins locaux. Ils organisent et facilitent les estimations, le suivi et les \u00e9valuations avec le concours des populations pauvres urbaines \u00e0 l\u2019\u00e9chelon municipal. Toutes ces activit\u00e9s mettent en \u00e9vidence leur force et leur capacit\u00e9 \u00e0 mobiliser les ressources, entre autres humaines, au niveau local. Cela a permis de mettre en \u0153uvre des interventions coordonn\u00e9es et efficaces en collaboration avec les gouvernements locaux et les agences de d\u00e9veloppement.<\/p><p>Le minist\u00e8re est \u00e0 l\u2019avant-garde en mati\u00e8re de partenariats avec les volontaires. En 2020, le minist\u00e8re du Gouvernement local, du D\u00e9veloppement rural et des Coop\u00e9ratives a cr\u00e9\u00e9, de concert avec WaterAid et le programme VNU au Bangladesh, le prix du volontariat national, qui r\u00e9compense les volontaires les plus d\u00e9vou\u00e9s et assidus. Les m\u00e9dias ont largement couvert le lancement de cette initiative unique. Dans son sillage, d\u2019autres organismes gouvernementaux envisagent de cr\u00e9er leur propre programme de reconnaissance des volontaires.<\/p><p>La crise actuelle due \u00e0 la pand\u00e9mie nous a contraints \u00e0 repenser notre action de volontariat en tant que mobilisation fond\u00e9e sur des mod\u00e8les traditionnels de gouvernance. Par cons\u00e9quent, en ce qui nous concerne, il est de la plus haute importance d\u2019aider les volontaires \u00e0 acqu\u00e9rir les comp\u00e9tences n\u00e9cessaires pour qu\u2019ils deviennent une main-d\u2019\u0153uvre auxiliaire en mesure de participer aux activit\u00e9s de d\u00e9veloppement. Depuis plusieurs mois, nous collaborons avec des volontaires, des organisations faisant<br \/>appel \u00e0 des volontaires et les minist\u00e8res du Gouvernement, \u00e0 l\u2019\u00e9laboration de la premi\u00e8re politique nationale du volontariat, port\u00e9s par une conviction commune : le Bangladesh a besoin d\u2019une structure organis\u00e9e pour un volontariat efficacement coordonn\u00e9, g\u00e9r\u00e9 et encadr\u00e9. La politique permettra d\u2019int\u00e9grer le volontariat dans nos politiques nationales de d\u00e9veloppement et de renforcer de mani\u00e8re significative les institutions gouvernementales locales. Elle est par ailleurs centr\u00e9e sur des th\u00e8mes essentiels : la promotion et l\u2019int\u00e9gration du volontariat dans le d\u00e9veloppement national, la r\u00e9duction de la fracture entre les zones rurales et urbaines, la r\u00e9alisation des objectifs de d\u00e9veloppement durable, et le renforcement des ressources humaines \u00e0 l\u2019aide d\u2019une strat\u00e9gie globale en mati\u00e8re d\u2019inclusion. J\u2019ai la conviction que la politique nationale du volontariat permettra \u00e9galement de donner du relief aux activit\u00e9s volontaires des individus, des communaut\u00e9s, du secteur priv\u00e9 et des partenaires du d\u00e9veloppement, et am\u00e8nera le Gouvernement \u00e0 reconna\u00eetre l\u2019importance du volontariat. Nous organisons des consultations aux niveaux national et infranational afin de mettre \u00e0 la disposition des volontaires et d\u2019autres parties prenantes des espaces o\u00f9 ils peuvent exprimer leurs points de vue, \u00e9couter et \u00eatre entendus tandis que <br \/>nous \u00e9laborons les politiques.<\/p><p>Je crois fermement que la cr\u00e9ativit\u00e9, l\u2019innovation et la sagesse locale des volontaires peuvent am\u00e9liorer de mani\u00e8re significative la planification \u00e0 l\u2019\u00e9chelle locale et la participation des b\u00e9n\u00e9ficiaires directs aux initiatives des autorit\u00e9s locales.<\/p>\t\t\t\t\t<\/div>\n\t\t\t\t\t\t<\/div>\n\t\t\t\t<\/div>\n\t\t\t\t<div class=\"elementor-element elementor-element-12af3ca elementor-widget elementor-widget-spacer\" data-id=\"12af3ca\" data-element_type=\"widget\" data-widget_type=\"spacer.default\">\n\t\t\t\t<div class=\"elementor-widget-container\">\n\t\t\t\t\t<div class=\"elementor-spacer\">\n\t\t\t<div class=\"elementor-spacer-inner\"><\/div>\n\t\t<\/div>\n\t\t\t\t<\/div>\n\t\t\t\t<\/div>\n\t\t\t\t<div class=\"elementor-element elementor-element-bc6c228 elementor-align-left elementor-widget elementor-widget-button\" data-id=\"bc6c228\" data-element_type=\"widget\" data-widget_type=\"button.default\">\n\t\t\t\t<div class=\"elementor-widget-container\">\n\t\t\t\t\t<div class=\"elementor-button-wrapper\">\n\t\t\t<a href=\"\/fr\/contributions-speciales\/\" class=\"elementor-button-link elementor-button elementor-size-lg\" role=\"button\">\n\t\t\t\t\t\t<span class=\"elementor-button-content-wrapper\">\n\t\t\t\t\t\t<span class=\"elementor-button-icon elementor-align-icon-left\">\n\t\t\t\t<i aria-hidden=\"true\" class=\"th-linea icon th-linea icon-arrows-circle-right\"><\/i>\t\t\t<\/span>\n\t\t\t\t\t\t<span class=\"elementor-button-text\">Retour<\/span>\n\t\t<\/span>\n\t\t\t\t\t<\/a>\n\t\t<\/div>\n\t\t\t\t<\/div>\n\t\t\t\t<\/div>\n\t\t\t\t<div class=\"elementor-element elementor-element-a80fb78 elementor-widget elementor-widget-spacer\" data-id=\"a80fb78\" data-element_type=\"widget\" data-widget_type=\"spacer.default\">\n\t\t\t\t<div class=\"elementor-widget-container\">\n\t\t\t\t\t<div class=\"elementor-spacer\">\n\t\t\t<div class=\"elementor-spacer-inner\"><\/div>\n\t\t<\/div>\n\t\t\t\t<\/div>\n\t\t\t\t<\/div>\n\t\t\t\t\t\t<\/div>\n\t\t\t\t\t<\/div>\n\t\t<\/div>\n\t\t\t\t\t\t\t\t<\/div>\n\t\t\t\t\t<\/div>\n\t\t<\/section>\n\t\t\t\t\t\t<\/div>\n\t\t\t\t\t<\/div>\n\t\t<\/div>\n\t\t\t\t\t\t\t\t<\/div>\n\t\t\t\t\t<\/div>\n\t\t<\/section>\n\t\t\t\t\t\t<\/div>\n\t\t\t\t\t\t<\/div>\n\t\t\t\t\t<\/div>\n\t\t","protected":false},"excerpt":{"rendered":"<p>Contributions sp\u00e9ciales Bangladesh Mohamed Tazul Islam, ministre du Gouvernement local, du D\u00e9veloppement rural et des Coop\u00e9ratives, Bangladesh En 1973, dans un Bangladesh ravag\u00e9 par la guerre, le p\u00e8re de notre nation, Bangabandhu Sheikh Mujibur Rahman, a eu l\u2019initiative courageuse de &hellip; <a href=\"https:\/\/swvr2022.unv.org\/fr\/sc-bangladesh\/\">Read More<\/a><\/p>\n","protected":false},"author":1,"featured_media":0,"parent":0,"menu_order":25,"comment_status":"closed","ping_status":"closed","template":"","meta":[],"yoast_head":"<!-- This site is optimized with the Yoast SEO plugin v17.6 - https:\/\/yoast.com\/wordpress\/plugins\/seo\/ -->\n<title>SC - Bangladesh | UNV SWVR 2022<\/title>\n<meta name=\"description\" content=\"Contributions sp\u00e9ciales Bangladesh Mohamed Tazul Islam, ministre du Gouvernement local, du D\u00e9veloppement rural et des Coop\u00e9ratives, Bangladesh En 1973,\" \/>\n<meta name=\"robots\" content=\"index, follow, max-snippet:-1, max-image-preview:large, max-video-preview:-1\" \/>\n<link rel=\"canonical\" href=\"https:\/\/swvr2022.unv.org\/fr\/sc-bangladesh\/\" \/>\n<meta property=\"og:locale\" content=\"fr_FR\" \/>\n<meta property=\"og:type\" content=\"article\" \/>\n<meta property=\"og:title\" content=\"SC - Bangladesh | UNV SWVR 2022\" \/>\n<meta property=\"og:description\" content=\"Contributions sp\u00e9ciales Bangladesh Mohamed Tazul Islam, ministre du Gouvernement local, du D\u00e9veloppement rural et des Coop\u00e9ratives, Bangladesh En 1973,\" \/>\n<meta property=\"og:url\" content=\"https:\/\/swvr2022.unv.org\/fr\/sc-bangladesh\/\" \/>\n<meta property=\"og:site_name\" content=\"UNV SWVR 2022\" \/>\n<meta property=\"article:publisher\" content=\"https:\/\/www.facebook.com\/unvolunteers\/\" \/>\n<meta property=\"article:modified_time\" content=\"2022-04-19T14:58:15+00:00\" \/>\n<meta name=\"twitter:card\" content=\"summary_large_image\" \/>\n<meta name=\"twitter:site\" content=\"@UNVolunteers\" \/>\n<meta name=\"twitter:label1\" content=\"Est. reading time\" \/>\n\t<meta name=\"twitter:data1\" content=\"5 minutes\" \/>\n<script type=\"application\/ld+json\" class=\"yoast-schema-graph\">{\"@context\":\"https:\/\/schema.org\",\"@graph\":[{\"@type\":\"Organization\",\"@id\":\"https:\/\/swvr2022.unv.org\/#organization\",\"name\":\"UN Volunteers\",\"url\":\"https:\/\/swvr2022.unv.org\/\",\"sameAs\":[\"https:\/\/www.facebook.com\/unvolunteers\/\",\"https:\/\/www.instagram.com\/unvolunteers\/?hl=en\",\"https:\/\/www.youtube.com\/channel\/UCdcJE_W3L7tZGEJ46aOibPg\",\"https:\/\/twitter.com\/UNVolunteers\"],\"logo\":{\"@type\":\"ImageObject\",\"@id\":\"https:\/\/swvr2022.unv.org\/#logo\",\"inLanguage\":\"fr-FR\",\"url\":\"https:\/\/swvr2022.unv.org\/wp-content\/uploads\/2021\/12\/download.png\",\"contentUrl\":\"https:\/\/swvr2022.unv.org\/wp-content\/uploads\/2021\/12\/download.png\",\"width\":530,\"height\":95,\"caption\":\"UN Volunteers\"},\"image\":{\"@id\":\"https:\/\/swvr2022.unv.org\/#logo\"}},{\"@type\":\"WebSite\",\"@id\":\"https:\/\/swvr2022.unv.org\/#website\",\"url\":\"https:\/\/swvr2022.unv.org\/\",\"name\":\"UNV SWVR 2022\",\"description\":\"\",\"publisher\":{\"@id\":\"https:\/\/swvr2022.unv.org\/#organization\"},\"potentialAction\":[{\"@type\":\"SearchAction\",\"target\":{\"@type\":\"EntryPoint\",\"urlTemplate\":\"https:\/\/swvr2022.unv.org\/?s={search_term_string}\"},\"query-input\":\"required name=search_term_string\"}],\"inLanguage\":\"fr-FR\"},{\"@type\":\"WebPage\",\"@id\":\"https:\/\/swvr2022.unv.org\/fr\/sc-bangladesh\/#webpage\",\"url\":\"https:\/\/swvr2022.unv.org\/fr\/sc-bangladesh\/\",\"name\":\"SC - Bangladesh | UNV SWVR 2022\",\"isPartOf\":{\"@id\":\"https:\/\/swvr2022.unv.org\/#website\"},\"datePublished\":\"2022-03-22T13:56:38+00:00\",\"dateModified\":\"2022-04-19T14:58:15+00:00\",\"description\":\"Contributions sp\\u00e9ciales Bangladesh Mohamed Tazul Islam, ministre du Gouvernement local, du D\\u00e9veloppement rural et des Coop\\u00e9ratives, Bangladesh En 1973,\",\"breadcrumb\":{\"@id\":\"https:\/\/swvr2022.unv.org\/fr\/sc-bangladesh\/#breadcrumb\"},\"inLanguage\":\"fr-FR\",\"potentialAction\":[{\"@type\":\"ReadAction\",\"target\":[\"https:\/\/swvr2022.unv.org\/fr\/sc-bangladesh\/\"]}]},{\"@type\":\"BreadcrumbList\",\"@id\":\"https:\/\/swvr2022.unv.org\/fr\/sc-bangladesh\/#breadcrumb\",\"itemListElement\":[{\"@type\":\"ListItem\",\"position\":1,\"name\":\"Home\",\"item\":\"https:\/\/swvr2022.unv.org\/fr\/\"},{\"@type\":\"ListItem\",\"position\":2,\"name\":\"SC &#8211; Bangladesh\"}]}]}<\/script>\n<!-- \/ Yoast SEO plugin. -->","yoast_head_json":{"title":"SC - Bangladesh | UNV SWVR 2022","description":"Contributions sp\u00e9ciales Bangladesh Mohamed Tazul Islam, ministre du Gouvernement local, du D\u00e9veloppement rural et des Coop\u00e9ratives, Bangladesh En 1973,","robots":{"index":"index","follow":"follow","max-snippet":"max-snippet:-1","max-image-preview":"max-image-preview:large","max-video-preview":"max-video-preview:-1"},"canonical":"https:\/\/swvr2022.unv.org\/fr\/sc-bangladesh\/","og_locale":"fr_FR","og_type":"article","og_title":"SC - Bangladesh | UNV SWVR 2022","og_description":"Contributions sp\u00e9ciales Bangladesh Mohamed Tazul Islam, ministre du Gouvernement local, du D\u00e9veloppement rural et des Coop\u00e9ratives, Bangladesh En 1973,","og_url":"https:\/\/swvr2022.unv.org\/fr\/sc-bangladesh\/","og_site_name":"UNV SWVR 2022","article_publisher":"https:\/\/www.facebook.com\/unvolunteers\/","article_modified_time":"2022-04-19T14:58:15+00:00","twitter_card":"summary_large_image","twitter_site":"@UNVolunteers","twitter_misc":{"Est. reading time":"5 minutes"},"schema":{"@context":"https:\/\/schema.org","@graph":[{"@type":"Organization","@id":"https:\/\/swvr2022.unv.org\/#organization","name":"UN Volunteers","url":"https:\/\/swvr2022.unv.org\/","sameAs":["https:\/\/www.facebook.com\/unvolunteers\/","https:\/\/www.instagram.com\/unvolunteers\/?hl=en","https:\/\/www.youtube.com\/channel\/UCdcJE_W3L7tZGEJ46aOibPg","https:\/\/twitter.com\/UNVolunteers"],"logo":{"@type":"ImageObject","@id":"https:\/\/swvr2022.unv.org\/#logo","inLanguage":"fr-FR","url":"https:\/\/swvr2022.unv.org\/wp-content\/uploads\/2021\/12\/download.png","contentUrl":"https:\/\/swvr2022.unv.org\/wp-content\/uploads\/2021\/12\/download.png","width":530,"height":95,"caption":"UN Volunteers"},"image":{"@id":"https:\/\/swvr2022.unv.org\/#logo"}},{"@type":"WebSite","@id":"https:\/\/swvr2022.unv.org\/#website","url":"https:\/\/swvr2022.unv.org\/","name":"UNV SWVR 2022","description":"","publisher":{"@id":"https:\/\/swvr2022.unv.org\/#organization"},"potentialAction":[{"@type":"SearchAction","target":{"@type":"EntryPoint","urlTemplate":"https:\/\/swvr2022.unv.org\/?s={search_term_string}"},"query-input":"required name=search_term_string"}],"inLanguage":"fr-FR"},{"@type":"WebPage","@id":"https:\/\/swvr2022.unv.org\/fr\/sc-bangladesh\/#webpage","url":"https:\/\/swvr2022.unv.org\/fr\/sc-bangladesh\/","name":"SC - Bangladesh | UNV SWVR 2022","isPartOf":{"@id":"https:\/\/swvr2022.unv.org\/#website"},"datePublished":"2022-03-22T13:56:38+00:00","dateModified":"2022-04-19T14:58:15+00:00","description":"Contributions sp\u00e9ciales Bangladesh Mohamed Tazul Islam, ministre du Gouvernement local, du D\u00e9veloppement rural et des Coop\u00e9ratives, Bangladesh En 1973,","breadcrumb":{"@id":"https:\/\/swvr2022.unv.org\/fr\/sc-bangladesh\/#breadcrumb"},"inLanguage":"fr-FR","potentialAction":[{"@type":"ReadAction","target":["https:\/\/swvr2022.unv.org\/fr\/sc-bangladesh\/"]}]},{"@type":"BreadcrumbList","@id":"https:\/\/swvr2022.unv.org\/fr\/sc-bangladesh\/#breadcrumb","itemListElement":[{"@type":"ListItem","position":1,"name":"Home","item":"https:\/\/swvr2022.unv.org\/fr\/"},{"@type":"ListItem","position":2,"name":"SC &#8211; Bangladesh"}]}]}},"_links":{"self":[{"href":"https:\/\/swvr2022.unv.org\/fr\/wp-json\/wp\/v2\/pages\/18253"}],"collection":[{"href":"https:\/\/swvr2022.unv.org\/fr\/wp-json\/wp\/v2\/pages"}],"about":[{"href":"https:\/\/swvr2022.unv.org\/fr\/wp-json\/wp\/v2\/types\/page"}],"author":[{"embeddable":true,"href":"https:\/\/swvr2022.unv.org\/fr\/wp-json\/wp\/v2\/users\/1"}],"replies":[{"embeddable":true,"href":"https:\/\/swvr2022.unv.org\/fr\/wp-json\/wp\/v2\/comments?post=18253"}],"version-history":[{"count":12,"href":"https:\/\/swvr2022.unv.org\/fr\/wp-json\/wp\/v2\/pages\/18253\/revisions"}],"predecessor-version":[{"id":19267,"href":"https:\/\/swvr2022.unv.org\/fr\/wp-json\/wp\/v2\/pages\/18253\/revisions\/19267"}],"wp:attachment":[{"href":"https:\/\/swvr2022.unv.org\/fr\/wp-json\/wp\/v2\/media?parent=18253"}],"curies":[{"name":"wp","href":"https:\/\/api.w.org\/{rel}","templated":true}]}}