{"id":18255,"date":"2022-03-22T13:56:39","date_gmt":"2022-03-22T13:56:39","guid":{"rendered":"https:\/\/live-unv-swvr.pantheonsite.io\/sc-egypt\/"},"modified":"2022-04-19T14:58:39","modified_gmt":"2022-04-19T14:58:39","slug":"sc-egypt","status":"publish","type":"page","link":"https:\/\/swvr2022.unv.org\/fr\/sc-egypt\/","title":{"rendered":"SC &#8211; \u00c9gypte"},"content":{"rendered":"\t\t<div data-elementor-type=\"wp-page\" data-elementor-id=\"18255\" class=\"elementor elementor-18255 elementor-12134\" data-elementor-settings=\"[]\">\n\t\t\t\t\t\t<div class=\"elementor-inner\">\n\t\t\t\t\t\t\t<div class=\"elementor-section-wrap\">\n\t\t\t\t\t\t\t<section class=\"has_eae_slider elementor-section elementor-top-section elementor-element elementor-element-2e4a2d4 elementor-section-height-min-height animated-slow elementor-section-content-middle elementor-section-boxed elementor-section-height-default elementor-section-items-middle elementor-invisible\" data-id=\"2e4a2d4\" data-element_type=\"section\" data-settings=\"{&quot;background_background&quot;:&quot;classic&quot;,&quot;animation&quot;:&quot;fadeIn&quot;}\">\n\t\t\t\t\t\t\t<div class=\"elementor-background-overlay\"><\/div>\n\t\t\t\t\t\t\t<div class=\"elementor-container elementor-column-gap-default\">\n\t\t\t\t\t\t\t<div class=\"elementor-row\">\n\t\t\t\t\t<div class=\"has_eae_slider elementor-column elementor-col-100 elementor-top-column elementor-element elementor-element-67e3cfaa\" data-id=\"67e3cfaa\" data-element_type=\"column\">\n\t\t\t<div class=\"elementor-column-wrap elementor-element-populated\">\n\t\t\t\t\t\t\t<div class=\"elementor-widget-wrap\">\n\t\t\t\t\t\t<section class=\"has_eae_slider elementor-section elementor-inner-section elementor-element elementor-element-439e6ad1 elementor-section-content-bottom elementor-section-boxed elementor-section-height-default elementor-section-height-default\" data-id=\"439e6ad1\" data-element_type=\"section\" data-settings=\"{&quot;background_background&quot;:&quot;classic&quot;}\">\n\t\t\t\t\t\t<div class=\"elementor-container elementor-column-gap-default\">\n\t\t\t\t\t\t\t<div class=\"elementor-row\">\n\t\t\t\t\t<div class=\"has_eae_slider elementor-column elementor-col-100 elementor-inner-column elementor-element elementor-element-356c511f animated-slow elementor-invisible\" data-id=\"356c511f\" data-element_type=\"column\" data-settings=\"{&quot;background_background&quot;:&quot;classic&quot;,&quot;animation&quot;:&quot;fadeIn&quot;,&quot;animation_delay&quot;:600}\">\n\t\t\t<div class=\"elementor-column-wrap elementor-element-populated\">\n\t\t\t\t\t\t\t<div class=\"elementor-widget-wrap\">\n\t\t\t\t\t\t<div class=\"elementor-element elementor-element-71bdffb5 elementor-invisible elementor-widget elementor-widget-heading\" data-id=\"71bdffb5\" data-element_type=\"widget\" data-settings=\"{&quot;_animation&quot;:&quot;fadeIn&quot;,&quot;_animation_delay&quot;:600}\" data-widget_type=\"heading.default\">\n\t\t\t\t<div class=\"elementor-widget-container\">\n\t\t\t<h1 class=\"elementor-heading-title elementor-size-default\">Contributions sp\u00e9ciales<\/h1>\t\t<\/div>\n\t\t\t\t<\/div>\n\t\t\t\t<div class=\"elementor-element elementor-element-2c9d5e67 elementor-widget elementor-widget-spacer\" data-id=\"2c9d5e67\" data-element_type=\"widget\" data-widget_type=\"spacer.default\">\n\t\t\t\t<div class=\"elementor-widget-container\">\n\t\t\t\t\t<div class=\"elementor-spacer\">\n\t\t\t<div class=\"elementor-spacer-inner\"><\/div>\n\t\t<\/div>\n\t\t\t\t<\/div>\n\t\t\t\t<\/div>\n\t\t\t\t<div class=\"elementor-element elementor-element-61f6660c elementor-widget elementor-widget-heading\" data-id=\"61f6660c\" data-element_type=\"widget\" data-widget_type=\"heading.default\">\n\t\t\t\t<div class=\"elementor-widget-container\">\n\t\t\t<h4 class=\"elementor-heading-title elementor-size-default\">\u00c9gypte<\/h4>\t\t<\/div>\n\t\t\t\t<\/div>\n\t\t\t\t<div class=\"elementor-element elementor-element-22c78211 elementor-widget elementor-widget-spacer\" data-id=\"22c78211\" data-element_type=\"widget\" data-widget_type=\"spacer.default\">\n\t\t\t\t<div class=\"elementor-widget-container\">\n\t\t\t\t\t<div class=\"elementor-spacer\">\n\t\t\t<div class=\"elementor-spacer-inner\"><\/div>\n\t\t<\/div>\n\t\t\t\t<\/div>\n\t\t\t\t<\/div>\n\t\t\t\t<div class=\"elementor-element elementor-element-57375889 elementor-invisible elementor-widget elementor-widget-heading\" data-id=\"57375889\" data-element_type=\"widget\" data-settings=\"{&quot;_animation&quot;:&quot;fadeIn&quot;,&quot;_animation_delay&quot;:600}\" data-widget_type=\"heading.default\">\n\t\t\t\t<div class=\"elementor-widget-container\">\n\t\t\t<h4 class=\"elementor-heading-title elementor-size-default\">Une r\u00e9flexion de Dr Nivine El-Kabbag, ministre de la Solidarit\u00e9 sociale, \u00c9gypte<\/h4>\t\t<\/div>\n\t\t\t\t<\/div>\n\t\t\t\t<div class=\"elementor-element elementor-element-3e967af elementor-widget elementor-widget-spacer\" data-id=\"3e967af\" data-element_type=\"widget\" data-widget_type=\"spacer.default\">\n\t\t\t\t<div class=\"elementor-widget-container\">\n\t\t\t\t\t<div class=\"elementor-spacer\">\n\t\t\t<div class=\"elementor-spacer-inner\"><\/div>\n\t\t<\/div>\n\t\t\t\t<\/div>\n\t\t\t\t<\/div>\n\t\t\t\t<div class=\"elementor-element elementor-element-3444360 elementor-widget elementor-widget-heading\" data-id=\"3444360\" data-element_type=\"widget\" data-widget_type=\"heading.default\">\n\t\t\t\t<div class=\"elementor-widget-container\">\n\t\t\t<h4 class=\"elementor-heading-title elementor-size-default\">Les partenariats entre les volontaires et l\u2019\u00c9tat<\/h4>\t\t<\/div>\n\t\t\t\t<\/div>\n\t\t\t\t<div class=\"elementor-element elementor-element-7c93d74a elementor-widget elementor-widget-text-editor\" data-id=\"7c93d74a\" data-element_type=\"widget\" data-widget_type=\"text-editor.default\">\n\t\t\t\t<div class=\"elementor-widget-container\">\n\t\t\t\t\t\t\t\t<div class=\"elementor-text-editor elementor-clearfix\">\n\t\t\t\t<p>L\u2019\u00c9gypte consid\u00e8re qu\u2019il importe de d\u00e9velopper les capacit\u00e9s et le potentiel des jeunes, qui seront les leaders de demain, afin de r\u00e9aliser le d\u00e9veloppement durable et la Vision de l\u2019\u00c9gypte 2030. L\u2019histoire et les \u00e9v\u00e9nements r\u00e9cents ont montr\u00e9 que les jeunes sont des acteurs actifs de la soci\u00e9t\u00e9 qui ont la conscience, la capacit\u00e9 et la d\u00e9termination n\u00e9cessaires pour susciter un changement social constructif et influer de mani\u00e8re positive sur la vie de millions de personnes issues des groupes les plus vuln\u00e9rables et victimes de catastrophes ou d\u2019accidents.<\/p><p>Pour l\u2019\u00c9gypte, la jeunesse constitue une ressource pr\u00e9cieuse qui m\u00e9rite un soutien et une politique d\u2019investissement dignes de ce nom. Leur inventivit\u00e9 et leur \u00e9nergie nous sont indispensables pour r\u00e9soudre les probl\u00e8mes sociaux actuels. Le minist\u00e8re de la Solidarit\u00e9 sociale, en partenariat avec d\u2019autres secteurs du Gouvernement et de la soci\u00e9t\u00e9, \u0153uvre \u00e0 faire en sorte que les jeunes de tous les milieux, urbains et ruraux, participent volontairement \u00e0 diff\u00e9rents domaines du d\u00e9veloppement, et ce faisant, multiplient les possibilit\u00e9s qui leur sont offertes de relever des d\u00e9fis personnels ou communautaires gr\u00e2ce \u00e0 l\u2019esprit d\u2019\u00e9quipe, la coop\u00e9ration et l\u2019innovation.<\/p><p>Ledit minist\u00e8re met \u00e0 la disposition des jeunes aspirant au volontariat des programmes de renforcement des capacit\u00e9s et des canaux de communication afin qu\u2019ils participent et contribuent de mani\u00e8re cr\u00e9ative \u00e0 la r\u00e9solution des d\u00e9fis de l\u2019\u00c9gypte en mati\u00e8re de d\u00e9veloppement. Ces derni\u00e8res ann\u00e9es, les jeunes volontaires ont pris part \u00e0 toutes les initiatives pr\u00e9sidentielles et aux principaux projets publics de d\u00e9veloppement, dont l\u2019initiative nationale de d\u00e9veloppement des villages \u00e9gyptiens, et les programmes de sensibilisation communautaire \u00ab Hayah Karima \u00bb et \u00ab Waai \u00bb. Le minist\u00e8re de la Solidarit\u00e9 sociale reconna\u00eet \u00e9galement le caract\u00e8re essentiel du travail des volontaires aupr\u00e8s du Croissant-Rouge \u00e9gyptien dans les moments difficiles, comme les catastrophes et les crises. Par ailleurs, les jeunes contribuent de mani\u00e8re d\u00e9terminante \u00e0 b\u00e2tir un avenir s\u00fbr pour leurs pairs en collaborant volontairement avec le Fonds de lutte contre l\u2019addiction et la toxicomanie. Ces initiatives renforcent le r\u00f4le de premier plan des jeunes dans les collectivit\u00e9s et l\u2019action humanitaire, ainsi que leur motivation, leur r\u00e9silience et leur potentiel pour le d\u00e9veloppement de leur communaut\u00e9 en tant que citoyens actifs, futurs leaders et figures tut\u00e9laires pour les prochaines g\u00e9n\u00e9rations d\u2019\u00c9gyptiens.<\/p>\t\t\t\t\t<\/div>\n\t\t\t\t\t\t<\/div>\n\t\t\t\t<\/div>\n\t\t\t\t<div class=\"elementor-element elementor-element-45d57066 elementor-widget elementor-widget-spacer\" data-id=\"45d57066\" data-element_type=\"widget\" data-widget_type=\"spacer.default\">\n\t\t\t\t<div class=\"elementor-widget-container\">\n\t\t\t\t\t<div class=\"elementor-spacer\">\n\t\t\t<div class=\"elementor-spacer-inner\"><\/div>\n\t\t<\/div>\n\t\t\t\t<\/div>\n\t\t\t\t<\/div>\n\t\t\t\t<div class=\"elementor-element elementor-element-271c5250 elementor-align-left elementor-widget elementor-widget-button\" data-id=\"271c5250\" data-element_type=\"widget\" data-widget_type=\"button.default\">\n\t\t\t\t<div class=\"elementor-widget-container\">\n\t\t\t\t\t<div class=\"elementor-button-wrapper\">\n\t\t\t<a href=\"\/fr\/contributions-speciales\/\" class=\"elementor-button-link elementor-button elementor-size-lg\" role=\"button\">\n\t\t\t\t\t\t<span class=\"elementor-button-content-wrapper\">\n\t\t\t\t\t\t<span class=\"elementor-button-icon elementor-align-icon-left\">\n\t\t\t\t<i aria-hidden=\"true\" class=\"th-linea icon th-linea icon-arrows-circle-right\"><\/i>\t\t\t<\/span>\n\t\t\t\t\t\t<span class=\"elementor-button-text\">Retour<\/span>\n\t\t<\/span>\n\t\t\t\t\t<\/a>\n\t\t<\/div>\n\t\t\t\t<\/div>\n\t\t\t\t<\/div>\n\t\t\t\t\t\t<\/div>\n\t\t\t\t\t<\/div>\n\t\t<\/div>\n\t\t\t\t\t\t\t\t<\/div>\n\t\t\t\t\t<\/div>\n\t\t<\/section>\n\t\t\t\t\t\t<\/div>\n\t\t\t\t\t<\/div>\n\t\t<\/div>\n\t\t\t\t\t\t\t\t<\/div>\n\t\t\t\t\t<\/div>\n\t\t<\/section>\n\t\t\t\t\t\t<\/div>\n\t\t\t\t\t\t<\/div>\n\t\t\t\t\t<\/div>\n\t\t","protected":false},"excerpt":{"rendered":"<p>Contributions sp\u00e9ciales \u00c9gypte Une r\u00e9flexion de Dr Nivine El-Kabbag, ministre de la Solidarit\u00e9 sociale, \u00c9gypte Les partenariats entre les volontaires et l\u2019\u00c9tat L\u2019\u00c9gypte consid\u00e8re qu\u2019il importe de d\u00e9velopper les capacit\u00e9s et le potentiel des jeunes, qui seront les leaders de &hellip; <a href=\"https:\/\/swvr2022.unv.org\/fr\/sc-egypt\/\">Read More<\/a><\/p>\n","protected":false},"author":1,"featured_media":0,"parent":0,"menu_order":28,"comment_status":"closed","ping_status":"closed","template":"","meta":[],"yoast_head":"<!-- This site is optimized with the Yoast SEO plugin v17.6 - https:\/\/yoast.com\/wordpress\/plugins\/seo\/ -->\n<title>SC - \u00c9gypte | UNV SWVR 2022<\/title>\n<meta name=\"description\" content=\"Contributions sp\u00e9ciales \u00c9gypte Une r\u00e9flexion de Dr Nivine El-Kabbag, ministre de la Solidarit\u00e9 sociale, \u00c9gypte Les partenariats entre les volontaires et\" \/>\n<meta name=\"robots\" content=\"index, follow, max-snippet:-1, max-image-preview:large, max-video-preview:-1\" \/>\n<link rel=\"canonical\" href=\"https:\/\/swvr2022.unv.org\/fr\/sc-egypt\/\" \/>\n<meta property=\"og:locale\" content=\"fr_FR\" \/>\n<meta property=\"og:type\" content=\"article\" \/>\n<meta property=\"og:title\" content=\"SC - \u00c9gypte | UNV SWVR 2022\" \/>\n<meta property=\"og:description\" content=\"Contributions sp\u00e9ciales \u00c9gypte Une r\u00e9flexion de Dr Nivine El-Kabbag, ministre de la Solidarit\u00e9 sociale, \u00c9gypte Les partenariats entre les volontaires et\" \/>\n<meta property=\"og:url\" content=\"https:\/\/swvr2022.unv.org\/fr\/sc-egypt\/\" \/>\n<meta property=\"og:site_name\" content=\"UNV SWVR 2022\" \/>\n<meta property=\"article:publisher\" content=\"https:\/\/www.facebook.com\/unvolunteers\/\" \/>\n<meta property=\"article:modified_time\" content=\"2022-04-19T14:58:39+00:00\" \/>\n<meta name=\"twitter:card\" content=\"summary_large_image\" \/>\n<meta name=\"twitter:site\" content=\"@UNVolunteers\" \/>\n<meta name=\"twitter:label1\" content=\"Est. reading time\" \/>\n\t<meta name=\"twitter:data1\" content=\"2 minutes\" \/>\n<script type=\"application\/ld+json\" class=\"yoast-schema-graph\">{\"@context\":\"https:\/\/schema.org\",\"@graph\":[{\"@type\":\"Organization\",\"@id\":\"https:\/\/swvr2022.unv.org\/#organization\",\"name\":\"UN Volunteers\",\"url\":\"https:\/\/swvr2022.unv.org\/\",\"sameAs\":[\"https:\/\/www.facebook.com\/unvolunteers\/\",\"https:\/\/www.instagram.com\/unvolunteers\/?hl=en\",\"https:\/\/www.youtube.com\/channel\/UCdcJE_W3L7tZGEJ46aOibPg\",\"https:\/\/twitter.com\/UNVolunteers\"],\"logo\":{\"@type\":\"ImageObject\",\"@id\":\"https:\/\/swvr2022.unv.org\/#logo\",\"inLanguage\":\"fr-FR\",\"url\":\"https:\/\/swvr2022.unv.org\/wp-content\/uploads\/2021\/12\/download.png\",\"contentUrl\":\"https:\/\/swvr2022.unv.org\/wp-content\/uploads\/2021\/12\/download.png\",\"width\":530,\"height\":95,\"caption\":\"UN Volunteers\"},\"image\":{\"@id\":\"https:\/\/swvr2022.unv.org\/#logo\"}},{\"@type\":\"WebSite\",\"@id\":\"https:\/\/swvr2022.unv.org\/#website\",\"url\":\"https:\/\/swvr2022.unv.org\/\",\"name\":\"UNV SWVR 2022\",\"description\":\"\",\"publisher\":{\"@id\":\"https:\/\/swvr2022.unv.org\/#organization\"},\"potentialAction\":[{\"@type\":\"SearchAction\",\"target\":{\"@type\":\"EntryPoint\",\"urlTemplate\":\"https:\/\/swvr2022.unv.org\/?s={search_term_string}\"},\"query-input\":\"required name=search_term_string\"}],\"inLanguage\":\"fr-FR\"},{\"@type\":\"WebPage\",\"@id\":\"https:\/\/swvr2022.unv.org\/fr\/sc-egypt\/#webpage\",\"url\":\"https:\/\/swvr2022.unv.org\/fr\/sc-egypt\/\",\"name\":\"SC - \\u00c9gypte | UNV SWVR 2022\",\"isPartOf\":{\"@id\":\"https:\/\/swvr2022.unv.org\/#website\"},\"datePublished\":\"2022-03-22T13:56:39+00:00\",\"dateModified\":\"2022-04-19T14:58:39+00:00\",\"description\":\"Contributions sp\\u00e9ciales \\u00c9gypte Une r\\u00e9flexion de Dr Nivine El-Kabbag, ministre de la Solidarit\\u00e9 sociale, \\u00c9gypte Les partenariats entre les volontaires et\",\"breadcrumb\":{\"@id\":\"https:\/\/swvr2022.unv.org\/fr\/sc-egypt\/#breadcrumb\"},\"inLanguage\":\"fr-FR\",\"potentialAction\":[{\"@type\":\"ReadAction\",\"target\":[\"https:\/\/swvr2022.unv.org\/fr\/sc-egypt\/\"]}]},{\"@type\":\"BreadcrumbList\",\"@id\":\"https:\/\/swvr2022.unv.org\/fr\/sc-egypt\/#breadcrumb\",\"itemListElement\":[{\"@type\":\"ListItem\",\"position\":1,\"name\":\"Home\",\"item\":\"https:\/\/swvr2022.unv.org\/fr\/\"},{\"@type\":\"ListItem\",\"position\":2,\"name\":\"SC &#8211; \\u00c9gypte\"}]}]}<\/script>\n<!-- \/ Yoast SEO plugin. -->","yoast_head_json":{"title":"SC - \u00c9gypte | UNV SWVR 2022","description":"Contributions sp\u00e9ciales \u00c9gypte Une r\u00e9flexion de Dr Nivine El-Kabbag, ministre de la Solidarit\u00e9 sociale, \u00c9gypte Les partenariats entre les volontaires et","robots":{"index":"index","follow":"follow","max-snippet":"max-snippet:-1","max-image-preview":"max-image-preview:large","max-video-preview":"max-video-preview:-1"},"canonical":"https:\/\/swvr2022.unv.org\/fr\/sc-egypt\/","og_locale":"fr_FR","og_type":"article","og_title":"SC - \u00c9gypte | UNV SWVR 2022","og_description":"Contributions sp\u00e9ciales \u00c9gypte Une r\u00e9flexion de Dr Nivine El-Kabbag, ministre de la Solidarit\u00e9 sociale, \u00c9gypte Les partenariats entre les volontaires et","og_url":"https:\/\/swvr2022.unv.org\/fr\/sc-egypt\/","og_site_name":"UNV SWVR 2022","article_publisher":"https:\/\/www.facebook.com\/unvolunteers\/","article_modified_time":"2022-04-19T14:58:39+00:00","twitter_card":"summary_large_image","twitter_site":"@UNVolunteers","twitter_misc":{"Est. reading time":"2 minutes"},"schema":{"@context":"https:\/\/schema.org","@graph":[{"@type":"Organization","@id":"https:\/\/swvr2022.unv.org\/#organization","name":"UN Volunteers","url":"https:\/\/swvr2022.unv.org\/","sameAs":["https:\/\/www.facebook.com\/unvolunteers\/","https:\/\/www.instagram.com\/unvolunteers\/?hl=en","https:\/\/www.youtube.com\/channel\/UCdcJE_W3L7tZGEJ46aOibPg","https:\/\/twitter.com\/UNVolunteers"],"logo":{"@type":"ImageObject","@id":"https:\/\/swvr2022.unv.org\/#logo","inLanguage":"fr-FR","url":"https:\/\/swvr2022.unv.org\/wp-content\/uploads\/2021\/12\/download.png","contentUrl":"https:\/\/swvr2022.unv.org\/wp-content\/uploads\/2021\/12\/download.png","width":530,"height":95,"caption":"UN Volunteers"},"image":{"@id":"https:\/\/swvr2022.unv.org\/#logo"}},{"@type":"WebSite","@id":"https:\/\/swvr2022.unv.org\/#website","url":"https:\/\/swvr2022.unv.org\/","name":"UNV SWVR 2022","description":"","publisher":{"@id":"https:\/\/swvr2022.unv.org\/#organization"},"potentialAction":[{"@type":"SearchAction","target":{"@type":"EntryPoint","urlTemplate":"https:\/\/swvr2022.unv.org\/?s={search_term_string}"},"query-input":"required name=search_term_string"}],"inLanguage":"fr-FR"},{"@type":"WebPage","@id":"https:\/\/swvr2022.unv.org\/fr\/sc-egypt\/#webpage","url":"https:\/\/swvr2022.unv.org\/fr\/sc-egypt\/","name":"SC - \u00c9gypte | UNV SWVR 2022","isPartOf":{"@id":"https:\/\/swvr2022.unv.org\/#website"},"datePublished":"2022-03-22T13:56:39+00:00","dateModified":"2022-04-19T14:58:39+00:00","description":"Contributions sp\u00e9ciales \u00c9gypte Une r\u00e9flexion de Dr Nivine El-Kabbag, ministre de la Solidarit\u00e9 sociale, \u00c9gypte Les partenariats entre les volontaires et","breadcrumb":{"@id":"https:\/\/swvr2022.unv.org\/fr\/sc-egypt\/#breadcrumb"},"inLanguage":"fr-FR","potentialAction":[{"@type":"ReadAction","target":["https:\/\/swvr2022.unv.org\/fr\/sc-egypt\/"]}]},{"@type":"BreadcrumbList","@id":"https:\/\/swvr2022.unv.org\/fr\/sc-egypt\/#breadcrumb","itemListElement":[{"@type":"ListItem","position":1,"name":"Home","item":"https:\/\/swvr2022.unv.org\/fr\/"},{"@type":"ListItem","position":2,"name":"SC &#8211; \u00c9gypte"}]}]}},"_links":{"self":[{"href":"https:\/\/swvr2022.unv.org\/fr\/wp-json\/wp\/v2\/pages\/18255"}],"collection":[{"href":"https:\/\/swvr2022.unv.org\/fr\/wp-json\/wp\/v2\/pages"}],"about":[{"href":"https:\/\/swvr2022.unv.org\/fr\/wp-json\/wp\/v2\/types\/page"}],"author":[{"embeddable":true,"href":"https:\/\/swvr2022.unv.org\/fr\/wp-json\/wp\/v2\/users\/1"}],"replies":[{"embeddable":true,"href":"https:\/\/swvr2022.unv.org\/fr\/wp-json\/wp\/v2\/comments?post=18255"}],"version-history":[{"count":13,"href":"https:\/\/swvr2022.unv.org\/fr\/wp-json\/wp\/v2\/pages\/18255\/revisions"}],"predecessor-version":[{"id":19273,"href":"https:\/\/swvr2022.unv.org\/fr\/wp-json\/wp\/v2\/pages\/18255\/revisions\/19273"}],"wp:attachment":[{"href":"https:\/\/swvr2022.unv.org\/fr\/wp-json\/wp\/v2\/media?parent=18255"}],"curies":[{"name":"wp","href":"https:\/\/api.w.org\/{rel}","templated":true}]}}