{"id":18258,"date":"2022-03-22T13:56:40","date_gmt":"2022-03-22T13:56:40","guid":{"rendered":"https:\/\/live-unv-swvr.pantheonsite.io\/sc-fiji\/"},"modified":"2022-04-19T14:58:52","modified_gmt":"2022-04-19T14:58:52","slug":"sc-fiji","status":"publish","type":"page","link":"https:\/\/swvr2022.unv.org\/fr\/sc-fiji\/","title":{"rendered":"SC &#8211; Fidji"},"content":{"rendered":"\t\t<div data-elementor-type=\"wp-page\" data-elementor-id=\"18258\" class=\"elementor elementor-18258 elementor-14747\" data-elementor-settings=\"[]\">\n\t\t\t\t\t\t<div class=\"elementor-inner\">\n\t\t\t\t\t\t\t<div class=\"elementor-section-wrap\">\n\t\t\t\t\t\t\t<section class=\"has_eae_slider elementor-section elementor-top-section elementor-element elementor-element-01dc1c3 elementor-section-height-min-height animated-slow elementor-section-content-middle elementor-section-boxed elementor-section-height-default elementor-section-items-middle elementor-invisible\" data-id=\"01dc1c3\" data-element_type=\"section\" data-settings=\"{&quot;background_background&quot;:&quot;classic&quot;,&quot;animation&quot;:&quot;fadeIn&quot;}\">\n\t\t\t\t\t\t\t<div class=\"elementor-background-overlay\"><\/div>\n\t\t\t\t\t\t\t<div class=\"elementor-container elementor-column-gap-default\">\n\t\t\t\t\t\t\t<div class=\"elementor-row\">\n\t\t\t\t\t<div class=\"has_eae_slider elementor-column elementor-col-100 elementor-top-column elementor-element elementor-element-fa27dc3\" data-id=\"fa27dc3\" data-element_type=\"column\">\n\t\t\t<div class=\"elementor-column-wrap elementor-element-populated\">\n\t\t\t\t\t\t\t<div class=\"elementor-widget-wrap\">\n\t\t\t\t\t\t<section class=\"has_eae_slider elementor-section elementor-inner-section elementor-element elementor-element-de18144 elementor-section-content-bottom elementor-section-boxed elementor-section-height-default elementor-section-height-default\" data-id=\"de18144\" data-element_type=\"section\" data-settings=\"{&quot;background_background&quot;:&quot;classic&quot;}\">\n\t\t\t\t\t\t<div class=\"elementor-container elementor-column-gap-default\">\n\t\t\t\t\t\t\t<div class=\"elementor-row\">\n\t\t\t\t\t<div class=\"has_eae_slider elementor-column elementor-col-100 elementor-inner-column elementor-element elementor-element-b3ecf32 animated-slow elementor-invisible\" data-id=\"b3ecf32\" data-element_type=\"column\" data-settings=\"{&quot;background_background&quot;:&quot;classic&quot;,&quot;animation&quot;:&quot;fadeIn&quot;,&quot;animation_delay&quot;:600}\">\n\t\t\t<div class=\"elementor-column-wrap elementor-element-populated\">\n\t\t\t\t\t\t\t<div class=\"elementor-widget-wrap\">\n\t\t\t\t\t\t<div class=\"elementor-element elementor-element-b7b9efc elementor-invisible elementor-widget elementor-widget-heading\" data-id=\"b7b9efc\" data-element_type=\"widget\" data-settings=\"{&quot;_animation&quot;:&quot;fadeIn&quot;,&quot;_animation_delay&quot;:600}\" data-widget_type=\"heading.default\">\n\t\t\t\t<div class=\"elementor-widget-container\">\n\t\t\t<h1 class=\"elementor-heading-title elementor-size-default\">Contributions sp\u00e9ciales<\/h1>\t\t<\/div>\n\t\t\t\t<\/div>\n\t\t\t\t<div class=\"elementor-element elementor-element-d657282 elementor-widget elementor-widget-spacer\" data-id=\"d657282\" data-element_type=\"widget\" data-widget_type=\"spacer.default\">\n\t\t\t\t<div class=\"elementor-widget-container\">\n\t\t\t\t\t<div class=\"elementor-spacer\">\n\t\t\t<div class=\"elementor-spacer-inner\"><\/div>\n\t\t<\/div>\n\t\t\t\t<\/div>\n\t\t\t\t<\/div>\n\t\t\t\t<div class=\"elementor-element elementor-element-e561ccf elementor-widget elementor-widget-heading\" data-id=\"e561ccf\" data-element_type=\"widget\" data-widget_type=\"heading.default\">\n\t\t\t\t<div class=\"elementor-widget-container\">\n\t\t\t<h4 class=\"elementor-heading-title elementor-size-default\">Fidji<\/h4>\t\t<\/div>\n\t\t\t\t<\/div>\n\t\t\t\t<div class=\"elementor-element elementor-element-f64775c elementor-widget elementor-widget-spacer\" data-id=\"f64775c\" data-element_type=\"widget\" data-widget_type=\"spacer.default\">\n\t\t\t\t<div class=\"elementor-widget-container\">\n\t\t\t\t\t<div class=\"elementor-spacer\">\n\t\t\t<div class=\"elementor-spacer-inner\"><\/div>\n\t\t<\/div>\n\t\t\t\t<\/div>\n\t\t\t\t<\/div>\n\t\t\t\t<div class=\"elementor-element elementor-element-8ffcd1e elementor-invisible elementor-widget elementor-widget-heading\" data-id=\"8ffcd1e\" data-element_type=\"widget\" data-settings=\"{&quot;_animation&quot;:&quot;fadeIn&quot;,&quot;_animation_delay&quot;:600}\" data-widget_type=\"heading.default\">\n\t\t\t\t<div class=\"elementor-widget-container\">\n\t\t\t<h4 class=\"elementor-heading-title elementor-size-default\">Mme Vani Catanasiga, Directrice ex\u00e9cutive du Conseil fidjien des services sociaux : la contribution des volontaires pour un rel\u00e8vement r\u00e9silient apr\u00e8s la COVID-19<\/h4>\t\t<\/div>\n\t\t\t\t<\/div>\n\t\t\t\t<div class=\"elementor-element elementor-element-57beea1 elementor-widget elementor-widget-spacer\" data-id=\"57beea1\" data-element_type=\"widget\" data-widget_type=\"spacer.default\">\n\t\t\t\t<div class=\"elementor-widget-container\">\n\t\t\t\t\t<div class=\"elementor-spacer\">\n\t\t\t<div class=\"elementor-spacer-inner\"><\/div>\n\t\t<\/div>\n\t\t\t\t<\/div>\n\t\t\t\t<\/div>\n\t\t\t\t<div class=\"elementor-element elementor-element-2a3f7292 elementor-widget elementor-widget-text-editor\" data-id=\"2a3f7292\" data-element_type=\"widget\" data-widget_type=\"text-editor.default\">\n\t\t\t\t<div class=\"elementor-widget-container\">\n\t\t\t\t\t\t\t\t<div class=\"elementor-text-editor elementor-clearfix\">\n\t\t\t\t<p>Le Conseil fidjien des services sociaux (FCOSS, de l\u2019anglais <em>Fiji Council of Social Services<\/em>) rassemble des organisations \u00e0 assise communautaire et fournit des services sociaux aux communaut\u00e9s rurales et marginalis\u00e9es des Fidji. Environ 80 % de ses membres sont des groupes de volontaires qui soutiennent la prestation de services sociaux de base, font entendre la voix des communaut\u00e9s locales et renforcent leur capacit\u00e9 d\u2019action, tout en aidant les citoyens qui participent aux instances de prise de d\u00e9cision.<\/p>\n<p>En 2021, m\u00eame priv\u00e9 dans un premier temps de fonds d\u2019intervention contre la COVID-19, le FCOSS est venu en aide \u00e0 diff\u00e9rentes communaut\u00e9s en mobilisant ses volontaires au niveau des districts. Outre la fourniture de denr\u00e9es alimentaires aux communaut\u00e9s confin\u00e9es, l\u2019appui d\u2019urgence aux \u00e9quipes gouvernementales pour le tra\u00e7age des contacts, et la supervision des centres de d\u00e9pistage et d\u2019isolement, les volontaires ont \u00e9galement contribu\u00e9 \u00e0 la gestion des donn\u00e9es pendant les campagnes de vaccination et ont prodigu\u00e9 des soins \u00e0 domicile. Forts de leur exp\u00e9rience en mati\u00e8re de coordination des services dispens\u00e9s au niveau des districts et des communaut\u00e9s pendant les crises, les volontaires du FCOSS ont pu r\u00e9pondre aux besoins \u00e9mergents et imm\u00e9diats des personnes \u00e2g\u00e9es, des personnes handicap\u00e9es et des m\u00e9nages dirig\u00e9s par des femmes et comptant de nombreuses personnes \u00e0 charge.<\/p>\n<p>\u00c0 partir de ses rapports d\u2019observation des communaut\u00e9s, comprenant des mises \u00e0 jour concernant les quartiers d\u2019habitat informels, le FCOSS a pu prouver que les distributions de denr\u00e9es alimentaires organis\u00e9es par le Gouvernement pendant les confinements n\u2019avaient pas atteint certaines populations vuln\u00e9rables ; quant \u00e0 ses p\u00f4les de volontariat dans les districts, ils ont attir\u00e9 l\u2019attention des autorit\u00e9s sur les personnes souvent d\u00e9laiss\u00e9es par la soci\u00e9t\u00e9. Gr\u00e2ce \u00e0 l\u2019intervention des volontaires, les autorit\u00e9s nationales ont apport\u00e9 une aide cibl\u00e9e, y compris en mati\u00e8re de soutien logistique et de renforcement des capacit\u00e9s, ainsi qu\u2019un \u00ab filet de s\u00e9curit\u00e9 \u00bb et des services de protection.<\/p>\n<p>Le potentiel des volontaires pour faciliter le rel\u00e8vement des communaut\u00e9s apr\u00e8s la COVID-19 reste inexploit\u00e9. Alors que les Fidji oeuvrent \u00e0 la reconstruction post-pand\u00e9mique, il est de plus en plus question de nouer des partenariats en vue de r\u00e9pondre aux besoins qui se font actuels. La soci\u00e9t\u00e9 civile et les instances intergouvernementales entreprennent toujours plus de s\u2019associer avec nos r\u00e9seaux de volontaires et de tirer parti de leur expertise. Nous nous appuyons sur notre exp\u00e9rience aupr\u00e8s des communaut\u00e9s pour r\u00e9fl\u00e9chir \u00e0 la meilleure fa\u00e7on de mobiliser les volontaires pour qu\u2019ils aident leurs communaut\u00e9s \u00e0 \u00eatre r\u00e9silientes dans les moments difficiles.<\/p>\n<p>On peut raisonnablement estimer que les volontaires \u2013 qui connaissent et comprennent leur communaut\u00e9 respective, et repr\u00e9sentent des vecteurs de changements positifs \u2013 sont les acteurs dont le monde de l\u2019apr\u00e8s-COVID a besoin pour panser ses blessures et se relever.<\/p>\t\t\t\t\t<\/div>\n\t\t\t\t\t\t<\/div>\n\t\t\t\t<\/div>\n\t\t\t\t<div class=\"elementor-element elementor-element-12af3ca elementor-widget elementor-widget-spacer\" data-id=\"12af3ca\" data-element_type=\"widget\" data-widget_type=\"spacer.default\">\n\t\t\t\t<div class=\"elementor-widget-container\">\n\t\t\t\t\t<div class=\"elementor-spacer\">\n\t\t\t<div class=\"elementor-spacer-inner\"><\/div>\n\t\t<\/div>\n\t\t\t\t<\/div>\n\t\t\t\t<\/div>\n\t\t\t\t<div class=\"elementor-element elementor-element-bc6c228 elementor-align-left elementor-widget elementor-widget-button\" data-id=\"bc6c228\" data-element_type=\"widget\" data-widget_type=\"button.default\">\n\t\t\t\t<div class=\"elementor-widget-container\">\n\t\t\t\t\t<div class=\"elementor-button-wrapper\">\n\t\t\t<a href=\"\/fr\/contributions-speciales\/\" class=\"elementor-button-link elementor-button elementor-size-lg\" role=\"button\">\n\t\t\t\t\t\t<span class=\"elementor-button-content-wrapper\">\n\t\t\t\t\t\t<span class=\"elementor-button-icon elementor-align-icon-left\">\n\t\t\t\t<i aria-hidden=\"true\" class=\"th-linea icon th-linea icon-arrows-circle-right\"><\/i>\t\t\t<\/span>\n\t\t\t\t\t\t<span class=\"elementor-button-text\">Retour<\/span>\n\t\t<\/span>\n\t\t\t\t\t<\/a>\n\t\t<\/div>\n\t\t\t\t<\/div>\n\t\t\t\t<\/div>\n\t\t\t\t<div class=\"elementor-element elementor-element-a80fb78 elementor-widget elementor-widget-spacer\" data-id=\"a80fb78\" data-element_type=\"widget\" data-widget_type=\"spacer.default\">\n\t\t\t\t<div class=\"elementor-widget-container\">\n\t\t\t\t\t<div class=\"elementor-spacer\">\n\t\t\t<div class=\"elementor-spacer-inner\"><\/div>\n\t\t<\/div>\n\t\t\t\t<\/div>\n\t\t\t\t<\/div>\n\t\t\t\t\t\t<\/div>\n\t\t\t\t\t<\/div>\n\t\t<\/div>\n\t\t\t\t\t\t\t\t<\/div>\n\t\t\t\t\t<\/div>\n\t\t<\/section>\n\t\t\t\t\t\t<\/div>\n\t\t\t\t\t<\/div>\n\t\t<\/div>\n\t\t\t\t\t\t\t\t<\/div>\n\t\t\t\t\t<\/div>\n\t\t<\/section>\n\t\t\t\t\t\t<\/div>\n\t\t\t\t\t\t<\/div>\n\t\t\t\t\t<\/div>\n\t\t","protected":false},"excerpt":{"rendered":"<p>Contributions sp\u00e9ciales Fidji Mme Vani Catanasiga, Directrice ex\u00e9cutive du Conseil fidjien des services sociaux : la contribution des volontaires pour un rel\u00e8vement r\u00e9silient apr\u00e8s la COVID-19 Le Conseil fidjien des services sociaux (FCOSS, de l\u2019anglais Fiji Council of Social Services) &hellip; <a href=\"https:\/\/swvr2022.unv.org\/fr\/sc-fiji\/\">Read More<\/a><\/p>\n","protected":false},"author":1,"featured_media":0,"parent":0,"menu_order":31,"comment_status":"closed","ping_status":"closed","template":"","meta":[],"yoast_head":"<!-- This site is optimized with the Yoast SEO plugin v17.6 - https:\/\/yoast.com\/wordpress\/plugins\/seo\/ -->\n<title>SC - Fidji | UNV SWVR 2022<\/title>\n<meta name=\"description\" content=\"Contributions sp\u00e9ciales Fidji Mme Vani Catanasiga, Directrice ex\u00e9cutive du Conseil fidjien des services sociaux : la contribution des volontaires pour un\" \/>\n<meta name=\"robots\" content=\"index, follow, max-snippet:-1, max-image-preview:large, max-video-preview:-1\" \/>\n<link rel=\"canonical\" href=\"https:\/\/swvr2022.unv.org\/fr\/sc-fiji\/\" \/>\n<meta property=\"og:locale\" content=\"fr_FR\" \/>\n<meta property=\"og:type\" content=\"article\" \/>\n<meta property=\"og:title\" content=\"SC - Fidji | UNV SWVR 2022\" \/>\n<meta property=\"og:description\" content=\"Contributions sp\u00e9ciales Fidji Mme Vani Catanasiga, Directrice ex\u00e9cutive du Conseil fidjien des services sociaux : la contribution des volontaires pour un\" \/>\n<meta property=\"og:url\" content=\"https:\/\/swvr2022.unv.org\/fr\/sc-fiji\/\" \/>\n<meta property=\"og:site_name\" content=\"UNV SWVR 2022\" \/>\n<meta property=\"article:publisher\" content=\"https:\/\/www.facebook.com\/unvolunteers\/\" \/>\n<meta property=\"article:modified_time\" content=\"2022-04-19T14:58:52+00:00\" \/>\n<meta name=\"twitter:card\" content=\"summary_large_image\" \/>\n<meta name=\"twitter:site\" content=\"@UNVolunteers\" \/>\n<meta name=\"twitter:label1\" content=\"Est. reading time\" \/>\n\t<meta name=\"twitter:data1\" content=\"3 minutes\" \/>\n<script type=\"application\/ld+json\" class=\"yoast-schema-graph\">{\"@context\":\"https:\/\/schema.org\",\"@graph\":[{\"@type\":\"Organization\",\"@id\":\"https:\/\/swvr2022.unv.org\/fr\/#organization\",\"name\":\"UN Volunteers\",\"url\":\"https:\/\/swvr2022.unv.org\/fr\/\",\"sameAs\":[\"https:\/\/www.facebook.com\/unvolunteers\/\",\"https:\/\/www.instagram.com\/unvolunteers\/?hl=en\",\"https:\/\/www.youtube.com\/channel\/UCdcJE_W3L7tZGEJ46aOibPg\",\"https:\/\/twitter.com\/UNVolunteers\"],\"logo\":{\"@type\":\"ImageObject\",\"@id\":\"https:\/\/swvr2022.unv.org\/fr\/#logo\",\"inLanguage\":\"fr-FR\",\"url\":\"https:\/\/swvr2022.unv.org\/wp-content\/uploads\/2021\/12\/download.png\",\"contentUrl\":\"https:\/\/swvr2022.unv.org\/wp-content\/uploads\/2021\/12\/download.png\",\"width\":530,\"height\":95,\"caption\":\"UN Volunteers\"},\"image\":{\"@id\":\"https:\/\/swvr2022.unv.org\/fr\/#logo\"}},{\"@type\":\"WebSite\",\"@id\":\"https:\/\/swvr2022.unv.org\/fr\/#website\",\"url\":\"https:\/\/swvr2022.unv.org\/fr\/\",\"name\":\"UNV SWVR 2022\",\"description\":\"\",\"publisher\":{\"@id\":\"https:\/\/swvr2022.unv.org\/fr\/#organization\"},\"potentialAction\":[{\"@type\":\"SearchAction\",\"target\":{\"@type\":\"EntryPoint\",\"urlTemplate\":\"https:\/\/swvr2022.unv.org\/fr\/?s={search_term_string}\"},\"query-input\":\"required name=search_term_string\"}],\"inLanguage\":\"fr-FR\"},{\"@type\":\"WebPage\",\"@id\":\"https:\/\/swvr2022.unv.org\/fr\/sc-fiji\/#webpage\",\"url\":\"https:\/\/swvr2022.unv.org\/fr\/sc-fiji\/\",\"name\":\"SC - Fidji | UNV SWVR 2022\",\"isPartOf\":{\"@id\":\"https:\/\/swvr2022.unv.org\/fr\/#website\"},\"datePublished\":\"2022-03-22T13:56:40+00:00\",\"dateModified\":\"2022-04-19T14:58:52+00:00\",\"description\":\"Contributions sp\\u00e9ciales Fidji Mme Vani Catanasiga, Directrice ex\\u00e9cutive du Conseil fidjien des services sociaux : la contribution des volontaires pour un\",\"breadcrumb\":{\"@id\":\"https:\/\/swvr2022.unv.org\/fr\/sc-fiji\/#breadcrumb\"},\"inLanguage\":\"fr-FR\",\"potentialAction\":[{\"@type\":\"ReadAction\",\"target\":[\"https:\/\/swvr2022.unv.org\/fr\/sc-fiji\/\"]}]},{\"@type\":\"BreadcrumbList\",\"@id\":\"https:\/\/swvr2022.unv.org\/fr\/sc-fiji\/#breadcrumb\",\"itemListElement\":[{\"@type\":\"ListItem\",\"position\":1,\"name\":\"Home\",\"item\":\"https:\/\/swvr2022.unv.org\/fr\/\"},{\"@type\":\"ListItem\",\"position\":2,\"name\":\"SC &#8211; Fidji\"}]}]}<\/script>\n<!-- \/ Yoast SEO plugin. -->","yoast_head_json":{"title":"SC - Fidji | UNV SWVR 2022","description":"Contributions sp\u00e9ciales Fidji Mme Vani Catanasiga, Directrice ex\u00e9cutive du Conseil fidjien des services sociaux : la contribution des volontaires pour un","robots":{"index":"index","follow":"follow","max-snippet":"max-snippet:-1","max-image-preview":"max-image-preview:large","max-video-preview":"max-video-preview:-1"},"canonical":"https:\/\/swvr2022.unv.org\/fr\/sc-fiji\/","og_locale":"fr_FR","og_type":"article","og_title":"SC - Fidji | UNV SWVR 2022","og_description":"Contributions sp\u00e9ciales Fidji Mme Vani Catanasiga, Directrice ex\u00e9cutive du Conseil fidjien des services sociaux : la contribution des volontaires pour un","og_url":"https:\/\/swvr2022.unv.org\/fr\/sc-fiji\/","og_site_name":"UNV SWVR 2022","article_publisher":"https:\/\/www.facebook.com\/unvolunteers\/","article_modified_time":"2022-04-19T14:58:52+00:00","twitter_card":"summary_large_image","twitter_site":"@UNVolunteers","twitter_misc":{"Est. reading time":"3 minutes"},"schema":{"@context":"https:\/\/schema.org","@graph":[{"@type":"Organization","@id":"https:\/\/swvr2022.unv.org\/fr\/#organization","name":"UN Volunteers","url":"https:\/\/swvr2022.unv.org\/fr\/","sameAs":["https:\/\/www.facebook.com\/unvolunteers\/","https:\/\/www.instagram.com\/unvolunteers\/?hl=en","https:\/\/www.youtube.com\/channel\/UCdcJE_W3L7tZGEJ46aOibPg","https:\/\/twitter.com\/UNVolunteers"],"logo":{"@type":"ImageObject","@id":"https:\/\/swvr2022.unv.org\/fr\/#logo","inLanguage":"fr-FR","url":"https:\/\/swvr2022.unv.org\/wp-content\/uploads\/2021\/12\/download.png","contentUrl":"https:\/\/swvr2022.unv.org\/wp-content\/uploads\/2021\/12\/download.png","width":530,"height":95,"caption":"UN Volunteers"},"image":{"@id":"https:\/\/swvr2022.unv.org\/fr\/#logo"}},{"@type":"WebSite","@id":"https:\/\/swvr2022.unv.org\/fr\/#website","url":"https:\/\/swvr2022.unv.org\/fr\/","name":"UNV SWVR 2022","description":"","publisher":{"@id":"https:\/\/swvr2022.unv.org\/fr\/#organization"},"potentialAction":[{"@type":"SearchAction","target":{"@type":"EntryPoint","urlTemplate":"https:\/\/swvr2022.unv.org\/fr\/?s={search_term_string}"},"query-input":"required name=search_term_string"}],"inLanguage":"fr-FR"},{"@type":"WebPage","@id":"https:\/\/swvr2022.unv.org\/fr\/sc-fiji\/#webpage","url":"https:\/\/swvr2022.unv.org\/fr\/sc-fiji\/","name":"SC - Fidji | UNV SWVR 2022","isPartOf":{"@id":"https:\/\/swvr2022.unv.org\/fr\/#website"},"datePublished":"2022-03-22T13:56:40+00:00","dateModified":"2022-04-19T14:58:52+00:00","description":"Contributions sp\u00e9ciales Fidji Mme Vani Catanasiga, Directrice ex\u00e9cutive du Conseil fidjien des services sociaux : la contribution des volontaires pour un","breadcrumb":{"@id":"https:\/\/swvr2022.unv.org\/fr\/sc-fiji\/#breadcrumb"},"inLanguage":"fr-FR","potentialAction":[{"@type":"ReadAction","target":["https:\/\/swvr2022.unv.org\/fr\/sc-fiji\/"]}]},{"@type":"BreadcrumbList","@id":"https:\/\/swvr2022.unv.org\/fr\/sc-fiji\/#breadcrumb","itemListElement":[{"@type":"ListItem","position":1,"name":"Home","item":"https:\/\/swvr2022.unv.org\/fr\/"},{"@type":"ListItem","position":2,"name":"SC &#8211; Fidji"}]}]}},"_links":{"self":[{"href":"https:\/\/swvr2022.unv.org\/fr\/wp-json\/wp\/v2\/pages\/18258"}],"collection":[{"href":"https:\/\/swvr2022.unv.org\/fr\/wp-json\/wp\/v2\/pages"}],"about":[{"href":"https:\/\/swvr2022.unv.org\/fr\/wp-json\/wp\/v2\/types\/page"}],"author":[{"embeddable":true,"href":"https:\/\/swvr2022.unv.org\/fr\/wp-json\/wp\/v2\/users\/1"}],"replies":[{"embeddable":true,"href":"https:\/\/swvr2022.unv.org\/fr\/wp-json\/wp\/v2\/comments?post=18258"}],"version-history":[{"count":10,"href":"https:\/\/swvr2022.unv.org\/fr\/wp-json\/wp\/v2\/pages\/18258\/revisions"}],"predecessor-version":[{"id":19276,"href":"https:\/\/swvr2022.unv.org\/fr\/wp-json\/wp\/v2\/pages\/18258\/revisions\/19276"}],"wp:attachment":[{"href":"https:\/\/swvr2022.unv.org\/fr\/wp-json\/wp\/v2\/media?parent=18258"}],"curies":[{"name":"wp","href":"https:\/\/api.w.org\/{rel}","templated":true}]}}