{"id":18261,"date":"2022-03-22T13:56:41","date_gmt":"2022-03-22T13:56:41","guid":{"rendered":"https:\/\/live-unv-swvr.pantheonsite.io\/sc-guatemala\/"},"modified":"2022-04-19T14:59:10","modified_gmt":"2022-04-19T14:59:10","slug":"sc-guatemala","status":"publish","type":"page","link":"https:\/\/swvr2022.unv.org\/fr\/sc-guatemala\/","title":{"rendered":"SC &#8211; Guatemala"},"content":{"rendered":"\t\t<div data-elementor-type=\"wp-page\" data-elementor-id=\"18261\" class=\"elementor elementor-18261 elementor-12486\" data-elementor-settings=\"[]\">\n\t\t\t\t\t\t<div class=\"elementor-inner\">\n\t\t\t\t\t\t\t<div class=\"elementor-section-wrap\">\n\t\t\t\t\t\t\t<section class=\"has_eae_slider elementor-section elementor-top-section elementor-element elementor-element-2bae234a elementor-section-height-min-height animated-slow elementor-section-content-middle elementor-section-boxed elementor-section-height-default elementor-section-items-middle elementor-invisible\" data-id=\"2bae234a\" data-element_type=\"section\" data-settings=\"{&quot;background_background&quot;:&quot;classic&quot;,&quot;animation&quot;:&quot;fadeIn&quot;}\">\n\t\t\t\t\t\t\t<div class=\"elementor-background-overlay\"><\/div>\n\t\t\t\t\t\t\t<div class=\"elementor-container elementor-column-gap-default\">\n\t\t\t\t\t\t\t<div class=\"elementor-row\">\n\t\t\t\t\t<div class=\"has_eae_slider elementor-column elementor-col-100 elementor-top-column elementor-element elementor-element-62b22884\" data-id=\"62b22884\" data-element_type=\"column\">\n\t\t\t<div class=\"elementor-column-wrap elementor-element-populated\">\n\t\t\t\t\t\t\t<div class=\"elementor-widget-wrap\">\n\t\t\t\t\t\t<section class=\"has_eae_slider elementor-section elementor-inner-section elementor-element elementor-element-64e90a8a elementor-section-content-bottom elementor-section-boxed elementor-section-height-default elementor-section-height-default\" data-id=\"64e90a8a\" data-element_type=\"section\" data-settings=\"{&quot;background_background&quot;:&quot;classic&quot;}\">\n\t\t\t\t\t\t<div class=\"elementor-container elementor-column-gap-default\">\n\t\t\t\t\t\t\t<div class=\"elementor-row\">\n\t\t\t\t\t<div class=\"has_eae_slider elementor-column elementor-col-100 elementor-inner-column elementor-element elementor-element-2b551f50 animated-slow elementor-invisible\" data-id=\"2b551f50\" data-element_type=\"column\" data-settings=\"{&quot;background_background&quot;:&quot;classic&quot;,&quot;animation&quot;:&quot;fadeIn&quot;,&quot;animation_delay&quot;:600}\">\n\t\t\t<div class=\"elementor-column-wrap elementor-element-populated\">\n\t\t\t\t\t\t\t<div class=\"elementor-widget-wrap\">\n\t\t\t\t\t\t<div class=\"elementor-element elementor-element-4451ae1a elementor-invisible elementor-widget elementor-widget-heading\" data-id=\"4451ae1a\" data-element_type=\"widget\" data-settings=\"{&quot;_animation&quot;:&quot;fadeIn&quot;,&quot;_animation_delay&quot;:600}\" data-widget_type=\"heading.default\">\n\t\t\t\t<div class=\"elementor-widget-container\">\n\t\t\t<h1 class=\"elementor-heading-title elementor-size-default\">Contributions sp\u00e9ciales<\/h1>\t\t<\/div>\n\t\t\t\t<\/div>\n\t\t\t\t<div class=\"elementor-element elementor-element-3d25172b elementor-widget elementor-widget-spacer\" data-id=\"3d25172b\" data-element_type=\"widget\" data-widget_type=\"spacer.default\">\n\t\t\t\t<div class=\"elementor-widget-container\">\n\t\t\t\t\t<div class=\"elementor-spacer\">\n\t\t\t<div class=\"elementor-spacer-inner\"><\/div>\n\t\t<\/div>\n\t\t\t\t<\/div>\n\t\t\t\t<\/div>\n\t\t\t\t<div class=\"elementor-element elementor-element-6769bf3b elementor-widget elementor-widget-heading\" data-id=\"6769bf3b\" data-element_type=\"widget\" data-widget_type=\"heading.default\">\n\t\t\t\t<div class=\"elementor-widget-container\">\n\t\t\t<h4 class=\"elementor-heading-title elementor-size-default\">Guatemala<\/h4>\t\t<\/div>\n\t\t\t\t<\/div>\n\t\t\t\t<div class=\"elementor-element elementor-element-4d235d17 elementor-widget elementor-widget-spacer\" data-id=\"4d235d17\" data-element_type=\"widget\" data-widget_type=\"spacer.default\">\n\t\t\t\t<div class=\"elementor-widget-container\">\n\t\t\t\t\t<div class=\"elementor-spacer\">\n\t\t\t<div class=\"elementor-spacer-inner\"><\/div>\n\t\t<\/div>\n\t\t\t\t<\/div>\n\t\t\t\t<\/div>\n\t\t\t\t<div class=\"elementor-element elementor-element-60669e73 elementor-invisible elementor-widget elementor-widget-heading\" data-id=\"60669e73\" data-element_type=\"widget\" data-settings=\"{&quot;_animation&quot;:&quot;fadeIn&quot;,&quot;_animation_delay&quot;:600}\" data-widget_type=\"heading.default\">\n\t\t\t\t<div class=\"elementor-widget-container\">\n\t\t\t<h4 class=\"elementor-heading-title elementor-size-default\">Mario\u00a0Jos\u00e9\u00a0Gonzalez, Pr\u00e9sident du Centro de Voluntariado Guatemalteco\u00a0[Centre de volontariat guat\u00e9malt\u00e8que]<\/h4>\t\t<\/div>\n\t\t\t\t<\/div>\n\t\t\t\t<div class=\"elementor-element elementor-element-656894c5 elementor-widget elementor-widget-spacer\" data-id=\"656894c5\" data-element_type=\"widget\" data-widget_type=\"spacer.default\">\n\t\t\t\t<div class=\"elementor-widget-container\">\n\t\t\t\t\t<div class=\"elementor-spacer\">\n\t\t\t<div class=\"elementor-spacer-inner\"><\/div>\n\t\t<\/div>\n\t\t\t\t<\/div>\n\t\t\t\t<\/div>\n\t\t\t\t<div class=\"elementor-element elementor-element-3e0d7e7d elementor-widget elementor-widget-text-editor\" data-id=\"3e0d7e7d\" data-element_type=\"widget\" data-widget_type=\"text-editor.default\">\n\t\t\t\t<div class=\"elementor-widget-container\">\n\t\t\t\t\t\t\t\t<div class=\"elementor-text-editor elementor-clearfix\">\n\t\t\t\t<h6><b>Quels partenariats votre organisation a-t-elle \u00e9tablis avec les volontaires\u00a0? De quelles mani\u00e8res s\u2019est-elle associ\u00e9e aux d\u00e9cideurs pour affronter les probl\u00e8mes soci\u00e9taux\u00a0? <\/b><\/h6>\n<p><span style=\"font-weight: 400;\">Depuis sa cr\u00e9ation, le Centre de volontariat guat\u00e9malt\u00e8que a une vocation de service. Une soci\u00e9t\u00e9 fragment\u00e9e ne pourra jamais acc\u00e9l\u00e9rer son d\u00e9veloppement\u00a0; nous avons tous un r\u00f4le essentiel \u00e0 jouer, et notre participation active et volontaire nous permet d\u2019inciter les habitants de notre pays \u00e0 soutenir des causes sociales.<\/span><\/p>\n<p><span style=\"font-weight: 400;\">Comme on dit au Guatemala, obliger quelqu\u2019un \u00e0 faire du volontariat, c\u2019est comme le forcer \u00e0 manger ou \u00e0 lacer ses chaussures\u00a0! Notre mission consiste donc \u00e0 donner aux gens la possibilit\u00e9 de mettre leurs comp\u00e9tences et leurs talents au service de leur communaut\u00e9 et de contribuer au d\u00e9veloppement local pour tous. <\/span><\/p>\n<p><span style=\"font-weight: 400;\">Cela ne saurait se faire sans l\u2019implication des autorit\u00e9s, des universitaires, des entreprises du secteur priv\u00e9, de l\u2019\u00c9glise et des organisations sociales, qui mutualisent leurs ambitions et leurs missions pour le bien commun. <\/span><\/p>\n<p><span style=\"font-weight: 400;\">L\u2019analyse et la mise \u00e0 jour constantes de nos objectifs nationaux nous permettent de d\u00e9terminer les domaines o\u00f9 cibler nos efforts et canaliser l\u2019expertise de tous les acteurs locaux dans l\u2019int\u00e9r\u00eat de toute la population.<\/span><\/p>\n<p><span style=\"font-weight: 400;\">Les jeunes ont un r\u00f4le essentiel \u00e0 jouer dans le d\u00e9veloppement durable et peuvent \u00e9galement contribuer activement \u00e0 la pr\u00e9vention des conflits. Les organisations de jeunes, les initiatives sociales, les fondations et les projets, ainsi que les gouvernements et d\u2019autres parties prenantes, doivent collaborer afin de faire de la soci\u00e9t\u00e9 un instrument fondamental de d\u00e9veloppement durable et de favoriser la pleine inclusion des divers groupes sociaux.<\/span><\/p>\n\t\t\t\t\t<\/div>\n\t\t\t\t\t\t<\/div>\n\t\t\t\t<\/div>\n\t\t\t\t<div class=\"elementor-element elementor-element-9c22aa4 elementor-arrows-position-outside elementor-pagination-position-outside elementor-widget elementor-widget-image-carousel\" data-id=\"9c22aa4\" data-element_type=\"widget\" data-settings=\"{&quot;slides_to_show&quot;:&quot;1&quot;,&quot;autoplay&quot;:&quot;no&quot;,&quot;navigation&quot;:&quot;both&quot;,&quot;infinite&quot;:&quot;yes&quot;,&quot;effect&quot;:&quot;slide&quot;,&quot;speed&quot;:500}\" data-widget_type=\"image-carousel.default\">\n\t\t\t\t<div class=\"elementor-widget-container\">\n\t\t\t\t\t<div class=\"elementor-image-carousel-wrapper swiper-container\" dir=\"ltr\">\n\t\t\t<div class=\"elementor-image-carousel swiper-wrapper\">\n\t\t\t\t\t\t\t\t<div class=\"swiper-slide\"><figure class=\"swiper-slide-inner\"><img class=\"swiper-slide-image\" src=\"https:\/\/swvr2022.unv.org\/wp-content\/uploads\/2021\/11\/Guatemala005-605x540.jpeg\" alt=\"Guatemala005\" \/><\/figure><\/div><div class=\"swiper-slide\"><figure class=\"swiper-slide-inner\"><img class=\"swiper-slide-image\" src=\"https:\/\/swvr2022.unv.org\/wp-content\/uploads\/2021\/11\/Guatemala004-605x540.jpeg\" alt=\"Guatemala004\" \/><\/figure><\/div><div class=\"swiper-slide\"><figure class=\"swiper-slide-inner\"><img class=\"swiper-slide-image\" src=\"https:\/\/swvr2022.unv.org\/wp-content\/uploads\/2021\/11\/Guatemala003-605x605.jpeg\" alt=\"Guatemala003\" \/><\/figure><\/div><div class=\"swiper-slide\"><figure class=\"swiper-slide-inner\"><img class=\"swiper-slide-image\" src=\"https:\/\/swvr2022.unv.org\/wp-content\/uploads\/2021\/11\/Guatemala002-605x605.jpeg\" alt=\"Guatemala002\" \/><\/figure><\/div><div class=\"swiper-slide\"><figure class=\"swiper-slide-inner\"><img class=\"swiper-slide-image\" src=\"https:\/\/swvr2022.unv.org\/wp-content\/uploads\/2021\/11\/Guatemala001-605x480.jpeg\" alt=\"Guatemala001\" \/><\/figure><\/div>\t\t\t<\/div>\n\t\t\t\t\t\t\t\t\t\t\t\t<div class=\"swiper-pagination\"><\/div>\n\t\t\t\t\t\t\t\t\t\t\t\t\t<div class=\"elementor-swiper-button elementor-swiper-button-prev\">\n\t\t\t\t\t\t<i class=\"eicon-chevron-left\" aria-hidden=\"true\"><\/i>\n\t\t\t\t\t\t<span class=\"elementor-screen-only\">Previous<\/span>\n\t\t\t\t\t<\/div>\n\t\t\t\t\t<div class=\"elementor-swiper-button elementor-swiper-button-next\">\n\t\t\t\t\t\t<i class=\"eicon-chevron-right\" aria-hidden=\"true\"><\/i>\n\t\t\t\t\t\t<span class=\"elementor-screen-only\">Next<\/span>\n\t\t\t\t\t<\/div>\n\t\t\t\t\t\t\t\t\t<\/div>\n\t\t\t\t<\/div>\n\t\t\t\t<\/div>\n\t\t\t\t<div class=\"elementor-element elementor-element-a9b7034 elementor-widget elementor-widget-text-editor\" data-id=\"a9b7034\" data-element_type=\"widget\" data-widget_type=\"text-editor.default\">\n\t\t\t\t<div class=\"elementor-widget-container\">\n\t\t\t\t\t\t\t\t<div class=\"elementor-text-editor elementor-clearfix\">\n\t\t\t\t<h6><b>\u00c0 l\u2019avenir, comment les structures et les syst\u00e8mes des groupes et organisations de volontaires peuvent-ils coop\u00e9rer avec les d\u00e9cideurs pour r\u00e9pondre aux probl\u00e8mes actuels et tirer parti des nouvelles possibilit\u00e9s\u00a0?<\/b><\/h6>\n<p><span style=\"font-weight: 400;\"> Nous sommes en train d\u2019\u00e9laborer, de mettre en \u0153uvre et d\u2019\u00e9valuer des strat\u00e9gies qui favoriseront une communication efficace avec les d\u00e9cideurs \u00e0 l\u2019\u00e9chelle nationale, en vue d\u2019atteindre les objectifs quantitatifs et qualitatifs de toutes les parties.<\/span><\/p>\n<p><span style=\"font-weight: 400;\">Les projets sont structur\u00e9s autour d\u2019objectifs \u00e0 court, moyen et long terme, et non autour de personnes en particulier. Les objectifs de d\u00e9veloppement durable\u00a0(ODD) s\u2019inscrivent au c\u0153ur de nos projets locaux, communautaires et nationaux. <\/span><\/p>\n<p><span style=\"font-weight: 400;\">Nous devrions assur\u00e9ment \u00eatre reconnaissants que la vie nous permette de d\u00e9velopper nos qualit\u00e9s et nos talents au contact d\u2019autres personnes, et de vivre des exp\u00e9riences uniques en tant que citoyens et en tant que volontaires. Cela a du sens d\u2019\u00eatre un citoyen qui poursuit un objectif pr\u00e9cis, et pas juste un habitant du pays ou une donn\u00e9e statistique anonyme. <\/span><\/p>\n<p><span style=\"font-weight: 400;\">Je ne sais pas \u00e0 quoi ressemble le volontariat ailleurs, si c\u2019est facile ou difficile, mais ce dont je suis s\u00fbr, c\u2019est que les volontaires sont fiers de ce qu\u2019ils accomplissent et que le meilleur reste \u00e0 venir. <\/span><\/p>\n<p><span style=\"font-weight: 400;\">La vie est belle. Elle nous permet de prendre du recul et de partager notre exp\u00e9rience avec nos amis et nos coll\u00e8gues. Elle nous fait prendre conscience que nous ne sommes pas seuls. D\u2019autres citoyens agissent aussi pour le bien, chacun avec sa propre mission et ses propres id\u00e9aux, mais tous unis par la conviction in\u00e9branlable que nous contribuons au d\u00e9veloppement de ce pays. <\/span><\/p>\n<p><span style=\"font-weight: 400;\"> Lorsqu\u2019on assume la responsabilit\u00e9 de diriger une institution, on cherche toujours \u00e0 donner le meilleur de soi-m\u00eame, m\u00eame lorsque l\u2019on est confront\u00e9 \u00e0 des difficult\u00e9s personnelles ou professionnelles, et surtout, \u00e0 ses propres erreurs. <\/span><\/p>\n<p><span style=\"font-weight: 400;\"> Mais lorsque des personnes qui partagent la m\u00eame force, les m\u00eames valeurs et les m\u00eames convictions se retrouvent sur le chemin, cela facilite la progression. Sans ces alli\u00e9s, les r\u00eaves et les projets ne rimeraient \u00e0 rien. <\/span><\/p>\n<p><span style=\"font-weight: 400;\"> Personne ne sait ce que l\u2019avenir nous r\u00e9serve, et il nous appartient d\u2019affronter chaque obstacle avec optimisme. Aujourd\u2019hui, nous pouvons dire, comme l\u2019a chant\u00e9 la grande Mercedes\u00a0Sosa, \u00ab\u00a0Merci \u00e0 la vie qui m\u2019a tant donn\u00e9\u00a0\u00bb. <\/span><\/p>\n\t\t\t\t\t<\/div>\n\t\t\t\t\t\t<\/div>\n\t\t\t\t<\/div>\n\t\t\t\t<div class=\"elementor-element elementor-element-3201f450 elementor-widget elementor-widget-spacer\" data-id=\"3201f450\" data-element_type=\"widget\" data-widget_type=\"spacer.default\">\n\t\t\t\t<div class=\"elementor-widget-container\">\n\t\t\t\t\t<div class=\"elementor-spacer\">\n\t\t\t<div class=\"elementor-spacer-inner\"><\/div>\n\t\t<\/div>\n\t\t\t\t<\/div>\n\t\t\t\t<\/div>\n\t\t\t\t<div class=\"elementor-element elementor-element-7ed0ae74 elementor-align-left elementor-widget elementor-widget-button\" data-id=\"7ed0ae74\" data-element_type=\"widget\" data-widget_type=\"button.default\">\n\t\t\t\t<div class=\"elementor-widget-container\">\n\t\t\t\t\t<div class=\"elementor-button-wrapper\">\n\t\t\t<a href=\"\/fr\/contributions-speciales\/\" class=\"elementor-button-link elementor-button elementor-size-lg\" role=\"button\">\n\t\t\t\t\t\t<span class=\"elementor-button-content-wrapper\">\n\t\t\t\t\t\t<span class=\"elementor-button-icon elementor-align-icon-left\">\n\t\t\t\t<i aria-hidden=\"true\" class=\"th-linea icon th-linea icon-arrows-circle-right\"><\/i>\t\t\t<\/span>\n\t\t\t\t\t\t<span class=\"elementor-button-text\">Retour<\/span>\n\t\t<\/span>\n\t\t\t\t\t<\/a>\n\t\t<\/div>\n\t\t\t\t<\/div>\n\t\t\t\t<\/div>\n\t\t\t\t\t\t<\/div>\n\t\t\t\t\t<\/div>\n\t\t<\/div>\n\t\t\t\t\t\t\t\t<\/div>\n\t\t\t\t\t<\/div>\n\t\t<\/section>\n\t\t\t\t\t\t<\/div>\n\t\t\t\t\t<\/div>\n\t\t<\/div>\n\t\t\t\t\t\t\t\t<\/div>\n\t\t\t\t\t<\/div>\n\t\t<\/section>\n\t\t\t\t\t\t<\/div>\n\t\t\t\t\t\t<\/div>\n\t\t\t\t\t<\/div>\n\t\t","protected":false},"excerpt":{"rendered":"<p>Contributions sp\u00e9ciales Guatemala Mario\u00a0Jos\u00e9\u00a0Gonzalez, Pr\u00e9sident du Centro de Voluntariado Guatemalteco\u00a0[Centre de volontariat guat\u00e9malt\u00e8que] Quels partenariats votre organisation a-t-elle \u00e9tablis avec les volontaires\u00a0? De quelles mani\u00e8res s\u2019est-elle associ\u00e9e aux d\u00e9cideurs pour affronter les probl\u00e8mes soci\u00e9taux\u00a0? Depuis sa cr\u00e9ation, le Centre de &hellip; <a href=\"https:\/\/swvr2022.unv.org\/fr\/sc-guatemala\/\">Read More<\/a><\/p>\n","protected":false},"author":1,"featured_media":0,"parent":0,"menu_order":33,"comment_status":"closed","ping_status":"closed","template":"","meta":[],"yoast_head":"<!-- This site is optimized with the Yoast SEO plugin v17.6 - https:\/\/yoast.com\/wordpress\/plugins\/seo\/ -->\n<title>SC - Guatemala | UNV SWVR 2022<\/title>\n<meta name=\"description\" content=\"Contributions sp\u00e9ciales Guatemala Mario\u00a0Jos\u00e9\u00a0Gonzalez, Pr\u00e9sident du Centro de Voluntariado Guatemalteco\u00a0 Quels partenariats votre organisation a-t-elle\" \/>\n<meta name=\"robots\" content=\"index, follow, max-snippet:-1, max-image-preview:large, max-video-preview:-1\" \/>\n<link rel=\"canonical\" href=\"https:\/\/swvr2022.unv.org\/fr\/sc-guatemala\/\" \/>\n<meta property=\"og:locale\" content=\"fr_FR\" \/>\n<meta property=\"og:type\" content=\"article\" \/>\n<meta property=\"og:title\" content=\"SC - Guatemala | UNV SWVR 2022\" \/>\n<meta property=\"og:description\" content=\"Contributions sp\u00e9ciales Guatemala Mario\u00a0Jos\u00e9\u00a0Gonzalez, Pr\u00e9sident du Centro de Voluntariado Guatemalteco\u00a0 Quels partenariats votre organisation a-t-elle\" \/>\n<meta property=\"og:url\" content=\"https:\/\/swvr2022.unv.org\/fr\/sc-guatemala\/\" \/>\n<meta property=\"og:site_name\" content=\"UNV SWVR 2022\" \/>\n<meta property=\"article:publisher\" content=\"https:\/\/www.facebook.com\/unvolunteers\/\" \/>\n<meta property=\"article:modified_time\" content=\"2022-04-19T14:59:10+00:00\" \/>\n<meta property=\"og:image\" content=\"https:\/\/live-unv-swvr.pantheonsite.io\/wp-content\/uploads\/2021\/11\/Guatemala005-605x540.jpeg\" \/>\n<meta name=\"twitter:card\" content=\"summary_large_image\" \/>\n<meta name=\"twitter:site\" content=\"@UNVolunteers\" \/>\n<meta name=\"twitter:label1\" content=\"Est. reading time\" \/>\n\t<meta name=\"twitter:data1\" content=\"5 minutes\" \/>\n<script type=\"application\/ld+json\" class=\"yoast-schema-graph\">{\"@context\":\"https:\/\/schema.org\",\"@graph\":[{\"@type\":\"Organization\",\"@id\":\"https:\/\/swvr2022.unv.org\/#organization\",\"name\":\"UN Volunteers\",\"url\":\"https:\/\/swvr2022.unv.org\/\",\"sameAs\":[\"https:\/\/www.facebook.com\/unvolunteers\/\",\"https:\/\/www.instagram.com\/unvolunteers\/?hl=en\",\"https:\/\/www.youtube.com\/channel\/UCdcJE_W3L7tZGEJ46aOibPg\",\"https:\/\/twitter.com\/UNVolunteers\"],\"logo\":{\"@type\":\"ImageObject\",\"@id\":\"https:\/\/swvr2022.unv.org\/#logo\",\"inLanguage\":\"fr-FR\",\"url\":\"https:\/\/swvr2022.unv.org\/wp-content\/uploads\/2021\/12\/download.png\",\"contentUrl\":\"https:\/\/swvr2022.unv.org\/wp-content\/uploads\/2021\/12\/download.png\",\"width\":530,\"height\":95,\"caption\":\"UN Volunteers\"},\"image\":{\"@id\":\"https:\/\/swvr2022.unv.org\/#logo\"}},{\"@type\":\"WebSite\",\"@id\":\"https:\/\/swvr2022.unv.org\/#website\",\"url\":\"https:\/\/swvr2022.unv.org\/\",\"name\":\"UNV SWVR 2022\",\"description\":\"\",\"publisher\":{\"@id\":\"https:\/\/swvr2022.unv.org\/#organization\"},\"potentialAction\":[{\"@type\":\"SearchAction\",\"target\":{\"@type\":\"EntryPoint\",\"urlTemplate\":\"https:\/\/swvr2022.unv.org\/?s={search_term_string}\"},\"query-input\":\"required name=search_term_string\"}],\"inLanguage\":\"fr-FR\"},{\"@type\":\"ImageObject\",\"@id\":\"https:\/\/swvr2022.unv.org\/fr\/sc-guatemala\/#primaryimage\",\"inLanguage\":\"fr-FR\",\"url\":\"https:\/\/live-unv-swvr.pantheonsite.io\/wp-content\/uploads\/2021\/11\/Guatemala005-605x540.jpeg\",\"contentUrl\":\"https:\/\/live-unv-swvr.pantheonsite.io\/wp-content\/uploads\/2021\/11\/Guatemala005-605x540.jpeg\"},{\"@type\":\"WebPage\",\"@id\":\"https:\/\/swvr2022.unv.org\/fr\/sc-guatemala\/#webpage\",\"url\":\"https:\/\/swvr2022.unv.org\/fr\/sc-guatemala\/\",\"name\":\"SC - Guatemala | UNV SWVR 2022\",\"isPartOf\":{\"@id\":\"https:\/\/swvr2022.unv.org\/#website\"},\"primaryImageOfPage\":{\"@id\":\"https:\/\/swvr2022.unv.org\/fr\/sc-guatemala\/#primaryimage\"},\"datePublished\":\"2022-03-22T13:56:41+00:00\",\"dateModified\":\"2022-04-19T14:59:10+00:00\",\"description\":\"Contributions sp\\u00e9ciales Guatemala Mario\\u00a0Jos\\u00e9\\u00a0Gonzalez, Pr\\u00e9sident du Centro de Voluntariado Guatemalteco\\u00a0 Quels partenariats votre organisation a-t-elle\",\"breadcrumb\":{\"@id\":\"https:\/\/swvr2022.unv.org\/fr\/sc-guatemala\/#breadcrumb\"},\"inLanguage\":\"fr-FR\",\"potentialAction\":[{\"@type\":\"ReadAction\",\"target\":[\"https:\/\/swvr2022.unv.org\/fr\/sc-guatemala\/\"]}]},{\"@type\":\"BreadcrumbList\",\"@id\":\"https:\/\/swvr2022.unv.org\/fr\/sc-guatemala\/#breadcrumb\",\"itemListElement\":[{\"@type\":\"ListItem\",\"position\":1,\"name\":\"Home\",\"item\":\"https:\/\/swvr2022.unv.org\/fr\/\"},{\"@type\":\"ListItem\",\"position\":2,\"name\":\"SC &#8211; Guatemala\"}]}]}<\/script>\n<!-- \/ Yoast SEO plugin. -->","yoast_head_json":{"title":"SC - Guatemala | UNV SWVR 2022","description":"Contributions sp\u00e9ciales Guatemala Mario\u00a0Jos\u00e9\u00a0Gonzalez, Pr\u00e9sident du Centro de Voluntariado Guatemalteco\u00a0 Quels partenariats votre organisation a-t-elle","robots":{"index":"index","follow":"follow","max-snippet":"max-snippet:-1","max-image-preview":"max-image-preview:large","max-video-preview":"max-video-preview:-1"},"canonical":"https:\/\/swvr2022.unv.org\/fr\/sc-guatemala\/","og_locale":"fr_FR","og_type":"article","og_title":"SC - Guatemala | UNV SWVR 2022","og_description":"Contributions sp\u00e9ciales Guatemala Mario\u00a0Jos\u00e9\u00a0Gonzalez, Pr\u00e9sident du Centro de Voluntariado Guatemalteco\u00a0 Quels partenariats votre organisation a-t-elle","og_url":"https:\/\/swvr2022.unv.org\/fr\/sc-guatemala\/","og_site_name":"UNV SWVR 2022","article_publisher":"https:\/\/www.facebook.com\/unvolunteers\/","article_modified_time":"2022-04-19T14:59:10+00:00","og_image":[{"url":"https:\/\/live-unv-swvr.pantheonsite.io\/wp-content\/uploads\/2021\/11\/Guatemala005-605x540.jpeg"}],"twitter_card":"summary_large_image","twitter_site":"@UNVolunteers","twitter_misc":{"Est. reading time":"5 minutes"},"schema":{"@context":"https:\/\/schema.org","@graph":[{"@type":"Organization","@id":"https:\/\/swvr2022.unv.org\/#organization","name":"UN Volunteers","url":"https:\/\/swvr2022.unv.org\/","sameAs":["https:\/\/www.facebook.com\/unvolunteers\/","https:\/\/www.instagram.com\/unvolunteers\/?hl=en","https:\/\/www.youtube.com\/channel\/UCdcJE_W3L7tZGEJ46aOibPg","https:\/\/twitter.com\/UNVolunteers"],"logo":{"@type":"ImageObject","@id":"https:\/\/swvr2022.unv.org\/#logo","inLanguage":"fr-FR","url":"https:\/\/swvr2022.unv.org\/wp-content\/uploads\/2021\/12\/download.png","contentUrl":"https:\/\/swvr2022.unv.org\/wp-content\/uploads\/2021\/12\/download.png","width":530,"height":95,"caption":"UN Volunteers"},"image":{"@id":"https:\/\/swvr2022.unv.org\/#logo"}},{"@type":"WebSite","@id":"https:\/\/swvr2022.unv.org\/#website","url":"https:\/\/swvr2022.unv.org\/","name":"UNV SWVR 2022","description":"","publisher":{"@id":"https:\/\/swvr2022.unv.org\/#organization"},"potentialAction":[{"@type":"SearchAction","target":{"@type":"EntryPoint","urlTemplate":"https:\/\/swvr2022.unv.org\/?s={search_term_string}"},"query-input":"required name=search_term_string"}],"inLanguage":"fr-FR"},{"@type":"ImageObject","@id":"https:\/\/swvr2022.unv.org\/fr\/sc-guatemala\/#primaryimage","inLanguage":"fr-FR","url":"https:\/\/live-unv-swvr.pantheonsite.io\/wp-content\/uploads\/2021\/11\/Guatemala005-605x540.jpeg","contentUrl":"https:\/\/live-unv-swvr.pantheonsite.io\/wp-content\/uploads\/2021\/11\/Guatemala005-605x540.jpeg"},{"@type":"WebPage","@id":"https:\/\/swvr2022.unv.org\/fr\/sc-guatemala\/#webpage","url":"https:\/\/swvr2022.unv.org\/fr\/sc-guatemala\/","name":"SC - Guatemala | UNV SWVR 2022","isPartOf":{"@id":"https:\/\/swvr2022.unv.org\/#website"},"primaryImageOfPage":{"@id":"https:\/\/swvr2022.unv.org\/fr\/sc-guatemala\/#primaryimage"},"datePublished":"2022-03-22T13:56:41+00:00","dateModified":"2022-04-19T14:59:10+00:00","description":"Contributions sp\u00e9ciales Guatemala Mario\u00a0Jos\u00e9\u00a0Gonzalez, Pr\u00e9sident du Centro de Voluntariado Guatemalteco\u00a0 Quels partenariats votre organisation a-t-elle","breadcrumb":{"@id":"https:\/\/swvr2022.unv.org\/fr\/sc-guatemala\/#breadcrumb"},"inLanguage":"fr-FR","potentialAction":[{"@type":"ReadAction","target":["https:\/\/swvr2022.unv.org\/fr\/sc-guatemala\/"]}]},{"@type":"BreadcrumbList","@id":"https:\/\/swvr2022.unv.org\/fr\/sc-guatemala\/#breadcrumb","itemListElement":[{"@type":"ListItem","position":1,"name":"Home","item":"https:\/\/swvr2022.unv.org\/fr\/"},{"@type":"ListItem","position":2,"name":"SC &#8211; Guatemala"}]}]}},"_links":{"self":[{"href":"https:\/\/swvr2022.unv.org\/fr\/wp-json\/wp\/v2\/pages\/18261"}],"collection":[{"href":"https:\/\/swvr2022.unv.org\/fr\/wp-json\/wp\/v2\/pages"}],"about":[{"href":"https:\/\/swvr2022.unv.org\/fr\/wp-json\/wp\/v2\/types\/page"}],"author":[{"embeddable":true,"href":"https:\/\/swvr2022.unv.org\/fr\/wp-json\/wp\/v2\/users\/1"}],"replies":[{"embeddable":true,"href":"https:\/\/swvr2022.unv.org\/fr\/wp-json\/wp\/v2\/comments?post=18261"}],"version-history":[{"count":7,"href":"https:\/\/swvr2022.unv.org\/fr\/wp-json\/wp\/v2\/pages\/18261\/revisions"}],"predecessor-version":[{"id":19279,"href":"https:\/\/swvr2022.unv.org\/fr\/wp-json\/wp\/v2\/pages\/18261\/revisions\/19279"}],"wp:attachment":[{"href":"https:\/\/swvr2022.unv.org\/fr\/wp-json\/wp\/v2\/media?parent=18261"}],"curies":[{"name":"wp","href":"https:\/\/api.w.org\/{rel}","templated":true}]}}