{"id":18264,"date":"2022-03-22T13:56:43","date_gmt":"2022-03-22T13:56:43","guid":{"rendered":"https:\/\/live-unv-swvr.pantheonsite.io\/sc-kazakhstan\/"},"modified":"2022-04-19T15:00:08","modified_gmt":"2022-04-19T15:00:08","slug":"sc-kazakhstan","status":"publish","type":"page","link":"https:\/\/swvr2022.unv.org\/fr\/sc-kazakhstan\/","title":{"rendered":"SC &#8211; Kazakhstan"},"content":{"rendered":"\t\t<div data-elementor-type=\"wp-page\" data-elementor-id=\"18264\" class=\"elementor elementor-18264 elementor-12498\" data-elementor-settings=\"[]\">\n\t\t\t\t\t\t<div class=\"elementor-inner\">\n\t\t\t\t\t\t\t<div class=\"elementor-section-wrap\">\n\t\t\t\t\t\t\t<section class=\"has_eae_slider elementor-section elementor-top-section elementor-element elementor-element-108aa76f elementor-section-height-min-height animated-slow elementor-section-content-middle elementor-section-boxed elementor-section-height-default elementor-section-items-middle elementor-invisible\" data-id=\"108aa76f\" data-element_type=\"section\" data-settings=\"{&quot;background_background&quot;:&quot;classic&quot;,&quot;animation&quot;:&quot;fadeIn&quot;}\">\n\t\t\t\t\t\t\t<div class=\"elementor-background-overlay\"><\/div>\n\t\t\t\t\t\t\t<div class=\"elementor-container elementor-column-gap-default\">\n\t\t\t\t\t\t\t<div class=\"elementor-row\">\n\t\t\t\t\t<div class=\"has_eae_slider elementor-column elementor-col-100 elementor-top-column elementor-element elementor-element-5a318c85\" data-id=\"5a318c85\" data-element_type=\"column\">\n\t\t\t<div class=\"elementor-column-wrap elementor-element-populated\">\n\t\t\t\t\t\t\t<div class=\"elementor-widget-wrap\">\n\t\t\t\t\t\t<section class=\"has_eae_slider elementor-section elementor-inner-section elementor-element elementor-element-4cef0202 elementor-section-content-bottom elementor-section-boxed elementor-section-height-default elementor-section-height-default\" data-id=\"4cef0202\" data-element_type=\"section\" data-settings=\"{&quot;background_background&quot;:&quot;classic&quot;}\">\n\t\t\t\t\t\t<div class=\"elementor-container elementor-column-gap-default\">\n\t\t\t\t\t\t\t<div class=\"elementor-row\">\n\t\t\t\t\t<div class=\"has_eae_slider elementor-column elementor-col-100 elementor-inner-column elementor-element elementor-element-3059befb animated-slow elementor-invisible\" data-id=\"3059befb\" data-element_type=\"column\" data-settings=\"{&quot;background_background&quot;:&quot;classic&quot;,&quot;animation&quot;:&quot;fadeIn&quot;,&quot;animation_delay&quot;:600}\">\n\t\t\t<div class=\"elementor-column-wrap elementor-element-populated\">\n\t\t\t\t\t\t\t<div class=\"elementor-widget-wrap\">\n\t\t\t\t\t\t<div class=\"elementor-element elementor-element-d8f20c4 elementor-invisible elementor-widget elementor-widget-heading\" data-id=\"d8f20c4\" data-element_type=\"widget\" data-settings=\"{&quot;_animation&quot;:&quot;fadeIn&quot;,&quot;_animation_delay&quot;:600}\" data-widget_type=\"heading.default\">\n\t\t\t\t<div class=\"elementor-widget-container\">\n\t\t\t<h1 class=\"elementor-heading-title elementor-size-default\">Contributions sp\u00e9ciales<\/h1>\t\t<\/div>\n\t\t\t\t<\/div>\n\t\t\t\t<div class=\"elementor-element elementor-element-1a79ada1 elementor-widget elementor-widget-spacer\" data-id=\"1a79ada1\" data-element_type=\"widget\" data-widget_type=\"spacer.default\">\n\t\t\t\t<div class=\"elementor-widget-container\">\n\t\t\t\t\t<div class=\"elementor-spacer\">\n\t\t\t<div class=\"elementor-spacer-inner\"><\/div>\n\t\t<\/div>\n\t\t\t\t<\/div>\n\t\t\t\t<\/div>\n\t\t\t\t<div class=\"elementor-element elementor-element-8a8df88 elementor-widget elementor-widget-heading\" data-id=\"8a8df88\" data-element_type=\"widget\" data-widget_type=\"heading.default\">\n\t\t\t\t<div class=\"elementor-widget-container\">\n\t\t\t<h4 class=\"elementor-heading-title elementor-size-default\">Kazakhstan<\/h4>\t\t<\/div>\n\t\t\t\t<\/div>\n\t\t\t\t<div class=\"elementor-element elementor-element-a966a96 elementor-widget elementor-widget-spacer\" data-id=\"a966a96\" data-element_type=\"widget\" data-widget_type=\"spacer.default\">\n\t\t\t\t<div class=\"elementor-widget-container\">\n\t\t\t\t\t<div class=\"elementor-spacer\">\n\t\t\t<div class=\"elementor-spacer-inner\"><\/div>\n\t\t<\/div>\n\t\t\t\t<\/div>\n\t\t\t\t<\/div>\n\t\t\t\t<div class=\"elementor-element elementor-element-1723ff2d elementor-invisible elementor-widget elementor-widget-heading\" data-id=\"1723ff2d\" data-element_type=\"widget\" data-settings=\"{&quot;_animation&quot;:&quot;fadeIn&quot;,&quot;_animation_delay&quot;:600}\" data-widget_type=\"heading.default\">\n\t\t\t\t<div class=\"elementor-widget-container\">\n\t\t\t<h4 class=\"elementor-heading-title elementor-size-default\">Arthur van Diesen, repr\u00e9sentant du programme de volontariat des jeunes du Fonds des Nations Unies pour l\u2019enfance (UNICEF) au Kazakhstan<\/h4>\t\t<\/div>\n\t\t\t\t<\/div>\n\t\t\t\t<div class=\"elementor-element elementor-element-366dad49 elementor-widget elementor-widget-spacer\" data-id=\"366dad49\" data-element_type=\"widget\" data-widget_type=\"spacer.default\">\n\t\t\t\t<div class=\"elementor-widget-container\">\n\t\t\t\t\t<div class=\"elementor-spacer\">\n\t\t\t<div class=\"elementor-spacer-inner\"><\/div>\n\t\t<\/div>\n\t\t\t\t<\/div>\n\t\t\t\t<\/div>\n\t\t\t\t<div class=\"elementor-element elementor-element-61bd3820 elementor-widget elementor-widget-text-editor\" data-id=\"61bd3820\" data-element_type=\"widget\" data-widget_type=\"text-editor.default\">\n\t\t\t\t<div class=\"elementor-widget-container\">\n\t\t\t\t\t\t\t\t<div class=\"elementor-text-editor elementor-clearfix\">\n\t\t\t\t<h6><b>Pr\u00e9sentation<\/b><\/h6><p><span style=\"font-weight: 400;\">Le Kazakhstan est un pays \u00e0 revenu interm\u00e9diaire de la tranche sup\u00e9rieure qui affiche un taux d\u2019alphab\u00e9tisation de 99,8 % chez les adultes (15 ans et plus). C\u2019est le neuvi\u00e8me plus grand pays au monde, et sa densit\u00e9 de population est parmi les plus faibles, \u00e0 moins de 6 habitants\/km2. Son taux de p\u00e9n\u00e9tration d\u2019Internet, qui s\u2019\u00e9l\u00e8ve \u00e0 81,9 %, en fait un territoire propice au d\u00e9veloppement du volontariat en ligne. <\/span><\/p><p><span style=\"font-weight: 400;\">Les jeunes \u00e2g\u00e9s de 10 \u00e0 24 ans repr\u00e9sentent pr\u00e8s d\u2019un cinqui\u00e8me de la population du Kazakhstan. Instruits et connect\u00e9s au r\u00e9seau, ils ont toutes les cartes en main pour tirer parti du volontariat en ligne. Conscient de ce potentiel, le bureau de l\u2019UNICEF au Kazakhstan a exp\u00e9riment\u00e9 en 2020 un programme de volontariat en ligne consacr\u00e9 \u00e0 la lutte contre le harc\u00e8lement ainsi qu\u2019\u00e0 la protection de l\u2019environnement. L\u2019organisation a mobilis\u00e9 plus de 9 000 jeunes volontaires de toutes les r\u00e9gions du Kazakhstan pour dispenser des cours de pr\u00e9vention du harc\u00e8lement dans les \u00e9coles, encourager la population \u00e0 utiliser moins de plastique, lutter contre la d\u00e9sinformation li\u00e9e \u00e0 la COVID-19 et d\u00e9fendre le bien-\u00eatre, l\u2019inclusion et les droits des enfants. Depuis le lancement de l\u2019initiative, les volontaires ont sensibilis\u00e9 plus de 98 000 \u00e9l\u00e8ves et 7 200 parents, et publi\u00e9 plus de 4 000 messages sur les r\u00e9seaux sociaux, atteignant plus de 800 000 internautes. <\/span><\/p><p><span style=\"font-weight: 400;\">Fort de cette r\u00e9ussite, le programme de volontariat du bureau de l\u2019UNICEF au Kazakhstan a pris de l\u2019ampleur en 2021 et a \u00e9largi ses domaines d\u2019intervention afin d\u2019int\u00e9grer davantage de jeunes form\u00e9s \u00e0 la r\u00e9duction des risques de catastrophe et aux comportements \u00e0 adopter en cas d\u2019urgence pour les enfants et les jeunes, mais \u00e9galement \u00e0 la promotion des droits des enfants et d\u2019une soci\u00e9t\u00e9 inclusive. <\/span><\/p><h6>\u00a0<\/h6><h6><b>Les jeunes volontaires <\/b><\/h6><p><span style=\"font-weight: 400;\">Les volontaires dotent les \u00e9l\u00e8ves et leurs propres pairs de connaissances, de comp\u00e9tences et d\u2019outils pratiques sur la pr\u00e9vention du harc\u00e8lement, la sant\u00e9 mentale et la protection de l\u2019environnement. Suivant un principe d\u2019horizontalit\u00e9, l\u2019absence d\u2019autorit\u00e9 et de pression des pairs am\u00e9liore l\u2019efficacit\u00e9 de la communication et donne de meilleurs r\u00e9sultats. <\/span><\/p><p><span style=\"font-weight: 400;\">De concert avec les jeunes, les volontaires imaginent et con\u00e7oivent des solutions pour faire progresser les droits des enfants gr\u00e2ce \u00e0 des engagements concrets. <\/span><\/p><p><span style=\"font-weight: 400;\">Dans le cadre de cette initiative, les volontaires ont \u00e9largi de fa\u00e7on consid\u00e9rable le rayonnement du bureau de l\u2019UNICEF au Kazakhstan, y compris dans les r\u00e9gions rurales isol\u00e9es et aupr\u00e8s d\u2019enfants et de familles kazakhophones. L\u2019organisation de cours en ligne a en outre contribu\u00e9 \u00e0 combattre les in\u00e9galit\u00e9s en mati\u00e8re d\u2019acc\u00e8s \u00e0 l\u2019information, particuli\u00e8rement criantes dans les villes et villages isol\u00e9s du Kazakhstan. <\/span><\/p><p><b>Type de volontariat : <\/b><span style=\"font-weight: 400;\">en ligne et hors ligne <\/span><\/p><p><b>Nombre de volontaires : <\/b><span style=\"font-weight: 400;\">720 volontaires recrut\u00e9s pour les projets BeKind et Plastic Free<\/span><\/p><p><b>Port\u00e9e : <\/b><span style=\"font-weight: 400;\">nationale\u00a0<\/span><\/p><p><b>Organisation responsable : <\/b><span style=\"font-weight: 400;\">R\u00e9seau national de volontariat <\/span><b>\u00a0<\/b><\/p><p><b>Partenariats : <\/b><span style=\"font-weight: 400;\"> l\u2019UNICEF s\u2019est associ\u00e9 au minist\u00e8re de l\u2019\u00c9ducation du Kazakhstan afin d\u2019encourager la mise en \u0153uvre efficace d\u2019initiatives de lutte contre le harc\u00e8lement et de sensibilisation \u00e0 l\u2019environnement dans les \u00e9coles du pays. <\/span><\/p><p><b>ODD : <\/b><span style=\"font-weight: 400;\">3 (sant\u00e9 et bien-\u00eatre),<\/span> <span style=\"font-weight: 400;\">10 (r\u00e9duction des in\u00e9galit\u00e9s), 12 (consommation et production responsables et 13 (action climatique) <\/span><\/p><h6>\u00a0<\/h6><h6><b>R\u00e9sultats de l\u2019initiative et retours d\u2019exp\u00e9rience<\/b><\/h6><ul><li aria-level=\"1\"><span style=\"font-weight: 400;\">Le projet de volontariat BeKind, consacr\u00e9 \u00e0 la pr\u00e9vention du harc\u00e8lement et \u00e0 l\u2019instauration d\u2019un environnement scolaire plus s\u00fbr, a pu compter sur l\u2019aide de 463 volontaires en ligne. Ces derniers ont dispens\u00e9 1 796 cours en ligne pour 483 \u00e9coles de neuf r\u00e9gions du Kazakhstan, atteignant 59 460 \u00e9l\u00e8ves en ligne et 881 hors ligne. Pendant ces cours, les enfants ont appris \u00e0 pr\u00e9venir le harc\u00e8lement et \u00e0 y r\u00e9agir, et 7 325 parents ont appris comment communiquer avec leurs enfants et les aider dans ce type de situation.<\/span><\/li><li style=\"font-weight: 400;\" aria-level=\"1\"><span style=\"font-weight: 400;\">Le projet de volontariat Plastic Free, qui visait \u00e0 encourager les enfants et les jeunes \u00e0 adopter des comportements \u00e9coresponsables et \u00e0 les informer des dangers de la pollution plastique, a de son c\u00f4t\u00e9 mobilis\u00e9 257 volontaires. Ceux-ci, aid\u00e9s par des \u00e9cologistes, ont organis\u00e9 428 cours en ligne suivis par 22 238 enfants en ligne et 80 hors ligne, le tout dans 45 \u00e9coles. Les enfants ont d\u00e9couvert de nouvelles habitudes \u00e9coresponsables \u00e0 acqu\u00e9rir (utiliser des sacs de courses r\u00e9utilisables plut\u00f4t que des sacs plastiques, apporter leur propre bouteille d\u2019eau r\u00e9utilisable, etc.).<\/span><\/li><li><span style=\"font-weight: 400;\"> Le volontariat est devenu l\u2019une des principales strat\u00e9gies intersectorielles du programme de pays du bureau de l\u2019UNICEF au Kazakhstan pour la p\u00e9riode 2021-2025. Il a \u00e9galement permis \u00e0 l\u2019UNICEF de gagner consid\u00e9rablement en notori\u00e9t\u00e9 au Kazakhstan et d\u2019amplifier sa pr\u00e9sence sur les r\u00e9seaux sociaux en multipliant par 3,6 le nombre d\u2019abonn\u00e9s, pass\u00e9 de 20 000 en 2019 \u00e0 72 376 en 2020, essentiellement gr\u00e2ce \u00e0 l\u2019engagement des volontaires. <\/span><\/li><li style=\"font-weight: 400;\" aria-level=\"1\"><span style=\"font-weight: 400;\">Du fait de l\u2019approche hybride combinant des interventions en ligne et hors ligne, la continuit\u00e9 du programme de volontariat et de sa mise en \u0153uvre a pu \u00eatre assur\u00e9e durant la pand\u00e9mie de COVID-19, des efforts qui ont accru la port\u00e9e de l\u2019organisation. <\/span><\/li><li style=\"font-weight: 400;\" aria-level=\"1\"><span style=\"font-weight: 400;\"> Le programme de volontariat, directement destin\u00e9 aux jeunes, s\u2019est av\u00e9r\u00e9 remarquablement efficace et a port\u00e9 ses fruits \u00e0 de nombreux niveaux. Gr\u00e2ce \u00e0 l\u2019investissement des jeunes et \u00e0 leur d\u00e9termination \u00e0 agir, en particulier pendant le confinement, \u00e0 l\u2019approche \u00ab entre pairs \u00bb, au partenariat avec un acteur influent de la soci\u00e9t\u00e9 civile nationale et \u00e0 l\u2019engagement du Gouvernement, l\u2019UNICEF a pu atteindre toutes les r\u00e9gions du Kazakhstan, y compris les zones les plus isol\u00e9es de cet immense territoire. <\/span><\/li><li style=\"font-weight: 400;\" aria-level=\"1\"><span style=\"font-weight: 400;\">Le fait que les jeunes aient particip\u00e9 d\u00e8s le d\u00e9but \u00e0 la conception du programme a favoris\u00e9 leur adh\u00e9sion et leur a permis de se l\u2019approprier. Ils ont fait en sorte que le programme r\u00e9ponde parfaitement aux besoins des jeunes, \u00e0 leurs motivations et \u00e0 leurs pratiques de pr\u00e9dilection. <\/span><\/li><li style=\"font-weight: 400;\" aria-level=\"1\"><span style=\"font-weight: 400;\">Malgr\u00e9 l\u2019ampleur du programme, toutes les interactions avec les enfants \u00e9taient organis\u00e9es \u00e0 l\u2019\u00e9chelle des \u00e9coles, ce qui a fortement motiv\u00e9 les administrations scolaires \u00e0 accepter que les cours soient dispens\u00e9s dans leur \u00e9tablissement. <\/span><\/li><li style=\"font-weight: 400;\" aria-level=\"1\"><span style=\"font-weight: 400;\">Le Pr\u00e9sident du Kazakhstan avait d\u00e9clar\u00e9 que 2020 serait l\u2019\u00ab Ann\u00e9e du volontariat \u00bb. \u00c0 cette occasion, le bureau de l\u2019UNICEF au Kazakhstan s\u2019est appuy\u00e9 sur son programme de volontariat afin de promouvoir un renforcement de la l\u00e9gislation en la mati\u00e8re dans le pays, notamment en faisant part des observations et des retours d\u2019exp\u00e9rience du programme pilote au minist\u00e8re de l\u2019Information et du D\u00e9veloppement social. <\/span><\/li><\/ul><h6>\u00a0<\/h6><h6><b>Pour plus d\u2019informations : <\/b><\/h6><h6><span style=\"font-weight: 400;\">UNICEF Volunteers \u2013 <\/span><a href=\"https:\/\/www.youtube.com\/playlist?list=PLbY0KLxpBuZ7ZMYTHpfBAEMmIE8_BY9-U\"><span style=\"font-weight: 400;\">cha\u00eene YouTube <\/span><\/a><span style=\"font-weight: 400;\">sur laquelle des volontaires t\u00e9moignent de leur exp\u00e9rience<\/span><\/h6>\t\t\t\t\t<\/div>\n\t\t\t\t\t\t<\/div>\n\t\t\t\t<\/div>\n\t\t\t\t<div class=\"elementor-element elementor-element-6574ff41 elementor-widget elementor-widget-spacer\" data-id=\"6574ff41\" data-element_type=\"widget\" data-widget_type=\"spacer.default\">\n\t\t\t\t<div class=\"elementor-widget-container\">\n\t\t\t\t\t<div class=\"elementor-spacer\">\n\t\t\t<div class=\"elementor-spacer-inner\"><\/div>\n\t\t<\/div>\n\t\t\t\t<\/div>\n\t\t\t\t<\/div>\n\t\t\t\t<div class=\"elementor-element elementor-element-7c92306 elementor-align-left elementor-widget elementor-widget-button\" data-id=\"7c92306\" data-element_type=\"widget\" data-widget_type=\"button.default\">\n\t\t\t\t<div class=\"elementor-widget-container\">\n\t\t\t\t\t<div class=\"elementor-button-wrapper\">\n\t\t\t<a href=\"\/fr\/contributions-speciales\/\" class=\"elementor-button-link elementor-button elementor-size-lg\" role=\"button\">\n\t\t\t\t\t\t<span class=\"elementor-button-content-wrapper\">\n\t\t\t\t\t\t<span class=\"elementor-button-icon elementor-align-icon-left\">\n\t\t\t\t<i aria-hidden=\"true\" class=\"th-linea icon th-linea icon-arrows-circle-right\"><\/i>\t\t\t<\/span>\n\t\t\t\t\t\t<span class=\"elementor-button-text\">Retour<\/span>\n\t\t<\/span>\n\t\t\t\t\t<\/a>\n\t\t<\/div>\n\t\t\t\t<\/div>\n\t\t\t\t<\/div>\n\t\t\t\t\t\t<\/div>\n\t\t\t\t\t<\/div>\n\t\t<\/div>\n\t\t\t\t\t\t\t\t<\/div>\n\t\t\t\t\t<\/div>\n\t\t<\/section>\n\t\t\t\t\t\t<\/div>\n\t\t\t\t\t<\/div>\n\t\t<\/div>\n\t\t\t\t\t\t\t\t<\/div>\n\t\t\t\t\t<\/div>\n\t\t<\/section>\n\t\t\t\t\t\t<\/div>\n\t\t\t\t\t\t<\/div>\n\t\t\t\t\t<\/div>\n\t\t","protected":false},"excerpt":{"rendered":"<p>Contributions sp\u00e9ciales Kazakhstan Arthur van Diesen, repr\u00e9sentant du programme de volontariat des jeunes du Fonds des Nations Unies pour l\u2019enfance (UNICEF) au Kazakhstan Pr\u00e9sentation Le Kazakhstan est un pays \u00e0 revenu interm\u00e9diaire de la tranche sup\u00e9rieure qui affiche un taux &hellip; <a href=\"https:\/\/swvr2022.unv.org\/fr\/sc-kazakhstan\/\">Read More<\/a><\/p>\n","protected":false},"author":1,"featured_media":0,"parent":0,"menu_order":41,"comment_status":"closed","ping_status":"closed","template":"","meta":[],"yoast_head":"<!-- This site is optimized with the Yoast SEO plugin v17.6 - https:\/\/yoast.com\/wordpress\/plugins\/seo\/ -->\n<title>SC - Kazakhstan | UNV SWVR 2022<\/title>\n<meta name=\"description\" content=\"Contributions sp\u00e9ciales Kazakhstan Arthur van Diesen, repr\u00e9sentant du programme de volontariat des jeunes du Fonds des Nations Unies pour l\u2019enfance\" \/>\n<meta name=\"robots\" content=\"index, follow, max-snippet:-1, max-image-preview:large, max-video-preview:-1\" \/>\n<link rel=\"canonical\" href=\"https:\/\/swvr2022.unv.org\/fr\/sc-kazakhstan\/\" \/>\n<meta property=\"og:locale\" content=\"fr_FR\" \/>\n<meta property=\"og:type\" content=\"article\" \/>\n<meta property=\"og:title\" content=\"SC - Kazakhstan | UNV SWVR 2022\" \/>\n<meta property=\"og:description\" content=\"Contributions sp\u00e9ciales Kazakhstan Arthur van Diesen, repr\u00e9sentant du programme de volontariat des jeunes du Fonds des Nations Unies pour l\u2019enfance\" \/>\n<meta property=\"og:url\" content=\"https:\/\/swvr2022.unv.org\/fr\/sc-kazakhstan\/\" \/>\n<meta property=\"og:site_name\" content=\"UNV SWVR 2022\" \/>\n<meta property=\"article:publisher\" content=\"https:\/\/www.facebook.com\/unvolunteers\/\" \/>\n<meta property=\"article:modified_time\" content=\"2022-04-19T15:00:08+00:00\" \/>\n<meta name=\"twitter:card\" content=\"summary_large_image\" \/>\n<meta name=\"twitter:site\" content=\"@UNVolunteers\" \/>\n<meta name=\"twitter:label1\" content=\"Est. reading time\" \/>\n\t<meta name=\"twitter:data1\" content=\"5 minutes\" \/>\n<script type=\"application\/ld+json\" class=\"yoast-schema-graph\">{\"@context\":\"https:\/\/schema.org\",\"@graph\":[{\"@type\":\"Organization\",\"@id\":\"https:\/\/swvr2022.unv.org\/#organization\",\"name\":\"UN Volunteers\",\"url\":\"https:\/\/swvr2022.unv.org\/\",\"sameAs\":[\"https:\/\/www.facebook.com\/unvolunteers\/\",\"https:\/\/www.instagram.com\/unvolunteers\/?hl=en\",\"https:\/\/www.youtube.com\/channel\/UCdcJE_W3L7tZGEJ46aOibPg\",\"https:\/\/twitter.com\/UNVolunteers\"],\"logo\":{\"@type\":\"ImageObject\",\"@id\":\"https:\/\/swvr2022.unv.org\/#logo\",\"inLanguage\":\"fr-FR\",\"url\":\"https:\/\/swvr2022.unv.org\/wp-content\/uploads\/2021\/12\/download.png\",\"contentUrl\":\"https:\/\/swvr2022.unv.org\/wp-content\/uploads\/2021\/12\/download.png\",\"width\":530,\"height\":95,\"caption\":\"UN Volunteers\"},\"image\":{\"@id\":\"https:\/\/swvr2022.unv.org\/#logo\"}},{\"@type\":\"WebSite\",\"@id\":\"https:\/\/swvr2022.unv.org\/#website\",\"url\":\"https:\/\/swvr2022.unv.org\/\",\"name\":\"UNV SWVR 2022\",\"description\":\"\",\"publisher\":{\"@id\":\"https:\/\/swvr2022.unv.org\/#organization\"},\"potentialAction\":[{\"@type\":\"SearchAction\",\"target\":{\"@type\":\"EntryPoint\",\"urlTemplate\":\"https:\/\/swvr2022.unv.org\/?s={search_term_string}\"},\"query-input\":\"required name=search_term_string\"}],\"inLanguage\":\"fr-FR\"},{\"@type\":\"WebPage\",\"@id\":\"https:\/\/swvr2022.unv.org\/fr\/sc-kazakhstan\/#webpage\",\"url\":\"https:\/\/swvr2022.unv.org\/fr\/sc-kazakhstan\/\",\"name\":\"SC - Kazakhstan | UNV SWVR 2022\",\"isPartOf\":{\"@id\":\"https:\/\/swvr2022.unv.org\/#website\"},\"datePublished\":\"2022-03-22T13:56:43+00:00\",\"dateModified\":\"2022-04-19T15:00:08+00:00\",\"description\":\"Contributions sp\\u00e9ciales Kazakhstan Arthur van Diesen, repr\\u00e9sentant du programme de volontariat des jeunes du Fonds des Nations Unies pour l\\u2019enfance\",\"breadcrumb\":{\"@id\":\"https:\/\/swvr2022.unv.org\/fr\/sc-kazakhstan\/#breadcrumb\"},\"inLanguage\":\"fr-FR\",\"potentialAction\":[{\"@type\":\"ReadAction\",\"target\":[\"https:\/\/swvr2022.unv.org\/fr\/sc-kazakhstan\/\"]}]},{\"@type\":\"BreadcrumbList\",\"@id\":\"https:\/\/swvr2022.unv.org\/fr\/sc-kazakhstan\/#breadcrumb\",\"itemListElement\":[{\"@type\":\"ListItem\",\"position\":1,\"name\":\"Home\",\"item\":\"https:\/\/swvr2022.unv.org\/fr\/\"},{\"@type\":\"ListItem\",\"position\":2,\"name\":\"SC &#8211; Kazakhstan\"}]}]}<\/script>\n<!-- \/ Yoast SEO plugin. -->","yoast_head_json":{"title":"SC - Kazakhstan | UNV SWVR 2022","description":"Contributions sp\u00e9ciales Kazakhstan Arthur van Diesen, repr\u00e9sentant du programme de volontariat des jeunes du Fonds des Nations Unies pour l\u2019enfance","robots":{"index":"index","follow":"follow","max-snippet":"max-snippet:-1","max-image-preview":"max-image-preview:large","max-video-preview":"max-video-preview:-1"},"canonical":"https:\/\/swvr2022.unv.org\/fr\/sc-kazakhstan\/","og_locale":"fr_FR","og_type":"article","og_title":"SC - Kazakhstan | UNV SWVR 2022","og_description":"Contributions sp\u00e9ciales Kazakhstan Arthur van Diesen, repr\u00e9sentant du programme de volontariat des jeunes du Fonds des Nations Unies pour l\u2019enfance","og_url":"https:\/\/swvr2022.unv.org\/fr\/sc-kazakhstan\/","og_site_name":"UNV SWVR 2022","article_publisher":"https:\/\/www.facebook.com\/unvolunteers\/","article_modified_time":"2022-04-19T15:00:08+00:00","twitter_card":"summary_large_image","twitter_site":"@UNVolunteers","twitter_misc":{"Est. reading time":"5 minutes"},"schema":{"@context":"https:\/\/schema.org","@graph":[{"@type":"Organization","@id":"https:\/\/swvr2022.unv.org\/#organization","name":"UN Volunteers","url":"https:\/\/swvr2022.unv.org\/","sameAs":["https:\/\/www.facebook.com\/unvolunteers\/","https:\/\/www.instagram.com\/unvolunteers\/?hl=en","https:\/\/www.youtube.com\/channel\/UCdcJE_W3L7tZGEJ46aOibPg","https:\/\/twitter.com\/UNVolunteers"],"logo":{"@type":"ImageObject","@id":"https:\/\/swvr2022.unv.org\/#logo","inLanguage":"fr-FR","url":"https:\/\/swvr2022.unv.org\/wp-content\/uploads\/2021\/12\/download.png","contentUrl":"https:\/\/swvr2022.unv.org\/wp-content\/uploads\/2021\/12\/download.png","width":530,"height":95,"caption":"UN Volunteers"},"image":{"@id":"https:\/\/swvr2022.unv.org\/#logo"}},{"@type":"WebSite","@id":"https:\/\/swvr2022.unv.org\/#website","url":"https:\/\/swvr2022.unv.org\/","name":"UNV SWVR 2022","description":"","publisher":{"@id":"https:\/\/swvr2022.unv.org\/#organization"},"potentialAction":[{"@type":"SearchAction","target":{"@type":"EntryPoint","urlTemplate":"https:\/\/swvr2022.unv.org\/?s={search_term_string}"},"query-input":"required name=search_term_string"}],"inLanguage":"fr-FR"},{"@type":"WebPage","@id":"https:\/\/swvr2022.unv.org\/fr\/sc-kazakhstan\/#webpage","url":"https:\/\/swvr2022.unv.org\/fr\/sc-kazakhstan\/","name":"SC - Kazakhstan | UNV SWVR 2022","isPartOf":{"@id":"https:\/\/swvr2022.unv.org\/#website"},"datePublished":"2022-03-22T13:56:43+00:00","dateModified":"2022-04-19T15:00:08+00:00","description":"Contributions sp\u00e9ciales Kazakhstan Arthur van Diesen, repr\u00e9sentant du programme de volontariat des jeunes du Fonds des Nations Unies pour l\u2019enfance","breadcrumb":{"@id":"https:\/\/swvr2022.unv.org\/fr\/sc-kazakhstan\/#breadcrumb"},"inLanguage":"fr-FR","potentialAction":[{"@type":"ReadAction","target":["https:\/\/swvr2022.unv.org\/fr\/sc-kazakhstan\/"]}]},{"@type":"BreadcrumbList","@id":"https:\/\/swvr2022.unv.org\/fr\/sc-kazakhstan\/#breadcrumb","itemListElement":[{"@type":"ListItem","position":1,"name":"Home","item":"https:\/\/swvr2022.unv.org\/fr\/"},{"@type":"ListItem","position":2,"name":"SC &#8211; Kazakhstan"}]}]}},"_links":{"self":[{"href":"https:\/\/swvr2022.unv.org\/fr\/wp-json\/wp\/v2\/pages\/18264"}],"collection":[{"href":"https:\/\/swvr2022.unv.org\/fr\/wp-json\/wp\/v2\/pages"}],"about":[{"href":"https:\/\/swvr2022.unv.org\/fr\/wp-json\/wp\/v2\/types\/page"}],"author":[{"embeddable":true,"href":"https:\/\/swvr2022.unv.org\/fr\/wp-json\/wp\/v2\/users\/1"}],"replies":[{"embeddable":true,"href":"https:\/\/swvr2022.unv.org\/fr\/wp-json\/wp\/v2\/comments?post=18264"}],"version-history":[{"count":16,"href":"https:\/\/swvr2022.unv.org\/fr\/wp-json\/wp\/v2\/pages\/18264\/revisions"}],"predecessor-version":[{"id":19291,"href":"https:\/\/swvr2022.unv.org\/fr\/wp-json\/wp\/v2\/pages\/18264\/revisions\/19291"}],"wp:attachment":[{"href":"https:\/\/swvr2022.unv.org\/fr\/wp-json\/wp\/v2\/media?parent=18264"}],"curies":[{"name":"wp","href":"https:\/\/api.w.org\/{rel}","templated":true}]}}