{"id":18266,"date":"2022-03-22T13:56:44","date_gmt":"2022-03-22T13:56:44","guid":{"rendered":"https:\/\/live-unv-swvr.pantheonsite.io\/sc-lebanon\/"},"modified":"2022-04-19T14:59:20","modified_gmt":"2022-04-19T14:59:20","slug":"sc-lebanon","status":"publish","type":"page","link":"https:\/\/swvr2022.unv.org\/fr\/sc-lebanon\/","title":{"rendered":"SC &#8211; Leban"},"content":{"rendered":"\t\t<div data-elementor-type=\"wp-page\" data-elementor-id=\"18266\" class=\"elementor elementor-18266 elementor-14759\" data-elementor-settings=\"[]\">\n\t\t\t\t\t\t<div class=\"elementor-inner\">\n\t\t\t\t\t\t\t<div class=\"elementor-section-wrap\">\n\t\t\t\t\t\t\t<section class=\"has_eae_slider elementor-section elementor-top-section elementor-element elementor-element-01dc1c3 elementor-section-height-min-height animated-slow elementor-section-content-middle elementor-section-boxed elementor-section-height-default elementor-section-items-middle elementor-invisible\" data-id=\"01dc1c3\" data-element_type=\"section\" data-settings=\"{&quot;background_background&quot;:&quot;classic&quot;,&quot;animation&quot;:&quot;fadeIn&quot;}\">\n\t\t\t\t\t\t\t<div class=\"elementor-background-overlay\"><\/div>\n\t\t\t\t\t\t\t<div class=\"elementor-container elementor-column-gap-default\">\n\t\t\t\t\t\t\t<div class=\"elementor-row\">\n\t\t\t\t\t<div class=\"has_eae_slider elementor-column elementor-col-100 elementor-top-column elementor-element elementor-element-fa27dc3\" data-id=\"fa27dc3\" data-element_type=\"column\">\n\t\t\t<div class=\"elementor-column-wrap elementor-element-populated\">\n\t\t\t\t\t\t\t<div class=\"elementor-widget-wrap\">\n\t\t\t\t\t\t<section class=\"has_eae_slider elementor-section elementor-inner-section elementor-element elementor-element-de18144 elementor-section-content-bottom elementor-section-boxed elementor-section-height-default elementor-section-height-default\" data-id=\"de18144\" data-element_type=\"section\" data-settings=\"{&quot;background_background&quot;:&quot;classic&quot;}\">\n\t\t\t\t\t\t<div class=\"elementor-container elementor-column-gap-default\">\n\t\t\t\t\t\t\t<div class=\"elementor-row\">\n\t\t\t\t\t<div class=\"has_eae_slider elementor-column elementor-col-100 elementor-inner-column elementor-element elementor-element-b3ecf32 animated-slow elementor-invisible\" data-id=\"b3ecf32\" data-element_type=\"column\" data-settings=\"{&quot;background_background&quot;:&quot;classic&quot;,&quot;animation&quot;:&quot;fadeIn&quot;,&quot;animation_delay&quot;:600}\">\n\t\t\t<div class=\"elementor-column-wrap elementor-element-populated\">\n\t\t\t\t\t\t\t<div class=\"elementor-widget-wrap\">\n\t\t\t\t\t\t<div class=\"elementor-element elementor-element-b7b9efc elementor-invisible elementor-widget elementor-widget-heading\" data-id=\"b7b9efc\" data-element_type=\"widget\" data-settings=\"{&quot;_animation&quot;:&quot;fadeIn&quot;,&quot;_animation_delay&quot;:600}\" data-widget_type=\"heading.default\">\n\t\t\t\t<div class=\"elementor-widget-container\">\n\t\t\t<h1 class=\"elementor-heading-title elementor-size-default\">Contributions sp\u00e9ciales<\/h1>\t\t<\/div>\n\t\t\t\t<\/div>\n\t\t\t\t<div class=\"elementor-element elementor-element-d657282 elementor-widget elementor-widget-spacer\" data-id=\"d657282\" data-element_type=\"widget\" data-widget_type=\"spacer.default\">\n\t\t\t\t<div class=\"elementor-widget-container\">\n\t\t\t\t\t<div class=\"elementor-spacer\">\n\t\t\t<div class=\"elementor-spacer-inner\"><\/div>\n\t\t<\/div>\n\t\t\t\t<\/div>\n\t\t\t\t<\/div>\n\t\t\t\t<div class=\"elementor-element elementor-element-e561ccf elementor-widget elementor-widget-heading\" data-id=\"e561ccf\" data-element_type=\"widget\" data-widget_type=\"heading.default\">\n\t\t\t\t<div class=\"elementor-widget-container\">\n\t\t\t<h4 class=\"elementor-heading-title elementor-size-default\">Liban<\/h4>\t\t<\/div>\n\t\t\t\t<\/div>\n\t\t\t\t<div class=\"elementor-element elementor-element-f64775c elementor-widget elementor-widget-spacer\" data-id=\"f64775c\" data-element_type=\"widget\" data-widget_type=\"spacer.default\">\n\t\t\t\t<div class=\"elementor-widget-container\">\n\t\t\t\t\t<div class=\"elementor-spacer\">\n\t\t\t<div class=\"elementor-spacer-inner\"><\/div>\n\t\t<\/div>\n\t\t\t\t<\/div>\n\t\t\t\t<\/div>\n\t\t\t\t<div class=\"elementor-element elementor-element-8ffcd1e elementor-invisible elementor-widget elementor-widget-heading\" data-id=\"8ffcd1e\" data-element_type=\"widget\" data-settings=\"{&quot;_animation&quot;:&quot;fadeIn&quot;,&quot;_animation_delay&quot;:600}\" data-widget_type=\"heading.default\">\n\t\t\t\t<div class=\"elementor-widget-container\">\n\t\t\t<h4 class=\"elementor-heading-title elementor-size-default\">Malak\u00a0Yacout \u2013 Directrice ex\u00e9cutive et cofondatrice de The Volunteer Circle au Liban<\/h4>\t\t<\/div>\n\t\t\t\t<\/div>\n\t\t\t\t<div class=\"elementor-element elementor-element-57beea1 elementor-widget elementor-widget-spacer\" data-id=\"57beea1\" data-element_type=\"widget\" data-widget_type=\"spacer.default\">\n\t\t\t\t<div class=\"elementor-widget-container\">\n\t\t\t\t\t<div class=\"elementor-spacer\">\n\t\t\t<div class=\"elementor-spacer-inner\"><\/div>\n\t\t<\/div>\n\t\t\t\t<\/div>\n\t\t\t\t<\/div>\n\t\t\t\t<div class=\"elementor-element elementor-element-2a3f7292 elementor-widget elementor-widget-text-editor\" data-id=\"2a3f7292\" data-element_type=\"widget\" data-widget_type=\"text-editor.default\">\n\t\t\t\t<div class=\"elementor-widget-container\">\n\t\t\t\t\t\t\t\t<div class=\"elementor-text-editor elementor-clearfix\">\n\t\t\t\t<p>The Volunteer Circle est une entreprise sociale \u00e0 but non lucratif, \u00e0 l\u2019origine d\u2019une plateforme qui fait appel \u00e0 l\u2019intelligence artificielle (IA) pour mettre en relation les volontaires qui proposent leurs services et les communaut\u00e9s b\u00e9n\u00e9ficiaires, mais aussi pr\u00e9dire efficacement les correspondances entre les deux parties.<\/p>\n<p>La plateforme Volunteer Circle est con\u00e7ue pour apporter une r\u00e9ponse imm\u00e9diate \u00e0 toutes les personnes qui se demandent comment mettre leur temps et leurs comp\u00e9tences au service de leur communaut\u00e9 ou d\u00e9terminer quelle organisation aurait besoin de leur aide. Notre plateforme de partage des comp\u00e9tences aide les utilisateurs \u00e0 trouver des missions de volontariat qui co\u00efncident avec leurs aptitudes, leurs centres d\u2019int\u00e9r\u00eat, leur situation g\u00e9ographique, leur disponibilit\u00e9 et l\u2019impact qu\u2019ils souhaitent g\u00e9n\u00e9rer en temps r\u00e9el. En permettant aux jeunes d\u2019acc\u00e9der \u00e0 une exp\u00e9rience professionnelle sur le terrain et \u00e0 un renforcement de leurs comp\u00e9tences, The Volunteer Circle leur fait gagner en autonomie et am\u00e9liore leurs perspectives d\u2019emploi et d\u2019inclusion sociale, m\u00eame dans une conjoncture difficile. Cette initiative contribue ainsi \u00e0 lutter contre le ch\u00f4mage des jeunes, particuli\u00e8rement \u00e9lev\u00e9 au Liban.<\/p>\n<p>Le volontariat m\u00e8ne \u00e0 tout, quels que soient l\u2019\u00e2ge et le domaine d\u2019activit\u00e9.<\/p>\n<p>Pour nous, le volontariat est un point d\u2019entr\u00e9e vers l\u2019employabilit\u00e9, l\u2019emploi, l\u2019entrepreneuriat social et le d\u00e9veloppement durable. La plateforme cr\u00e9e ainsi un march\u00e9 du volontariat qui transforme le talent et le temps des volontaires en effets mesurables aux niveaux social, environnemental, culturel et \u00e9conomique.<\/p>\n<h5><strong>Le volontariat en p\u00e9riode de crise<\/strong><\/h5>\n<p>Les volontaires ont particip\u00e9 aux op\u00e9rations de secours et se sont constamment r\u00e9v\u00e9l\u00e9s de pr\u00e9cieux alli\u00e9s pour le rel\u00e8vement du Liban dans le contexte des crises \u00e9conomique, s\u00e9curitaire (li\u00e9es aux explosions du port de Beyrouth en ao\u00fbt 2020) et sanitaire actuelles.<\/p>\n<p>Dans le cadre des programmes d\u2019aide li\u00e9s \u00e0 la pand\u00e9mie de COVID-19, The Volunteer Circle, en partenariat avec le minist\u00e8re de la Sant\u00e9 publique, a mobilis\u00e9 des agents de sant\u00e9 pour mettre en place un service d\u2019assistance t\u00e9l\u00e9phonique d\u00e9di\u00e9. En parall\u00e8le, l\u2019organisation a fait appel \u00e0 des volontaires pour r\u00e9pondre aux besoins essentiels que les communaut\u00e9s locales n\u2019\u00e9taient pas en mesure de satisfaire, constituant ainsi un filet de s\u00e9curit\u00e9 vital pour les communaut\u00e9s.<\/p>\n<p>Alliant la souplesse d\u2019une start-up et la r\u00e9activit\u00e9 d\u2019une organisation humanitaire, The Volunteer Circle met en place des op\u00e9rations de secours et mobilise les volontaires et les organisations afin d\u2019aider les familles qui en ont besoin.<\/p>\n<p>Juste apr\u00e8s les explosions d\u2019ao\u00fbt 2020, l\u2019organisation a constitu\u00e9 des \u00e9quipes de volontaires aux comp\u00e9tences multiples, r\u00e9unissant des travailleurs sociaux et des ing\u00e9nieurs, qui ont visit\u00e9 chaque quartier sinistr\u00e9 pour v\u00e9rifier que personne n\u2019avait \u00e9t\u00e9 oubli\u00e9. Ces \u00e9quipes ont recueilli des informations sur le type d\u2019aide n\u00e9cessaire (couches, m\u00e9dicaments pour maladies chroniques, fauteuils roulants, abris, etc.) et des fonds ont \u00e9t\u00e9 lev\u00e9s afin de r\u00e9pondre \u00e0 ces besoins. En dehors des travailleurs sociaux et des ing\u00e9nieurs, d\u2019autres volontaires ayant offert leur temps et leurs comp\u00e9tences (sp\u00e9cialistes en assurance qualit\u00e9, d\u00e9corateurs d\u2019int\u00e9rieur, architectes ou chefs de projet) ont acquis une exp\u00e9rience professionnelle qui leur a permis d\u2019obtenir un emploi en ad\u00e9quation avec leur parcours professionnel.<\/p>\n<p>La collaboration entre les volontaires et les organisations se passe diff\u00e9remment en contexte de crise. On est anim\u00e9 par un sentiment d\u2019urgence, par l\u2019impression que \u00ab si l\u2019on ne se porte pas volontaire <strong>maintenant<\/strong>, la situation n\u2019en sera que plus p\u00e9nible et les cons\u00e9quences seront encore plus difficiles \u00e0 r\u00e9parer d\u2019un point de vue \u00e9conomique, social, environnemental et culturel \u00bb. En situation de crise, la solidarit\u00e9 de la communaut\u00e9 locale et les efforts de volontariat de tous les citoyens sauvent des vies.<\/p>\n<p>Lorsque nous avons lanc\u00e9 The Volunteer Circle en avril 2019, nous entendions cr\u00e9er une communaut\u00e9 imm\u00e9diatement disponible pour venir en aide au Liban et r\u00e9pondre \u00e0 un maximum de besoins dans un contexte d\u00e9j\u00e0 pr\u00e9caire. Nous avons commenc\u00e9 avec trois volontaires et 27 organisations. Nous \u00e9tions loin d\u2019imaginer que le pays serait confront\u00e9 \u00e0 plusieurs crises l\u2019ann\u00e9e suivante. Malgr\u00e9 les difficult\u00e9s, nous sommes devenus des mod\u00e8les en mati\u00e8re de solidarit\u00e9 et de d\u00e9veloppement local. En moins de deux ans, gr\u00e2ce \u00e0 son approche innovante, The Volunteer Circle a profond\u00e9ment transform\u00e9 le volontariat au Liban. Non seulement nous avons permis \u00e0 plus de 5 000 volontaires de d\u00e9velopper leurs comp\u00e9tences et nou\u00e9 des partenariats avec plus de 200 organisations non gouvernementales (ONG), mais plus de 500 000 personnes ont b\u00e9n\u00e9fici\u00e9 de notre travail. En novembre 2020, ces efforts ont \u00e9t\u00e9 r\u00e9compens\u00e9s par le Prix 2020 de l\u2019innovation chez les jeunes.<\/p>\n<h5><strong>Les perspectives d\u2019avenir<\/strong><\/h5>\n<p>Auparavant, les gens faisaient du volontariat aupr\u00e8s d\u2019une seule organisation pendant une longue p\u00e9riode. Aujourd\u2019hui, les volontaires, et en particulier les 15-40 ans, qui repr\u00e9sentent plus de 70 % des effectifs, s\u2019investissent dans plusieurs causes. Ils souhaitent remplir diff\u00e9rents objectifs, rencontrer d\u2019autres personnes et d\u00e9couvrir d\u2019autres styles de leadership. <\/p>\n<p>Chez The Volunteer Circle, nous pensons que l\u2019attribution des diff\u00e9rentes missions aux volontaires doit tenir compte de leurs besoins en termes d\u2019\u00e9volution personnelle et sociale. Disposer d\u2019une plateforme en temps r\u00e9el qui offre la diversit\u00e9 et la flexibilit\u00e9 n\u00e9cessaires nous permet de d\u00e9ployer des volontaires au service du d\u00e9veloppement durable. Le volontariat doit s\u2019intensifier non seulement pour faire face aux r\u00e9alit\u00e9s du monde actuel, mais aussi pour notre propre bien-\u00eatre.<\/p>\n<p>Les volontaires et les entreprises sociales pourraient am\u00e9liorer leur collaboration afin d\u2019imaginer des solutions innovantes aux probl\u00e8mes de d\u00e9veloppent actuels. Au-del\u00e0 de la mise en relation, The Volunteer Circle pr\u00e9sente un mod\u00e8le innovant, ax\u00e9 sur la gestion globale des comp\u00e9tences pour optimiser les retomb\u00e9es de l\u2019action des volontaires et aider les organisations \u00e0 constituer des \u00e9quipes de volontaires performantes. <\/p>\n<p>Il nous faut des volontaires pour r\u00e9pondre aux besoins du nouveau contrat social. Le volontariat est un moyen d\u2019acqu\u00e9rir des comp\u00e9tences utiles, mais il sensibilise \u00e9galement aux difficult\u00e9s qui nous entourent et \u00e0 la r\u00e9silience n\u00e9cessaire pour les surmonter. Le monde a besoin de plus de volontaires et d\u2019entrepreneurs sociaux. Si vous ne pouvez rejoindre le mouvement, accompagnez-le.<\/p>\n\t\t\t\t\t<\/div>\n\t\t\t\t\t\t<\/div>\n\t\t\t\t<\/div>\n\t\t\t\t<div class=\"elementor-element elementor-element-12af3ca elementor-widget elementor-widget-spacer\" data-id=\"12af3ca\" data-element_type=\"widget\" data-widget_type=\"spacer.default\">\n\t\t\t\t<div class=\"elementor-widget-container\">\n\t\t\t\t\t<div class=\"elementor-spacer\">\n\t\t\t<div class=\"elementor-spacer-inner\"><\/div>\n\t\t<\/div>\n\t\t\t\t<\/div>\n\t\t\t\t<\/div>\n\t\t\t\t<div class=\"elementor-element elementor-element-bc6c228 elementor-align-left elementor-widget elementor-widget-button\" data-id=\"bc6c228\" data-element_type=\"widget\" data-widget_type=\"button.default\">\n\t\t\t\t<div class=\"elementor-widget-container\">\n\t\t\t\t\t<div class=\"elementor-button-wrapper\">\n\t\t\t<a href=\"\/fr\/contributions-speciales\/\" class=\"elementor-button-link elementor-button elementor-size-lg\" role=\"button\">\n\t\t\t\t\t\t<span class=\"elementor-button-content-wrapper\">\n\t\t\t\t\t\t<span class=\"elementor-button-icon elementor-align-icon-left\">\n\t\t\t\t<i aria-hidden=\"true\" class=\"th-linea icon th-linea icon-arrows-circle-right\"><\/i>\t\t\t<\/span>\n\t\t\t\t\t\t<span class=\"elementor-button-text\">Retour<\/span>\n\t\t<\/span>\n\t\t\t\t\t<\/a>\n\t\t<\/div>\n\t\t\t\t<\/div>\n\t\t\t\t<\/div>\n\t\t\t\t<div class=\"elementor-element elementor-element-a80fb78 elementor-widget elementor-widget-spacer\" data-id=\"a80fb78\" data-element_type=\"widget\" data-widget_type=\"spacer.default\">\n\t\t\t\t<div class=\"elementor-widget-container\">\n\t\t\t\t\t<div class=\"elementor-spacer\">\n\t\t\t<div class=\"elementor-spacer-inner\"><\/div>\n\t\t<\/div>\n\t\t\t\t<\/div>\n\t\t\t\t<\/div>\n\t\t\t\t\t\t<\/div>\n\t\t\t\t\t<\/div>\n\t\t<\/div>\n\t\t\t\t\t\t\t\t<\/div>\n\t\t\t\t\t<\/div>\n\t\t<\/section>\n\t\t\t\t\t\t<\/div>\n\t\t\t\t\t<\/div>\n\t\t<\/div>\n\t\t\t\t\t\t\t\t<\/div>\n\t\t\t\t\t<\/div>\n\t\t<\/section>\n\t\t\t\t\t\t<\/div>\n\t\t\t\t\t\t<\/div>\n\t\t\t\t\t<\/div>\n\t\t","protected":false},"excerpt":{"rendered":"<p>Contributions sp\u00e9ciales Liban Malak\u00a0Yacout \u2013 Directrice ex\u00e9cutive et cofondatrice de The Volunteer Circle au Liban The Volunteer Circle est une entreprise sociale \u00e0 but non lucratif, \u00e0 l\u2019origine d\u2019une plateforme qui fait appel \u00e0 l\u2019intelligence artificielle (IA) pour mettre en &hellip; <a href=\"https:\/\/swvr2022.unv.org\/fr\/sc-lebanon\/\">Read More<\/a><\/p>\n","protected":false},"author":1,"featured_media":0,"parent":0,"menu_order":36,"comment_status":"closed","ping_status":"closed","template":"","meta":[],"yoast_head":"<!-- This site is optimized with the Yoast SEO plugin v17.6 - https:\/\/yoast.com\/wordpress\/plugins\/seo\/ -->\n<title>SC - Leban | UNV SWVR 2022<\/title>\n<meta name=\"description\" content=\"Contributions sp\u00e9ciales Liban Malak\u00a0Yacout \u2013 Directrice ex\u00e9cutive et cofondatrice de The Volunteer Circle au Liban The Volunteer Circle est une entreprise\" \/>\n<meta name=\"robots\" content=\"index, follow, max-snippet:-1, max-image-preview:large, max-video-preview:-1\" \/>\n<link rel=\"canonical\" href=\"https:\/\/swvr2022.unv.org\/fr\/sc-lebanon\/\" \/>\n<meta property=\"og:locale\" content=\"fr_FR\" \/>\n<meta property=\"og:type\" content=\"article\" \/>\n<meta property=\"og:title\" content=\"SC - Leban | UNV SWVR 2022\" \/>\n<meta property=\"og:description\" content=\"Contributions sp\u00e9ciales Liban Malak\u00a0Yacout \u2013 Directrice ex\u00e9cutive et cofondatrice de The Volunteer Circle au Liban The Volunteer Circle est une entreprise\" \/>\n<meta property=\"og:url\" content=\"https:\/\/swvr2022.unv.org\/fr\/sc-lebanon\/\" \/>\n<meta property=\"og:site_name\" content=\"UNV SWVR 2022\" \/>\n<meta property=\"article:publisher\" content=\"https:\/\/www.facebook.com\/unvolunteers\/\" \/>\n<meta property=\"article:modified_time\" content=\"2022-04-19T14:59:20+00:00\" \/>\n<meta name=\"twitter:card\" content=\"summary_large_image\" \/>\n<meta name=\"twitter:site\" content=\"@UNVolunteers\" \/>\n<meta name=\"twitter:label1\" content=\"Est. reading time\" \/>\n\t<meta name=\"twitter:data1\" content=\"5 minutes\" \/>\n<script type=\"application\/ld+json\" class=\"yoast-schema-graph\">{\"@context\":\"https:\/\/schema.org\",\"@graph\":[{\"@type\":\"Organization\",\"@id\":\"https:\/\/swvr2022.unv.org\/es\/#organization\",\"name\":\"UN Volunteers\",\"url\":\"https:\/\/swvr2022.unv.org\/es\/\",\"sameAs\":[\"https:\/\/www.facebook.com\/unvolunteers\/\",\"https:\/\/www.instagram.com\/unvolunteers\/?hl=en\",\"https:\/\/www.youtube.com\/channel\/UCdcJE_W3L7tZGEJ46aOibPg\",\"https:\/\/twitter.com\/UNVolunteers\"],\"logo\":{\"@type\":\"ImageObject\",\"@id\":\"https:\/\/swvr2022.unv.org\/es\/#logo\",\"inLanguage\":\"fr-FR\",\"url\":\"https:\/\/swvr2022.unv.org\/wp-content\/uploads\/2021\/12\/download.png\",\"contentUrl\":\"https:\/\/swvr2022.unv.org\/wp-content\/uploads\/2021\/12\/download.png\",\"width\":530,\"height\":95,\"caption\":\"UN Volunteers\"},\"image\":{\"@id\":\"https:\/\/swvr2022.unv.org\/es\/#logo\"}},{\"@type\":\"WebSite\",\"@id\":\"https:\/\/swvr2022.unv.org\/es\/#website\",\"url\":\"https:\/\/swvr2022.unv.org\/es\/\",\"name\":\"UNV SWVR 2022\",\"description\":\"\",\"publisher\":{\"@id\":\"https:\/\/swvr2022.unv.org\/es\/#organization\"},\"potentialAction\":[{\"@type\":\"SearchAction\",\"target\":{\"@type\":\"EntryPoint\",\"urlTemplate\":\"https:\/\/swvr2022.unv.org\/es\/?s={search_term_string}\"},\"query-input\":\"required name=search_term_string\"}],\"inLanguage\":\"fr-FR\"},{\"@type\":\"WebPage\",\"@id\":\"https:\/\/swvr2022.unv.org\/fr\/sc-lebanon\/#webpage\",\"url\":\"https:\/\/swvr2022.unv.org\/fr\/sc-lebanon\/\",\"name\":\"SC - Leban | UNV SWVR 2022\",\"isPartOf\":{\"@id\":\"https:\/\/swvr2022.unv.org\/es\/#website\"},\"datePublished\":\"2022-03-22T13:56:44+00:00\",\"dateModified\":\"2022-04-19T14:59:20+00:00\",\"description\":\"Contributions sp\\u00e9ciales Liban Malak\\u00a0Yacout \\u2013 Directrice ex\\u00e9cutive et cofondatrice de The Volunteer Circle au Liban The Volunteer Circle est une entreprise\",\"breadcrumb\":{\"@id\":\"https:\/\/swvr2022.unv.org\/fr\/sc-lebanon\/#breadcrumb\"},\"inLanguage\":\"fr-FR\",\"potentialAction\":[{\"@type\":\"ReadAction\",\"target\":[\"https:\/\/swvr2022.unv.org\/fr\/sc-lebanon\/\"]}]},{\"@type\":\"BreadcrumbList\",\"@id\":\"https:\/\/swvr2022.unv.org\/fr\/sc-lebanon\/#breadcrumb\",\"itemListElement\":[{\"@type\":\"ListItem\",\"position\":1,\"name\":\"Home\",\"item\":\"https:\/\/swvr2022.unv.org\/fr\/\"},{\"@type\":\"ListItem\",\"position\":2,\"name\":\"SC &#8211; Leban\"}]}]}<\/script>\n<!-- \/ Yoast SEO plugin. -->","yoast_head_json":{"title":"SC - Leban | UNV SWVR 2022","description":"Contributions sp\u00e9ciales Liban Malak\u00a0Yacout \u2013 Directrice ex\u00e9cutive et cofondatrice de The Volunteer Circle au Liban The Volunteer Circle est une entreprise","robots":{"index":"index","follow":"follow","max-snippet":"max-snippet:-1","max-image-preview":"max-image-preview:large","max-video-preview":"max-video-preview:-1"},"canonical":"https:\/\/swvr2022.unv.org\/fr\/sc-lebanon\/","og_locale":"fr_FR","og_type":"article","og_title":"SC - Leban | UNV SWVR 2022","og_description":"Contributions sp\u00e9ciales Liban Malak\u00a0Yacout \u2013 Directrice ex\u00e9cutive et cofondatrice de The Volunteer Circle au Liban The Volunteer Circle est une entreprise","og_url":"https:\/\/swvr2022.unv.org\/fr\/sc-lebanon\/","og_site_name":"UNV SWVR 2022","article_publisher":"https:\/\/www.facebook.com\/unvolunteers\/","article_modified_time":"2022-04-19T14:59:20+00:00","twitter_card":"summary_large_image","twitter_site":"@UNVolunteers","twitter_misc":{"Est. reading time":"5 minutes"},"schema":{"@context":"https:\/\/schema.org","@graph":[{"@type":"Organization","@id":"https:\/\/swvr2022.unv.org\/es\/#organization","name":"UN Volunteers","url":"https:\/\/swvr2022.unv.org\/es\/","sameAs":["https:\/\/www.facebook.com\/unvolunteers\/","https:\/\/www.instagram.com\/unvolunteers\/?hl=en","https:\/\/www.youtube.com\/channel\/UCdcJE_W3L7tZGEJ46aOibPg","https:\/\/twitter.com\/UNVolunteers"],"logo":{"@type":"ImageObject","@id":"https:\/\/swvr2022.unv.org\/es\/#logo","inLanguage":"fr-FR","url":"https:\/\/swvr2022.unv.org\/wp-content\/uploads\/2021\/12\/download.png","contentUrl":"https:\/\/swvr2022.unv.org\/wp-content\/uploads\/2021\/12\/download.png","width":530,"height":95,"caption":"UN Volunteers"},"image":{"@id":"https:\/\/swvr2022.unv.org\/es\/#logo"}},{"@type":"WebSite","@id":"https:\/\/swvr2022.unv.org\/es\/#website","url":"https:\/\/swvr2022.unv.org\/es\/","name":"UNV SWVR 2022","description":"","publisher":{"@id":"https:\/\/swvr2022.unv.org\/es\/#organization"},"potentialAction":[{"@type":"SearchAction","target":{"@type":"EntryPoint","urlTemplate":"https:\/\/swvr2022.unv.org\/es\/?s={search_term_string}"},"query-input":"required name=search_term_string"}],"inLanguage":"fr-FR"},{"@type":"WebPage","@id":"https:\/\/swvr2022.unv.org\/fr\/sc-lebanon\/#webpage","url":"https:\/\/swvr2022.unv.org\/fr\/sc-lebanon\/","name":"SC - Leban | UNV SWVR 2022","isPartOf":{"@id":"https:\/\/swvr2022.unv.org\/es\/#website"},"datePublished":"2022-03-22T13:56:44+00:00","dateModified":"2022-04-19T14:59:20+00:00","description":"Contributions sp\u00e9ciales Liban Malak\u00a0Yacout \u2013 Directrice ex\u00e9cutive et cofondatrice de The Volunteer Circle au Liban The Volunteer Circle est une entreprise","breadcrumb":{"@id":"https:\/\/swvr2022.unv.org\/fr\/sc-lebanon\/#breadcrumb"},"inLanguage":"fr-FR","potentialAction":[{"@type":"ReadAction","target":["https:\/\/swvr2022.unv.org\/fr\/sc-lebanon\/"]}]},{"@type":"BreadcrumbList","@id":"https:\/\/swvr2022.unv.org\/fr\/sc-lebanon\/#breadcrumb","itemListElement":[{"@type":"ListItem","position":1,"name":"Home","item":"https:\/\/swvr2022.unv.org\/fr\/"},{"@type":"ListItem","position":2,"name":"SC &#8211; Leban"}]}]}},"_links":{"self":[{"href":"https:\/\/swvr2022.unv.org\/fr\/wp-json\/wp\/v2\/pages\/18266"}],"collection":[{"href":"https:\/\/swvr2022.unv.org\/fr\/wp-json\/wp\/v2\/pages"}],"about":[{"href":"https:\/\/swvr2022.unv.org\/fr\/wp-json\/wp\/v2\/types\/page"}],"author":[{"embeddable":true,"href":"https:\/\/swvr2022.unv.org\/fr\/wp-json\/wp\/v2\/users\/1"}],"replies":[{"embeddable":true,"href":"https:\/\/swvr2022.unv.org\/fr\/wp-json\/wp\/v2\/comments?post=18266"}],"version-history":[{"count":7,"href":"https:\/\/swvr2022.unv.org\/fr\/wp-json\/wp\/v2\/pages\/18266\/revisions"}],"predecessor-version":[{"id":19282,"href":"https:\/\/swvr2022.unv.org\/fr\/wp-json\/wp\/v2\/pages\/18266\/revisions\/19282"}],"wp:attachment":[{"href":"https:\/\/swvr2022.unv.org\/fr\/wp-json\/wp\/v2\/media?parent=18266"}],"curies":[{"name":"wp","href":"https:\/\/api.w.org\/{rel}","templated":true}]}}