{"id":18290,"date":"2022-03-22T14:04:38","date_gmt":"2022-03-22T14:04:38","guid":{"rendered":"https:\/\/live-unv-swvr.pantheonsite.io\/medias\/"},"modified":"2022-03-30T10:25:31","modified_gmt":"2022-03-30T10:25:31","slug":"medias","status":"publish","type":"page","link":"https:\/\/swvr2022.unv.org\/fr\/medias\/","title":{"rendered":"M\u00e9dias"},"content":{"rendered":"\t\t<div data-elementor-type=\"wp-page\" data-elementor-id=\"18290\" class=\"elementor elementor-18290 elementor-14904\" data-elementor-settings=\"[]\">\n\t\t\t\t\t\t<div class=\"elementor-inner\">\n\t\t\t\t\t\t\t<div class=\"elementor-section-wrap\">\n\t\t\t\t\t\t\t<section class=\"has_eae_slider elementor-section elementor-top-section elementor-element elementor-element-a74c051 elementor-section-boxed elementor-section-height-default elementor-section-height-default elementor-invisible\" data-id=\"a74c051\" data-element_type=\"section\" data-settings=\"{&quot;background_background&quot;:&quot;classic&quot;,&quot;animation&quot;:&quot;fadeIn&quot;,&quot;animation_delay&quot;:0}\">\n\t\t\t\t\t\t\t<div class=\"elementor-background-overlay\"><\/div>\n\t\t\t\t\t\t\t<div class=\"elementor-container elementor-column-gap-default\">\n\t\t\t\t\t\t\t<div class=\"elementor-row\">\n\t\t\t\t\t<div class=\"has_eae_slider elementor-column elementor-col-100 elementor-top-column elementor-element elementor-element-8f534e6\" data-id=\"8f534e6\" data-element_type=\"column\">\n\t\t\t<div class=\"elementor-column-wrap elementor-element-populated\">\n\t\t\t\t\t\t\t<div class=\"elementor-widget-wrap\">\n\t\t\t\t\t\t<div class=\"elementor-element elementor-element-9050d5c elementor-widget elementor-widget-spacer\" data-id=\"9050d5c\" data-element_type=\"widget\" data-widget_type=\"spacer.default\">\n\t\t\t\t<div class=\"elementor-widget-container\">\n\t\t\t\t\t<div class=\"elementor-spacer\">\n\t\t\t<div class=\"elementor-spacer-inner\"><\/div>\n\t\t<\/div>\n\t\t\t\t<\/div>\n\t\t\t\t<\/div>\n\t\t\t\t<section class=\"has_eae_slider elementor-section elementor-inner-section elementor-element elementor-element-f36785d elementor-section-content-bottom elementor-section-boxed elementor-section-height-default elementor-section-height-default\" data-id=\"f36785d\" data-element_type=\"section\" data-settings=\"{&quot;background_background&quot;:&quot;classic&quot;}\">\n\t\t\t\t\t\t<div class=\"elementor-container elementor-column-gap-default\">\n\t\t\t\t\t\t\t<div class=\"elementor-row\">\n\t\t\t\t\t<div class=\"has_eae_slider elementor-column elementor-col-100 elementor-inner-column elementor-element elementor-element-20a30cf animated-slow elementor-invisible\" data-id=\"20a30cf\" data-element_type=\"column\" data-settings=\"{&quot;background_background&quot;:&quot;classic&quot;,&quot;animation&quot;:&quot;fadeIn&quot;,&quot;animation_delay&quot;:600}\">\n\t\t\t<div class=\"elementor-column-wrap elementor-element-populated\">\n\t\t\t\t\t\t\t<div class=\"elementor-widget-wrap\">\n\t\t\t\t\t\t<div class=\"elementor-element elementor-element-4b9f613 elementor-invisible elementor-widget elementor-widget-heading\" data-id=\"4b9f613\" data-element_type=\"widget\" data-settings=\"{&quot;_animation&quot;:&quot;fadeIn&quot;,&quot;_animation_delay&quot;:600}\" data-widget_type=\"heading.default\">\n\t\t\t\t<div class=\"elementor-widget-container\">\n\t\t\t<h4 class=\"elementor-heading-title elementor-size-default\">Rapport sur la situation du volontariat dans le monde\u00a02022<\/h4>\t\t<\/div>\n\t\t\t\t<\/div>\n\t\t\t\t<div class=\"elementor-element elementor-element-e0927f1 elementor-widget elementor-widget-spacer\" data-id=\"e0927f1\" data-element_type=\"widget\" data-widget_type=\"spacer.default\">\n\t\t\t\t<div class=\"elementor-widget-container\">\n\t\t\t\t\t<div class=\"elementor-spacer\">\n\t\t\t<div class=\"elementor-spacer-inner\"><\/div>\n\t\t<\/div>\n\t\t\t\t<\/div>\n\t\t\t\t<\/div>\n\t\t\t\t<div class=\"elementor-element elementor-element-ea02448 elementor-widget elementor-widget-heading\" data-id=\"ea02448\" data-element_type=\"widget\" data-widget_type=\"heading.default\">\n\t\t\t\t<div class=\"elementor-widget-container\">\n\t\t\t<h1 class=\"elementor-heading-title elementor-size-default\">M\u00e9dias <\/h1>\t\t<\/div>\n\t\t\t\t<\/div>\n\t\t\t\t<div class=\"elementor-element elementor-element-ee5c27c elementor-widget elementor-widget-spacer\" data-id=\"ee5c27c\" data-element_type=\"widget\" data-widget_type=\"spacer.default\">\n\t\t\t\t<div class=\"elementor-widget-container\">\n\t\t\t\t\t<div class=\"elementor-spacer\">\n\t\t\t<div class=\"elementor-spacer-inner\"><\/div>\n\t\t<\/div>\n\t\t\t\t<\/div>\n\t\t\t\t<\/div>\n\t\t\t\t\t\t<\/div>\n\t\t\t\t\t<\/div>\n\t\t<\/div>\n\t\t\t\t\t\t\t\t<\/div>\n\t\t\t\t\t<\/div>\n\t\t<\/section>\n\t\t\t\t\t\t<\/div>\n\t\t\t\t\t<\/div>\n\t\t<\/div>\n\t\t\t\t\t\t\t\t<\/div>\n\t\t\t\t\t<\/div>\n\t\t<\/section>\n\t\t\t\t<section class=\"has_eae_slider elementor-section elementor-top-section elementor-element elementor-element-97b6a78 elementor-reverse-mobile elementor-section-boxed elementor-section-height-default elementor-section-height-default elementor-invisible\" data-id=\"97b6a78\" data-element_type=\"section\" data-settings=\"{&quot;animation&quot;:&quot;fadeInUp&quot;,&quot;animation_delay&quot;:200}\">\n\t\t\t\t\t\t\t<div class=\"elementor-background-overlay\"><\/div>\n\t\t\t\t\t\t\t<div class=\"elementor-container elementor-column-gap-wider\">\n\t\t\t\t\t\t\t<div class=\"elementor-row\">\n\t\t\t\t\t<div class=\"has_eae_slider elementor-column elementor-col-100 elementor-top-column elementor-element elementor-element-b9c1b4c\" data-id=\"b9c1b4c\" data-element_type=\"column\">\n\t\t\t<div class=\"elementor-column-wrap elementor-element-populated\">\n\t\t\t\t\t\t\t<div class=\"elementor-widget-wrap\">\n\t\t\t\t\t\t<div class=\"elementor-element elementor-element-3ef65da elementor-invisible elementor-widget elementor-widget-heading\" data-id=\"3ef65da\" data-element_type=\"widget\" data-settings=\"{&quot;_animation&quot;:&quot;fadeInUp&quot;,&quot;_animation_delay&quot;:400}\" data-widget_type=\"heading.default\">\n\t\t\t\t<div class=\"elementor-widget-container\">\n\t\t\t<h2 class=\"elementor-heading-title elementor-size-default\">Communiqu\u00e9 de presse du Rapport sur la situation du volontariat dans le monde\u00a02022<\/h2>\t\t<\/div>\n\t\t\t\t<\/div>\n\t\t\t\t<div class=\"elementor-element elementor-element-c2996f2 elementor-widget-divider--view-line elementor-widget elementor-widget-divider\" data-id=\"c2996f2\" data-element_type=\"widget\" data-widget_type=\"divider.default\">\n\t\t\t\t<div class=\"elementor-widget-container\">\n\t\t\t\t\t<div class=\"elementor-divider\">\n\t\t\t<span class=\"elementor-divider-separator\">\n\t\t\t\t\t\t<\/span>\n\t\t<\/div>\n\t\t\t\t<\/div>\n\t\t\t\t<\/div>\n\t\t\t\t<section class=\"has_eae_slider elementor-section elementor-inner-section elementor-element elementor-element-4ee2481 elementor-hidden-mobile elementor-section-boxed elementor-section-height-default elementor-section-height-default\" data-id=\"4ee2481\" data-element_type=\"section\">\n\t\t\t\t\t\t<div class=\"elementor-container elementor-column-gap-default\">\n\t\t\t\t\t\t\t<div class=\"elementor-row\">\n\t\t\t\t\t<div class=\"has_eae_slider elementor-column elementor-col-33 elementor-inner-column elementor-element elementor-element-843ad44\" data-id=\"843ad44\" data-element_type=\"column\">\n\t\t\t<div class=\"elementor-column-wrap elementor-element-populated\">\n\t\t\t\t\t\t\t<div class=\"elementor-widget-wrap\">\n\t\t\t\t\t\t<div class=\"elementor-element elementor-element-b518fd3 elementor-align-right elementor-mobile-align-left elementor-widget elementor-widget-button\" data-id=\"b518fd3\" data-element_type=\"widget\" data-widget_type=\"button.default\">\n\t\t\t\t<div class=\"elementor-widget-container\">\n\t\t\t\t\t<div class=\"elementor-button-wrapper\">\n\t\t\t<a href=\"https:\/\/swvr2022.unv.org\/wp-content\/uploads\/2021\/12\/SWVR-Launch_Press-Release_EN.pdf\" target=\"_blank\" class=\"elementor-button-link elementor-button elementor-size-lg\" role=\"button\">\n\t\t\t\t\t\t<span class=\"elementor-button-content-wrapper\">\n\t\t\t\t\t\t<span class=\"elementor-button-text\">T\u00e9l\u00e9charger en anglais<\/span>\n\t\t<\/span>\n\t\t\t\t\t<\/a>\n\t\t<\/div>\n\t\t\t\t<\/div>\n\t\t\t\t<\/div>\n\t\t\t\t\t\t<\/div>\n\t\t\t\t\t<\/div>\n\t\t<\/div>\n\t\t\t\t<div class=\"has_eae_slider elementor-column elementor-col-33 elementor-inner-column elementor-element elementor-element-35822eb\" data-id=\"35822eb\" data-element_type=\"column\">\n\t\t\t<div class=\"elementor-column-wrap elementor-element-populated\">\n\t\t\t\t\t\t\t<div class=\"elementor-widget-wrap\">\n\t\t\t\t\t\t<div class=\"elementor-element elementor-element-e1095c7 elementor-align-center elementor-mobile-align-left elementor-widget elementor-widget-button\" data-id=\"e1095c7\" data-element_type=\"widget\" data-widget_type=\"button.default\">\n\t\t\t\t<div class=\"elementor-widget-container\">\n\t\t\t\t\t<div class=\"elementor-button-wrapper\">\n\t\t\t<a href=\"https:\/\/swvr2022.unv.org\/wp-content\/uploads\/2021\/12\/SWVR-Launch_Press-Release_AR.pdf\" target=\"_blank\" class=\"elementor-button-link elementor-button elementor-size-lg\" role=\"button\">\n\t\t\t\t\t\t<span class=\"elementor-button-content-wrapper\">\n\t\t\t\t\t\t<span class=\"elementor-button-text\">T\u00e9l\u00e9charger en arabe<\/span>\n\t\t<\/span>\n\t\t\t\t\t<\/a>\n\t\t<\/div>\n\t\t\t\t<\/div>\n\t\t\t\t<\/div>\n\t\t\t\t\t\t<\/div>\n\t\t\t\t\t<\/div>\n\t\t<\/div>\n\t\t\t\t<div class=\"has_eae_slider elementor-column elementor-col-33 elementor-inner-column elementor-element elementor-element-f0d8b92\" data-id=\"f0d8b92\" data-element_type=\"column\">\n\t\t\t<div class=\"elementor-column-wrap elementor-element-populated\">\n\t\t\t\t\t\t\t<div class=\"elementor-widget-wrap\">\n\t\t\t\t\t\t<div class=\"elementor-element elementor-element-a0088a1 elementor-align-left elementor-mobile-align-left elementor-widget elementor-widget-button\" data-id=\"a0088a1\" data-element_type=\"widget\" data-widget_type=\"button.default\">\n\t\t\t\t<div class=\"elementor-widget-container\">\n\t\t\t\t\t<div class=\"elementor-button-wrapper\">\n\t\t\t<a href=\"https:\/\/swvr2022.unv.org\/wp-content\/uploads\/2021\/12\/SWVR-Launch_Press-Release_ES.pdf\" target=\"_blank\" class=\"elementor-button-link elementor-button elementor-size-lg\" role=\"button\">\n\t\t\t\t\t\t<span class=\"elementor-button-content-wrapper\">\n\t\t\t\t\t\t<span class=\"elementor-button-text\">T\u00e9l\u00e9charger en espagnol<\/span>\n\t\t<\/span>\n\t\t\t\t\t<\/a>\n\t\t<\/div>\n\t\t\t\t<\/div>\n\t\t\t\t<\/div>\n\t\t\t\t\t\t<\/div>\n\t\t\t\t\t<\/div>\n\t\t<\/div>\n\t\t\t\t\t\t\t\t<\/div>\n\t\t\t\t\t<\/div>\n\t\t<\/section>\n\t\t\t\t<section class=\"has_eae_slider elementor-section elementor-inner-section elementor-element elementor-element-39d06f2 elementor-hidden-mobile elementor-section-boxed elementor-section-height-default elementor-section-height-default\" data-id=\"39d06f2\" data-element_type=\"section\">\n\t\t\t\t\t\t<div class=\"elementor-container elementor-column-gap-default\">\n\t\t\t\t\t\t\t<div class=\"elementor-row\">\n\t\t\t\t\t<div class=\"has_eae_slider elementor-column elementor-col-33 elementor-inner-column elementor-element elementor-element-c8192fe\" data-id=\"c8192fe\" data-element_type=\"column\">\n\t\t\t<div class=\"elementor-column-wrap elementor-element-populated\">\n\t\t\t\t\t\t\t<div class=\"elementor-widget-wrap\">\n\t\t\t\t\t\t<div class=\"elementor-element elementor-element-15751c6 elementor-align-right elementor-mobile-align-left elementor-widget elementor-widget-button\" data-id=\"15751c6\" data-element_type=\"widget\" data-widget_type=\"button.default\">\n\t\t\t\t<div class=\"elementor-widget-container\">\n\t\t\t\t\t<div class=\"elementor-button-wrapper\">\n\t\t\t<a href=\"https:\/\/swvr2022.unv.org\/wp-content\/uploads\/2021\/12\/SWVR-Launch_Press-Release_FR.pdf\" target=\"_blank\" class=\"elementor-button-link elementor-button elementor-size-lg\" role=\"button\">\n\t\t\t\t\t\t<span class=\"elementor-button-content-wrapper\">\n\t\t\t\t\t\t<span class=\"elementor-button-text\">T\u00e9l\u00e9charger en fran\u00e7ais<\/span>\n\t\t<\/span>\n\t\t\t\t\t<\/a>\n\t\t<\/div>\n\t\t\t\t<\/div>\n\t\t\t\t<\/div>\n\t\t\t\t\t\t<\/div>\n\t\t\t\t\t<\/div>\n\t\t<\/div>\n\t\t\t\t<div class=\"has_eae_slider elementor-column elementor-col-33 elementor-inner-column elementor-element elementor-element-d776104\" data-id=\"d776104\" data-element_type=\"column\">\n\t\t\t<div class=\"elementor-column-wrap elementor-element-populated\">\n\t\t\t\t\t\t\t<div class=\"elementor-widget-wrap\">\n\t\t\t\t\t\t<div class=\"elementor-element elementor-element-b6af715 elementor-align-center elementor-mobile-align-left elementor-widget elementor-widget-button\" data-id=\"b6af715\" data-element_type=\"widget\" data-widget_type=\"button.default\">\n\t\t\t\t<div class=\"elementor-widget-container\">\n\t\t\t\t\t<div class=\"elementor-button-wrapper\">\n\t\t\t<a href=\"https:\/\/swvr2022.unv.org\/wp-content\/uploads\/2021\/12\/SWVR-Launch_Press-Release_ZHS.pdf\" target=\"_blank\" class=\"elementor-button-link elementor-button elementor-size-lg\" role=\"button\">\n\t\t\t\t\t\t<span class=\"elementor-button-content-wrapper\">\n\t\t\t\t\t\t<span class=\"elementor-button-text\">T\u00e9l\u00e9charger en chinois<\/span>\n\t\t<\/span>\n\t\t\t\t\t<\/a>\n\t\t<\/div>\n\t\t\t\t<\/div>\n\t\t\t\t<\/div>\n\t\t\t\t\t\t<\/div>\n\t\t\t\t\t<\/div>\n\t\t<\/div>\n\t\t\t\t<div class=\"has_eae_slider elementor-column elementor-col-33 elementor-inner-column elementor-element elementor-element-fcf935c\" data-id=\"fcf935c\" data-element_type=\"column\">\n\t\t\t<div class=\"elementor-column-wrap elementor-element-populated\">\n\t\t\t\t\t\t\t<div class=\"elementor-widget-wrap\">\n\t\t\t\t\t\t<div class=\"elementor-element elementor-element-6bd23a6 elementor-align-left elementor-mobile-align-left elementor-widget elementor-widget-button\" data-id=\"6bd23a6\" data-element_type=\"widget\" data-widget_type=\"button.default\">\n\t\t\t\t<div class=\"elementor-widget-container\">\n\t\t\t\t\t<div class=\"elementor-button-wrapper\">\n\t\t\t<a href=\"https:\/\/swvr2022.unv.org\/wp-content\/uploads\/2021\/12\/SWVR-Launch_Press-Release_RU.pdf\" target=\"_blank\" class=\"elementor-button-link elementor-button elementor-size-lg\" role=\"button\">\n\t\t\t\t\t\t<span class=\"elementor-button-content-wrapper\">\n\t\t\t\t\t\t<span class=\"elementor-button-text\">T\u00e9l\u00e9charger en russe<\/span>\n\t\t<\/span>\n\t\t\t\t\t<\/a>\n\t\t<\/div>\n\t\t\t\t<\/div>\n\t\t\t\t<\/div>\n\t\t\t\t\t\t<\/div>\n\t\t\t\t\t<\/div>\n\t\t<\/div>\n\t\t\t\t\t\t\t\t<\/div>\n\t\t\t\t\t<\/div>\n\t\t<\/section>\n\t\t\t\t<div class=\"elementor-element elementor-element-a8c2e91 elementor-widget elementor-widget-spacer\" data-id=\"a8c2e91\" data-element_type=\"widget\" data-widget_type=\"spacer.default\">\n\t\t\t\t<div class=\"elementor-widget-container\">\n\t\t\t\t\t<div class=\"elementor-spacer\">\n\t\t\t<div class=\"elementor-spacer-inner\"><\/div>\n\t\t<\/div>\n\t\t\t\t<\/div>\n\t\t\t\t<\/div>\n\t\t\t\t\t\t<\/div>\n\t\t\t\t\t<\/div>\n\t\t<\/div>\n\t\t\t\t\t\t\t\t<\/div>\n\t\t\t\t\t<\/div>\n\t\t<\/section>\n\t\t\t\t\t\t<\/div>\n\t\t\t\t\t\t<\/div>\n\t\t\t\t\t<\/div>\n\t\t","protected":false},"excerpt":{"rendered":"<p>Rapport sur la situation du volontariat dans le monde\u00a02022 M\u00e9dias Communiqu\u00e9 de presse du Rapport sur la situation du volontariat dans le monde\u00a02022 T\u00e9l\u00e9charger en anglais T\u00e9l\u00e9charger en arabe T\u00e9l\u00e9charger en espagnol T\u00e9l\u00e9charger en fran\u00e7ais T\u00e9l\u00e9charger en chinois T\u00e9l\u00e9charger en &hellip; <a href=\"https:\/\/swvr2022.unv.org\/fr\/medias\/\">Read More<\/a><\/p>\n","protected":false},"author":1,"featured_media":0,"parent":0,"menu_order":21,"comment_status":"closed","ping_status":"closed","template":"","meta":[],"yoast_head":"<!-- This site is optimized with the Yoast SEO plugin v17.6 - https:\/\/yoast.com\/wordpress\/plugins\/seo\/ -->\n<title>M\u00e9dias | UNV SWVR 2022<\/title>\n<meta name=\"description\" content=\"Rapport sur la situation du volontariat dans le monde\u00a02022 M\u00e9dias Communiqu\u00e9 de presse du Rapport sur la situation du volontariat dans le monde\u00a02022\" \/>\n<meta name=\"robots\" content=\"index, follow, max-snippet:-1, max-image-preview:large, max-video-preview:-1\" \/>\n<link rel=\"canonical\" href=\"https:\/\/swvr2022.unv.org\/fr\/medias\/\" \/>\n<meta property=\"og:locale\" content=\"fr_FR\" \/>\n<meta property=\"og:type\" content=\"article\" \/>\n<meta property=\"og:title\" content=\"M\u00e9dias | UNV SWVR 2022\" \/>\n<meta property=\"og:description\" content=\"Rapport sur la situation du volontariat dans le monde\u00a02022 M\u00e9dias Communiqu\u00e9 de presse du Rapport sur la situation du volontariat dans le monde\u00a02022\" \/>\n<meta property=\"og:url\" content=\"https:\/\/swvr2022.unv.org\/fr\/medias\/\" \/>\n<meta property=\"og:site_name\" content=\"UNV SWVR 2022\" \/>\n<meta property=\"article:publisher\" content=\"https:\/\/www.facebook.com\/unvolunteers\/\" \/>\n<meta property=\"article:modified_time\" content=\"2022-03-30T10:25:31+00:00\" \/>\n<meta name=\"twitter:card\" content=\"summary_large_image\" \/>\n<meta name=\"twitter:site\" content=\"@UNVolunteers\" \/>\n<meta name=\"twitter:label1\" content=\"Est. reading time\" \/>\n\t<meta name=\"twitter:data1\" content=\"1 minute\" \/>\n<script type=\"application\/ld+json\" class=\"yoast-schema-graph\">{\"@context\":\"https:\/\/schema.org\",\"@graph\":[{\"@type\":\"Organization\",\"@id\":\"https:\/\/swvr2022.unv.org\/#organization\",\"name\":\"UN Volunteers\",\"url\":\"https:\/\/swvr2022.unv.org\/\",\"sameAs\":[\"https:\/\/www.facebook.com\/unvolunteers\/\",\"https:\/\/www.instagram.com\/unvolunteers\/?hl=en\",\"https:\/\/www.youtube.com\/channel\/UCdcJE_W3L7tZGEJ46aOibPg\",\"https:\/\/twitter.com\/UNVolunteers\"],\"logo\":{\"@type\":\"ImageObject\",\"@id\":\"https:\/\/swvr2022.unv.org\/#logo\",\"inLanguage\":\"fr-FR\",\"url\":\"https:\/\/swvr2022.unv.org\/wp-content\/uploads\/2021\/12\/download.png\",\"contentUrl\":\"https:\/\/swvr2022.unv.org\/wp-content\/uploads\/2021\/12\/download.png\",\"width\":530,\"height\":95,\"caption\":\"UN Volunteers\"},\"image\":{\"@id\":\"https:\/\/swvr2022.unv.org\/#logo\"}},{\"@type\":\"WebSite\",\"@id\":\"https:\/\/swvr2022.unv.org\/#website\",\"url\":\"https:\/\/swvr2022.unv.org\/\",\"name\":\"UNV SWVR 2022\",\"description\":\"\",\"publisher\":{\"@id\":\"https:\/\/swvr2022.unv.org\/#organization\"},\"potentialAction\":[{\"@type\":\"SearchAction\",\"target\":{\"@type\":\"EntryPoint\",\"urlTemplate\":\"https:\/\/swvr2022.unv.org\/?s={search_term_string}\"},\"query-input\":\"required name=search_term_string\"}],\"inLanguage\":\"fr-FR\"},{\"@type\":\"WebPage\",\"@id\":\"https:\/\/swvr2022.unv.org\/fr\/medias\/#webpage\",\"url\":\"https:\/\/swvr2022.unv.org\/fr\/medias\/\",\"name\":\"M\\u00e9dias | UNV SWVR 2022\",\"isPartOf\":{\"@id\":\"https:\/\/swvr2022.unv.org\/#website\"},\"datePublished\":\"2022-03-22T14:04:38+00:00\",\"dateModified\":\"2022-03-30T10:25:31+00:00\",\"description\":\"Rapport sur la situation du volontariat dans le monde\\u00a02022 M\\u00e9dias Communiqu\\u00e9 de presse du Rapport sur la situation du volontariat dans le monde\\u00a02022\",\"breadcrumb\":{\"@id\":\"https:\/\/swvr2022.unv.org\/fr\/medias\/#breadcrumb\"},\"inLanguage\":\"fr-FR\",\"potentialAction\":[{\"@type\":\"ReadAction\",\"target\":[\"https:\/\/swvr2022.unv.org\/fr\/medias\/\"]}]},{\"@type\":\"BreadcrumbList\",\"@id\":\"https:\/\/swvr2022.unv.org\/fr\/medias\/#breadcrumb\",\"itemListElement\":[{\"@type\":\"ListItem\",\"position\":1,\"name\":\"Home\",\"item\":\"https:\/\/swvr2022.unv.org\/fr\/\"},{\"@type\":\"ListItem\",\"position\":2,\"name\":\"M\\u00e9dias\"}]}]}<\/script>\n<!-- \/ Yoast SEO plugin. -->","yoast_head_json":{"title":"M\u00e9dias | UNV SWVR 2022","description":"Rapport sur la situation du volontariat dans le monde\u00a02022 M\u00e9dias Communiqu\u00e9 de presse du Rapport sur la situation du volontariat dans le monde\u00a02022","robots":{"index":"index","follow":"follow","max-snippet":"max-snippet:-1","max-image-preview":"max-image-preview:large","max-video-preview":"max-video-preview:-1"},"canonical":"https:\/\/swvr2022.unv.org\/fr\/medias\/","og_locale":"fr_FR","og_type":"article","og_title":"M\u00e9dias | UNV SWVR 2022","og_description":"Rapport sur la situation du volontariat dans le monde\u00a02022 M\u00e9dias Communiqu\u00e9 de presse du Rapport sur la situation du volontariat dans le monde\u00a02022","og_url":"https:\/\/swvr2022.unv.org\/fr\/medias\/","og_site_name":"UNV SWVR 2022","article_publisher":"https:\/\/www.facebook.com\/unvolunteers\/","article_modified_time":"2022-03-30T10:25:31+00:00","twitter_card":"summary_large_image","twitter_site":"@UNVolunteers","twitter_misc":{"Est. reading time":"1 minute"},"schema":{"@context":"https:\/\/schema.org","@graph":[{"@type":"Organization","@id":"https:\/\/swvr2022.unv.org\/#organization","name":"UN Volunteers","url":"https:\/\/swvr2022.unv.org\/","sameAs":["https:\/\/www.facebook.com\/unvolunteers\/","https:\/\/www.instagram.com\/unvolunteers\/?hl=en","https:\/\/www.youtube.com\/channel\/UCdcJE_W3L7tZGEJ46aOibPg","https:\/\/twitter.com\/UNVolunteers"],"logo":{"@type":"ImageObject","@id":"https:\/\/swvr2022.unv.org\/#logo","inLanguage":"fr-FR","url":"https:\/\/swvr2022.unv.org\/wp-content\/uploads\/2021\/12\/download.png","contentUrl":"https:\/\/swvr2022.unv.org\/wp-content\/uploads\/2021\/12\/download.png","width":530,"height":95,"caption":"UN Volunteers"},"image":{"@id":"https:\/\/swvr2022.unv.org\/#logo"}},{"@type":"WebSite","@id":"https:\/\/swvr2022.unv.org\/#website","url":"https:\/\/swvr2022.unv.org\/","name":"UNV SWVR 2022","description":"","publisher":{"@id":"https:\/\/swvr2022.unv.org\/#organization"},"potentialAction":[{"@type":"SearchAction","target":{"@type":"EntryPoint","urlTemplate":"https:\/\/swvr2022.unv.org\/?s={search_term_string}"},"query-input":"required name=search_term_string"}],"inLanguage":"fr-FR"},{"@type":"WebPage","@id":"https:\/\/swvr2022.unv.org\/fr\/medias\/#webpage","url":"https:\/\/swvr2022.unv.org\/fr\/medias\/","name":"M\u00e9dias | UNV SWVR 2022","isPartOf":{"@id":"https:\/\/swvr2022.unv.org\/#website"},"datePublished":"2022-03-22T14:04:38+00:00","dateModified":"2022-03-30T10:25:31+00:00","description":"Rapport sur la situation du volontariat dans le monde\u00a02022 M\u00e9dias Communiqu\u00e9 de presse du Rapport sur la situation du volontariat dans le monde\u00a02022","breadcrumb":{"@id":"https:\/\/swvr2022.unv.org\/fr\/medias\/#breadcrumb"},"inLanguage":"fr-FR","potentialAction":[{"@type":"ReadAction","target":["https:\/\/swvr2022.unv.org\/fr\/medias\/"]}]},{"@type":"BreadcrumbList","@id":"https:\/\/swvr2022.unv.org\/fr\/medias\/#breadcrumb","itemListElement":[{"@type":"ListItem","position":1,"name":"Home","item":"https:\/\/swvr2022.unv.org\/fr\/"},{"@type":"ListItem","position":2,"name":"M\u00e9dias"}]}]}},"_links":{"self":[{"href":"https:\/\/swvr2022.unv.org\/fr\/wp-json\/wp\/v2\/pages\/18290"}],"collection":[{"href":"https:\/\/swvr2022.unv.org\/fr\/wp-json\/wp\/v2\/pages"}],"about":[{"href":"https:\/\/swvr2022.unv.org\/fr\/wp-json\/wp\/v2\/types\/page"}],"author":[{"embeddable":true,"href":"https:\/\/swvr2022.unv.org\/fr\/wp-json\/wp\/v2\/users\/1"}],"replies":[{"embeddable":true,"href":"https:\/\/swvr2022.unv.org\/fr\/wp-json\/wp\/v2\/comments?post=18290"}],"version-history":[{"count":10,"href":"https:\/\/swvr2022.unv.org\/fr\/wp-json\/wp\/v2\/pages\/18290\/revisions"}],"predecessor-version":[{"id":18826,"href":"https:\/\/swvr2022.unv.org\/fr\/wp-json\/wp\/v2\/pages\/18290\/revisions\/18826"}],"wp:attachment":[{"href":"https:\/\/swvr2022.unv.org\/fr\/wp-json\/wp\/v2\/media?parent=18290"}],"curies":[{"name":"wp","href":"https:\/\/api.w.org\/{rel}","templated":true}]}}